{"id":9977,"date":"2020-07-02T22:37:47","date_gmt":"2020-07-02T22:37:47","guid":{"rendered":"https:\/\/todotrial.com\/tienda\/product\/adhesivos-clasicas2017-06-19-15-50-19\/"},"modified":"2025-02-20T17:21:31","modified_gmt":"2025-02-20T16:21:31","slug":"adhesivos-clasicas2017-06-19-15-50-19","status":"publish","type":"product","link":"https:\/\/todotrial.com\/tienda\/adhesivos-clasicas2017-06-19-15-50-19\/","title":{"rendered":"BULTACO FRONTERA Mk10-250 (modelo 180)adhesivos"},"content":{"rendered":"<p>BULTACO FRONTERA Mk10-250 (modelo 180)adhesivos.<br \/>Incluye la tira de la parte superior del dep\u00f3sito de combustible (incluida la leyenda Frontera), as\u00ed como los anagramas circulares en resina y las leyendas Bultaco en plata de los laterales de dicho dep\u00f3sito. Incluye asimismo las leyendas 250 para las tapas laterales bajo asiento, los anagramas Betor gas para los amortiguadores traseros, las leyendas Akront para las llantas de rueda y los discos para las tres placas portan\u00fameros. Total 15 anagramas.<\/p>\n","protected":false},"excerpt":{"rendered":"<p>BULTACO FRONTERA Mk10-250 (modelo 180)adhesivos.<br \/>\nIncluye la tira de la parte superior del dep\u00f3sito de combustible (incluida la leyenda Frontera), as\u00ed como los anagramas circulares en resina y las leyendas Bultaco en plata de los laterales de dicho dep\u00f3sito. Incluye asimismo las leyendas 250 para las tapas laterales bajo asiento, los anagramas Betor gas para los amortiguadores traseros, las leyendas Akront para las llantas de rueda y los discos para las tres placas portan\u00fameros. Total 15 anagramas.<\/p>\n","protected":false},"featured_media":9976,"comment_status":"open","ping_status":"closed","template":"","meta":[],"product_brand":[],"product_cat":[15],"product_tag":[],"class_list":{"0":"post-9977","1":"product","2":"type-product","3":"status-publish","4":"has-post-thumbnail","6":"product_cat-uncategorized","8":"first","9":"instock","10":"taxable","11":"shipping-taxable","12":"purchasable","13":"product-type-simple"},"yoast_head":"<!-- This site is optimized with the Yoast SEO Premium plugin v21.2 (Yoast SEO v27.3) - https:\/\/yoast.com\/product\/yoast-seo-premium-wordpress\/ -->\n<title>BULTACO FRONTERA Mk10-250 (modelo 180)adhesivos - Tienda de todotrial<\/title>\n<meta name=\"robots\" content=\"index, follow, max-snippet:-1, max-image-preview:large, max-video-preview:-1\" \/>\n<link rel=\"canonical\" href=\"https:\/\/todotrial.com\/tienda\/adhesivos-clasicas2017-06-19-15-50-19\/\" \/>\n<meta property=\"og:locale\" content=\"es_ES\" \/>\n<meta property=\"og:type\" content=\"article\" \/>\n<meta property=\"og:title\" content=\"BULTACO FRONTERA Mk10-250 (modelo 180)adhesivos\" \/>\n<meta property=\"og:description\" content=\"BULTACO FRONTERA Mk10-250 (modelo 180)adhesivos. Incluye la tira de la parte superior del dep\u00f3sito de combustible (incluida la leyenda Frontera), as\u00ed como los anagramas circulares en resina y las leyendas Bultaco en plata de los laterales de dicho dep\u00f3sito. Incluye asimismo las leyendas 250 para las tapas laterales bajo asiento, los anagramas Betor gas para los amortiguadores traseros, las leyendas Akront para las llantas de rueda y los discos para las tres placas portan\u00fameros. Total 15 anagramas.\" \/>\n<meta property=\"og:url\" content=\"https:\/\/todotrial.com\/tienda\/adhesivos-clasicas2017-06-19-15-50-19\/\" \/>\n<meta property=\"og:site_name\" content=\"Tienda de todotrial\" \/>\n<meta property=\"article:modified_time\" content=\"2025-02-20T16:21:31+00:00\" \/>\n<meta property=\"og:image\" content=\"https:\/\/todotrial.com\/tienda\/wp-content\/uploads\/2020\/07\/frontera-mk10-250-modelo-1.jpg\" \/>\n\t<meta property=\"og:image:width\" content=\"350\" \/>\n\t<meta property=\"og:image:height\" content=\"225\" \/>\n\t<meta property=\"og:image:type\" content=\"image\/jpeg\" \/>\n<meta name=\"twitter:card\" content=\"summary_large_image\" \/>\n<script type=\"application\/ld+json\" class=\"yoast-schema-graph\">{\"@context\":\"https:\\\/\\\/schema.org\",\"@graph\":[{\"@type\":\"WebPage\",\"@id\":\"https:\\\/\\\/todotrial.com\\\/tienda\\\/adhesivos-clasicas2017-06-19-15-50-19\\\/\",\"url\":\"https:\\\/\\\/todotrial.com\\\/tienda\\\/adhesivos-clasicas2017-06-19-15-50-19\\\/\",\"name\":\"BULTACO FRONTERA Mk10-250 (modelo 180)adhesivos - Tienda de todotrial\",\"isPartOf\":{\"@id\":\"https:\\\/\\\/todotrial.com\\\/tienda\\\/#website\"},\"primaryImageOfPage\":{\"@id\":\"https:\\\/\\\/todotrial.com\\\/tienda\\\/adhesivos-clasicas2017-06-19-15-50-19\\\/#primaryimage\"},\"image\":{\"@id\":\"https:\\\/\\\/todotrial.com\\\/tienda\\\/adhesivos-clasicas2017-06-19-15-50-19\\\/#primaryimage\"},\"thumbnailUrl\":\"https:\\\/\\\/todotrial.com\\\/tienda\\\/wp-content\\\/uploads\\\/2020\\\/07\\\/frontera-mk10-250-modelo-1.jpg\",\"datePublished\":\"2020-07-02T22:37:47+00:00\",\"dateModified\":\"2025-02-20T16:21:31+00:00\",\"breadcrumb\":{\"@id\":\"https:\\\/\\\/todotrial.com\\\/tienda\\\/adhesivos-clasicas2017-06-19-15-50-19\\\/#breadcrumb\"},\"inLanguage\":\"es\",\"potentialAction\":[{\"@type\":\"ReadAction\",\"target\":[\"https:\\\/\\\/todotrial.com\\\/tienda\\\/adhesivos-clasicas2017-06-19-15-50-19\\\/\"]}]},{\"@type\":\"ImageObject\",\"inLanguage\":\"es\",\"@id\":\"https:\\\/\\\/todotrial.com\\\/tienda\\\/adhesivos-clasicas2017-06-19-15-50-19\\\/#primaryimage\",\"url\":\"https:\\\/\\\/todotrial.com\\\/tienda\\\/wp-content\\\/uploads\\\/2020\\\/07\\\/frontera-mk10-250-modelo-1.jpg\",\"contentUrl\":\"https:\\\/\\\/todotrial.com\\\/tienda\\\/wp-content\\\/uploads\\\/2020\\\/07\\\/frontera-mk10-250-modelo-1.jpg\",\"width\":350,\"height\":225},{\"@type\":\"BreadcrumbList\",\"@id\":\"https:\\\/\\\/todotrial.com\\\/tienda\\\/adhesivos-clasicas2017-06-19-15-50-19\\\/#breadcrumb\",\"itemListElement\":[{\"@type\":\"ListItem\",\"position\":1,\"name\":\"Portada\",\"item\":\"https:\\\/\\\/todotrial.com\\\/tienda\\\/\"},{\"@type\":\"ListItem\",\"position\":2,\"name\":\"Shop\",\"item\":\"https:\\\/\\\/todotrial.com\\\/tienda\\\/shop\\\/\"},{\"@type\":\"ListItem\",\"position\":3,\"name\":\"BULTACO FRONTERA Mk10-250 (modelo 180)adhesivos\"}]},{\"@type\":\"WebSite\",\"@id\":\"https:\\\/\\\/todotrial.com\\\/tienda\\\/#website\",\"url\":\"https:\\\/\\\/todotrial.com\\\/tienda\\\/\",\"name\":\"Tienda de todotrial\",\"description\":\"\",\"potentialAction\":[{\"@type\":\"SearchAction\",\"target\":{\"@type\":\"EntryPoint\",\"urlTemplate\":\"https:\\\/\\\/todotrial.com\\\/tienda\\\/?s={search_term_string}\"},\"query-input\":{\"@type\":\"PropertyValueSpecification\",\"valueRequired\":true,\"valueName\":\"search_term_string\"}}],\"inLanguage\":\"es\"}]}<\/script>\n<!-- \/ Yoast SEO Premium plugin. -->","yoast_head_json":{"title":"BULTACO FRONTERA Mk10-250 (modelo 180)adhesivos - Tienda de todotrial","robots":{"index":"index","follow":"follow","max-snippet":"max-snippet:-1","max-image-preview":"max-image-preview:large","max-video-preview":"max-video-preview:-1"},"canonical":"https:\/\/todotrial.com\/tienda\/adhesivos-clasicas2017-06-19-15-50-19\/","og_locale":"es_ES","og_type":"article","og_title":"BULTACO FRONTERA Mk10-250 (modelo 180)adhesivos","og_description":"BULTACO FRONTERA Mk10-250 (modelo 180)adhesivos. Incluye la tira de la parte superior del dep\u00f3sito de combustible (incluida la leyenda Frontera), as\u00ed como los anagramas circulares en resina y las leyendas Bultaco en plata de los laterales de dicho dep\u00f3sito. Incluye asimismo las leyendas 250 para las tapas laterales bajo asiento, los anagramas Betor gas para los amortiguadores traseros, las leyendas Akront para las llantas de rueda y los discos para las tres placas portan\u00fameros. Total 15 anagramas.","og_url":"https:\/\/todotrial.com\/tienda\/adhesivos-clasicas2017-06-19-15-50-19\/","og_site_name":"Tienda de todotrial","article_modified_time":"2025-02-20T16:21:31+00:00","og_image":[{"width":350,"height":225,"url":"https:\/\/todotrial.com\/tienda\/wp-content\/uploads\/2020\/07\/frontera-mk10-250-modelo-1.jpg","type":"image\/jpeg"}],"twitter_card":"summary_large_image","schema":{"@context":"https:\/\/schema.org","@graph":[{"@type":"WebPage","@id":"https:\/\/todotrial.com\/tienda\/adhesivos-clasicas2017-06-19-15-50-19\/","url":"https:\/\/todotrial.com\/tienda\/adhesivos-clasicas2017-06-19-15-50-19\/","name":"BULTACO FRONTERA Mk10-250 (modelo 180)adhesivos - Tienda de todotrial","isPartOf":{"@id":"https:\/\/todotrial.com\/tienda\/#website"},"primaryImageOfPage":{"@id":"https:\/\/todotrial.com\/tienda\/adhesivos-clasicas2017-06-19-15-50-19\/#primaryimage"},"image":{"@id":"https:\/\/todotrial.com\/tienda\/adhesivos-clasicas2017-06-19-15-50-19\/#primaryimage"},"thumbnailUrl":"https:\/\/todotrial.com\/tienda\/wp-content\/uploads\/2020\/07\/frontera-mk10-250-modelo-1.jpg","datePublished":"2020-07-02T22:37:47+00:00","dateModified":"2025-02-20T16:21:31+00:00","breadcrumb":{"@id":"https:\/\/todotrial.com\/tienda\/adhesivos-clasicas2017-06-19-15-50-19\/#breadcrumb"},"inLanguage":"es","potentialAction":[{"@type":"ReadAction","target":["https:\/\/todotrial.com\/tienda\/adhesivos-clasicas2017-06-19-15-50-19\/"]}]},{"@type":"ImageObject","inLanguage":"es","@id":"https:\/\/todotrial.com\/tienda\/adhesivos-clasicas2017-06-19-15-50-19\/#primaryimage","url":"https:\/\/todotrial.com\/tienda\/wp-content\/uploads\/2020\/07\/frontera-mk10-250-modelo-1.jpg","contentUrl":"https:\/\/todotrial.com\/tienda\/wp-content\/uploads\/2020\/07\/frontera-mk10-250-modelo-1.jpg","width":350,"height":225},{"@type":"BreadcrumbList","@id":"https:\/\/todotrial.com\/tienda\/adhesivos-clasicas2017-06-19-15-50-19\/#breadcrumb","itemListElement":[{"@type":"ListItem","position":1,"name":"Portada","item":"https:\/\/todotrial.com\/tienda\/"},{"@type":"ListItem","position":2,"name":"Shop","item":"https:\/\/todotrial.com\/tienda\/shop\/"},{"@type":"ListItem","position":3,"name":"BULTACO FRONTERA Mk10-250 (modelo 180)adhesivos"}]},{"@type":"WebSite","@id":"https:\/\/todotrial.com\/tienda\/#website","url":"https:\/\/todotrial.com\/tienda\/","name":"Tienda de todotrial","description":"","potentialAction":[{"@type":"SearchAction","target":{"@type":"EntryPoint","urlTemplate":"https:\/\/todotrial.com\/tienda\/?s={search_term_string}"},"query-input":{"@type":"PropertyValueSpecification","valueRequired":true,"valueName":"search_term_string"}}],"inLanguage":"es"}]}},"_links":{"self":[{"href":"https:\/\/todotrial.com\/tienda\/wp-json\/wp\/v2\/product\/9977","targetHints":{"allow":["GET"]}}],"collection":[{"href":"https:\/\/todotrial.com\/tienda\/wp-json\/wp\/v2\/product"}],"about":[{"href":"https:\/\/todotrial.com\/tienda\/wp-json\/wp\/v2\/types\/product"}],"replies":[{"embeddable":true,"href":"https:\/\/todotrial.com\/tienda\/wp-json\/wp\/v2\/comments?post=9977"}],"version-history":[{"count":0,"href":"https:\/\/todotrial.com\/tienda\/wp-json\/wp\/v2\/product\/9977\/revisions"}],"wp:featuredmedia":[{"embeddable":true,"href":"https:\/\/todotrial.com\/tienda\/wp-json\/wp\/v2\/media\/9976"}],"wp:attachment":[{"href":"https:\/\/todotrial.com\/tienda\/wp-json\/wp\/v2\/media?parent=9977"}],"wp:term":[{"taxonomy":"product_brand","embeddable":true,"href":"https:\/\/todotrial.com\/tienda\/wp-json\/wp\/v2\/product_brand?post=9977"},{"taxonomy":"product_cat","embeddable":true,"href":"https:\/\/todotrial.com\/tienda\/wp-json\/wp\/v2\/product_cat?post=9977"},{"taxonomy":"product_tag","embeddable":true,"href":"https:\/\/todotrial.com\/tienda\/wp-json\/wp\/v2\/product_tag?post=9977"}],"curies":[{"name":"wp","href":"https:\/\/api.w.org\/{rel}","templated":true}]}}