{"id":9947,"date":"2017-06-04T09:53:33","date_gmt":"2017-06-04T09:53:33","guid":{"rendered":"https:\/\/todotrial.com\/tienda\/product\/ruedas-entrenamiebto\/"},"modified":"2025-02-20T18:04:04","modified_gmt":"2025-02-20T17:04:04","slug":"ruedas-entrenamiebto","status":"publish","type":"product","link":"https:\/\/todotrial.com\/tienda\/ruedas-entrenamiebto\/","title":{"rendered":"KTM 50 Training wheels"},"content":{"rendered":"<p>KTM 50 Training wheels<br \/>CARACTERISTICAS:<\/p>\n<p>&#8211; Altura ajustable de la rueda: Ajuste r\u00e1pidamente de la rueda 0 \u00ab-5\u00bb a la separaci\u00f3n del suelo, as\u00ed que su piloto crece, usted puede levantar las ruedas y ayudarles a construir confianza en su capacidad qde montar.<\/p>\n<p>-Fits: Se adapta a todos los a\u00f1os KTM50<\/p>\n<p>-Montaje: altura de rueda ajustable, mid-mount 10 \u00abrueda, el mejor en la industria. \u00a1Nuestras ruedas de entrenamiento no se atornillan en el motor, causando da\u00f1o principal al motor si el piloto golpea algo! Los anillos de bloqueo de las ruedas impiden que las ruedas de montaje \u00absueltas\u00bb sean inestables. Este es el mejor dise\u00f1o de la industria.<\/p>\n<p>-Engineering: Dise\u00f1o Pendiente de Patente. Dise\u00f1o seguro y robusto. \u00a1Si no pusi\u00e9ramos estas ruedas en las motos de nuestros ni\u00f1os, no las vender\u00edamos a usted! \u00a1Nuestro dise\u00f1o est\u00e1 probado a satisfacci\u00f3n! LA SEGURIDAD ES NUESTRA META PRINCIPAL.<\/p>\n<p>-Ruedas: Estilo de la banda de rodamiento &#8211; Todo tipo de neum\u00e1tico \/ tipo de neum\u00e1tico &#8211; neum\u00e1tico neum\u00e1tico de 10 \u00abneum\u00e1tico \/ nominal &#8211; 300 libras por rueda \/ rodamiento de bolas de acero cubo de rueda de montaje. (El color de la rueda puede variar)<\/p>\n<p>-Electro Powder Coat: Pintura que se cuece a 400 grados, y resistente como las u\u00f1as! (Tenga cuidado con otros vendedores que le enviar\u00e1 una barra de acero sin pintar)<\/p>\n<p>Montaje: Las instrucciones de montaje detalladas con im\u00e1genes, est\u00e1n incluidas.<\/p>\n","protected":false},"excerpt":{"rendered":"<p>KTM 50 Training wheels<\/p>\n","protected":false},"featured_media":9946,"comment_status":"open","ping_status":"closed","template":"","meta":[],"product_brand":[],"product_cat":[15],"product_tag":[],"class_list":{"0":"post-9947","1":"product","2":"type-product","3":"status-publish","4":"has-post-thumbnail","6":"product_cat-uncategorized","8":"first","9":"instock","10":"taxable","11":"shipping-taxable","12":"purchasable","13":"product-type-simple"},"yoast_head":"<!-- This site is optimized with the Yoast SEO Premium plugin v21.2 (Yoast SEO v27.5) - https:\/\/yoast.com\/product\/yoast-seo-premium-wordpress\/ -->\n<title>KTM 50 Training wheels - Tienda de todotrial<\/title>\n<meta name=\"robots\" content=\"index, follow, max-snippet:-1, max-image-preview:large, max-video-preview:-1\" \/>\n<link rel=\"canonical\" href=\"https:\/\/todotrial.com\/tienda\/ruedas-entrenamiebto\/\" \/>\n<meta property=\"og:locale\" content=\"es_ES\" \/>\n<meta property=\"og:type\" content=\"article\" \/>\n<meta property=\"og:title\" content=\"KTM 50 Training wheels\" \/>\n<meta property=\"og:description\" content=\"KTM 50 Training wheels\" \/>\n<meta property=\"og:url\" content=\"https:\/\/todotrial.com\/tienda\/ruedas-entrenamiebto\/\" \/>\n<meta property=\"og:site_name\" content=\"Tienda de todotrial\" \/>\n<meta property=\"article:modified_time\" content=\"2025-02-20T17:04:04+00:00\" \/>\n<meta property=\"og:image\" content=\"https:\/\/todotrial.com\/tienda\/wp-content\/uploads\/2017\/06\/s-l500.jpg\" \/>\n\t<meta property=\"og:image:width\" content=\"500\" \/>\n\t<meta property=\"og:image:height\" content=\"330\" \/>\n\t<meta property=\"og:image:type\" content=\"image\/jpeg\" \/>\n<meta name=\"twitter:card\" content=\"summary_large_image\" \/>\n<meta name=\"twitter:label1\" content=\"Tiempo de lectura\" \/>\n\t<meta name=\"twitter:data1\" content=\"1 minuto\" \/>\n<script type=\"application\/ld+json\" class=\"yoast-schema-graph\">{\"@context\":\"https:\\\/\\\/schema.org\",\"@graph\":[{\"@type\":\"WebPage\",\"@id\":\"https:\\\/\\\/todotrial.com\\\/tienda\\\/ruedas-entrenamiebto\\\/\",\"url\":\"https:\\\/\\\/todotrial.com\\\/tienda\\\/ruedas-entrenamiebto\\\/\",\"name\":\"KTM 50 Training wheels - Tienda de todotrial\",\"isPartOf\":{\"@id\":\"https:\\\/\\\/todotrial.com\\\/tienda\\\/#website\"},\"primaryImageOfPage\":{\"@id\":\"https:\\\/\\\/todotrial.com\\\/tienda\\\/ruedas-entrenamiebto\\\/#primaryimage\"},\"image\":{\"@id\":\"https:\\\/\\\/todotrial.com\\\/tienda\\\/ruedas-entrenamiebto\\\/#primaryimage\"},\"thumbnailUrl\":\"https:\\\/\\\/todotrial.com\\\/tienda\\\/wp-content\\\/uploads\\\/2017\\\/06\\\/s-l500.jpg\",\"datePublished\":\"2017-06-04T09:53:33+00:00\",\"dateModified\":\"2025-02-20T17:04:04+00:00\",\"breadcrumb\":{\"@id\":\"https:\\\/\\\/todotrial.com\\\/tienda\\\/ruedas-entrenamiebto\\\/#breadcrumb\"},\"inLanguage\":\"es\",\"potentialAction\":[{\"@type\":\"ReadAction\",\"target\":[\"https:\\\/\\\/todotrial.com\\\/tienda\\\/ruedas-entrenamiebto\\\/\"]}]},{\"@type\":\"ImageObject\",\"inLanguage\":\"es\",\"@id\":\"https:\\\/\\\/todotrial.com\\\/tienda\\\/ruedas-entrenamiebto\\\/#primaryimage\",\"url\":\"https:\\\/\\\/todotrial.com\\\/tienda\\\/wp-content\\\/uploads\\\/2017\\\/06\\\/s-l500.jpg\",\"contentUrl\":\"https:\\\/\\\/todotrial.com\\\/tienda\\\/wp-content\\\/uploads\\\/2017\\\/06\\\/s-l500.jpg\",\"width\":500,\"height\":330},{\"@type\":\"BreadcrumbList\",\"@id\":\"https:\\\/\\\/todotrial.com\\\/tienda\\\/ruedas-entrenamiebto\\\/#breadcrumb\",\"itemListElement\":[{\"@type\":\"ListItem\",\"position\":1,\"name\":\"Portada\",\"item\":\"https:\\\/\\\/todotrial.com\\\/tienda\\\/\"},{\"@type\":\"ListItem\",\"position\":2,\"name\":\"Shop\",\"item\":\"https:\\\/\\\/todotrial.com\\\/tienda\\\/shop\\\/\"},{\"@type\":\"ListItem\",\"position\":3,\"name\":\"KTM 50 Training wheels\"}]},{\"@type\":\"WebSite\",\"@id\":\"https:\\\/\\\/todotrial.com\\\/tienda\\\/#website\",\"url\":\"https:\\\/\\\/todotrial.com\\\/tienda\\\/\",\"name\":\"Tienda de todotrial\",\"description\":\"\",\"potentialAction\":[{\"@type\":\"SearchAction\",\"target\":{\"@type\":\"EntryPoint\",\"urlTemplate\":\"https:\\\/\\\/todotrial.com\\\/tienda\\\/?s={search_term_string}\"},\"query-input\":{\"@type\":\"PropertyValueSpecification\",\"valueRequired\":true,\"valueName\":\"search_term_string\"}}],\"inLanguage\":\"es\"}]}<\/script>\n<!-- \/ Yoast SEO Premium plugin. -->","yoast_head_json":{"title":"KTM 50 Training wheels - Tienda de todotrial","robots":{"index":"index","follow":"follow","max-snippet":"max-snippet:-1","max-image-preview":"max-image-preview:large","max-video-preview":"max-video-preview:-1"},"canonical":"https:\/\/todotrial.com\/tienda\/ruedas-entrenamiebto\/","og_locale":"es_ES","og_type":"article","og_title":"KTM 50 Training wheels","og_description":"KTM 50 Training wheels","og_url":"https:\/\/todotrial.com\/tienda\/ruedas-entrenamiebto\/","og_site_name":"Tienda de todotrial","article_modified_time":"2025-02-20T17:04:04+00:00","og_image":[{"width":500,"height":330,"url":"https:\/\/todotrial.com\/tienda\/wp-content\/uploads\/2017\/06\/s-l500.jpg","type":"image\/jpeg"}],"twitter_card":"summary_large_image","twitter_misc":{"Tiempo de lectura":"1 minuto"},"schema":{"@context":"https:\/\/schema.org","@graph":[{"@type":"WebPage","@id":"https:\/\/todotrial.com\/tienda\/ruedas-entrenamiebto\/","url":"https:\/\/todotrial.com\/tienda\/ruedas-entrenamiebto\/","name":"KTM 50 Training wheels - Tienda de todotrial","isPartOf":{"@id":"https:\/\/todotrial.com\/tienda\/#website"},"primaryImageOfPage":{"@id":"https:\/\/todotrial.com\/tienda\/ruedas-entrenamiebto\/#primaryimage"},"image":{"@id":"https:\/\/todotrial.com\/tienda\/ruedas-entrenamiebto\/#primaryimage"},"thumbnailUrl":"https:\/\/todotrial.com\/tienda\/wp-content\/uploads\/2017\/06\/s-l500.jpg","datePublished":"2017-06-04T09:53:33+00:00","dateModified":"2025-02-20T17:04:04+00:00","breadcrumb":{"@id":"https:\/\/todotrial.com\/tienda\/ruedas-entrenamiebto\/#breadcrumb"},"inLanguage":"es","potentialAction":[{"@type":"ReadAction","target":["https:\/\/todotrial.com\/tienda\/ruedas-entrenamiebto\/"]}]},{"@type":"ImageObject","inLanguage":"es","@id":"https:\/\/todotrial.com\/tienda\/ruedas-entrenamiebto\/#primaryimage","url":"https:\/\/todotrial.com\/tienda\/wp-content\/uploads\/2017\/06\/s-l500.jpg","contentUrl":"https:\/\/todotrial.com\/tienda\/wp-content\/uploads\/2017\/06\/s-l500.jpg","width":500,"height":330},{"@type":"BreadcrumbList","@id":"https:\/\/todotrial.com\/tienda\/ruedas-entrenamiebto\/#breadcrumb","itemListElement":[{"@type":"ListItem","position":1,"name":"Portada","item":"https:\/\/todotrial.com\/tienda\/"},{"@type":"ListItem","position":2,"name":"Shop","item":"https:\/\/todotrial.com\/tienda\/shop\/"},{"@type":"ListItem","position":3,"name":"KTM 50 Training wheels"}]},{"@type":"WebSite","@id":"https:\/\/todotrial.com\/tienda\/#website","url":"https:\/\/todotrial.com\/tienda\/","name":"Tienda de todotrial","description":"","potentialAction":[{"@type":"SearchAction","target":{"@type":"EntryPoint","urlTemplate":"https:\/\/todotrial.com\/tienda\/?s={search_term_string}"},"query-input":{"@type":"PropertyValueSpecification","valueRequired":true,"valueName":"search_term_string"}}],"inLanguage":"es"}]}},"_links":{"self":[{"href":"https:\/\/todotrial.com\/tienda\/wp-json\/wp\/v2\/product\/9947","targetHints":{"allow":["GET"]}}],"collection":[{"href":"https:\/\/todotrial.com\/tienda\/wp-json\/wp\/v2\/product"}],"about":[{"href":"https:\/\/todotrial.com\/tienda\/wp-json\/wp\/v2\/types\/product"}],"replies":[{"embeddable":true,"href":"https:\/\/todotrial.com\/tienda\/wp-json\/wp\/v2\/comments?post=9947"}],"version-history":[{"count":0,"href":"https:\/\/todotrial.com\/tienda\/wp-json\/wp\/v2\/product\/9947\/revisions"}],"wp:featuredmedia":[{"embeddable":true,"href":"https:\/\/todotrial.com\/tienda\/wp-json\/wp\/v2\/media\/9946"}],"wp:attachment":[{"href":"https:\/\/todotrial.com\/tienda\/wp-json\/wp\/v2\/media?parent=9947"}],"wp:term":[{"taxonomy":"product_brand","embeddable":true,"href":"https:\/\/todotrial.com\/tienda\/wp-json\/wp\/v2\/product_brand?post=9947"},{"taxonomy":"product_cat","embeddable":true,"href":"https:\/\/todotrial.com\/tienda\/wp-json\/wp\/v2\/product_cat?post=9947"},{"taxonomy":"product_tag","embeddable":true,"href":"https:\/\/todotrial.com\/tienda\/wp-json\/wp\/v2\/product_tag?post=9947"}],"curies":[{"name":"wp","href":"https:\/\/api.w.org\/{rel}","templated":true}]}}