{"id":9718,"date":"2017-04-13T15:21:20","date_gmt":"2017-04-13T15:21:20","guid":{"rendered":"https:\/\/todotrial.com\/tienda\/product\/dvd2017-04-13-15-21-20\/"},"modified":"2025-02-20T18:05:26","modified_gmt":"2025-02-20T17:05:26","slug":"dvd2017-04-13-15-21-20","status":"publish","type":"product","link":"https:\/\/todotrial.com\/tienda\/dvd2017-04-13-15-21-20\/","title":{"rendered":"Le Mans 1987 DVD"},"content":{"rendered":"<p>Le Mans 1987 DVD (59 minutos)<\/p>\n<p><span><span title=\"It had been 30 years since Jaguar's last Le Mans win, and the trio of Silk Cut-backed XJR-8LMs were determined to end that losing streak.\">Hab\u00edan pasado 30 a\u00f1os desde la \u00faltima victoria de Jaguar en Le Mans, y el tr\u00edo de Silk Cut-backed XJR-8LMs estaba decidido a poner fin a esa racha de derrotas. <\/span><span title=\"However, the dominant works Rothmans Porsches were equal to the challenge and prepared three of the awesome turbo-charged 962Cs to face the V12 British attack. \">Sin embargo, las obras dominantes Rothmans Porsches fueron iguales al desaf\u00edo y prepararon tres de los impresionantes 962C turbo-cargados para hacer frente al ataque brit\u00e1nico V12.<\/span><\/span><\/p>\n<p><span title=\"This superb review brings you all the action as these two legendary marques went head-to-head, with amazing footage capturing the vital passes, the massive speeds and decisive moments. \">Esta magn\u00edfica rese\u00f1a te trae toda la acci\u00f3n como estas dos legendarias marcas se enfrentaron cara a cara, con im\u00e1genes sorprendentes capturando los pases vitales, las velocidades masivas y momentos decisivos.<\/span><\/p>\n<p><span title=\"Dramatic in-car footage comes courtesy of first the Brun Porsche 962 of Bill Adam, Richard Spendard and Scott Goodyear then the Rothmans Porsche 961 of Ren\u00e9 Metge, Claude Haldi and Kees Nierop - including the race-ending fiery crash! \">Dram\u00e1tico metraje en el coche viene cortes\u00eda de la primera Porsche 962 de Bill Adam, Richard Spendard y Scott Goodyear, entonces el Rothmans Porsche 961 de Ren\u00e9 Metge, Claude Haldi y Kees Nierop &#8211; incluyendo el accidente de la carrera final de fuego!<\/span><\/p>\n<p><span title=\"Reliability and accidents, many sparked by wet conditions, would decimate the field, reducing the works Porsche challenge to just one car before nightfall.\">La fiabilidad y los accidentes, muchos provocados por las condiciones h\u00famedas, diezmar\u00edan el campo, reduciendo el desaf\u00edo Porsche de obras a s\u00f3lo un coche antes de anochecer. <\/span><span title=\"The hours of darkness would claim one of the Jaguars, Win Percy luckily escaping a massive crash - captured on this review by an amateur cameraman. \">Las horas de oscuridad reclamar\u00edan uno de los Jaguares, Win Percy afortunadamente escapando de un accidente masivo &#8211; capturado en esta revisi\u00f3n por un camar\u00f3grafo aficionado.<\/span><\/p>\n<p><span title=\"Reliability problems would be Jaguar's undoing, a second car retiring with eight hours to go and the final XJR-8LM dropping down the order as it battled mechanical woes.\">Los problemas de confiabilidad ser\u00edan la destrucci\u00f3n de Jaguar, un segundo autom\u00f3vil que se retirar\u00eda con ocho horas para irse y el XJR-8LM final que ca\u00eda abajo de la orden mientras que luch\u00f3 los woes mec\u00e1nicos. <\/span><\/p>\n","protected":false},"excerpt":{"rendered":"<p>Le Mans 1987 DVD (59 minutos)<\/p>\n","protected":false},"featured_media":9717,"comment_status":"open","ping_status":"closed","template":"","meta":[],"product_brand":[],"product_cat":[15],"product_tag":[],"class_list":{"0":"post-9718","1":"product","2":"type-product","3":"status-publish","4":"has-post-thumbnail","6":"product_cat-uncategorized","8":"first","9":"instock","10":"taxable","11":"shipping-taxable","12":"purchasable","13":"product-type-simple"},"yoast_head":"<!-- This site is optimized with the Yoast SEO Premium plugin v21.2 (Yoast SEO v27.5) - https:\/\/yoast.com\/product\/yoast-seo-premium-wordpress\/ -->\n<title>Le Mans 1987 DVD - Tienda de todotrial<\/title>\n<meta name=\"robots\" content=\"index, follow, max-snippet:-1, max-image-preview:large, max-video-preview:-1\" \/>\n<link rel=\"canonical\" href=\"https:\/\/todotrial.com\/tienda\/dvd2017-04-13-15-21-20\/\" \/>\n<meta property=\"og:locale\" content=\"es_ES\" \/>\n<meta property=\"og:type\" content=\"article\" \/>\n<meta property=\"og:title\" content=\"Le Mans 1987 DVD\" \/>\n<meta property=\"og:description\" content=\"Le Mans 1987 DVD (59 minutos)\" \/>\n<meta property=\"og:url\" content=\"https:\/\/todotrial.com\/tienda\/dvd2017-04-13-15-21-20\/\" \/>\n<meta property=\"og:site_name\" content=\"Tienda de todotrial\" \/>\n<meta property=\"article:modified_time\" content=\"2025-02-20T17:05:26+00:00\" \/>\n<meta property=\"og:image\" content=\"https:\/\/todotrial.com\/tienda\/wp-content\/uploads\/2017\/04\/4024.jpg\" \/>\n\t<meta property=\"og:image:width\" content=\"360\" \/>\n\t<meta property=\"og:image:height\" content=\"523\" \/>\n\t<meta property=\"og:image:type\" content=\"image\/jpeg\" \/>\n<meta name=\"twitter:card\" content=\"summary_large_image\" \/>\n<meta name=\"twitter:label1\" content=\"Tiempo de lectura\" \/>\n\t<meta name=\"twitter:data1\" content=\"1 minuto\" \/>\n<script type=\"application\/ld+json\" class=\"yoast-schema-graph\">{\"@context\":\"https:\\\/\\\/schema.org\",\"@graph\":[{\"@type\":\"WebPage\",\"@id\":\"https:\\\/\\\/todotrial.com\\\/tienda\\\/dvd2017-04-13-15-21-20\\\/\",\"url\":\"https:\\\/\\\/todotrial.com\\\/tienda\\\/dvd2017-04-13-15-21-20\\\/\",\"name\":\"Le Mans 1987 DVD - Tienda de todotrial\",\"isPartOf\":{\"@id\":\"https:\\\/\\\/todotrial.com\\\/tienda\\\/#website\"},\"primaryImageOfPage\":{\"@id\":\"https:\\\/\\\/todotrial.com\\\/tienda\\\/dvd2017-04-13-15-21-20\\\/#primaryimage\"},\"image\":{\"@id\":\"https:\\\/\\\/todotrial.com\\\/tienda\\\/dvd2017-04-13-15-21-20\\\/#primaryimage\"},\"thumbnailUrl\":\"https:\\\/\\\/todotrial.com\\\/tienda\\\/wp-content\\\/uploads\\\/2017\\\/04\\\/4024.jpg\",\"datePublished\":\"2017-04-13T15:21:20+00:00\",\"dateModified\":\"2025-02-20T17:05:26+00:00\",\"breadcrumb\":{\"@id\":\"https:\\\/\\\/todotrial.com\\\/tienda\\\/dvd2017-04-13-15-21-20\\\/#breadcrumb\"},\"inLanguage\":\"es\",\"potentialAction\":[{\"@type\":\"ReadAction\",\"target\":[\"https:\\\/\\\/todotrial.com\\\/tienda\\\/dvd2017-04-13-15-21-20\\\/\"]}]},{\"@type\":\"ImageObject\",\"inLanguage\":\"es\",\"@id\":\"https:\\\/\\\/todotrial.com\\\/tienda\\\/dvd2017-04-13-15-21-20\\\/#primaryimage\",\"url\":\"https:\\\/\\\/todotrial.com\\\/tienda\\\/wp-content\\\/uploads\\\/2017\\\/04\\\/4024.jpg\",\"contentUrl\":\"https:\\\/\\\/todotrial.com\\\/tienda\\\/wp-content\\\/uploads\\\/2017\\\/04\\\/4024.jpg\",\"width\":360,\"height\":523},{\"@type\":\"BreadcrumbList\",\"@id\":\"https:\\\/\\\/todotrial.com\\\/tienda\\\/dvd2017-04-13-15-21-20\\\/#breadcrumb\",\"itemListElement\":[{\"@type\":\"ListItem\",\"position\":1,\"name\":\"Portada\",\"item\":\"https:\\\/\\\/todotrial.com\\\/tienda\\\/\"},{\"@type\":\"ListItem\",\"position\":2,\"name\":\"Shop\",\"item\":\"https:\\\/\\\/todotrial.com\\\/tienda\\\/shop\\\/\"},{\"@type\":\"ListItem\",\"position\":3,\"name\":\"Le Mans 1987 DVD\"}]},{\"@type\":\"WebSite\",\"@id\":\"https:\\\/\\\/todotrial.com\\\/tienda\\\/#website\",\"url\":\"https:\\\/\\\/todotrial.com\\\/tienda\\\/\",\"name\":\"Tienda de todotrial\",\"description\":\"\",\"potentialAction\":[{\"@type\":\"SearchAction\",\"target\":{\"@type\":\"EntryPoint\",\"urlTemplate\":\"https:\\\/\\\/todotrial.com\\\/tienda\\\/?s={search_term_string}\"},\"query-input\":{\"@type\":\"PropertyValueSpecification\",\"valueRequired\":true,\"valueName\":\"search_term_string\"}}],\"inLanguage\":\"es\"}]}<\/script>\n<!-- \/ Yoast SEO Premium plugin. -->","yoast_head_json":{"title":"Le Mans 1987 DVD - Tienda de todotrial","robots":{"index":"index","follow":"follow","max-snippet":"max-snippet:-1","max-image-preview":"max-image-preview:large","max-video-preview":"max-video-preview:-1"},"canonical":"https:\/\/todotrial.com\/tienda\/dvd2017-04-13-15-21-20\/","og_locale":"es_ES","og_type":"article","og_title":"Le Mans 1987 DVD","og_description":"Le Mans 1987 DVD (59 minutos)","og_url":"https:\/\/todotrial.com\/tienda\/dvd2017-04-13-15-21-20\/","og_site_name":"Tienda de todotrial","article_modified_time":"2025-02-20T17:05:26+00:00","og_image":[{"width":360,"height":523,"url":"https:\/\/todotrial.com\/tienda\/wp-content\/uploads\/2017\/04\/4024.jpg","type":"image\/jpeg"}],"twitter_card":"summary_large_image","twitter_misc":{"Tiempo de lectura":"1 minuto"},"schema":{"@context":"https:\/\/schema.org","@graph":[{"@type":"WebPage","@id":"https:\/\/todotrial.com\/tienda\/dvd2017-04-13-15-21-20\/","url":"https:\/\/todotrial.com\/tienda\/dvd2017-04-13-15-21-20\/","name":"Le Mans 1987 DVD - Tienda de todotrial","isPartOf":{"@id":"https:\/\/todotrial.com\/tienda\/#website"},"primaryImageOfPage":{"@id":"https:\/\/todotrial.com\/tienda\/dvd2017-04-13-15-21-20\/#primaryimage"},"image":{"@id":"https:\/\/todotrial.com\/tienda\/dvd2017-04-13-15-21-20\/#primaryimage"},"thumbnailUrl":"https:\/\/todotrial.com\/tienda\/wp-content\/uploads\/2017\/04\/4024.jpg","datePublished":"2017-04-13T15:21:20+00:00","dateModified":"2025-02-20T17:05:26+00:00","breadcrumb":{"@id":"https:\/\/todotrial.com\/tienda\/dvd2017-04-13-15-21-20\/#breadcrumb"},"inLanguage":"es","potentialAction":[{"@type":"ReadAction","target":["https:\/\/todotrial.com\/tienda\/dvd2017-04-13-15-21-20\/"]}]},{"@type":"ImageObject","inLanguage":"es","@id":"https:\/\/todotrial.com\/tienda\/dvd2017-04-13-15-21-20\/#primaryimage","url":"https:\/\/todotrial.com\/tienda\/wp-content\/uploads\/2017\/04\/4024.jpg","contentUrl":"https:\/\/todotrial.com\/tienda\/wp-content\/uploads\/2017\/04\/4024.jpg","width":360,"height":523},{"@type":"BreadcrumbList","@id":"https:\/\/todotrial.com\/tienda\/dvd2017-04-13-15-21-20\/#breadcrumb","itemListElement":[{"@type":"ListItem","position":1,"name":"Portada","item":"https:\/\/todotrial.com\/tienda\/"},{"@type":"ListItem","position":2,"name":"Shop","item":"https:\/\/todotrial.com\/tienda\/shop\/"},{"@type":"ListItem","position":3,"name":"Le Mans 1987 DVD"}]},{"@type":"WebSite","@id":"https:\/\/todotrial.com\/tienda\/#website","url":"https:\/\/todotrial.com\/tienda\/","name":"Tienda de todotrial","description":"","potentialAction":[{"@type":"SearchAction","target":{"@type":"EntryPoint","urlTemplate":"https:\/\/todotrial.com\/tienda\/?s={search_term_string}"},"query-input":{"@type":"PropertyValueSpecification","valueRequired":true,"valueName":"search_term_string"}}],"inLanguage":"es"}]}},"_links":{"self":[{"href":"https:\/\/todotrial.com\/tienda\/wp-json\/wp\/v2\/product\/9718","targetHints":{"allow":["GET"]}}],"collection":[{"href":"https:\/\/todotrial.com\/tienda\/wp-json\/wp\/v2\/product"}],"about":[{"href":"https:\/\/todotrial.com\/tienda\/wp-json\/wp\/v2\/types\/product"}],"replies":[{"embeddable":true,"href":"https:\/\/todotrial.com\/tienda\/wp-json\/wp\/v2\/comments?post=9718"}],"version-history":[{"count":0,"href":"https:\/\/todotrial.com\/tienda\/wp-json\/wp\/v2\/product\/9718\/revisions"}],"wp:featuredmedia":[{"embeddable":true,"href":"https:\/\/todotrial.com\/tienda\/wp-json\/wp\/v2\/media\/9717"}],"wp:attachment":[{"href":"https:\/\/todotrial.com\/tienda\/wp-json\/wp\/v2\/media?parent=9718"}],"wp:term":[{"taxonomy":"product_brand","embeddable":true,"href":"https:\/\/todotrial.com\/tienda\/wp-json\/wp\/v2\/product_brand?post=9718"},{"taxonomy":"product_cat","embeddable":true,"href":"https:\/\/todotrial.com\/tienda\/wp-json\/wp\/v2\/product_cat?post=9718"},{"taxonomy":"product_tag","embeddable":true,"href":"https:\/\/todotrial.com\/tienda\/wp-json\/wp\/v2\/product_tag?post=9718"}],"curies":[{"name":"wp","href":"https:\/\/api.w.org\/{rel}","templated":true}]}}