{"id":9716,"date":"2017-04-13T09:26:44","date_gmt":"2017-04-13T09:26:44","guid":{"rendered":"https:\/\/todotrial.com\/tienda\/product\/dvd2017-04-13-09-26-44\/"},"modified":"2025-02-20T18:05:27","modified_gmt":"2025-02-20T17:05:27","slug":"dvd2017-04-13-09-26-44","status":"publish","type":"product","link":"https:\/\/todotrial.com\/tienda\/dvd2017-04-13-09-26-44\/","title":{"rendered":"Le Mans 1986 DVD"},"content":{"rendered":"<p>Le Mans 1986 DVD ( 62 minutos)<br \/><span><span title=\"Once again the Rothmans Porsche team fielded three works cars as the Stuttgart marque challenged for yet another victory.\">Una vez m\u00e1s, el equipo de Rothmans Porsche coloc\u00f3 tres coches de trabajo como la marca de Stuttgart desafiado para otra victoria. <\/span><span title=\"However, the British Jaguar team was ready to break the Porsche domination with its awesome Silk Cut-backed XJR-6s. \">Sin embargo, el equipo brit\u00e1nico de Jaguar estaba listo para romper la dominaci\u00f3n Porsche con su impresionante Silk Cut-backed XJR-6s.<\/span><\/span><\/p>\n<p><span title=\"It looked set to be a showdown between the turbo-charged works 962Cs and the Jaguar V12s, but the Joest team, victors in '84 and '85, could not be discounted and the Porsche 956B of Klaus Ludwig, Paolo Barilla and John Winter would\">Parec\u00eda ser un enfrentamiento entre las 962Cs turbo-cargadas y el Jaguar V12s, pero el equipo Joest, los vencedores en &#8217;84 y &#8217;85, no pod\u00eda ser descontado y el Porsche 956B de Klaus Ludwig, Paolo Barilla y John Winter <\/span><span title=\"lead the early running. \">Conducir el principio de funcionamiento.<\/span><\/p>\n<p><span title=\"The superb action footage captured in this fast-paced review brings you the full story of more than 3,000 miles of racing as the privateer Joest team battled with the factory-backed Jaguar and Porsche cars. \">Las magn\u00edficas im\u00e1genes de acci\u00f3n capturadas en esta revisi\u00f3n de ritmo r\u00e1pido te trae la historia completa de m\u00e1s de 3.000 kil\u00f3metros de carreras como el equipo corsario Joest luch\u00f3 con la f\u00e1brica de respaldo de coches Jaguar y Porsche.<\/span><\/p>\n<p><span title=\"There's also plenty of dramatic in-car camerawork courtesy of the Rothmans Porsches, including some jaw-dropping overtaking at 200mph-plus on the Mulsanne straight. \">Tambi\u00e9n hay un mont\u00f3n de c\u00e1mara dram\u00e1tica en el coche de cortes\u00eda de los Porsches Rothmans, incluyendo algunos adelantando caer a 200 mph m\u00e1s en la recta Mulsanne.<\/span><\/p>\n<p><span title=\"Tragically, what looked set to be one of the greatest Le Mans races ever was marred by the death of popular Austrian racer Jo Gartner in a crash during the night.\">Tr\u00e1gicamente, lo que parec\u00eda ser una de las mayores carreras de Le Mans alguna vez fue estropeado por la muerte del corredor austriaco Jo Gartner en un accidente durante la noche. <\/span><span title=\"With all three Jaguars and two of the works Porsches forced out by accidents and reliability problems, the number one Rothmans Porsche of Derek Bell, Hans Stuck and Al Holbert was left to take a subdued victory - the fourth for Le Mans legend Bell. \">Con los tres Jaguars y dos de los Porsches obras forzadas por accidentes y problemas de fiabilidad, el n\u00famero uno Rothmans Porsche de Derek Bell, Hans Stuck y Al Holbert se dej\u00f3 para tomar una victoria tenue &#8211; el cuarto para Le Mans leyenda Bell.<br \/><\/span><\/p>\n","protected":false},"excerpt":{"rendered":"<p>Le Mans 1986 DVD ( 62 minutos)<\/p>\n","protected":false},"featured_media":9715,"comment_status":"open","ping_status":"closed","template":"","meta":[],"product_brand":[],"product_cat":[15],"product_tag":[],"class_list":{"0":"post-9716","1":"product","2":"type-product","3":"status-publish","4":"has-post-thumbnail","6":"product_cat-uncategorized","8":"first","9":"instock","10":"taxable","11":"shipping-taxable","12":"purchasable","13":"product-type-simple"},"yoast_head":"<!-- This site is optimized with the Yoast SEO Premium plugin v21.2 (Yoast SEO v27.5) - https:\/\/yoast.com\/product\/yoast-seo-premium-wordpress\/ -->\n<title>Le Mans 1986 DVD - Tienda de todotrial<\/title>\n<meta name=\"robots\" content=\"index, follow, max-snippet:-1, max-image-preview:large, max-video-preview:-1\" \/>\n<link rel=\"canonical\" href=\"https:\/\/todotrial.com\/tienda\/dvd2017-04-13-09-26-44\/\" \/>\n<meta property=\"og:locale\" content=\"es_ES\" \/>\n<meta property=\"og:type\" content=\"article\" \/>\n<meta property=\"og:title\" content=\"Le Mans 1986 DVD\" \/>\n<meta property=\"og:description\" content=\"Le Mans 1986 DVD ( 62 minutos)\" \/>\n<meta property=\"og:url\" content=\"https:\/\/todotrial.com\/tienda\/dvd2017-04-13-09-26-44\/\" \/>\n<meta property=\"og:site_name\" content=\"Tienda de todotrial\" \/>\n<meta property=\"article:modified_time\" content=\"2025-02-20T17:05:27+00:00\" \/>\n<meta property=\"og:image\" content=\"https:\/\/todotrial.com\/tienda\/wp-content\/uploads\/2017\/04\/4023.jpg\" \/>\n\t<meta property=\"og:image:width\" content=\"360\" \/>\n\t<meta property=\"og:image:height\" content=\"523\" \/>\n\t<meta property=\"og:image:type\" content=\"image\/jpeg\" \/>\n<meta name=\"twitter:card\" content=\"summary_large_image\" \/>\n<meta name=\"twitter:label1\" content=\"Tiempo de lectura\" \/>\n\t<meta name=\"twitter:data1\" content=\"1 minuto\" \/>\n<script type=\"application\/ld+json\" class=\"yoast-schema-graph\">{\"@context\":\"https:\\\/\\\/schema.org\",\"@graph\":[{\"@type\":\"WebPage\",\"@id\":\"https:\\\/\\\/todotrial.com\\\/tienda\\\/dvd2017-04-13-09-26-44\\\/\",\"url\":\"https:\\\/\\\/todotrial.com\\\/tienda\\\/dvd2017-04-13-09-26-44\\\/\",\"name\":\"Le Mans 1986 DVD - Tienda de todotrial\",\"isPartOf\":{\"@id\":\"https:\\\/\\\/todotrial.com\\\/tienda\\\/#website\"},\"primaryImageOfPage\":{\"@id\":\"https:\\\/\\\/todotrial.com\\\/tienda\\\/dvd2017-04-13-09-26-44\\\/#primaryimage\"},\"image\":{\"@id\":\"https:\\\/\\\/todotrial.com\\\/tienda\\\/dvd2017-04-13-09-26-44\\\/#primaryimage\"},\"thumbnailUrl\":\"https:\\\/\\\/todotrial.com\\\/tienda\\\/wp-content\\\/uploads\\\/2017\\\/04\\\/4023.jpg\",\"datePublished\":\"2017-04-13T09:26:44+00:00\",\"dateModified\":\"2025-02-20T17:05:27+00:00\",\"breadcrumb\":{\"@id\":\"https:\\\/\\\/todotrial.com\\\/tienda\\\/dvd2017-04-13-09-26-44\\\/#breadcrumb\"},\"inLanguage\":\"es\",\"potentialAction\":[{\"@type\":\"ReadAction\",\"target\":[\"https:\\\/\\\/todotrial.com\\\/tienda\\\/dvd2017-04-13-09-26-44\\\/\"]}]},{\"@type\":\"ImageObject\",\"inLanguage\":\"es\",\"@id\":\"https:\\\/\\\/todotrial.com\\\/tienda\\\/dvd2017-04-13-09-26-44\\\/#primaryimage\",\"url\":\"https:\\\/\\\/todotrial.com\\\/tienda\\\/wp-content\\\/uploads\\\/2017\\\/04\\\/4023.jpg\",\"contentUrl\":\"https:\\\/\\\/todotrial.com\\\/tienda\\\/wp-content\\\/uploads\\\/2017\\\/04\\\/4023.jpg\",\"width\":360,\"height\":523},{\"@type\":\"BreadcrumbList\",\"@id\":\"https:\\\/\\\/todotrial.com\\\/tienda\\\/dvd2017-04-13-09-26-44\\\/#breadcrumb\",\"itemListElement\":[{\"@type\":\"ListItem\",\"position\":1,\"name\":\"Portada\",\"item\":\"https:\\\/\\\/todotrial.com\\\/tienda\\\/\"},{\"@type\":\"ListItem\",\"position\":2,\"name\":\"Shop\",\"item\":\"https:\\\/\\\/todotrial.com\\\/tienda\\\/shop\\\/\"},{\"@type\":\"ListItem\",\"position\":3,\"name\":\"Le Mans 1986 DVD\"}]},{\"@type\":\"WebSite\",\"@id\":\"https:\\\/\\\/todotrial.com\\\/tienda\\\/#website\",\"url\":\"https:\\\/\\\/todotrial.com\\\/tienda\\\/\",\"name\":\"Tienda de todotrial\",\"description\":\"\",\"potentialAction\":[{\"@type\":\"SearchAction\",\"target\":{\"@type\":\"EntryPoint\",\"urlTemplate\":\"https:\\\/\\\/todotrial.com\\\/tienda\\\/?s={search_term_string}\"},\"query-input\":{\"@type\":\"PropertyValueSpecification\",\"valueRequired\":true,\"valueName\":\"search_term_string\"}}],\"inLanguage\":\"es\"}]}<\/script>\n<!-- \/ Yoast SEO Premium plugin. -->","yoast_head_json":{"title":"Le Mans 1986 DVD - Tienda de todotrial","robots":{"index":"index","follow":"follow","max-snippet":"max-snippet:-1","max-image-preview":"max-image-preview:large","max-video-preview":"max-video-preview:-1"},"canonical":"https:\/\/todotrial.com\/tienda\/dvd2017-04-13-09-26-44\/","og_locale":"es_ES","og_type":"article","og_title":"Le Mans 1986 DVD","og_description":"Le Mans 1986 DVD ( 62 minutos)","og_url":"https:\/\/todotrial.com\/tienda\/dvd2017-04-13-09-26-44\/","og_site_name":"Tienda de todotrial","article_modified_time":"2025-02-20T17:05:27+00:00","og_image":[{"width":360,"height":523,"url":"https:\/\/todotrial.com\/tienda\/wp-content\/uploads\/2017\/04\/4023.jpg","type":"image\/jpeg"}],"twitter_card":"summary_large_image","twitter_misc":{"Tiempo de lectura":"1 minuto"},"schema":{"@context":"https:\/\/schema.org","@graph":[{"@type":"WebPage","@id":"https:\/\/todotrial.com\/tienda\/dvd2017-04-13-09-26-44\/","url":"https:\/\/todotrial.com\/tienda\/dvd2017-04-13-09-26-44\/","name":"Le Mans 1986 DVD - Tienda de todotrial","isPartOf":{"@id":"https:\/\/todotrial.com\/tienda\/#website"},"primaryImageOfPage":{"@id":"https:\/\/todotrial.com\/tienda\/dvd2017-04-13-09-26-44\/#primaryimage"},"image":{"@id":"https:\/\/todotrial.com\/tienda\/dvd2017-04-13-09-26-44\/#primaryimage"},"thumbnailUrl":"https:\/\/todotrial.com\/tienda\/wp-content\/uploads\/2017\/04\/4023.jpg","datePublished":"2017-04-13T09:26:44+00:00","dateModified":"2025-02-20T17:05:27+00:00","breadcrumb":{"@id":"https:\/\/todotrial.com\/tienda\/dvd2017-04-13-09-26-44\/#breadcrumb"},"inLanguage":"es","potentialAction":[{"@type":"ReadAction","target":["https:\/\/todotrial.com\/tienda\/dvd2017-04-13-09-26-44\/"]}]},{"@type":"ImageObject","inLanguage":"es","@id":"https:\/\/todotrial.com\/tienda\/dvd2017-04-13-09-26-44\/#primaryimage","url":"https:\/\/todotrial.com\/tienda\/wp-content\/uploads\/2017\/04\/4023.jpg","contentUrl":"https:\/\/todotrial.com\/tienda\/wp-content\/uploads\/2017\/04\/4023.jpg","width":360,"height":523},{"@type":"BreadcrumbList","@id":"https:\/\/todotrial.com\/tienda\/dvd2017-04-13-09-26-44\/#breadcrumb","itemListElement":[{"@type":"ListItem","position":1,"name":"Portada","item":"https:\/\/todotrial.com\/tienda\/"},{"@type":"ListItem","position":2,"name":"Shop","item":"https:\/\/todotrial.com\/tienda\/shop\/"},{"@type":"ListItem","position":3,"name":"Le Mans 1986 DVD"}]},{"@type":"WebSite","@id":"https:\/\/todotrial.com\/tienda\/#website","url":"https:\/\/todotrial.com\/tienda\/","name":"Tienda de todotrial","description":"","potentialAction":[{"@type":"SearchAction","target":{"@type":"EntryPoint","urlTemplate":"https:\/\/todotrial.com\/tienda\/?s={search_term_string}"},"query-input":{"@type":"PropertyValueSpecification","valueRequired":true,"valueName":"search_term_string"}}],"inLanguage":"es"}]}},"_links":{"self":[{"href":"https:\/\/todotrial.com\/tienda\/wp-json\/wp\/v2\/product\/9716","targetHints":{"allow":["GET"]}}],"collection":[{"href":"https:\/\/todotrial.com\/tienda\/wp-json\/wp\/v2\/product"}],"about":[{"href":"https:\/\/todotrial.com\/tienda\/wp-json\/wp\/v2\/types\/product"}],"replies":[{"embeddable":true,"href":"https:\/\/todotrial.com\/tienda\/wp-json\/wp\/v2\/comments?post=9716"}],"version-history":[{"count":0,"href":"https:\/\/todotrial.com\/tienda\/wp-json\/wp\/v2\/product\/9716\/revisions"}],"wp:featuredmedia":[{"embeddable":true,"href":"https:\/\/todotrial.com\/tienda\/wp-json\/wp\/v2\/media\/9715"}],"wp:attachment":[{"href":"https:\/\/todotrial.com\/tienda\/wp-json\/wp\/v2\/media?parent=9716"}],"wp:term":[{"taxonomy":"product_brand","embeddable":true,"href":"https:\/\/todotrial.com\/tienda\/wp-json\/wp\/v2\/product_brand?post=9716"},{"taxonomy":"product_cat","embeddable":true,"href":"https:\/\/todotrial.com\/tienda\/wp-json\/wp\/v2\/product_cat?post=9716"},{"taxonomy":"product_tag","embeddable":true,"href":"https:\/\/todotrial.com\/tienda\/wp-json\/wp\/v2\/product_tag?post=9716"}],"curies":[{"name":"wp","href":"https:\/\/api.w.org\/{rel}","templated":true}]}}