{"id":9714,"date":"2017-04-13T09:21:12","date_gmt":"2017-04-13T09:21:12","guid":{"rendered":"https:\/\/todotrial.com\/tienda\/product\/dvd2017-04-13-09-21-12\/"},"modified":"2025-02-20T18:05:28","modified_gmt":"2025-02-20T17:05:28","slug":"dvd2017-04-13-09-21-12","status":"publish","type":"product","link":"https:\/\/todotrial.com\/tienda\/dvd2017-04-13-09-21-12\/","title":{"rendered":"Le Mans 1985 DVD"},"content":{"rendered":"<p>Le Mans 1985 DVD (61 minutos)<br \/>Los Porsches de Rothmans estaban detr\u00e1s despu\u00e9s de faltar la &#8217;84 raza, pero el tr\u00edo de 962Cs de las obras no estar\u00eda compitiendo solamente para victoria. El Jaguar XJR-5s, Lancias de f\u00e1brica y un fuerte campo de Porches privada-entrado estar\u00edan persiguiendo dif\u00edcilmente para la victoria.<br \/>Las magn\u00edficas im\u00e1genes de acci\u00f3n capturadas en esta revisi\u00f3n de ritmo r\u00e1pido te ofrecen la historia completa de m\u00e1s de 3.000 kil\u00f3metros de carreras y revela c\u00f3mo la fiabilidad y el consumo de combustible jugar\u00edan un papel importante en el resultado de la carrera de Le Mans 24 Horas de 1985.<br \/>Con el equipo Rothmans Porsche conservando combustible en las primeras etapas, el Ferrari Lancia LC2 de Bob Wollek y Alessandro Nannini liderar\u00eda las primeras vueltas antes de abrir camino a los Porsches de Joest, Richard Lloyd Racing y Kremer<br \/>Al ponerse el sol, aparecieron las primeras se\u00f1ales de los mec\u00e1nicos gremlins que neutralizar\u00edan la estrategia de Porsche de los trabajos, con el 962C de la leyenda de Le Mans Jacky Ickx y la masa de Jochen que hac\u00edan el primer de muchas paradas para las reparaciones. Ambos autos de la hermana sufrir\u00edan sus propios problemas, rompiendo cualquier esperanza de desafiar para la victoria.<br \/>Como la pel\u00edcula dram\u00e1tica en esta revisi\u00f3n registra, nada pudo impedir que el Porsche de Klaus Ludwig, Paolo Barillia y John Winter entraran a la victoria por delante de la m\u00e1quina Lloyd Racing de los h\u00e9roes brit\u00e1nicos Jonathan Palmer, James Weaver y Richard Lloyd.<br \/>Este DVD lleno de acci\u00f3n ofrece todos los momentos esenciales, entrevistas con estrellas como Ickx, Ludwig y Derek Bell, adem\u00e1s de todo el color y la atm\u00f3sfera que rodea a este asombroso evento.<br \/>Traductor de Google para empresas:Google Translator ToolkitTraductor de sitios webGlobal Market Finder<\/p>\n<p>&nbsp;<\/p>\n","protected":false},"excerpt":{"rendered":"<p>Le Mans 1985 DVD (61 minutos)<\/p>\n","protected":false},"featured_media":9713,"comment_status":"open","ping_status":"closed","template":"","meta":[],"product_brand":[],"product_cat":[15],"product_tag":[],"class_list":{"0":"post-9714","1":"product","2":"type-product","3":"status-publish","4":"has-post-thumbnail","6":"product_cat-uncategorized","8":"first","9":"instock","10":"taxable","11":"shipping-taxable","12":"purchasable","13":"product-type-simple"},"yoast_head":"<!-- This site is optimized with the Yoast SEO Premium plugin v21.2 (Yoast SEO v27.5) - https:\/\/yoast.com\/product\/yoast-seo-premium-wordpress\/ -->\n<title>Le Mans 1985 DVD - Tienda de todotrial<\/title>\n<meta name=\"robots\" content=\"index, follow, max-snippet:-1, max-image-preview:large, max-video-preview:-1\" \/>\n<link rel=\"canonical\" href=\"https:\/\/todotrial.com\/tienda\/dvd2017-04-13-09-21-12\/\" \/>\n<meta property=\"og:locale\" content=\"es_ES\" \/>\n<meta property=\"og:type\" content=\"article\" \/>\n<meta property=\"og:title\" content=\"Le Mans 1985 DVD\" \/>\n<meta property=\"og:description\" content=\"Le Mans 1985 DVD (61 minutos)\" \/>\n<meta property=\"og:url\" content=\"https:\/\/todotrial.com\/tienda\/dvd2017-04-13-09-21-12\/\" \/>\n<meta property=\"og:site_name\" content=\"Tienda de todotrial\" \/>\n<meta property=\"article:modified_time\" content=\"2025-02-20T17:05:28+00:00\" \/>\n<meta property=\"og:image\" content=\"https:\/\/todotrial.com\/tienda\/wp-content\/uploads\/2017\/04\/4022.jpg\" \/>\n\t<meta property=\"og:image:width\" content=\"360\" \/>\n\t<meta property=\"og:image:height\" content=\"523\" \/>\n\t<meta property=\"og:image:type\" content=\"image\/jpeg\" \/>\n<meta name=\"twitter:card\" content=\"summary_large_image\" \/>\n<meta name=\"twitter:label1\" content=\"Tiempo de lectura\" \/>\n\t<meta name=\"twitter:data1\" content=\"2 minutos\" \/>\n<script type=\"application\/ld+json\" class=\"yoast-schema-graph\">{\"@context\":\"https:\\\/\\\/schema.org\",\"@graph\":[{\"@type\":\"WebPage\",\"@id\":\"https:\\\/\\\/todotrial.com\\\/tienda\\\/dvd2017-04-13-09-21-12\\\/\",\"url\":\"https:\\\/\\\/todotrial.com\\\/tienda\\\/dvd2017-04-13-09-21-12\\\/\",\"name\":\"Le Mans 1985 DVD - Tienda de todotrial\",\"isPartOf\":{\"@id\":\"https:\\\/\\\/todotrial.com\\\/tienda\\\/#website\"},\"primaryImageOfPage\":{\"@id\":\"https:\\\/\\\/todotrial.com\\\/tienda\\\/dvd2017-04-13-09-21-12\\\/#primaryimage\"},\"image\":{\"@id\":\"https:\\\/\\\/todotrial.com\\\/tienda\\\/dvd2017-04-13-09-21-12\\\/#primaryimage\"},\"thumbnailUrl\":\"https:\\\/\\\/todotrial.com\\\/tienda\\\/wp-content\\\/uploads\\\/2017\\\/04\\\/4022.jpg\",\"datePublished\":\"2017-04-13T09:21:12+00:00\",\"dateModified\":\"2025-02-20T17:05:28+00:00\",\"breadcrumb\":{\"@id\":\"https:\\\/\\\/todotrial.com\\\/tienda\\\/dvd2017-04-13-09-21-12\\\/#breadcrumb\"},\"inLanguage\":\"es\",\"potentialAction\":[{\"@type\":\"ReadAction\",\"target\":[\"https:\\\/\\\/todotrial.com\\\/tienda\\\/dvd2017-04-13-09-21-12\\\/\"]}]},{\"@type\":\"ImageObject\",\"inLanguage\":\"es\",\"@id\":\"https:\\\/\\\/todotrial.com\\\/tienda\\\/dvd2017-04-13-09-21-12\\\/#primaryimage\",\"url\":\"https:\\\/\\\/todotrial.com\\\/tienda\\\/wp-content\\\/uploads\\\/2017\\\/04\\\/4022.jpg\",\"contentUrl\":\"https:\\\/\\\/todotrial.com\\\/tienda\\\/wp-content\\\/uploads\\\/2017\\\/04\\\/4022.jpg\",\"width\":360,\"height\":523},{\"@type\":\"BreadcrumbList\",\"@id\":\"https:\\\/\\\/todotrial.com\\\/tienda\\\/dvd2017-04-13-09-21-12\\\/#breadcrumb\",\"itemListElement\":[{\"@type\":\"ListItem\",\"position\":1,\"name\":\"Portada\",\"item\":\"https:\\\/\\\/todotrial.com\\\/tienda\\\/\"},{\"@type\":\"ListItem\",\"position\":2,\"name\":\"Shop\",\"item\":\"https:\\\/\\\/todotrial.com\\\/tienda\\\/shop\\\/\"},{\"@type\":\"ListItem\",\"position\":3,\"name\":\"Le Mans 1985 DVD\"}]},{\"@type\":\"WebSite\",\"@id\":\"https:\\\/\\\/todotrial.com\\\/tienda\\\/#website\",\"url\":\"https:\\\/\\\/todotrial.com\\\/tienda\\\/\",\"name\":\"Tienda de todotrial\",\"description\":\"\",\"potentialAction\":[{\"@type\":\"SearchAction\",\"target\":{\"@type\":\"EntryPoint\",\"urlTemplate\":\"https:\\\/\\\/todotrial.com\\\/tienda\\\/?s={search_term_string}\"},\"query-input\":{\"@type\":\"PropertyValueSpecification\",\"valueRequired\":true,\"valueName\":\"search_term_string\"}}],\"inLanguage\":\"es\"}]}<\/script>\n<!-- \/ Yoast SEO Premium plugin. -->","yoast_head_json":{"title":"Le Mans 1985 DVD - Tienda de todotrial","robots":{"index":"index","follow":"follow","max-snippet":"max-snippet:-1","max-image-preview":"max-image-preview:large","max-video-preview":"max-video-preview:-1"},"canonical":"https:\/\/todotrial.com\/tienda\/dvd2017-04-13-09-21-12\/","og_locale":"es_ES","og_type":"article","og_title":"Le Mans 1985 DVD","og_description":"Le Mans 1985 DVD (61 minutos)","og_url":"https:\/\/todotrial.com\/tienda\/dvd2017-04-13-09-21-12\/","og_site_name":"Tienda de todotrial","article_modified_time":"2025-02-20T17:05:28+00:00","og_image":[{"width":360,"height":523,"url":"https:\/\/todotrial.com\/tienda\/wp-content\/uploads\/2017\/04\/4022.jpg","type":"image\/jpeg"}],"twitter_card":"summary_large_image","twitter_misc":{"Tiempo de lectura":"2 minutos"},"schema":{"@context":"https:\/\/schema.org","@graph":[{"@type":"WebPage","@id":"https:\/\/todotrial.com\/tienda\/dvd2017-04-13-09-21-12\/","url":"https:\/\/todotrial.com\/tienda\/dvd2017-04-13-09-21-12\/","name":"Le Mans 1985 DVD - Tienda de todotrial","isPartOf":{"@id":"https:\/\/todotrial.com\/tienda\/#website"},"primaryImageOfPage":{"@id":"https:\/\/todotrial.com\/tienda\/dvd2017-04-13-09-21-12\/#primaryimage"},"image":{"@id":"https:\/\/todotrial.com\/tienda\/dvd2017-04-13-09-21-12\/#primaryimage"},"thumbnailUrl":"https:\/\/todotrial.com\/tienda\/wp-content\/uploads\/2017\/04\/4022.jpg","datePublished":"2017-04-13T09:21:12+00:00","dateModified":"2025-02-20T17:05:28+00:00","breadcrumb":{"@id":"https:\/\/todotrial.com\/tienda\/dvd2017-04-13-09-21-12\/#breadcrumb"},"inLanguage":"es","potentialAction":[{"@type":"ReadAction","target":["https:\/\/todotrial.com\/tienda\/dvd2017-04-13-09-21-12\/"]}]},{"@type":"ImageObject","inLanguage":"es","@id":"https:\/\/todotrial.com\/tienda\/dvd2017-04-13-09-21-12\/#primaryimage","url":"https:\/\/todotrial.com\/tienda\/wp-content\/uploads\/2017\/04\/4022.jpg","contentUrl":"https:\/\/todotrial.com\/tienda\/wp-content\/uploads\/2017\/04\/4022.jpg","width":360,"height":523},{"@type":"BreadcrumbList","@id":"https:\/\/todotrial.com\/tienda\/dvd2017-04-13-09-21-12\/#breadcrumb","itemListElement":[{"@type":"ListItem","position":1,"name":"Portada","item":"https:\/\/todotrial.com\/tienda\/"},{"@type":"ListItem","position":2,"name":"Shop","item":"https:\/\/todotrial.com\/tienda\/shop\/"},{"@type":"ListItem","position":3,"name":"Le Mans 1985 DVD"}]},{"@type":"WebSite","@id":"https:\/\/todotrial.com\/tienda\/#website","url":"https:\/\/todotrial.com\/tienda\/","name":"Tienda de todotrial","description":"","potentialAction":[{"@type":"SearchAction","target":{"@type":"EntryPoint","urlTemplate":"https:\/\/todotrial.com\/tienda\/?s={search_term_string}"},"query-input":{"@type":"PropertyValueSpecification","valueRequired":true,"valueName":"search_term_string"}}],"inLanguage":"es"}]}},"_links":{"self":[{"href":"https:\/\/todotrial.com\/tienda\/wp-json\/wp\/v2\/product\/9714","targetHints":{"allow":["GET"]}}],"collection":[{"href":"https:\/\/todotrial.com\/tienda\/wp-json\/wp\/v2\/product"}],"about":[{"href":"https:\/\/todotrial.com\/tienda\/wp-json\/wp\/v2\/types\/product"}],"replies":[{"embeddable":true,"href":"https:\/\/todotrial.com\/tienda\/wp-json\/wp\/v2\/comments?post=9714"}],"version-history":[{"count":0,"href":"https:\/\/todotrial.com\/tienda\/wp-json\/wp\/v2\/product\/9714\/revisions"}],"wp:featuredmedia":[{"embeddable":true,"href":"https:\/\/todotrial.com\/tienda\/wp-json\/wp\/v2\/media\/9713"}],"wp:attachment":[{"href":"https:\/\/todotrial.com\/tienda\/wp-json\/wp\/v2\/media?parent=9714"}],"wp:term":[{"taxonomy":"product_brand","embeddable":true,"href":"https:\/\/todotrial.com\/tienda\/wp-json\/wp\/v2\/product_brand?post=9714"},{"taxonomy":"product_cat","embeddable":true,"href":"https:\/\/todotrial.com\/tienda\/wp-json\/wp\/v2\/product_cat?post=9714"},{"taxonomy":"product_tag","embeddable":true,"href":"https:\/\/todotrial.com\/tienda\/wp-json\/wp\/v2\/product_tag?post=9714"}],"curies":[{"name":"wp","href":"https:\/\/api.w.org\/{rel}","templated":true}]}}