{"id":9708,"date":"2017-04-07T23:08:58","date_gmt":"2017-04-07T23:08:58","guid":{"rendered":"https:\/\/todotrial.com\/tienda\/product\/dvd2017-04-07-23-08-58\/"},"modified":"2025-02-20T18:05:30","modified_gmt":"2025-02-20T17:05:30","slug":"dvd2017-04-07-23-08-58","status":"publish","type":"product","link":"https:\/\/todotrial.com\/tienda\/dvd2017-04-07-23-08-58\/","title":{"rendered":"Le Mans 1982 DVD"},"content":{"rendered":"<p>Le Mans 1982 DVD (55 minutos)<\/p>\n<p>Le Mans 1982 DVD (55 minutos)<\/p>\n<p>La carrera de resistencia m\u00e1s larga del mundo es la mezcla final de acci\u00f3n, drama y habilidad de alta velocidad, y la carrera de las 24 Horas de Le Mans en 1982 no fue una excepci\u00f3n.<\/p>\n<p>M\u00e1s de 50 coches de pura raza, incluyendo m\u00e1s de 30 en la nueva categor\u00eda del Grupo C, partieron para casi 3.000 millas de fascinante competencia en el Circuit de la Sarthe, con velocidades a lo largo de la infame Mulsanne superando directamente 230 mph.<\/p>\n<p>Las leyendas de Le Mans Jacky Ickx y Derek Bell lideraron de nuevo el ataque de Porsche, con la leyenda belga persiguiendo un sexto Le Mans. Despu\u00e9s de ver el desaf\u00edo de las m\u00e1quinas Rondeau, la carrera por la victoria se convirti\u00f3 en una lucha directa entre las tres obras Porsche 956s.<\/p>\n<p>Junto a Bell e Ickx, los pilotos de la marca de Stuttgart, Jochen Mass, Vern Schuppan, Hurley Haywood, Al Holbert y Jurgen Barth, ocupar\u00e1n el podio. Para los rivales fue una carrera de desgaste, con s\u00f3lo 18 de los abridores cruzando la l\u00ednea de meta &#8211; y luchando con los miles de apasionados aficionados que se inundaron en la pista, incluso antes de la bandera a cuadros cay\u00f3.<\/p>\n<p>Los esfuerzos del equipo de American Cooke Racing se siguen de cerca en esta revisi\u00f3n, que cuenta con entrevistas con el conductor principal Brian Redman y otros miembros del equipo.<\/p>\n<p>Esta revisi\u00f3n de la 1982 Le Mans 24 Hour Race te trae la historia llena de<\/p>\n","protected":false},"excerpt":{"rendered":"<p>Le Mans 1982 DVD (55 minutos)<\/p>\n","protected":false},"featured_media":9707,"comment_status":"open","ping_status":"closed","template":"","meta":[],"product_brand":[],"product_cat":[15],"product_tag":[],"class_list":{"0":"post-9708","1":"product","2":"type-product","3":"status-publish","4":"has-post-thumbnail","6":"product_cat-uncategorized","8":"first","9":"instock","10":"taxable","11":"shipping-taxable","12":"purchasable","13":"product-type-simple"},"yoast_head":"<!-- This site is optimized with the Yoast SEO Premium plugin v21.2 (Yoast SEO v27.5) - https:\/\/yoast.com\/product\/yoast-seo-premium-wordpress\/ -->\n<title>Le Mans 1982 DVD - Tienda de todotrial<\/title>\n<meta name=\"robots\" content=\"index, follow, max-snippet:-1, max-image-preview:large, max-video-preview:-1\" \/>\n<link rel=\"canonical\" href=\"https:\/\/todotrial.com\/tienda\/dvd2017-04-07-23-08-58\/\" \/>\n<meta property=\"og:locale\" content=\"es_ES\" \/>\n<meta property=\"og:type\" content=\"article\" \/>\n<meta property=\"og:title\" content=\"Le Mans 1982 DVD\" \/>\n<meta property=\"og:description\" content=\"Le Mans 1982 DVD (55 minutos)\" \/>\n<meta property=\"og:url\" content=\"https:\/\/todotrial.com\/tienda\/dvd2017-04-07-23-08-58\/\" \/>\n<meta property=\"og:site_name\" content=\"Tienda de todotrial\" \/>\n<meta property=\"article:modified_time\" content=\"2025-02-20T17:05:30+00:00\" \/>\n<meta property=\"og:image\" content=\"https:\/\/todotrial.com\/tienda\/wp-content\/uploads\/2017\/04\/4019.jpg\" \/>\n\t<meta property=\"og:image:width\" content=\"360\" \/>\n\t<meta property=\"og:image:height\" content=\"523\" \/>\n\t<meta property=\"og:image:type\" content=\"image\/jpeg\" \/>\n<meta name=\"twitter:card\" content=\"summary_large_image\" \/>\n<meta name=\"twitter:label1\" content=\"Tiempo de lectura\" \/>\n\t<meta name=\"twitter:data1\" content=\"1 minuto\" \/>\n<script type=\"application\/ld+json\" class=\"yoast-schema-graph\">{\"@context\":\"https:\\\/\\\/schema.org\",\"@graph\":[{\"@type\":\"WebPage\",\"@id\":\"https:\\\/\\\/todotrial.com\\\/tienda\\\/dvd2017-04-07-23-08-58\\\/\",\"url\":\"https:\\\/\\\/todotrial.com\\\/tienda\\\/dvd2017-04-07-23-08-58\\\/\",\"name\":\"Le Mans 1982 DVD - Tienda de todotrial\",\"isPartOf\":{\"@id\":\"https:\\\/\\\/todotrial.com\\\/tienda\\\/#website\"},\"primaryImageOfPage\":{\"@id\":\"https:\\\/\\\/todotrial.com\\\/tienda\\\/dvd2017-04-07-23-08-58\\\/#primaryimage\"},\"image\":{\"@id\":\"https:\\\/\\\/todotrial.com\\\/tienda\\\/dvd2017-04-07-23-08-58\\\/#primaryimage\"},\"thumbnailUrl\":\"https:\\\/\\\/todotrial.com\\\/tienda\\\/wp-content\\\/uploads\\\/2017\\\/04\\\/4019.jpg\",\"datePublished\":\"2017-04-07T23:08:58+00:00\",\"dateModified\":\"2025-02-20T17:05:30+00:00\",\"breadcrumb\":{\"@id\":\"https:\\\/\\\/todotrial.com\\\/tienda\\\/dvd2017-04-07-23-08-58\\\/#breadcrumb\"},\"inLanguage\":\"es\",\"potentialAction\":[{\"@type\":\"ReadAction\",\"target\":[\"https:\\\/\\\/todotrial.com\\\/tienda\\\/dvd2017-04-07-23-08-58\\\/\"]}]},{\"@type\":\"ImageObject\",\"inLanguage\":\"es\",\"@id\":\"https:\\\/\\\/todotrial.com\\\/tienda\\\/dvd2017-04-07-23-08-58\\\/#primaryimage\",\"url\":\"https:\\\/\\\/todotrial.com\\\/tienda\\\/wp-content\\\/uploads\\\/2017\\\/04\\\/4019.jpg\",\"contentUrl\":\"https:\\\/\\\/todotrial.com\\\/tienda\\\/wp-content\\\/uploads\\\/2017\\\/04\\\/4019.jpg\",\"width\":360,\"height\":523},{\"@type\":\"BreadcrumbList\",\"@id\":\"https:\\\/\\\/todotrial.com\\\/tienda\\\/dvd2017-04-07-23-08-58\\\/#breadcrumb\",\"itemListElement\":[{\"@type\":\"ListItem\",\"position\":1,\"name\":\"Portada\",\"item\":\"https:\\\/\\\/todotrial.com\\\/tienda\\\/\"},{\"@type\":\"ListItem\",\"position\":2,\"name\":\"Shop\",\"item\":\"https:\\\/\\\/todotrial.com\\\/tienda\\\/shop\\\/\"},{\"@type\":\"ListItem\",\"position\":3,\"name\":\"Le Mans 1982 DVD\"}]},{\"@type\":\"WebSite\",\"@id\":\"https:\\\/\\\/todotrial.com\\\/tienda\\\/#website\",\"url\":\"https:\\\/\\\/todotrial.com\\\/tienda\\\/\",\"name\":\"Tienda de todotrial\",\"description\":\"\",\"potentialAction\":[{\"@type\":\"SearchAction\",\"target\":{\"@type\":\"EntryPoint\",\"urlTemplate\":\"https:\\\/\\\/todotrial.com\\\/tienda\\\/?s={search_term_string}\"},\"query-input\":{\"@type\":\"PropertyValueSpecification\",\"valueRequired\":true,\"valueName\":\"search_term_string\"}}],\"inLanguage\":\"es\"}]}<\/script>\n<!-- \/ Yoast SEO Premium plugin. -->","yoast_head_json":{"title":"Le Mans 1982 DVD - Tienda de todotrial","robots":{"index":"index","follow":"follow","max-snippet":"max-snippet:-1","max-image-preview":"max-image-preview:large","max-video-preview":"max-video-preview:-1"},"canonical":"https:\/\/todotrial.com\/tienda\/dvd2017-04-07-23-08-58\/","og_locale":"es_ES","og_type":"article","og_title":"Le Mans 1982 DVD","og_description":"Le Mans 1982 DVD (55 minutos)","og_url":"https:\/\/todotrial.com\/tienda\/dvd2017-04-07-23-08-58\/","og_site_name":"Tienda de todotrial","article_modified_time":"2025-02-20T17:05:30+00:00","og_image":[{"width":360,"height":523,"url":"https:\/\/todotrial.com\/tienda\/wp-content\/uploads\/2017\/04\/4019.jpg","type":"image\/jpeg"}],"twitter_card":"summary_large_image","twitter_misc":{"Tiempo de lectura":"1 minuto"},"schema":{"@context":"https:\/\/schema.org","@graph":[{"@type":"WebPage","@id":"https:\/\/todotrial.com\/tienda\/dvd2017-04-07-23-08-58\/","url":"https:\/\/todotrial.com\/tienda\/dvd2017-04-07-23-08-58\/","name":"Le Mans 1982 DVD - Tienda de todotrial","isPartOf":{"@id":"https:\/\/todotrial.com\/tienda\/#website"},"primaryImageOfPage":{"@id":"https:\/\/todotrial.com\/tienda\/dvd2017-04-07-23-08-58\/#primaryimage"},"image":{"@id":"https:\/\/todotrial.com\/tienda\/dvd2017-04-07-23-08-58\/#primaryimage"},"thumbnailUrl":"https:\/\/todotrial.com\/tienda\/wp-content\/uploads\/2017\/04\/4019.jpg","datePublished":"2017-04-07T23:08:58+00:00","dateModified":"2025-02-20T17:05:30+00:00","breadcrumb":{"@id":"https:\/\/todotrial.com\/tienda\/dvd2017-04-07-23-08-58\/#breadcrumb"},"inLanguage":"es","potentialAction":[{"@type":"ReadAction","target":["https:\/\/todotrial.com\/tienda\/dvd2017-04-07-23-08-58\/"]}]},{"@type":"ImageObject","inLanguage":"es","@id":"https:\/\/todotrial.com\/tienda\/dvd2017-04-07-23-08-58\/#primaryimage","url":"https:\/\/todotrial.com\/tienda\/wp-content\/uploads\/2017\/04\/4019.jpg","contentUrl":"https:\/\/todotrial.com\/tienda\/wp-content\/uploads\/2017\/04\/4019.jpg","width":360,"height":523},{"@type":"BreadcrumbList","@id":"https:\/\/todotrial.com\/tienda\/dvd2017-04-07-23-08-58\/#breadcrumb","itemListElement":[{"@type":"ListItem","position":1,"name":"Portada","item":"https:\/\/todotrial.com\/tienda\/"},{"@type":"ListItem","position":2,"name":"Shop","item":"https:\/\/todotrial.com\/tienda\/shop\/"},{"@type":"ListItem","position":3,"name":"Le Mans 1982 DVD"}]},{"@type":"WebSite","@id":"https:\/\/todotrial.com\/tienda\/#website","url":"https:\/\/todotrial.com\/tienda\/","name":"Tienda de todotrial","description":"","potentialAction":[{"@type":"SearchAction","target":{"@type":"EntryPoint","urlTemplate":"https:\/\/todotrial.com\/tienda\/?s={search_term_string}"},"query-input":{"@type":"PropertyValueSpecification","valueRequired":true,"valueName":"search_term_string"}}],"inLanguage":"es"}]}},"_links":{"self":[{"href":"https:\/\/todotrial.com\/tienda\/wp-json\/wp\/v2\/product\/9708","targetHints":{"allow":["GET"]}}],"collection":[{"href":"https:\/\/todotrial.com\/tienda\/wp-json\/wp\/v2\/product"}],"about":[{"href":"https:\/\/todotrial.com\/tienda\/wp-json\/wp\/v2\/types\/product"}],"replies":[{"embeddable":true,"href":"https:\/\/todotrial.com\/tienda\/wp-json\/wp\/v2\/comments?post=9708"}],"version-history":[{"count":0,"href":"https:\/\/todotrial.com\/tienda\/wp-json\/wp\/v2\/product\/9708\/revisions"}],"wp:featuredmedia":[{"embeddable":true,"href":"https:\/\/todotrial.com\/tienda\/wp-json\/wp\/v2\/media\/9707"}],"wp:attachment":[{"href":"https:\/\/todotrial.com\/tienda\/wp-json\/wp\/v2\/media?parent=9708"}],"wp:term":[{"taxonomy":"product_brand","embeddable":true,"href":"https:\/\/todotrial.com\/tienda\/wp-json\/wp\/v2\/product_brand?post=9708"},{"taxonomy":"product_cat","embeddable":true,"href":"https:\/\/todotrial.com\/tienda\/wp-json\/wp\/v2\/product_cat?post=9708"},{"taxonomy":"product_tag","embeddable":true,"href":"https:\/\/todotrial.com\/tienda\/wp-json\/wp\/v2\/product_tag?post=9708"}],"curies":[{"name":"wp","href":"https:\/\/api.w.org\/{rel}","templated":true}]}}