{"id":9704,"date":"2017-04-07T22:09:02","date_gmt":"2017-04-07T22:09:02","guid":{"rendered":"https:\/\/todotrial.com\/tienda\/product\/dvd2017-04-07-22-09-02\/"},"modified":"2025-02-20T18:05:32","modified_gmt":"2025-02-20T17:05:32","slug":"dvd2017-04-07-22-09-02","status":"publish","type":"product","link":"https:\/\/todotrial.com\/tienda\/dvd2017-04-07-22-09-02\/","title":{"rendered":"Le Mans 1980 DVD"},"content":{"rendered":"<p>Le Mans 1980 DVD&nbsp; (48 minutos)<\/p>\n<p>La carrera de resistencia m\u00e1s larga del mundo es la mezcla final de acci\u00f3n de alta velocidad, drama y habilidad y la carrera de 1980 de la carrera de Le Mans 24 horas no fue la excepci\u00f3n.<\/p>\n<p>Ahora usted puede experimentar todos los aspectos m\u00e1s destacados de este extraordinario evento en DVD en Le Mans 1980.<\/p>\n<p>Incre\u00edbles im\u00e1genes te traen la historia completa de m\u00e1s de 2.800 millas de carreras en el cl\u00e1sico circuito de la Sarthe como Rondeaus y Porsches lucharon entre s\u00ed, y algunas de las condiciones m\u00e1s h\u00famedas de Le Mans ha visto nunca.<\/p>\n<p>Con los minutos finales de la carrera de 24 horas corrido lejos, las fuertes lluvias provoc\u00f3 una de las conclusiones m\u00e1s dram\u00e1ticas de esta carrera de resistencia espectacular nunca &#8211; y este DVD captura toda la acci\u00f3n y la atm\u00f3sfera de este hist\u00f3rico evento.<\/p>\n<p>Entre los principales nombres de los deportes de motor que compitieron en el Le Mans de 1980 se encontraban leyendas como Jacky Ickx, Derek Bell, Holbert, Hans Joachim Stuck, Jean Rondeau y muchos, muchos m\u00e1s.<\/p>\n<p>Adem\u00e1s de la carrera de acci\u00f3n, esta revisi\u00f3n trae a los espectadores todo el color y la atm\u00f3sfera que rodea a este evento incre\u00edble.<\/p>\n<p>Este t\u00edtulo forma parte del coleccionable conjunto de rese\u00f1as de DVD de las carreras de Le Mans de los a\u00f1os ochenta.<\/p>\n<p>&nbsp;<\/p>\n","protected":false},"excerpt":{"rendered":"<p>Le Mans 1980 DVD<\/p>\n","protected":false},"featured_media":184,"comment_status":"open","ping_status":"closed","template":"","meta":[],"product_brand":[],"product_cat":[15],"product_tag":[],"class_list":{"0":"post-9704","1":"product","2":"type-product","3":"status-publish","4":"has-post-thumbnail","6":"product_cat-uncategorized","8":"first","9":"instock","10":"taxable","11":"shipping-taxable","12":"purchasable","13":"product-type-simple"},"yoast_head":"<!-- This site is optimized with the Yoast SEO Premium plugin v21.2 (Yoast SEO v27.5) - https:\/\/yoast.com\/product\/yoast-seo-premium-wordpress\/ -->\n<title>Le Mans 1980 DVD - Tienda de todotrial<\/title>\n<meta name=\"robots\" content=\"index, follow, max-snippet:-1, max-image-preview:large, max-video-preview:-1\" \/>\n<link rel=\"canonical\" href=\"https:\/\/todotrial.com\/tienda\/dvd2017-04-07-22-09-02\/\" \/>\n<meta property=\"og:locale\" content=\"es_ES\" \/>\n<meta property=\"og:type\" content=\"article\" \/>\n<meta property=\"og:title\" content=\"Le Mans 1980 DVD\" \/>\n<meta property=\"og:description\" content=\"Le Mans 1980 DVD\" \/>\n<meta property=\"og:url\" content=\"https:\/\/todotrial.com\/tienda\/dvd2017-04-07-22-09-02\/\" \/>\n<meta property=\"og:site_name\" content=\"Tienda de todotrial\" \/>\n<meta property=\"article:modified_time\" content=\"2025-02-20T17:05:32+00:00\" \/>\n<meta property=\"og:image\" content=\"https:\/\/todotrial.com\/tienda\/wp-content\/uploads\/2020\/07\/4017.jpg\" \/>\n\t<meta property=\"og:image:width\" content=\"360\" \/>\n\t<meta property=\"og:image:height\" content=\"523\" \/>\n\t<meta property=\"og:image:type\" content=\"image\/jpeg\" \/>\n<meta name=\"twitter:card\" content=\"summary_large_image\" \/>\n<meta name=\"twitter:label1\" content=\"Tiempo de lectura\" \/>\n\t<meta name=\"twitter:data1\" content=\"1 minuto\" \/>\n<script type=\"application\/ld+json\" class=\"yoast-schema-graph\">{\"@context\":\"https:\\\/\\\/schema.org\",\"@graph\":[{\"@type\":\"WebPage\",\"@id\":\"https:\\\/\\\/todotrial.com\\\/tienda\\\/dvd2017-04-07-22-09-02\\\/\",\"url\":\"https:\\\/\\\/todotrial.com\\\/tienda\\\/dvd2017-04-07-22-09-02\\\/\",\"name\":\"Le Mans 1980 DVD - Tienda de todotrial\",\"isPartOf\":{\"@id\":\"https:\\\/\\\/todotrial.com\\\/tienda\\\/#website\"},\"primaryImageOfPage\":{\"@id\":\"https:\\\/\\\/todotrial.com\\\/tienda\\\/dvd2017-04-07-22-09-02\\\/#primaryimage\"},\"image\":{\"@id\":\"https:\\\/\\\/todotrial.com\\\/tienda\\\/dvd2017-04-07-22-09-02\\\/#primaryimage\"},\"thumbnailUrl\":\"https:\\\/\\\/todotrial.com\\\/tienda\\\/wp-content\\\/uploads\\\/2020\\\/07\\\/4017.jpg\",\"datePublished\":\"2017-04-07T22:09:02+00:00\",\"dateModified\":\"2025-02-20T17:05:32+00:00\",\"breadcrumb\":{\"@id\":\"https:\\\/\\\/todotrial.com\\\/tienda\\\/dvd2017-04-07-22-09-02\\\/#breadcrumb\"},\"inLanguage\":\"es\",\"potentialAction\":[{\"@type\":\"ReadAction\",\"target\":[\"https:\\\/\\\/todotrial.com\\\/tienda\\\/dvd2017-04-07-22-09-02\\\/\"]}]},{\"@type\":\"ImageObject\",\"inLanguage\":\"es\",\"@id\":\"https:\\\/\\\/todotrial.com\\\/tienda\\\/dvd2017-04-07-22-09-02\\\/#primaryimage\",\"url\":\"https:\\\/\\\/todotrial.com\\\/tienda\\\/wp-content\\\/uploads\\\/2020\\\/07\\\/4017.jpg\",\"contentUrl\":\"https:\\\/\\\/todotrial.com\\\/tienda\\\/wp-content\\\/uploads\\\/2020\\\/07\\\/4017.jpg\",\"width\":360,\"height\":523},{\"@type\":\"BreadcrumbList\",\"@id\":\"https:\\\/\\\/todotrial.com\\\/tienda\\\/dvd2017-04-07-22-09-02\\\/#breadcrumb\",\"itemListElement\":[{\"@type\":\"ListItem\",\"position\":1,\"name\":\"Portada\",\"item\":\"https:\\\/\\\/todotrial.com\\\/tienda\\\/\"},{\"@type\":\"ListItem\",\"position\":2,\"name\":\"Shop\",\"item\":\"https:\\\/\\\/todotrial.com\\\/tienda\\\/shop\\\/\"},{\"@type\":\"ListItem\",\"position\":3,\"name\":\"Le Mans 1980 DVD\"}]},{\"@type\":\"WebSite\",\"@id\":\"https:\\\/\\\/todotrial.com\\\/tienda\\\/#website\",\"url\":\"https:\\\/\\\/todotrial.com\\\/tienda\\\/\",\"name\":\"Tienda de todotrial\",\"description\":\"\",\"potentialAction\":[{\"@type\":\"SearchAction\",\"target\":{\"@type\":\"EntryPoint\",\"urlTemplate\":\"https:\\\/\\\/todotrial.com\\\/tienda\\\/?s={search_term_string}\"},\"query-input\":{\"@type\":\"PropertyValueSpecification\",\"valueRequired\":true,\"valueName\":\"search_term_string\"}}],\"inLanguage\":\"es\"}]}<\/script>\n<!-- \/ Yoast SEO Premium plugin. -->","yoast_head_json":{"title":"Le Mans 1980 DVD - Tienda de todotrial","robots":{"index":"index","follow":"follow","max-snippet":"max-snippet:-1","max-image-preview":"max-image-preview:large","max-video-preview":"max-video-preview:-1"},"canonical":"https:\/\/todotrial.com\/tienda\/dvd2017-04-07-22-09-02\/","og_locale":"es_ES","og_type":"article","og_title":"Le Mans 1980 DVD","og_description":"Le Mans 1980 DVD","og_url":"https:\/\/todotrial.com\/tienda\/dvd2017-04-07-22-09-02\/","og_site_name":"Tienda de todotrial","article_modified_time":"2025-02-20T17:05:32+00:00","og_image":[{"width":360,"height":523,"url":"https:\/\/todotrial.com\/tienda\/wp-content\/uploads\/2020\/07\/4017.jpg","type":"image\/jpeg"}],"twitter_card":"summary_large_image","twitter_misc":{"Tiempo de lectura":"1 minuto"},"schema":{"@context":"https:\/\/schema.org","@graph":[{"@type":"WebPage","@id":"https:\/\/todotrial.com\/tienda\/dvd2017-04-07-22-09-02\/","url":"https:\/\/todotrial.com\/tienda\/dvd2017-04-07-22-09-02\/","name":"Le Mans 1980 DVD - Tienda de todotrial","isPartOf":{"@id":"https:\/\/todotrial.com\/tienda\/#website"},"primaryImageOfPage":{"@id":"https:\/\/todotrial.com\/tienda\/dvd2017-04-07-22-09-02\/#primaryimage"},"image":{"@id":"https:\/\/todotrial.com\/tienda\/dvd2017-04-07-22-09-02\/#primaryimage"},"thumbnailUrl":"https:\/\/todotrial.com\/tienda\/wp-content\/uploads\/2020\/07\/4017.jpg","datePublished":"2017-04-07T22:09:02+00:00","dateModified":"2025-02-20T17:05:32+00:00","breadcrumb":{"@id":"https:\/\/todotrial.com\/tienda\/dvd2017-04-07-22-09-02\/#breadcrumb"},"inLanguage":"es","potentialAction":[{"@type":"ReadAction","target":["https:\/\/todotrial.com\/tienda\/dvd2017-04-07-22-09-02\/"]}]},{"@type":"ImageObject","inLanguage":"es","@id":"https:\/\/todotrial.com\/tienda\/dvd2017-04-07-22-09-02\/#primaryimage","url":"https:\/\/todotrial.com\/tienda\/wp-content\/uploads\/2020\/07\/4017.jpg","contentUrl":"https:\/\/todotrial.com\/tienda\/wp-content\/uploads\/2020\/07\/4017.jpg","width":360,"height":523},{"@type":"BreadcrumbList","@id":"https:\/\/todotrial.com\/tienda\/dvd2017-04-07-22-09-02\/#breadcrumb","itemListElement":[{"@type":"ListItem","position":1,"name":"Portada","item":"https:\/\/todotrial.com\/tienda\/"},{"@type":"ListItem","position":2,"name":"Shop","item":"https:\/\/todotrial.com\/tienda\/shop\/"},{"@type":"ListItem","position":3,"name":"Le Mans 1980 DVD"}]},{"@type":"WebSite","@id":"https:\/\/todotrial.com\/tienda\/#website","url":"https:\/\/todotrial.com\/tienda\/","name":"Tienda de todotrial","description":"","potentialAction":[{"@type":"SearchAction","target":{"@type":"EntryPoint","urlTemplate":"https:\/\/todotrial.com\/tienda\/?s={search_term_string}"},"query-input":{"@type":"PropertyValueSpecification","valueRequired":true,"valueName":"search_term_string"}}],"inLanguage":"es"}]}},"_links":{"self":[{"href":"https:\/\/todotrial.com\/tienda\/wp-json\/wp\/v2\/product\/9704","targetHints":{"allow":["GET"]}}],"collection":[{"href":"https:\/\/todotrial.com\/tienda\/wp-json\/wp\/v2\/product"}],"about":[{"href":"https:\/\/todotrial.com\/tienda\/wp-json\/wp\/v2\/types\/product"}],"replies":[{"embeddable":true,"href":"https:\/\/todotrial.com\/tienda\/wp-json\/wp\/v2\/comments?post=9704"}],"version-history":[{"count":0,"href":"https:\/\/todotrial.com\/tienda\/wp-json\/wp\/v2\/product\/9704\/revisions"}],"wp:featuredmedia":[{"embeddable":true,"href":"https:\/\/todotrial.com\/tienda\/wp-json\/wp\/v2\/media\/184"}],"wp:attachment":[{"href":"https:\/\/todotrial.com\/tienda\/wp-json\/wp\/v2\/media?parent=9704"}],"wp:term":[{"taxonomy":"product_brand","embeddable":true,"href":"https:\/\/todotrial.com\/tienda\/wp-json\/wp\/v2\/product_brand?post=9704"},{"taxonomy":"product_cat","embeddable":true,"href":"https:\/\/todotrial.com\/tienda\/wp-json\/wp\/v2\/product_cat?post=9704"},{"taxonomy":"product_tag","embeddable":true,"href":"https:\/\/todotrial.com\/tienda\/wp-json\/wp\/v2\/product_tag?post=9704"}],"curies":[{"name":"wp","href":"https:\/\/api.w.org\/{rel}","templated":true}]}}