{"id":9534,"date":"2020-07-02T22:16:14","date_gmt":"2020-07-02T22:16:14","guid":{"rendered":"https:\/\/todotrial.com\/tienda\/product\/libro\/"},"modified":"2025-02-20T17:21:35","modified_gmt":"2025-02-20T16:21:35","slug":"libro","status":"publish","type":"product","link":"https:\/\/todotrial.com\/tienda\/libro\/","title":{"rendered":"LIBRO ISDE 1985"},"content":{"rendered":"<p>ISDE 1985: El libro de los aut\u00e9nticos amantes del enduro.<\/p>\n<p>Los Seis D\u00edas son una de las competiciones m\u00e1s antiguas del panorama motociclista mundial. Nacieron all\u00e1 por 1913 en Gran Breta\u00f1a y desde entonces a\u00f1o tras a\u00f1o ha sido el punto de encuentro de pilotos off road de todo el mundo, una prueba \u00fanica bautizada como las \u00abOlimpiadas del Motociclismo\u00bb. Hombres y m\u00e1quinas se ponen a prueba en las condiciones m\u00e1s dif\u00edciles. Espa\u00f1a ha sido organizadora de este magno evento en tres ocasiones: en San Lorenzo de El Escorial en 1970, en La Cerdanya en 1985 y en Granada en el a\u00f1o 2000, justo al inicio del siglo XXI. Este a\u00f1o tendremos la oportunidad de volver a albergarlos, en esta ocasi\u00f3n en Navarra, concretamente en el Circuito de Los Arcos, que ser\u00e1 el centro de carrera.<\/p>\n<p>La publicaci\u00f3n que nos ocupa es libro conmemorativo del treinta aniversario de la edici\u00f3n de 1985, que tuvo la localidad de Alp como epicentro de la prueba. Fue una de las ediciones m\u00e1s bonitas y duras que se recuerdan de los Seis D\u00edas, con largos kilometrajes por espectaculares parajes de las monta\u00f1as pirenaicas de la comarca catalana de La Cerdanya. En el plano deportivo el franc\u00e9s Gilles Lalay sobre su Honda CR 250 fue el vencedor absoluto, aunque la victoria por equipos correspondi\u00f3 el equipo sueco en Trofeo y a Alemania del Este en Vaso. En estos Seis D\u00edas, y por primera vez en la historia del enduro espa\u00f1ol, nuestros representantes consiguieron un gran resultado. El equipo de Trofeo formado por Carlos M\u00e1s, Guillermo Morenos de Carlos, Fernando Gil, Jordi Girona, Pep Vila y el de Vaso (que pas\u00f3 a denominarse desde entonces Trofeo Mundial Junior) consagr\u00f3 a cuatro de nuestros valores m\u00e1s j\u00f3venes, Agust\u00ed Vall, Oscar Gallardo, Jordi Riera y David Colom. Ambos equipos, capitaneados por el gran Narc\u00eds Casas, ocuparon las segunda posici\u00f3n final, alcanzando el Subcampeonato Mundial. Fue un resultado logrado a base de esfuerzo y lucha contra los mejores pilotos del mundo de aquella \u00e9poca: Gritti, Pellegrinelli, Brissoni, Gustavson, Edmondson, etc&#8230;<\/p>\n<p>El libro hace un repaso pormenorizado de la carrera, lleno de detalles completamente in\u00e9ditos, abarcando aspectos organizativos y deportivos, con lista completa de inscritos, clasificaciones d\u00eda a d\u00eda y finales. Tanto el material gr\u00e1fico que lo compone, como su encuadernaci\u00f3n son de gran calidad. En sus 592 paginas se pueden ver casi 1.000 fotograf\u00edas y objetos curiosos, con un cuidado dise\u00f1o. El obra ha sido llevada a cabo en modo autoedici\u00f3n por su autor, Javier Benito, quien ha escrito y dise\u00f1ado absolutamente todo de principio a fin. Este autor ya obtuvo un gran \u00e9xito entre los aficionados al enduro con su primer libro acerca de los ISDT de El Escorial de 1970, el cual se agot\u00f3. En esta segunda obra, sin duda, se ha superado en todos los aspectos, siendo por tanto un volumen imprescindible para todos aquellos que quieran saber y conocer de la historia de nuestro enduro y de los Seis D\u00edas.<\/p>\n<p>CARACTER\u00cdSTICAS:<\/p>\n<p>T\u00edtulo: ISDE 1985 ALP-LA CERDANYA. 30 ANIVERSARIO<\/p>\n<p>Idioma: ESPA\u00d1OL\/INGLES<\/p>\n<p>Autor: JAVIER BENITO<\/p>\n<p>Editorial RACING SERVICE<\/p>\n<p>ISBN 978-84-608-3885-2<\/p>\n<p>N\u00b0 edici\u00f3n: 1<\/p>\n<p>Formato: TAPA DURA+ SOBRECUBIERTA<\/p>\n<p>Medidas: 300 mm x 230 mm<\/p>\n<p>P\u00e1ginas: 592<\/p>\n<p>Precio 60,00 \u20ac<\/p>\n<p>&nbsp;<\/p>\n","protected":false},"excerpt":{"rendered":"<p>LIBRO ISDE 1985 El libro de los aut\u00e9nticos amantes del enduro.<\/p>\n","protected":false},"featured_media":9532,"comment_status":"open","ping_status":"closed","template":"","meta":[],"product_brand":[],"product_cat":[15],"product_tag":[],"class_list":{"0":"post-9534","1":"product","2":"type-product","3":"status-publish","4":"has-post-thumbnail","6":"product_cat-uncategorized","8":"first","9":"instock","10":"taxable","11":"shipping-taxable","12":"purchasable","13":"product-type-simple"},"yoast_head":"<!-- This site is optimized with the Yoast SEO Premium plugin v21.2 (Yoast SEO v27.5) - https:\/\/yoast.com\/product\/yoast-seo-premium-wordpress\/ -->\n<title>LIBRO ISDE 1985 - Tienda de todotrial<\/title>\n<meta name=\"robots\" content=\"index, follow, max-snippet:-1, max-image-preview:large, max-video-preview:-1\" \/>\n<link rel=\"canonical\" href=\"https:\/\/todotrial.com\/tienda\/libro\/\" \/>\n<meta property=\"og:locale\" content=\"es_ES\" \/>\n<meta property=\"og:type\" content=\"article\" \/>\n<meta property=\"og:title\" content=\"LIBRO ISDE 1985\" \/>\n<meta property=\"og:description\" content=\"LIBRO ISDE 1985 El libro de los aut\u00e9nticos amantes del enduro.\" \/>\n<meta property=\"og:url\" content=\"https:\/\/todotrial.com\/tienda\/libro\/\" \/>\n<meta property=\"og:site_name\" content=\"Tienda de todotrial\" \/>\n<meta property=\"article:modified_time\" content=\"2025-02-20T16:21:35+00:00\" \/>\n<meta property=\"og:image\" content=\"https:\/\/todotrial.com\/tienda\/wp-content\/uploads\/2020\/07\/libro-isde-1985-14.jpg\" \/>\n\t<meta property=\"og:image:width\" content=\"1740\" \/>\n\t<meta property=\"og:image:height\" content=\"1329\" \/>\n\t<meta property=\"og:image:type\" content=\"image\/jpeg\" \/>\n<meta name=\"twitter:card\" content=\"summary_large_image\" \/>\n<meta name=\"twitter:label1\" content=\"Tiempo de lectura\" \/>\n\t<meta name=\"twitter:data1\" content=\"3 minutos\" \/>\n<script type=\"application\/ld+json\" class=\"yoast-schema-graph\">{\"@context\":\"https:\\\/\\\/schema.org\",\"@graph\":[{\"@type\":\"WebPage\",\"@id\":\"https:\\\/\\\/todotrial.com\\\/tienda\\\/libro\\\/\",\"url\":\"https:\\\/\\\/todotrial.com\\\/tienda\\\/libro\\\/\",\"name\":\"LIBRO ISDE 1985 - Tienda de todotrial\",\"isPartOf\":{\"@id\":\"https:\\\/\\\/todotrial.com\\\/tienda\\\/#website\"},\"primaryImageOfPage\":{\"@id\":\"https:\\\/\\\/todotrial.com\\\/tienda\\\/libro\\\/#primaryimage\"},\"image\":{\"@id\":\"https:\\\/\\\/todotrial.com\\\/tienda\\\/libro\\\/#primaryimage\"},\"thumbnailUrl\":\"https:\\\/\\\/todotrial.com\\\/tienda\\\/wp-content\\\/uploads\\\/2020\\\/07\\\/libro-isde-1985-14.jpg\",\"datePublished\":\"2020-07-02T22:16:14+00:00\",\"dateModified\":\"2025-02-20T16:21:35+00:00\",\"breadcrumb\":{\"@id\":\"https:\\\/\\\/todotrial.com\\\/tienda\\\/libro\\\/#breadcrumb\"},\"inLanguage\":\"es\",\"potentialAction\":[{\"@type\":\"ReadAction\",\"target\":[\"https:\\\/\\\/todotrial.com\\\/tienda\\\/libro\\\/\"]}]},{\"@type\":\"ImageObject\",\"inLanguage\":\"es\",\"@id\":\"https:\\\/\\\/todotrial.com\\\/tienda\\\/libro\\\/#primaryimage\",\"url\":\"https:\\\/\\\/todotrial.com\\\/tienda\\\/wp-content\\\/uploads\\\/2020\\\/07\\\/libro-isde-1985-14.jpg\",\"contentUrl\":\"https:\\\/\\\/todotrial.com\\\/tienda\\\/wp-content\\\/uploads\\\/2020\\\/07\\\/libro-isde-1985-14.jpg\",\"width\":1740,\"height\":1329},{\"@type\":\"BreadcrumbList\",\"@id\":\"https:\\\/\\\/todotrial.com\\\/tienda\\\/libro\\\/#breadcrumb\",\"itemListElement\":[{\"@type\":\"ListItem\",\"position\":1,\"name\":\"Portada\",\"item\":\"https:\\\/\\\/todotrial.com\\\/tienda\\\/\"},{\"@type\":\"ListItem\",\"position\":2,\"name\":\"Shop\",\"item\":\"https:\\\/\\\/todotrial.com\\\/tienda\\\/shop\\\/\"},{\"@type\":\"ListItem\",\"position\":3,\"name\":\"LIBRO ISDE 1985\"}]},{\"@type\":\"WebSite\",\"@id\":\"https:\\\/\\\/todotrial.com\\\/tienda\\\/#website\",\"url\":\"https:\\\/\\\/todotrial.com\\\/tienda\\\/\",\"name\":\"Tienda de todotrial\",\"description\":\"\",\"potentialAction\":[{\"@type\":\"SearchAction\",\"target\":{\"@type\":\"EntryPoint\",\"urlTemplate\":\"https:\\\/\\\/todotrial.com\\\/tienda\\\/?s={search_term_string}\"},\"query-input\":{\"@type\":\"PropertyValueSpecification\",\"valueRequired\":true,\"valueName\":\"search_term_string\"}}],\"inLanguage\":\"es\"}]}<\/script>\n<!-- \/ Yoast SEO Premium plugin. -->","yoast_head_json":{"title":"LIBRO ISDE 1985 - Tienda de todotrial","robots":{"index":"index","follow":"follow","max-snippet":"max-snippet:-1","max-image-preview":"max-image-preview:large","max-video-preview":"max-video-preview:-1"},"canonical":"https:\/\/todotrial.com\/tienda\/libro\/","og_locale":"es_ES","og_type":"article","og_title":"LIBRO ISDE 1985","og_description":"LIBRO ISDE 1985 El libro de los aut\u00e9nticos amantes del enduro.","og_url":"https:\/\/todotrial.com\/tienda\/libro\/","og_site_name":"Tienda de todotrial","article_modified_time":"2025-02-20T16:21:35+00:00","og_image":[{"width":1740,"height":1329,"url":"https:\/\/todotrial.com\/tienda\/wp-content\/uploads\/2020\/07\/libro-isde-1985-14.jpg","type":"image\/jpeg"}],"twitter_card":"summary_large_image","twitter_misc":{"Tiempo de lectura":"3 minutos"},"schema":{"@context":"https:\/\/schema.org","@graph":[{"@type":"WebPage","@id":"https:\/\/todotrial.com\/tienda\/libro\/","url":"https:\/\/todotrial.com\/tienda\/libro\/","name":"LIBRO ISDE 1985 - Tienda de todotrial","isPartOf":{"@id":"https:\/\/todotrial.com\/tienda\/#website"},"primaryImageOfPage":{"@id":"https:\/\/todotrial.com\/tienda\/libro\/#primaryimage"},"image":{"@id":"https:\/\/todotrial.com\/tienda\/libro\/#primaryimage"},"thumbnailUrl":"https:\/\/todotrial.com\/tienda\/wp-content\/uploads\/2020\/07\/libro-isde-1985-14.jpg","datePublished":"2020-07-02T22:16:14+00:00","dateModified":"2025-02-20T16:21:35+00:00","breadcrumb":{"@id":"https:\/\/todotrial.com\/tienda\/libro\/#breadcrumb"},"inLanguage":"es","potentialAction":[{"@type":"ReadAction","target":["https:\/\/todotrial.com\/tienda\/libro\/"]}]},{"@type":"ImageObject","inLanguage":"es","@id":"https:\/\/todotrial.com\/tienda\/libro\/#primaryimage","url":"https:\/\/todotrial.com\/tienda\/wp-content\/uploads\/2020\/07\/libro-isde-1985-14.jpg","contentUrl":"https:\/\/todotrial.com\/tienda\/wp-content\/uploads\/2020\/07\/libro-isde-1985-14.jpg","width":1740,"height":1329},{"@type":"BreadcrumbList","@id":"https:\/\/todotrial.com\/tienda\/libro\/#breadcrumb","itemListElement":[{"@type":"ListItem","position":1,"name":"Portada","item":"https:\/\/todotrial.com\/tienda\/"},{"@type":"ListItem","position":2,"name":"Shop","item":"https:\/\/todotrial.com\/tienda\/shop\/"},{"@type":"ListItem","position":3,"name":"LIBRO ISDE 1985"}]},{"@type":"WebSite","@id":"https:\/\/todotrial.com\/tienda\/#website","url":"https:\/\/todotrial.com\/tienda\/","name":"Tienda de todotrial","description":"","potentialAction":[{"@type":"SearchAction","target":{"@type":"EntryPoint","urlTemplate":"https:\/\/todotrial.com\/tienda\/?s={search_term_string}"},"query-input":{"@type":"PropertyValueSpecification","valueRequired":true,"valueName":"search_term_string"}}],"inLanguage":"es"}]}},"_links":{"self":[{"href":"https:\/\/todotrial.com\/tienda\/wp-json\/wp\/v2\/product\/9534","targetHints":{"allow":["GET"]}}],"collection":[{"href":"https:\/\/todotrial.com\/tienda\/wp-json\/wp\/v2\/product"}],"about":[{"href":"https:\/\/todotrial.com\/tienda\/wp-json\/wp\/v2\/types\/product"}],"replies":[{"embeddable":true,"href":"https:\/\/todotrial.com\/tienda\/wp-json\/wp\/v2\/comments?post=9534"}],"version-history":[{"count":0,"href":"https:\/\/todotrial.com\/tienda\/wp-json\/wp\/v2\/product\/9534\/revisions"}],"wp:featuredmedia":[{"embeddable":true,"href":"https:\/\/todotrial.com\/tienda\/wp-json\/wp\/v2\/media\/9532"}],"wp:attachment":[{"href":"https:\/\/todotrial.com\/tienda\/wp-json\/wp\/v2\/media?parent=9534"}],"wp:term":[{"taxonomy":"product_brand","embeddable":true,"href":"https:\/\/todotrial.com\/tienda\/wp-json\/wp\/v2\/product_brand?post=9534"},{"taxonomy":"product_cat","embeddable":true,"href":"https:\/\/todotrial.com\/tienda\/wp-json\/wp\/v2\/product_cat?post=9534"},{"taxonomy":"product_tag","embeddable":true,"href":"https:\/\/todotrial.com\/tienda\/wp-json\/wp\/v2\/product_tag?post=9534"}],"curies":[{"name":"wp","href":"https:\/\/api.w.org\/{rel}","templated":true}]}}