{"id":9035,"date":"2017-01-04T11:07:22","date_gmt":"2017-01-04T11:07:22","guid":{"rendered":"https:\/\/todotrial.com\/tienda\/product\/box-set2017-01-04-11-07-22\/"},"modified":"2025-02-20T18:08:19","modified_gmt":"2025-02-20T17:08:19","slug":"box-set2017-01-04-11-07-22","status":"publish","type":"product","link":"https:\/\/todotrial.com\/tienda\/box-set2017-01-04-11-07-22\/","title":{"rendered":"Classic TT Review 2013-16 ( 4 DVD) Box Set"},"content":{"rendered":"<p>Classic TT Review 2013-16 ( 4 DVD) Box Set (451 minutes)<\/p>\n<p>La historia completa de la Classic TT hasta el momento &#8211; la colecci\u00f3n completa Classic TT. Disfrute de todas las vistas y sonidos de cuatro fabulosos a\u00f1os del festival de carreras de carretera m\u00e1s impresionante del planeta. Contra el impresionante tel\u00f3n de fondo del Mountain Course vemos todas las marcas y tipos de motos desde los primeros a\u00f1os hasta los Nortons super rotativos de los a\u00f1os 90 y el poderoso Britten. Tambi\u00e9n hay un mont\u00f3n de ambiente festivo (incluyendo leyendas como Michael Dunlop y Lee Johnston es un vestido extravagante) y una mirada al Festival muy popular de Jurby &#8211; una reuni\u00f3n de decenas de miles de fan\u00e1ticos de la bicicleta y su maquinaria de \u00e9poca.<\/p>\n<p>Classic TT Review 2013-16 ( 4 DVD) Box Set &#8211; Description<\/p>\n<p>The full story of the Classic TT so far \u2013 the complete Classic TT collection. Enjoy all the sights and sounds of four fabulous years of the most awe-inspiring classic road racing festival on the planet. Against the stunning backdrop of the Mountain Course we see all makes and types of motorbikes from the earliest years right up to the super rotary Nortons of the 1990s and the mighty Britten. There&#8217;s also loads of festival atmosphere (including legends like Michael Dunlop and Lee Johnston is far-out fancy dress) and a look at the hugely popular Festival of Jurby \u2013 a gathering of tens-of-thousands of bike fans and their vintage machinery.<\/p>\n","protected":false},"excerpt":{"rendered":"<p>Classic TT Review 2013-16 ( 4 DVD) Box Set (451 minutes)<\/p>\n","protected":false},"featured_media":9034,"comment_status":"open","ping_status":"closed","template":"","meta":[],"product_brand":[],"product_cat":[15],"product_tag":[],"class_list":{"0":"post-9035","1":"product","2":"type-product","3":"status-publish","4":"has-post-thumbnail","6":"product_cat-uncategorized","8":"first","9":"outofstock","10":"taxable","11":"shipping-taxable","12":"purchasable","13":"product-type-simple"},"yoast_head":"<!-- This site is optimized with the Yoast SEO Premium plugin v21.2 (Yoast SEO v27.3) - https:\/\/yoast.com\/product\/yoast-seo-premium-wordpress\/ -->\n<title>Classic TT Review 2013-16 ( 4 DVD) Box Set - Tienda de todotrial<\/title>\n<meta name=\"robots\" content=\"index, follow, max-snippet:-1, max-image-preview:large, max-video-preview:-1\" \/>\n<link rel=\"canonical\" href=\"https:\/\/todotrial.com\/tienda\/box-set2017-01-04-11-07-22\/\" \/>\n<meta property=\"og:locale\" content=\"es_ES\" \/>\n<meta property=\"og:type\" content=\"article\" \/>\n<meta property=\"og:title\" content=\"Classic TT Review 2013-16 ( 4 DVD) Box Set\" \/>\n<meta property=\"og:description\" content=\"Classic TT Review 2013-16 ( 4 DVD) Box Set (451 minutes)\" \/>\n<meta property=\"og:url\" content=\"https:\/\/todotrial.com\/tienda\/box-set2017-01-04-11-07-22\/\" \/>\n<meta property=\"og:site_name\" content=\"Tienda de todotrial\" \/>\n<meta property=\"article:modified_time\" content=\"2025-02-20T17:08:19+00:00\" \/>\n<meta property=\"og:image\" content=\"https:\/\/todotrial.com\/tienda\/wp-content\/uploads\/2017\/01\/1971.jpg\" \/>\n\t<meta property=\"og:image:width\" content=\"360\" \/>\n\t<meta property=\"og:image:height\" content=\"612\" \/>\n\t<meta property=\"og:image:type\" content=\"image\/jpeg\" \/>\n<meta name=\"twitter:card\" content=\"summary_large_image\" \/>\n<meta name=\"twitter:label1\" content=\"Tiempo de lectura\" \/>\n\t<meta name=\"twitter:data1\" content=\"1 minuto\" \/>\n<script type=\"application\/ld+json\" class=\"yoast-schema-graph\">{\"@context\":\"https:\\\/\\\/schema.org\",\"@graph\":[{\"@type\":\"WebPage\",\"@id\":\"https:\\\/\\\/todotrial.com\\\/tienda\\\/box-set2017-01-04-11-07-22\\\/\",\"url\":\"https:\\\/\\\/todotrial.com\\\/tienda\\\/box-set2017-01-04-11-07-22\\\/\",\"name\":\"Classic TT Review 2013-16 ( 4 DVD) Box Set - Tienda de todotrial\",\"isPartOf\":{\"@id\":\"https:\\\/\\\/todotrial.com\\\/tienda\\\/#website\"},\"primaryImageOfPage\":{\"@id\":\"https:\\\/\\\/todotrial.com\\\/tienda\\\/box-set2017-01-04-11-07-22\\\/#primaryimage\"},\"image\":{\"@id\":\"https:\\\/\\\/todotrial.com\\\/tienda\\\/box-set2017-01-04-11-07-22\\\/#primaryimage\"},\"thumbnailUrl\":\"https:\\\/\\\/todotrial.com\\\/tienda\\\/wp-content\\\/uploads\\\/2017\\\/01\\\/1971.jpg\",\"datePublished\":\"2017-01-04T11:07:22+00:00\",\"dateModified\":\"2025-02-20T17:08:19+00:00\",\"breadcrumb\":{\"@id\":\"https:\\\/\\\/todotrial.com\\\/tienda\\\/box-set2017-01-04-11-07-22\\\/#breadcrumb\"},\"inLanguage\":\"es\",\"potentialAction\":[{\"@type\":\"ReadAction\",\"target\":[\"https:\\\/\\\/todotrial.com\\\/tienda\\\/box-set2017-01-04-11-07-22\\\/\"]}]},{\"@type\":\"ImageObject\",\"inLanguage\":\"es\",\"@id\":\"https:\\\/\\\/todotrial.com\\\/tienda\\\/box-set2017-01-04-11-07-22\\\/#primaryimage\",\"url\":\"https:\\\/\\\/todotrial.com\\\/tienda\\\/wp-content\\\/uploads\\\/2017\\\/01\\\/1971.jpg\",\"contentUrl\":\"https:\\\/\\\/todotrial.com\\\/tienda\\\/wp-content\\\/uploads\\\/2017\\\/01\\\/1971.jpg\",\"width\":360,\"height\":612},{\"@type\":\"BreadcrumbList\",\"@id\":\"https:\\\/\\\/todotrial.com\\\/tienda\\\/box-set2017-01-04-11-07-22\\\/#breadcrumb\",\"itemListElement\":[{\"@type\":\"ListItem\",\"position\":1,\"name\":\"Portada\",\"item\":\"https:\\\/\\\/todotrial.com\\\/tienda\\\/\"},{\"@type\":\"ListItem\",\"position\":2,\"name\":\"Shop\",\"item\":\"https:\\\/\\\/todotrial.com\\\/tienda\\\/shop\\\/\"},{\"@type\":\"ListItem\",\"position\":3,\"name\":\"Classic TT Review 2013-16 ( 4 DVD) Box Set\"}]},{\"@type\":\"WebSite\",\"@id\":\"https:\\\/\\\/todotrial.com\\\/tienda\\\/#website\",\"url\":\"https:\\\/\\\/todotrial.com\\\/tienda\\\/\",\"name\":\"Tienda de todotrial\",\"description\":\"\",\"potentialAction\":[{\"@type\":\"SearchAction\",\"target\":{\"@type\":\"EntryPoint\",\"urlTemplate\":\"https:\\\/\\\/todotrial.com\\\/tienda\\\/?s={search_term_string}\"},\"query-input\":{\"@type\":\"PropertyValueSpecification\",\"valueRequired\":true,\"valueName\":\"search_term_string\"}}],\"inLanguage\":\"es\"}]}<\/script>\n<!-- \/ Yoast SEO Premium plugin. -->","yoast_head_json":{"title":"Classic TT Review 2013-16 ( 4 DVD) Box Set - Tienda de todotrial","robots":{"index":"index","follow":"follow","max-snippet":"max-snippet:-1","max-image-preview":"max-image-preview:large","max-video-preview":"max-video-preview:-1"},"canonical":"https:\/\/todotrial.com\/tienda\/box-set2017-01-04-11-07-22\/","og_locale":"es_ES","og_type":"article","og_title":"Classic TT Review 2013-16 ( 4 DVD) Box Set","og_description":"Classic TT Review 2013-16 ( 4 DVD) Box Set (451 minutes)","og_url":"https:\/\/todotrial.com\/tienda\/box-set2017-01-04-11-07-22\/","og_site_name":"Tienda de todotrial","article_modified_time":"2025-02-20T17:08:19+00:00","og_image":[{"width":360,"height":612,"url":"https:\/\/todotrial.com\/tienda\/wp-content\/uploads\/2017\/01\/1971.jpg","type":"image\/jpeg"}],"twitter_card":"summary_large_image","twitter_misc":{"Tiempo de lectura":"1 minuto"},"schema":{"@context":"https:\/\/schema.org","@graph":[{"@type":"WebPage","@id":"https:\/\/todotrial.com\/tienda\/box-set2017-01-04-11-07-22\/","url":"https:\/\/todotrial.com\/tienda\/box-set2017-01-04-11-07-22\/","name":"Classic TT Review 2013-16 ( 4 DVD) Box Set - Tienda de todotrial","isPartOf":{"@id":"https:\/\/todotrial.com\/tienda\/#website"},"primaryImageOfPage":{"@id":"https:\/\/todotrial.com\/tienda\/box-set2017-01-04-11-07-22\/#primaryimage"},"image":{"@id":"https:\/\/todotrial.com\/tienda\/box-set2017-01-04-11-07-22\/#primaryimage"},"thumbnailUrl":"https:\/\/todotrial.com\/tienda\/wp-content\/uploads\/2017\/01\/1971.jpg","datePublished":"2017-01-04T11:07:22+00:00","dateModified":"2025-02-20T17:08:19+00:00","breadcrumb":{"@id":"https:\/\/todotrial.com\/tienda\/box-set2017-01-04-11-07-22\/#breadcrumb"},"inLanguage":"es","potentialAction":[{"@type":"ReadAction","target":["https:\/\/todotrial.com\/tienda\/box-set2017-01-04-11-07-22\/"]}]},{"@type":"ImageObject","inLanguage":"es","@id":"https:\/\/todotrial.com\/tienda\/box-set2017-01-04-11-07-22\/#primaryimage","url":"https:\/\/todotrial.com\/tienda\/wp-content\/uploads\/2017\/01\/1971.jpg","contentUrl":"https:\/\/todotrial.com\/tienda\/wp-content\/uploads\/2017\/01\/1971.jpg","width":360,"height":612},{"@type":"BreadcrumbList","@id":"https:\/\/todotrial.com\/tienda\/box-set2017-01-04-11-07-22\/#breadcrumb","itemListElement":[{"@type":"ListItem","position":1,"name":"Portada","item":"https:\/\/todotrial.com\/tienda\/"},{"@type":"ListItem","position":2,"name":"Shop","item":"https:\/\/todotrial.com\/tienda\/shop\/"},{"@type":"ListItem","position":3,"name":"Classic TT Review 2013-16 ( 4 DVD) Box Set"}]},{"@type":"WebSite","@id":"https:\/\/todotrial.com\/tienda\/#website","url":"https:\/\/todotrial.com\/tienda\/","name":"Tienda de todotrial","description":"","potentialAction":[{"@type":"SearchAction","target":{"@type":"EntryPoint","urlTemplate":"https:\/\/todotrial.com\/tienda\/?s={search_term_string}"},"query-input":{"@type":"PropertyValueSpecification","valueRequired":true,"valueName":"search_term_string"}}],"inLanguage":"es"}]}},"_links":{"self":[{"href":"https:\/\/todotrial.com\/tienda\/wp-json\/wp\/v2\/product\/9035","targetHints":{"allow":["GET"]}}],"collection":[{"href":"https:\/\/todotrial.com\/tienda\/wp-json\/wp\/v2\/product"}],"about":[{"href":"https:\/\/todotrial.com\/tienda\/wp-json\/wp\/v2\/types\/product"}],"replies":[{"embeddable":true,"href":"https:\/\/todotrial.com\/tienda\/wp-json\/wp\/v2\/comments?post=9035"}],"version-history":[{"count":0,"href":"https:\/\/todotrial.com\/tienda\/wp-json\/wp\/v2\/product\/9035\/revisions"}],"wp:featuredmedia":[{"embeddable":true,"href":"https:\/\/todotrial.com\/tienda\/wp-json\/wp\/v2\/media\/9034"}],"wp:attachment":[{"href":"https:\/\/todotrial.com\/tienda\/wp-json\/wp\/v2\/media?parent=9035"}],"wp:term":[{"taxonomy":"product_brand","embeddable":true,"href":"https:\/\/todotrial.com\/tienda\/wp-json\/wp\/v2\/product_brand?post=9035"},{"taxonomy":"product_cat","embeddable":true,"href":"https:\/\/todotrial.com\/tienda\/wp-json\/wp\/v2\/product_cat?post=9035"},{"taxonomy":"product_tag","embeddable":true,"href":"https:\/\/todotrial.com\/tienda\/wp-json\/wp\/v2\/product_tag?post=9035"}],"curies":[{"name":"wp","href":"https:\/\/api.w.org\/{rel}","templated":true}]}}