{"id":9033,"date":"2017-01-04T10:56:24","date_gmt":"2017-01-04T10:56:24","guid":{"rendered":"https:\/\/todotrial.com\/tienda\/product\/box-set2017-01-04-10-56-24\/"},"modified":"2025-02-20T18:08:20","modified_gmt":"2025-02-20T17:08:20","slug":"box-set2017-01-04-10-56-24","status":"publish","type":"product","link":"https:\/\/todotrial.com\/tienda\/box-set2017-01-04-10-56-24\/","title":{"rendered":"TT 2000-09 (10 DVD) Boxset incl TT Centenary Celebration DVD"},"content":{"rendered":"<p>TT 2000-09 (10 DVD) Boxset incl TT Centenary Celebration DVD<br \/>(2071 minutes)<\/p>\n<p>\u00abSuperb &#8230; con el trabajo de vanguardia en moto, pista y c\u00e1mara a\u00e9rea\u00bb Autosport<\/p>\n<p>\u00abEsperar muchas horas \/ d\u00edas de placer\u00bb Noticias de la motocicleta<\/p>\n<p>Esta incre\u00edble colecci\u00f3n re\u00fane acci\u00f3n r\u00e1pida y furiosa de una d\u00e9cada de historia de la Isla de Man TT.<\/p>\n<p>Recogiendo donde se dej\u00f3 la caja TT de 1985-99, esta colecci\u00f3n de 12 discos incluye extensas revisiones oficiales de cada reuni\u00f3n TT de 2000 a 2009, con cobertura de cada Semana de Pr\u00e1ctica y acci\u00f3n de cada carrera.<\/p>\n<p>La revisi\u00f3n de cada a\u00f1o est\u00e1 llena de las mejores im\u00e1genes, incluyendo la h\u00e1bil combinaci\u00f3n de bicicleta, pista y c\u00e1mara a\u00e9rea que ha permitido que la cobertura del TT permanezca en la vanguardia. Adem\u00e1s, por supuesto, hay un mont\u00f3n de entrevistas y caracter\u00edsticas de bonificaci\u00f3n.<\/p>\n<p>La colecci\u00f3n est\u00e1 llena de h\u00e9roes, leyendas, m\u00e1quinas ic\u00f3nicas y momentos que definieron la \u00e9poca, lo que llev\u00f3 al TT al siglo XXI y vio el evento a trav\u00e9s de su centenario y m\u00e1s all\u00e1.<\/p>\n<p>Por supuesto, no hubo carreras en 2001 debido al brote de fiebre aftosa, por lo que no hay DVD de revisi\u00f3n para ese a\u00f1o. En cambio, para asegurarte de recibir 10 DVDs y una historia completa de la d\u00e9cada, hemos incluido el aclamado documental TT: Centenary Celebration, presentado por Murray Walker.<\/p>\n<p>En conjunto, este conjunto de cajas le ofrece m\u00e1s de 35 horas y media de entretenimiento fascinante.<\/p>\n<p>La colecci\u00f3n comienza con la rese\u00f1a del a\u00f1o 2000, un a\u00f1o incre\u00edble en el que Joey Dunlop, de 48 a\u00f1os, desafi\u00f3 a sus cr\u00edticos a tomar otro gran triunfo en moto, y reclamar dos victorias m\u00e1s en su r\u00e9cord de TT. Lo que ninguno de nosotros sab\u00eda como Joey mostraba a los j\u00f3venes pretendientes de la manera en que est\u00e1bamos presenciando su TT final &#8211; pero fue una actuaci\u00f3n que maravillosamente resumi\u00f3 el talento, el compromiso y la humildad del gran hombre. La revisi\u00f3n tambi\u00e9n marca el ascendiente de otro gran nombre ahora perdido del TT &#8211; David Jefferies, que habr\u00eda dominado el a\u00f1o si no hubiera sido por William Joseph Dunlop. Adem\u00e1s de toda la acci\u00f3n de la carrera, la revisi\u00f3n incluye biograf\u00edas de pilotos, una vuelta completa a bordo con Iain Duffus, Peter Kneale All Time TT Greats, un homenaje a Joey y m\u00e1s.<\/p>\n<p>En 2002, tras la cancelaci\u00f3n del a\u00f1o anterior, el TT volvi\u00f3 con una explosi\u00f3n, y toda la acci\u00f3n explosiva se puede revivir de nuevo en la revisi\u00f3n oficial. El DJ asombroso tom\u00f3 su propio registro de la vuelta de m\u00e1s de 125mph &#8211; fijado en 2000 &#8211; y se rompi\u00f3 no una vez, sino dos veces, fijando un nuevo punto de referencia de 127.29mph. El a\u00f1o tambi\u00e9n ser\u00e1 recordado por la popular victoria de Manxman Richard &#8216;Milky&#8217; Quayle. La revisi\u00f3n incluye una previsualizaci\u00f3n de TT con Jefferies, as\u00ed como una vuelta a bordo completa con el corredor mucho perdido.<\/p>\n<p>A pesar de las carreras incre\u00edbles, el TT 2003 ser\u00e1 recordado mejor por la tr\u00e1gica derrota de David Jefferies. La revisi\u00f3n del DVD rinde homenaje a DJ, y registra toda la acci\u00f3n como su compa\u00f1ero de equipo Adrian Archibald, todav\u00eda sacudido por la p\u00e9rdida, tom\u00f3 dos maravillosas victorias, homenajes perfectos a Jefferies. Tambi\u00e9n vemos el drama en la pista como Bruce Anstey y Shaun Harris ir para el oro, y Manxman Dave Molyneux racks hasta otro triunfo Sidecar. La revisi\u00f3n incluye una vuelta a bordo con Harris, una mirada a Triumph en el TT y mucho m\u00e1s.<\/p>\n<p>En 2004, con la p\u00e9rdida de DJ todav\u00eda se siente, un nuevo h\u00e9roe surgi\u00f3 en la forma de su amigo John McGuinness. Un trio de victorias para unirse a un club de \u00e9lite y un nuevo r\u00e9cord de vuelta marc\u00f3 el Misil de Morecambe como la nueva estrella. El DVD captura esto, as\u00ed como toda la otra acci\u00f3n, incluyendo victorias para Anstey, Archibald, Moly y Ryan Farquhar. Las caracter\u00edsticas de bonificaci\u00f3n incluyen una vuelta a bordo con Richard Britton, incluyendo gr\u00e1ficos en pantalla, un diario de pr\u00e1ctica de McGuinness, un top 10 de los pilotos de TT y un homenaje a David Wood.<\/p>\n<p>El notable ascenso de McGuinness al estatus de leyenda TT continu\u00f3 en 2005, con m\u00e1s victorias. La revisi\u00f3n captura un a\u00f1o importante para el evento, con nuevos t\u00edtulos de carrera presentados y cuatro carreras que producen cuatro ganadores diferentes! S\u00f3lo McGuinness podr\u00eda hacer el doble &#8211; incluso las victorias Sidecar se dividieron entre los rivales de Manx de Moly y Nick Crowe. Las mejores vistas de la acera, el helic\u00f3ptero, el trackside y la bicicleta te traen toda la acci\u00f3n y el drama. La revisi\u00f3n incluye vueltas a bordo con Martin Finnegan y el conductor del sidecar Tony Baker y la cobertura de la vuelta cl\u00e1sica del desfile.<\/p>\n<p>La revisi\u00f3n de 2006 trae una cobertura detallada de las seis carreras con la mezcla habitual de im\u00e1genes de acci\u00f3n ca\u00f3tica. A pesar de la victoria de Anstey y la dominaci\u00f3n de Nick Crowe, este a\u00f1o fue, una vez m\u00e1s, todo sobre McGuinness, especialmente cuando sorprendi\u00f3 a todos con un nuevo r\u00e9cord de 129.4 mph! Las caracter\u00edsticas de bonificaci\u00f3n le permiten unirse a Guy Martin para una vuelta a bordo, conocer a los pilotos internacionales, descubrir una gu\u00eda de mariscal de la TT y disfrutar de la vuelta del desfile cl\u00e1sico.<\/p>\n<p>A continuaci\u00f3n es el hito notable de 2007, el 100 aniversario de la Isla de Man TT. Para marcar la importancia de la ocasi\u00f3n, la revisi\u00f3n se ampli\u00f3 a una edici\u00f3n de dos discos &#8211; y hab\u00eda tanta acci\u00f3n y ambiente para encajar, en dos necesarios! Hay una acci\u00f3n de carrera incre\u00edble como el nombre m\u00e1s grande<\/p>\n","protected":false},"excerpt":{"rendered":"<p>TT 2000-09 (10 DVD) Boxset incl TT Centenary Celebration DVD<br \/>\n\t(2071 minutes)<\/p>\n","protected":false},"featured_media":9032,"comment_status":"open","ping_status":"closed","template":"","meta":[],"product_brand":[],"product_cat":[15],"product_tag":[],"class_list":{"0":"post-9033","1":"product","2":"type-product","3":"status-publish","4":"has-post-thumbnail","6":"product_cat-uncategorized","8":"first","9":"outofstock","10":"taxable","11":"shipping-taxable","12":"purchasable","13":"product-type-simple"},"yoast_head":"<!-- This site is optimized with the Yoast SEO Premium plugin v21.2 (Yoast SEO v27.3) - https:\/\/yoast.com\/product\/yoast-seo-premium-wordpress\/ -->\n<title>TT 2000-09 (10 DVD) Boxset incl TT Centenary Celebration DVD - Tienda de todotrial<\/title>\n<meta name=\"robots\" content=\"index, follow, max-snippet:-1, max-image-preview:large, max-video-preview:-1\" \/>\n<link rel=\"canonical\" href=\"https:\/\/todotrial.com\/tienda\/box-set2017-01-04-10-56-24\/\" \/>\n<meta property=\"og:locale\" content=\"es_ES\" \/>\n<meta property=\"og:type\" content=\"article\" \/>\n<meta property=\"og:title\" content=\"TT 2000-09 (10 DVD) Boxset incl TT Centenary Celebration DVD\" \/>\n<meta property=\"og:description\" content=\"TT 2000-09 (10 DVD) Boxset incl TT Centenary Celebration DVD  (2071 minutes)\" \/>\n<meta property=\"og:url\" content=\"https:\/\/todotrial.com\/tienda\/box-set2017-01-04-10-56-24\/\" \/>\n<meta property=\"og:site_name\" content=\"Tienda de todotrial\" \/>\n<meta property=\"article:modified_time\" content=\"2025-02-20T17:08:20+00:00\" \/>\n<meta property=\"og:image\" content=\"https:\/\/todotrial.com\/tienda\/wp-content\/uploads\/2017\/01\/17543.jpg\" \/>\n\t<meta property=\"og:image:width\" content=\"360\" \/>\n\t<meta property=\"og:image:height\" content=\"366\" \/>\n\t<meta property=\"og:image:type\" content=\"image\/jpeg\" \/>\n<meta name=\"twitter:card\" content=\"summary_large_image\" \/>\n<meta name=\"twitter:label1\" content=\"Tiempo de lectura\" \/>\n\t<meta name=\"twitter:data1\" content=\"5 minutos\" \/>\n<script type=\"application\/ld+json\" class=\"yoast-schema-graph\">{\"@context\":\"https:\\\/\\\/schema.org\",\"@graph\":[{\"@type\":\"WebPage\",\"@id\":\"https:\\\/\\\/todotrial.com\\\/tienda\\\/box-set2017-01-04-10-56-24\\\/\",\"url\":\"https:\\\/\\\/todotrial.com\\\/tienda\\\/box-set2017-01-04-10-56-24\\\/\",\"name\":\"TT 2000-09 (10 DVD) Boxset incl TT Centenary Celebration DVD - Tienda de todotrial\",\"isPartOf\":{\"@id\":\"https:\\\/\\\/todotrial.com\\\/tienda\\\/#website\"},\"primaryImageOfPage\":{\"@id\":\"https:\\\/\\\/todotrial.com\\\/tienda\\\/box-set2017-01-04-10-56-24\\\/#primaryimage\"},\"image\":{\"@id\":\"https:\\\/\\\/todotrial.com\\\/tienda\\\/box-set2017-01-04-10-56-24\\\/#primaryimage\"},\"thumbnailUrl\":\"https:\\\/\\\/todotrial.com\\\/tienda\\\/wp-content\\\/uploads\\\/2017\\\/01\\\/17543.jpg\",\"datePublished\":\"2017-01-04T10:56:24+00:00\",\"dateModified\":\"2025-02-20T17:08:20+00:00\",\"breadcrumb\":{\"@id\":\"https:\\\/\\\/todotrial.com\\\/tienda\\\/box-set2017-01-04-10-56-24\\\/#breadcrumb\"},\"inLanguage\":\"es\",\"potentialAction\":[{\"@type\":\"ReadAction\",\"target\":[\"https:\\\/\\\/todotrial.com\\\/tienda\\\/box-set2017-01-04-10-56-24\\\/\"]}]},{\"@type\":\"ImageObject\",\"inLanguage\":\"es\",\"@id\":\"https:\\\/\\\/todotrial.com\\\/tienda\\\/box-set2017-01-04-10-56-24\\\/#primaryimage\",\"url\":\"https:\\\/\\\/todotrial.com\\\/tienda\\\/wp-content\\\/uploads\\\/2017\\\/01\\\/17543.jpg\",\"contentUrl\":\"https:\\\/\\\/todotrial.com\\\/tienda\\\/wp-content\\\/uploads\\\/2017\\\/01\\\/17543.jpg\",\"width\":360,\"height\":366},{\"@type\":\"BreadcrumbList\",\"@id\":\"https:\\\/\\\/todotrial.com\\\/tienda\\\/box-set2017-01-04-10-56-24\\\/#breadcrumb\",\"itemListElement\":[{\"@type\":\"ListItem\",\"position\":1,\"name\":\"Portada\",\"item\":\"https:\\\/\\\/todotrial.com\\\/tienda\\\/\"},{\"@type\":\"ListItem\",\"position\":2,\"name\":\"Shop\",\"item\":\"https:\\\/\\\/todotrial.com\\\/tienda\\\/shop\\\/\"},{\"@type\":\"ListItem\",\"position\":3,\"name\":\"TT 2000-09 (10 DVD) Boxset incl TT Centenary Celebration DVD\"}]},{\"@type\":\"WebSite\",\"@id\":\"https:\\\/\\\/todotrial.com\\\/tienda\\\/#website\",\"url\":\"https:\\\/\\\/todotrial.com\\\/tienda\\\/\",\"name\":\"Tienda de todotrial\",\"description\":\"\",\"potentialAction\":[{\"@type\":\"SearchAction\",\"target\":{\"@type\":\"EntryPoint\",\"urlTemplate\":\"https:\\\/\\\/todotrial.com\\\/tienda\\\/?s={search_term_string}\"},\"query-input\":{\"@type\":\"PropertyValueSpecification\",\"valueRequired\":true,\"valueName\":\"search_term_string\"}}],\"inLanguage\":\"es\"}]}<\/script>\n<!-- \/ Yoast SEO Premium plugin. -->","yoast_head_json":{"title":"TT 2000-09 (10 DVD) Boxset incl TT Centenary Celebration DVD - Tienda de todotrial","robots":{"index":"index","follow":"follow","max-snippet":"max-snippet:-1","max-image-preview":"max-image-preview:large","max-video-preview":"max-video-preview:-1"},"canonical":"https:\/\/todotrial.com\/tienda\/box-set2017-01-04-10-56-24\/","og_locale":"es_ES","og_type":"article","og_title":"TT 2000-09 (10 DVD) Boxset incl TT Centenary Celebration DVD","og_description":"TT 2000-09 (10 DVD) Boxset incl TT Centenary Celebration DVD  (2071 minutes)","og_url":"https:\/\/todotrial.com\/tienda\/box-set2017-01-04-10-56-24\/","og_site_name":"Tienda de todotrial","article_modified_time":"2025-02-20T17:08:20+00:00","og_image":[{"width":360,"height":366,"url":"https:\/\/todotrial.com\/tienda\/wp-content\/uploads\/2017\/01\/17543.jpg","type":"image\/jpeg"}],"twitter_card":"summary_large_image","twitter_misc":{"Tiempo de lectura":"5 minutos"},"schema":{"@context":"https:\/\/schema.org","@graph":[{"@type":"WebPage","@id":"https:\/\/todotrial.com\/tienda\/box-set2017-01-04-10-56-24\/","url":"https:\/\/todotrial.com\/tienda\/box-set2017-01-04-10-56-24\/","name":"TT 2000-09 (10 DVD) Boxset incl TT Centenary Celebration DVD - Tienda de todotrial","isPartOf":{"@id":"https:\/\/todotrial.com\/tienda\/#website"},"primaryImageOfPage":{"@id":"https:\/\/todotrial.com\/tienda\/box-set2017-01-04-10-56-24\/#primaryimage"},"image":{"@id":"https:\/\/todotrial.com\/tienda\/box-set2017-01-04-10-56-24\/#primaryimage"},"thumbnailUrl":"https:\/\/todotrial.com\/tienda\/wp-content\/uploads\/2017\/01\/17543.jpg","datePublished":"2017-01-04T10:56:24+00:00","dateModified":"2025-02-20T17:08:20+00:00","breadcrumb":{"@id":"https:\/\/todotrial.com\/tienda\/box-set2017-01-04-10-56-24\/#breadcrumb"},"inLanguage":"es","potentialAction":[{"@type":"ReadAction","target":["https:\/\/todotrial.com\/tienda\/box-set2017-01-04-10-56-24\/"]}]},{"@type":"ImageObject","inLanguage":"es","@id":"https:\/\/todotrial.com\/tienda\/box-set2017-01-04-10-56-24\/#primaryimage","url":"https:\/\/todotrial.com\/tienda\/wp-content\/uploads\/2017\/01\/17543.jpg","contentUrl":"https:\/\/todotrial.com\/tienda\/wp-content\/uploads\/2017\/01\/17543.jpg","width":360,"height":366},{"@type":"BreadcrumbList","@id":"https:\/\/todotrial.com\/tienda\/box-set2017-01-04-10-56-24\/#breadcrumb","itemListElement":[{"@type":"ListItem","position":1,"name":"Portada","item":"https:\/\/todotrial.com\/tienda\/"},{"@type":"ListItem","position":2,"name":"Shop","item":"https:\/\/todotrial.com\/tienda\/shop\/"},{"@type":"ListItem","position":3,"name":"TT 2000-09 (10 DVD) Boxset incl TT Centenary Celebration DVD"}]},{"@type":"WebSite","@id":"https:\/\/todotrial.com\/tienda\/#website","url":"https:\/\/todotrial.com\/tienda\/","name":"Tienda de todotrial","description":"","potentialAction":[{"@type":"SearchAction","target":{"@type":"EntryPoint","urlTemplate":"https:\/\/todotrial.com\/tienda\/?s={search_term_string}"},"query-input":{"@type":"PropertyValueSpecification","valueRequired":true,"valueName":"search_term_string"}}],"inLanguage":"es"}]}},"_links":{"self":[{"href":"https:\/\/todotrial.com\/tienda\/wp-json\/wp\/v2\/product\/9033","targetHints":{"allow":["GET"]}}],"collection":[{"href":"https:\/\/todotrial.com\/tienda\/wp-json\/wp\/v2\/product"}],"about":[{"href":"https:\/\/todotrial.com\/tienda\/wp-json\/wp\/v2\/types\/product"}],"replies":[{"embeddable":true,"href":"https:\/\/todotrial.com\/tienda\/wp-json\/wp\/v2\/comments?post=9033"}],"version-history":[{"count":0,"href":"https:\/\/todotrial.com\/tienda\/wp-json\/wp\/v2\/product\/9033\/revisions"}],"wp:featuredmedia":[{"embeddable":true,"href":"https:\/\/todotrial.com\/tienda\/wp-json\/wp\/v2\/media\/9032"}],"wp:attachment":[{"href":"https:\/\/todotrial.com\/tienda\/wp-json\/wp\/v2\/media?parent=9033"}],"wp:term":[{"taxonomy":"product_brand","embeddable":true,"href":"https:\/\/todotrial.com\/tienda\/wp-json\/wp\/v2\/product_brand?post=9033"},{"taxonomy":"product_cat","embeddable":true,"href":"https:\/\/todotrial.com\/tienda\/wp-json\/wp\/v2\/product_cat?post=9033"},{"taxonomy":"product_tag","embeddable":true,"href":"https:\/\/todotrial.com\/tienda\/wp-json\/wp\/v2\/product_tag?post=9033"}],"curies":[{"name":"wp","href":"https:\/\/api.w.org\/{rel}","templated":true}]}}