{"id":9031,"date":"2017-01-04T10:49:32","date_gmt":"2017-01-04T10:49:32","guid":{"rendered":"https:\/\/todotrial.com\/tienda\/product\/box-set\/"},"modified":"2025-02-20T18:08:20","modified_gmt":"2025-02-20T17:08:20","slug":"box-set","status":"publish","type":"product","link":"https:\/\/todotrial.com\/tienda\/box-set\/","title":{"rendered":"TT 2010-15 Blu-ray Bundle (6 discs)"},"content":{"rendered":"<p>TT 2010-15 Blu-ray Bundle (6 discs)<br \/>Blu-ray Disc (1457 minutes)<\/p>\n<p>Un conjunto de parachoques con seis impresionantes Isle of Man TT Comentarios. De los cinco de Hutchy en una semana a John McGuinness casi incre\u00edble regreso en TT 2015 para ganar Senior de ese a\u00f1o, este conjunto abarca seis a\u00f1os verdaderamente trascendental en la historia de TT.<\/p>\n<p>Cuando piensas en el TT 2010 parece un pa\u00eds diferente: en el primer d\u00eda de clasificaci\u00f3n Ian Hutchinson tuvo 3 victorias a su nombre y no hab\u00eda hecho una vuelta de 130 mph.<\/p>\n<p>Michael Dunlop tuvo una victoria e incluso John McGuinness \u00abs\u00f3lo\u00bb tuvo 15 trofeos del ganador del TT. S\u00f3lo toma un segundo para darse cuenta de lo mucho que ha sucedido en el TT desde entonces &#8211; Hutchy y Michael han superado los 133 mph, agregando m\u00e1s de diez trofeos cada uno a sus gabinetes.<\/p>\n<p>John, por supuesto, ha llevado su cuenta a 23, mientras que ni siquiera hab\u00eda pensado en estrellas como Josh Brookes, Peter Hickman, Lee Johnston o Dean Harrison en 2010, y probablemente no creo que el r\u00e9cord de Nick Crow Duran tanto Todos estos aspectos destacados y muchos m\u00e1s se pueden disfrutar con estos grandes conjuntos de valor.<\/p>\n<p>&nbsp;<\/p>\n<p>&nbsp;<\/p>\n<p>TT 2010-15 Blu-ray Bundle (6 discs) &#8211; Description<\/p>\n<p>A bumper set featuring six stunning Isle of Man TT Reviews. From Hutchy&#8217;s five in a week to John McGuinness&#8217;s almost incredible comeback at TT 2015 to win that year&#8217;s Senior, this set spans six truly momentous years in TT history.<\/p>\n<p>When you think back to TT 2010 it seems like a different country: on the opening day of qualifying Ian Hutchinson had 3 wins to his name and hadn&#8217;t done a 130mph lap.<\/p>\n<p>Michael Dunlop had one win and even John McGuinness &#8216;only&#8217; had 15 TT winner&#8217;s trophies. It only takes a second to realise just how much has happened in the TT since then \u2013 Hutchy and Michael have both lapped over 133mph, adding a more than ten trophies apiece to their cabinets.<\/p>\n<p>John, of course has taken his tally to 23, whilst we hadn&#8217;t even thought of stars like Josh Brookes, Peter Hickman, Lee Johnston, or Dean Harrison back in 2010, and we probably didn&#8217;t think Nick Crowe&#8217;s sidecar lap record would last for so long. All of these highlights and many more can be enjoyed with these great value sets.<\/p>\n","protected":false},"excerpt":{"rendered":"<p>TT 2010-15 Blu-ray Bundle (6 discs)<br \/>\nBlu-ray Disc (1457 minutes)<\/p>\n","protected":false},"featured_media":9030,"comment_status":"open","ping_status":"closed","template":"","meta":[],"product_brand":[],"product_cat":[15],"product_tag":[],"class_list":{"0":"post-9031","1":"product","2":"type-product","3":"status-publish","4":"has-post-thumbnail","6":"product_cat-uncategorized","8":"first","9":"outofstock","10":"taxable","11":"shipping-taxable","12":"purchasable","13":"product-type-simple"},"yoast_head":"<!-- This site is optimized with the Yoast SEO Premium plugin v21.2 (Yoast SEO v27.3) - https:\/\/yoast.com\/product\/yoast-seo-premium-wordpress\/ -->\n<title>TT 2010-15 Blu-ray Bundle (6 discs) - Tienda de todotrial<\/title>\n<meta name=\"robots\" content=\"index, follow, max-snippet:-1, max-image-preview:large, max-video-preview:-1\" \/>\n<link rel=\"canonical\" href=\"https:\/\/todotrial.com\/tienda\/box-set\/\" \/>\n<meta property=\"og:locale\" content=\"es_ES\" \/>\n<meta property=\"og:type\" content=\"article\" \/>\n<meta property=\"og:title\" content=\"TT 2010-15 Blu-ray Bundle (6 discs)\" \/>\n<meta property=\"og:description\" content=\"TT 2010-15 Blu-ray Bundle (6 discs) Blu-ray Disc (1457 minutes)\" \/>\n<meta property=\"og:url\" content=\"https:\/\/todotrial.com\/tienda\/box-set\/\" \/>\n<meta property=\"og:site_name\" content=\"Tienda de todotrial\" \/>\n<meta property=\"article:modified_time\" content=\"2025-02-20T17:08:20+00:00\" \/>\n<meta property=\"og:image\" content=\"https:\/\/todotrial.com\/tienda\/wp-content\/uploads\/2017\/01\/ttbd1016.jpg\" \/>\n\t<meta property=\"og:image:width\" content=\"360\" \/>\n\t<meta property=\"og:image:height\" content=\"470\" \/>\n\t<meta property=\"og:image:type\" content=\"image\/jpeg\" \/>\n<meta name=\"twitter:card\" content=\"summary_large_image\" \/>\n<meta name=\"twitter:label1\" content=\"Tiempo de lectura\" \/>\n\t<meta name=\"twitter:data1\" content=\"2 minutos\" \/>\n<script type=\"application\/ld+json\" class=\"yoast-schema-graph\">{\"@context\":\"https:\\\/\\\/schema.org\",\"@graph\":[{\"@type\":\"WebPage\",\"@id\":\"https:\\\/\\\/todotrial.com\\\/tienda\\\/box-set\\\/\",\"url\":\"https:\\\/\\\/todotrial.com\\\/tienda\\\/box-set\\\/\",\"name\":\"TT 2010-15 Blu-ray Bundle (6 discs) - Tienda de todotrial\",\"isPartOf\":{\"@id\":\"https:\\\/\\\/todotrial.com\\\/tienda\\\/#website\"},\"primaryImageOfPage\":{\"@id\":\"https:\\\/\\\/todotrial.com\\\/tienda\\\/box-set\\\/#primaryimage\"},\"image\":{\"@id\":\"https:\\\/\\\/todotrial.com\\\/tienda\\\/box-set\\\/#primaryimage\"},\"thumbnailUrl\":\"https:\\\/\\\/todotrial.com\\\/tienda\\\/wp-content\\\/uploads\\\/2017\\\/01\\\/ttbd1016.jpg\",\"datePublished\":\"2017-01-04T10:49:32+00:00\",\"dateModified\":\"2025-02-20T17:08:20+00:00\",\"breadcrumb\":{\"@id\":\"https:\\\/\\\/todotrial.com\\\/tienda\\\/box-set\\\/#breadcrumb\"},\"inLanguage\":\"es\",\"potentialAction\":[{\"@type\":\"ReadAction\",\"target\":[\"https:\\\/\\\/todotrial.com\\\/tienda\\\/box-set\\\/\"]}]},{\"@type\":\"ImageObject\",\"inLanguage\":\"es\",\"@id\":\"https:\\\/\\\/todotrial.com\\\/tienda\\\/box-set\\\/#primaryimage\",\"url\":\"https:\\\/\\\/todotrial.com\\\/tienda\\\/wp-content\\\/uploads\\\/2017\\\/01\\\/ttbd1016.jpg\",\"contentUrl\":\"https:\\\/\\\/todotrial.com\\\/tienda\\\/wp-content\\\/uploads\\\/2017\\\/01\\\/ttbd1016.jpg\",\"width\":360,\"height\":470},{\"@type\":\"BreadcrumbList\",\"@id\":\"https:\\\/\\\/todotrial.com\\\/tienda\\\/box-set\\\/#breadcrumb\",\"itemListElement\":[{\"@type\":\"ListItem\",\"position\":1,\"name\":\"Portada\",\"item\":\"https:\\\/\\\/todotrial.com\\\/tienda\\\/\"},{\"@type\":\"ListItem\",\"position\":2,\"name\":\"Shop\",\"item\":\"https:\\\/\\\/todotrial.com\\\/tienda\\\/shop\\\/\"},{\"@type\":\"ListItem\",\"position\":3,\"name\":\"TT 2010-15 Blu-ray Bundle (6 discs)\"}]},{\"@type\":\"WebSite\",\"@id\":\"https:\\\/\\\/todotrial.com\\\/tienda\\\/#website\",\"url\":\"https:\\\/\\\/todotrial.com\\\/tienda\\\/\",\"name\":\"Tienda de todotrial\",\"description\":\"\",\"potentialAction\":[{\"@type\":\"SearchAction\",\"target\":{\"@type\":\"EntryPoint\",\"urlTemplate\":\"https:\\\/\\\/todotrial.com\\\/tienda\\\/?s={search_term_string}\"},\"query-input\":{\"@type\":\"PropertyValueSpecification\",\"valueRequired\":true,\"valueName\":\"search_term_string\"}}],\"inLanguage\":\"es\"}]}<\/script>\n<!-- \/ Yoast SEO Premium plugin. -->","yoast_head_json":{"title":"TT 2010-15 Blu-ray Bundle (6 discs) - Tienda de todotrial","robots":{"index":"index","follow":"follow","max-snippet":"max-snippet:-1","max-image-preview":"max-image-preview:large","max-video-preview":"max-video-preview:-1"},"canonical":"https:\/\/todotrial.com\/tienda\/box-set\/","og_locale":"es_ES","og_type":"article","og_title":"TT 2010-15 Blu-ray Bundle (6 discs)","og_description":"TT 2010-15 Blu-ray Bundle (6 discs) Blu-ray Disc (1457 minutes)","og_url":"https:\/\/todotrial.com\/tienda\/box-set\/","og_site_name":"Tienda de todotrial","article_modified_time":"2025-02-20T17:08:20+00:00","og_image":[{"width":360,"height":470,"url":"https:\/\/todotrial.com\/tienda\/wp-content\/uploads\/2017\/01\/ttbd1016.jpg","type":"image\/jpeg"}],"twitter_card":"summary_large_image","twitter_misc":{"Tiempo de lectura":"2 minutos"},"schema":{"@context":"https:\/\/schema.org","@graph":[{"@type":"WebPage","@id":"https:\/\/todotrial.com\/tienda\/box-set\/","url":"https:\/\/todotrial.com\/tienda\/box-set\/","name":"TT 2010-15 Blu-ray Bundle (6 discs) - Tienda de todotrial","isPartOf":{"@id":"https:\/\/todotrial.com\/tienda\/#website"},"primaryImageOfPage":{"@id":"https:\/\/todotrial.com\/tienda\/box-set\/#primaryimage"},"image":{"@id":"https:\/\/todotrial.com\/tienda\/box-set\/#primaryimage"},"thumbnailUrl":"https:\/\/todotrial.com\/tienda\/wp-content\/uploads\/2017\/01\/ttbd1016.jpg","datePublished":"2017-01-04T10:49:32+00:00","dateModified":"2025-02-20T17:08:20+00:00","breadcrumb":{"@id":"https:\/\/todotrial.com\/tienda\/box-set\/#breadcrumb"},"inLanguage":"es","potentialAction":[{"@type":"ReadAction","target":["https:\/\/todotrial.com\/tienda\/box-set\/"]}]},{"@type":"ImageObject","inLanguage":"es","@id":"https:\/\/todotrial.com\/tienda\/box-set\/#primaryimage","url":"https:\/\/todotrial.com\/tienda\/wp-content\/uploads\/2017\/01\/ttbd1016.jpg","contentUrl":"https:\/\/todotrial.com\/tienda\/wp-content\/uploads\/2017\/01\/ttbd1016.jpg","width":360,"height":470},{"@type":"BreadcrumbList","@id":"https:\/\/todotrial.com\/tienda\/box-set\/#breadcrumb","itemListElement":[{"@type":"ListItem","position":1,"name":"Portada","item":"https:\/\/todotrial.com\/tienda\/"},{"@type":"ListItem","position":2,"name":"Shop","item":"https:\/\/todotrial.com\/tienda\/shop\/"},{"@type":"ListItem","position":3,"name":"TT 2010-15 Blu-ray Bundle (6 discs)"}]},{"@type":"WebSite","@id":"https:\/\/todotrial.com\/tienda\/#website","url":"https:\/\/todotrial.com\/tienda\/","name":"Tienda de todotrial","description":"","potentialAction":[{"@type":"SearchAction","target":{"@type":"EntryPoint","urlTemplate":"https:\/\/todotrial.com\/tienda\/?s={search_term_string}"},"query-input":{"@type":"PropertyValueSpecification","valueRequired":true,"valueName":"search_term_string"}}],"inLanguage":"es"}]}},"_links":{"self":[{"href":"https:\/\/todotrial.com\/tienda\/wp-json\/wp\/v2\/product\/9031","targetHints":{"allow":["GET"]}}],"collection":[{"href":"https:\/\/todotrial.com\/tienda\/wp-json\/wp\/v2\/product"}],"about":[{"href":"https:\/\/todotrial.com\/tienda\/wp-json\/wp\/v2\/types\/product"}],"replies":[{"embeddable":true,"href":"https:\/\/todotrial.com\/tienda\/wp-json\/wp\/v2\/comments?post=9031"}],"version-history":[{"count":0,"href":"https:\/\/todotrial.com\/tienda\/wp-json\/wp\/v2\/product\/9031\/revisions"}],"wp:featuredmedia":[{"embeddable":true,"href":"https:\/\/todotrial.com\/tienda\/wp-json\/wp\/v2\/media\/9030"}],"wp:attachment":[{"href":"https:\/\/todotrial.com\/tienda\/wp-json\/wp\/v2\/media?parent=9031"}],"wp:term":[{"taxonomy":"product_brand","embeddable":true,"href":"https:\/\/todotrial.com\/tienda\/wp-json\/wp\/v2\/product_brand?post=9031"},{"taxonomy":"product_cat","embeddable":true,"href":"https:\/\/todotrial.com\/tienda\/wp-json\/wp\/v2\/product_cat?post=9031"},{"taxonomy":"product_tag","embeddable":true,"href":"https:\/\/todotrial.com\/tienda\/wp-json\/wp\/v2\/product_tag?post=9031"}],"curies":[{"name":"wp","href":"https:\/\/api.w.org\/{rel}","templated":true}]}}