{"id":9029,"date":"2017-01-04T10:41:59","date_gmt":"2017-01-04T10:41:59","guid":{"rendered":"https:\/\/todotrial.com\/tienda\/product\/tt-dvds\/"},"modified":"2025-02-20T18:08:21","modified_gmt":"2025-02-20T17:08:21","slug":"tt-dvds","status":"publish","type":"product","link":"https:\/\/todotrial.com\/tienda\/tt-dvds\/","title":{"rendered":"TT 2010-15 ( 6 DVD ) Box Set"},"content":{"rendered":"<p>TT 2010-15 ( 6 DVD ) Box Set<br \/>1440 minutos duraci\u00f3n.<\/p>\n<p>&nbsp;<\/p>\n<p><span id=\"result_box\" lang=\"es\"><span title=\"An updated box set featuring six stunning Isle of Man TT Reviews.\">Un conjunto de caja actualizado con seis impresionantes Isle of Man TT Reviews. <\/span><span title=\"From Hutchy\u2019s five in a week to John McGuinness\u2019s almost incredible comeback at TT 2015 to win that year\u2019s Senior, this set spans six truly momentous years in TT history. \">De los cinco de Hutchy en una semana a John McGuinness casi incre\u00edble regreso en TT 2015 para ganar Senior de ese a\u00f1o, este conjunto abarca seis a\u00f1os verdaderamente trascendental en la historia de TT.<\/span><\/span><\/p>\n<p><span title=\"When you think back to TT 2010 it seems like a different country: on the opening day of qualifying Ian Hutchinson had 3 wins to his name and hadn\u2019t done a 130mph lap.\">Cuando piensas en el TT 2010 parece un pa\u00eds diferente: en el primer d\u00eda de clasificaci\u00f3n Ian Hutchinson tuvo 3 victorias a su nombre y no hab\u00eda hecho una vuelta de 130 mph. <\/span><span title=\"Michael Dunlop had one win and even John McGuinness \u2018only\u2019 had 15 TT winner\u2019s trophies. \">Michael Dunlop tuvo una victoria e incluso John McGuinness \u00abs\u00f3lo\u00bb tuvo 15 trofeos del ganador del TT.<\/span><\/p>\n<p><span title=\"It only takes a second to realise just how much has happened in the TT since then \u2013 Hutchy and Michael have both lapped over 133mph, adding a more than ten trophies apiece to their cabinets.\">S\u00f3lo toma un segundo para darse cuenta de lo mucho que ha sucedido en el TT desde entonces &#8211; Hutchy y Michael han superado los 133 mph, agregando m\u00e1s de diez trofeos cada uno a sus gabinetes. <\/span><span title=\"John, of course has taken his tally to 23, whilst we hadn't even thought of stars like Josh Brookes, Peter Hickman, Lee Johnston, or Dean Harrison back in 2010, and we probably didn't think Nick Crowe's sidecar lap record would\">John, por supuesto, ha llevado su cuenta a 23, mientras que ni siquiera hab\u00eda pensado en estrellas como Josh Brookes, Peter Hickman, Lee Johnston o Dean Harrison en 2010, y probablemente no creo que el r\u00e9cord de Nick Crow <\/span><span title=\"last for so long. \">Duran tanto<\/span><\/p>\n<p><span title=\"All of these highlights and many more can be enjoyed with this great value set.\">Todos estos aspectos destacados y muchos m\u00e1s se pueden disfrutar con este gran conjunto de valor.<\/span><\/p>\n<p><span title=\"All of these highlights and many more can be enjoyed with this great value set.\">&nbsp;<\/span><\/p>\n<div class=\"mod product-description\">\n<div class=\"hd\">\n<h3>TT 2010-15 ( 6 DVD ) Box Set &#8211; Description<\/h3>\n<\/p><\/div>\n<div class=\"bd\" itemprop=\"description\">\n<p>An updated box set featuring six stunning Isle of Man TT Reviews. From Hutchy\u2019s five in a week to John McGuinness\u2019s almost incredible comeback at TT 2015 to win that year\u2019s Senior, this set spans six truly momentous years in TT history.&nbsp;<\/p>\n<p>When you think back to TT 2010 it seems like a different country: on the opening day of qualifying Ian Hutchinson had 3 wins to his name and hadn\u2019t done a 130mph lap. Michael Dunlop had one win and even John McGuinness \u2018only\u2019 had 15 TT winner\u2019s trophies.&nbsp;<\/p>\n<p>It only takes a second to realise just how much has happened in the TT since then \u2013 Hutchy and Michael have both lapped over 133mph, adding a more than ten trophies apiece to their cabinets. John, of course has taken his tally to 23, whilst we hadn\u2019t even thought of stars like Josh Brookes, Peter Hickman, Lee Johnston, or Dean Harrison back in 2010, and we probably didn\u2019t think Nick Crowe\u2019s sidecar lap record would last for so long.&nbsp;<\/p>\n<p>All of these highlights and many more can be enjoyed with this great value set.<\/p>\n<\/p><\/div>\n<\/p><\/div>\n<p><span title=\"All of these highlights and many more can be enjoyed with this great value set.\">&nbsp;<\/span><\/p>\n","protected":false},"excerpt":{"rendered":"<p>TT 2010-15 ( 6 DVD ) Box Set<br \/>\n1440 minutos duraci\u00f3n.<\/p>\n","protected":false},"featured_media":9028,"comment_status":"open","ping_status":"closed","template":"","meta":[],"product_brand":[],"product_cat":[15],"product_tag":[],"class_list":{"0":"post-9029","1":"product","2":"type-product","3":"status-publish","4":"has-post-thumbnail","6":"product_cat-uncategorized","8":"first","9":"outofstock","10":"taxable","11":"shipping-taxable","12":"purchasable","13":"product-type-simple"},"yoast_head":"<!-- This site is optimized with the Yoast SEO Premium plugin v21.2 (Yoast SEO v27.4) - https:\/\/yoast.com\/product\/yoast-seo-premium-wordpress\/ -->\n<title>TT 2010-15 ( 6 DVD ) Box Set - Tienda de todotrial<\/title>\n<meta name=\"robots\" content=\"index, follow, max-snippet:-1, max-image-preview:large, max-video-preview:-1\" \/>\n<link rel=\"canonical\" href=\"https:\/\/todotrial.com\/tienda\/tt-dvds\/\" \/>\n<meta property=\"og:locale\" content=\"es_ES\" \/>\n<meta property=\"og:type\" content=\"article\" \/>\n<meta property=\"og:title\" content=\"TT 2010-15 ( 6 DVD ) Box Set\" \/>\n<meta property=\"og:description\" content=\"TT 2010-15 ( 6 DVD ) Box Set 1440 minutos duraci\u00f3n.\" \/>\n<meta property=\"og:url\" content=\"https:\/\/todotrial.com\/tienda\/tt-dvds\/\" \/>\n<meta property=\"og:site_name\" content=\"Tienda de todotrial\" \/>\n<meta property=\"article:modified_time\" content=\"2025-02-20T17:08:21+00:00\" \/>\n<meta property=\"og:image\" content=\"https:\/\/todotrial.com\/tienda\/wp-content\/uploads\/2017\/01\/1966.jpg\" \/>\n\t<meta property=\"og:image:width\" content=\"360\" \/>\n\t<meta property=\"og:image:height\" content=\"571\" \/>\n\t<meta property=\"og:image:type\" content=\"image\/jpeg\" \/>\n<meta name=\"twitter:card\" content=\"summary_large_image\" \/>\n<meta name=\"twitter:label1\" content=\"Tiempo de lectura\" \/>\n\t<meta name=\"twitter:data1\" content=\"2 minutos\" \/>\n<script type=\"application\/ld+json\" class=\"yoast-schema-graph\">{\"@context\":\"https:\\\/\\\/schema.org\",\"@graph\":[{\"@type\":\"WebPage\",\"@id\":\"https:\\\/\\\/todotrial.com\\\/tienda\\\/tt-dvds\\\/\",\"url\":\"https:\\\/\\\/todotrial.com\\\/tienda\\\/tt-dvds\\\/\",\"name\":\"TT 2010-15 ( 6 DVD ) Box Set - Tienda de todotrial\",\"isPartOf\":{\"@id\":\"https:\\\/\\\/todotrial.com\\\/tienda\\\/#website\"},\"primaryImageOfPage\":{\"@id\":\"https:\\\/\\\/todotrial.com\\\/tienda\\\/tt-dvds\\\/#primaryimage\"},\"image\":{\"@id\":\"https:\\\/\\\/todotrial.com\\\/tienda\\\/tt-dvds\\\/#primaryimage\"},\"thumbnailUrl\":\"https:\\\/\\\/todotrial.com\\\/tienda\\\/wp-content\\\/uploads\\\/2017\\\/01\\\/1966.jpg\",\"datePublished\":\"2017-01-04T10:41:59+00:00\",\"dateModified\":\"2025-02-20T17:08:21+00:00\",\"breadcrumb\":{\"@id\":\"https:\\\/\\\/todotrial.com\\\/tienda\\\/tt-dvds\\\/#breadcrumb\"},\"inLanguage\":\"es\",\"potentialAction\":[{\"@type\":\"ReadAction\",\"target\":[\"https:\\\/\\\/todotrial.com\\\/tienda\\\/tt-dvds\\\/\"]}]},{\"@type\":\"ImageObject\",\"inLanguage\":\"es\",\"@id\":\"https:\\\/\\\/todotrial.com\\\/tienda\\\/tt-dvds\\\/#primaryimage\",\"url\":\"https:\\\/\\\/todotrial.com\\\/tienda\\\/wp-content\\\/uploads\\\/2017\\\/01\\\/1966.jpg\",\"contentUrl\":\"https:\\\/\\\/todotrial.com\\\/tienda\\\/wp-content\\\/uploads\\\/2017\\\/01\\\/1966.jpg\",\"width\":360,\"height\":571},{\"@type\":\"BreadcrumbList\",\"@id\":\"https:\\\/\\\/todotrial.com\\\/tienda\\\/tt-dvds\\\/#breadcrumb\",\"itemListElement\":[{\"@type\":\"ListItem\",\"position\":1,\"name\":\"Portada\",\"item\":\"https:\\\/\\\/todotrial.com\\\/tienda\\\/\"},{\"@type\":\"ListItem\",\"position\":2,\"name\":\"Shop\",\"item\":\"https:\\\/\\\/todotrial.com\\\/tienda\\\/shop\\\/\"},{\"@type\":\"ListItem\",\"position\":3,\"name\":\"TT 2010-15 ( 6 DVD ) Box Set\"}]},{\"@type\":\"WebSite\",\"@id\":\"https:\\\/\\\/todotrial.com\\\/tienda\\\/#website\",\"url\":\"https:\\\/\\\/todotrial.com\\\/tienda\\\/\",\"name\":\"Tienda de todotrial\",\"description\":\"\",\"potentialAction\":[{\"@type\":\"SearchAction\",\"target\":{\"@type\":\"EntryPoint\",\"urlTemplate\":\"https:\\\/\\\/todotrial.com\\\/tienda\\\/?s={search_term_string}\"},\"query-input\":{\"@type\":\"PropertyValueSpecification\",\"valueRequired\":true,\"valueName\":\"search_term_string\"}}],\"inLanguage\":\"es\"}]}<\/script>\n<!-- \/ Yoast SEO Premium plugin. -->","yoast_head_json":{"title":"TT 2010-15 ( 6 DVD ) Box Set - Tienda de todotrial","robots":{"index":"index","follow":"follow","max-snippet":"max-snippet:-1","max-image-preview":"max-image-preview:large","max-video-preview":"max-video-preview:-1"},"canonical":"https:\/\/todotrial.com\/tienda\/tt-dvds\/","og_locale":"es_ES","og_type":"article","og_title":"TT 2010-15 ( 6 DVD ) Box Set","og_description":"TT 2010-15 ( 6 DVD ) Box Set 1440 minutos duraci\u00f3n.","og_url":"https:\/\/todotrial.com\/tienda\/tt-dvds\/","og_site_name":"Tienda de todotrial","article_modified_time":"2025-02-20T17:08:21+00:00","og_image":[{"width":360,"height":571,"url":"https:\/\/todotrial.com\/tienda\/wp-content\/uploads\/2017\/01\/1966.jpg","type":"image\/jpeg"}],"twitter_card":"summary_large_image","twitter_misc":{"Tiempo de lectura":"2 minutos"},"schema":{"@context":"https:\/\/schema.org","@graph":[{"@type":"WebPage","@id":"https:\/\/todotrial.com\/tienda\/tt-dvds\/","url":"https:\/\/todotrial.com\/tienda\/tt-dvds\/","name":"TT 2010-15 ( 6 DVD ) Box Set - Tienda de todotrial","isPartOf":{"@id":"https:\/\/todotrial.com\/tienda\/#website"},"primaryImageOfPage":{"@id":"https:\/\/todotrial.com\/tienda\/tt-dvds\/#primaryimage"},"image":{"@id":"https:\/\/todotrial.com\/tienda\/tt-dvds\/#primaryimage"},"thumbnailUrl":"https:\/\/todotrial.com\/tienda\/wp-content\/uploads\/2017\/01\/1966.jpg","datePublished":"2017-01-04T10:41:59+00:00","dateModified":"2025-02-20T17:08:21+00:00","breadcrumb":{"@id":"https:\/\/todotrial.com\/tienda\/tt-dvds\/#breadcrumb"},"inLanguage":"es","potentialAction":[{"@type":"ReadAction","target":["https:\/\/todotrial.com\/tienda\/tt-dvds\/"]}]},{"@type":"ImageObject","inLanguage":"es","@id":"https:\/\/todotrial.com\/tienda\/tt-dvds\/#primaryimage","url":"https:\/\/todotrial.com\/tienda\/wp-content\/uploads\/2017\/01\/1966.jpg","contentUrl":"https:\/\/todotrial.com\/tienda\/wp-content\/uploads\/2017\/01\/1966.jpg","width":360,"height":571},{"@type":"BreadcrumbList","@id":"https:\/\/todotrial.com\/tienda\/tt-dvds\/#breadcrumb","itemListElement":[{"@type":"ListItem","position":1,"name":"Portada","item":"https:\/\/todotrial.com\/tienda\/"},{"@type":"ListItem","position":2,"name":"Shop","item":"https:\/\/todotrial.com\/tienda\/shop\/"},{"@type":"ListItem","position":3,"name":"TT 2010-15 ( 6 DVD ) Box Set"}]},{"@type":"WebSite","@id":"https:\/\/todotrial.com\/tienda\/#website","url":"https:\/\/todotrial.com\/tienda\/","name":"Tienda de todotrial","description":"","potentialAction":[{"@type":"SearchAction","target":{"@type":"EntryPoint","urlTemplate":"https:\/\/todotrial.com\/tienda\/?s={search_term_string}"},"query-input":{"@type":"PropertyValueSpecification","valueRequired":true,"valueName":"search_term_string"}}],"inLanguage":"es"}]}},"_links":{"self":[{"href":"https:\/\/todotrial.com\/tienda\/wp-json\/wp\/v2\/product\/9029","targetHints":{"allow":["GET"]}}],"collection":[{"href":"https:\/\/todotrial.com\/tienda\/wp-json\/wp\/v2\/product"}],"about":[{"href":"https:\/\/todotrial.com\/tienda\/wp-json\/wp\/v2\/types\/product"}],"replies":[{"embeddable":true,"href":"https:\/\/todotrial.com\/tienda\/wp-json\/wp\/v2\/comments?post=9029"}],"version-history":[{"count":0,"href":"https:\/\/todotrial.com\/tienda\/wp-json\/wp\/v2\/product\/9029\/revisions"}],"wp:featuredmedia":[{"embeddable":true,"href":"https:\/\/todotrial.com\/tienda\/wp-json\/wp\/v2\/media\/9028"}],"wp:attachment":[{"href":"https:\/\/todotrial.com\/tienda\/wp-json\/wp\/v2\/media?parent=9029"}],"wp:term":[{"taxonomy":"product_brand","embeddable":true,"href":"https:\/\/todotrial.com\/tienda\/wp-json\/wp\/v2\/product_brand?post=9029"},{"taxonomy":"product_cat","embeddable":true,"href":"https:\/\/todotrial.com\/tienda\/wp-json\/wp\/v2\/product_cat?post=9029"},{"taxonomy":"product_tag","embeddable":true,"href":"https:\/\/todotrial.com\/tienda\/wp-json\/wp\/v2\/product_tag?post=9029"}],"curies":[{"name":"wp","href":"https:\/\/api.w.org\/{rel}","templated":true}]}}