{"id":9009,"date":"2017-01-03T21:11:29","date_gmt":"2017-01-03T21:11:29","guid":{"rendered":"https:\/\/todotrial.com\/tienda\/product\/isla-de-man-dvd2017-01-03-21-11-29\/"},"modified":"2025-02-20T18:08:23","modified_gmt":"2025-02-20T17:08:23","slug":"isla-de-man-dvd2017-01-03-21-11-29","status":"publish","type":"product","link":"https:\/\/todotrial.com\/tienda\/isla-de-man-dvd2017-01-03-21-11-29\/","title":{"rendered":"TT 2016 Review ( 2 Disc) DVD"},"content":{"rendered":"<p>TT 2016 Review ( 2 Disc) DVD<br \/>343 minutos<\/p>\n<p>&nbsp;<\/p>\n<p>Isla de Man TT alimentado por Monster Energy 2016 Revisi\u00f3n Oficial<\/p>\n<p>Incluye disco de bono con 2 horas de extras impresionantes &#8211; Michael Dunlop completo 133.962mph Senior TT registro de vuelta<\/p>\n<p>\u00abEn otro nivel\u00bb<\/p>\n<p>La emocionante isla de Man TT 2016 vio casi todos los r\u00e9cords en el libro roto, y volvi\u00f3 a estropear en dos semanas de acci\u00f3n sensacional que no fue sin controversia.<\/p>\n<p>Con el sol de pared a pared desde el primer d\u00eda de calificaci\u00f3n a trav\u00e9s de, casi, a las condiciones de d\u00eda de la carrera Senior fueron mejores que cualquier otra reuni\u00f3n en la memoria reciente y las estrellas de las carreras de carretera real hizo la mayor parte de ellos.<\/p>\n<p>Michael Dunlop e Ian Hutchinson marcaron los primeros marcadores en la calificaci\u00f3n, con Dunlop sorprendiendo al paddock al lanzar una vuelta aparentemente casual de 133mph en la calificaci\u00f3n, la primera en el TT sobre la barrera m\u00e1gica.<\/p>\n<p>Eso marc\u00f3 el tono para la semana de la carrera y se convirti\u00f3 en mucho el Michael y Ian muestran como constantemente empujaron unos a otros a mayores esfuerzos en las carreras de Superbike, Supersport y Superstock.<\/p>\n<p>Con dos magn\u00edficos jinetes, en m\u00e1quinas muy igualadas y en la forma de sus vidas, los r\u00e9cords se rompieron en polvo y la multitud se emocion\u00f3 con gafas de habilidad y t\u00e9cnica en casi cada vuelta.<\/p>\n<p>Para no quedarse atr\u00e1s, Ben y Tom Birchall le arrebataron el r\u00e9cord de vuelta a la sidecar de Dave Molyneux, un a\u00f1o despu\u00e9s de que lo tomara de Nick Crowe quien lo hab\u00eda sostenido durante casi una d\u00e9cada, aunque fue John Holden y Andy Winkle quienes tomaron un muy Popular en la primera carrera del sidecar de la semana.<\/p>\n<p>Ivan Lintin hizo historia en el peso ligero TT tomando las primeras victorias consecutivas en la clase, ninguna haza\u00f1a importante con tantos jinetes talentosos en m\u00e1quinas altamente competitivas desesperadas por la victoria.<\/p>\n<p>Si\u00e9ntate y disfruta del TT m\u00e1s r\u00e1pido jam\u00e1s filmado desde m\u00faltiples puntos de vista y presentado una vez m\u00e1s por Craig Doyle, James Whitham, Steve Parrish y Steve Plater, ex-ganador del TT, este es el recuerdo esencial de una verdadera reuni\u00f3n TT.<\/p>\n<p>Isle of Man TT fuelled by Monster Energy 2016 Official Review<\/p>\n<p>Includes bonus disc with 2 hours of awesome extras &#8211; Michael Dunlop&#8217;s full 133.962mph Senior TT lap record<\/p>\n<p>\u00abOn Another Level\u00bb<\/p>\n<p>The exhilarating Isle of Man TT 2016 saw nearly every record in the book smashed, and smashed again in two weeks of sensational action that wasn&#8217;t without it&#8217;s controversy.<\/p>\n<p>With wall-to-wall sunshine from day one of qualifying through, almost, to Senior race day conditions were better than any other meeting in recent memory and the stars of real road racing made the most of them.<\/p>\n<p>Michael Dunlop and Ian Hutchinson laid down the early markers in qualifying, with Dunlop shocking the paddock by throwing in a seemingly casual 133mph lap in qualifying \u2013 the first at the TT over the magic 133 barrier.<\/p>\n<p>That set the tone for race week and it became very much the Michael and Ian show as they constantly pushed each other to greater exertions in the Superbike, Supersport and Superstock races.<\/p>\n<p>With two superb riders, on very evenly matched machines and in the form of their lives records were smashed into dust and the crowds were thrilled by spectacles of skill and technique on nearly every lap.<\/p>\n<p>Not to be outdone, Ben and Tom Birchall snatched the sidecar lap record from Dave Molyneux, just a year after he took it from Nick Crowe who&#8217;d held it for nearly a decade, although it was John Holden and Andy Winkle who took a very popular win in the first sidecar race of the week.<\/p>\n<p>Ivan Lintin made history in the Lightweight TT by taking the first back-to-back wins in the class, no mean feat with so many talented riders on highly competitive machines desperate for the win.<\/p>\n<p>Sit back and enjoy the fastest TT ever, filmed from multiple vantage points, and hosted once more by Craig Doyle, James Whitham, Steve Parrish and former Senior TT winner Steve Plater \u2013 this is the essential memento of a truly remarkable TT meeting.<\/p>\n","protected":false},"excerpt":{"rendered":"<p>TT 2016 Review ( 2 Disc) DVD<br \/>\n343 minutos<\/p>\n","protected":false},"featured_media":9008,"comment_status":"open","ping_status":"closed","template":"","meta":[],"product_brand":[],"product_cat":[15],"product_tag":[],"class_list":{"0":"post-9009","1":"product","2":"type-product","3":"status-publish","4":"has-post-thumbnail","6":"product_cat-uncategorized","8":"first","9":"outofstock","10":"taxable","11":"shipping-taxable","12":"purchasable","13":"product-type-simple"},"yoast_head":"<!-- This site is optimized with the Yoast SEO Premium plugin v21.2 (Yoast SEO v27.3) - https:\/\/yoast.com\/product\/yoast-seo-premium-wordpress\/ -->\n<title>TT 2016 Review ( 2 Disc) DVD - Tienda de todotrial<\/title>\n<meta name=\"robots\" content=\"index, follow, max-snippet:-1, max-image-preview:large, max-video-preview:-1\" \/>\n<link rel=\"canonical\" href=\"https:\/\/todotrial.com\/tienda\/isla-de-man-dvd2017-01-03-21-11-29\/\" \/>\n<meta property=\"og:locale\" content=\"es_ES\" \/>\n<meta property=\"og:type\" content=\"article\" \/>\n<meta property=\"og:title\" content=\"TT 2016 Review ( 2 Disc) DVD\" \/>\n<meta property=\"og:description\" content=\"TT 2016 Review ( 2 Disc) DVD 343 minutos\" \/>\n<meta property=\"og:url\" content=\"https:\/\/todotrial.com\/tienda\/isla-de-man-dvd2017-01-03-21-11-29\/\" \/>\n<meta property=\"og:site_name\" content=\"Tienda de todotrial\" \/>\n<meta property=\"article:modified_time\" content=\"2025-02-20T17:08:23+00:00\" \/>\n<meta property=\"og:image\" content=\"https:\/\/todotrial.com\/tienda\/wp-content\/uploads\/2017\/01\/1954.jpg\" \/>\n\t<meta property=\"og:image:width\" content=\"360\" \/>\n\t<meta property=\"og:image:height\" content=\"510\" \/>\n\t<meta property=\"og:image:type\" content=\"image\/jpeg\" \/>\n<meta name=\"twitter:card\" content=\"summary_large_image\" \/>\n<meta name=\"twitter:label1\" content=\"Tiempo de lectura\" \/>\n\t<meta name=\"twitter:data1\" content=\"4 minutos\" \/>\n<script type=\"application\/ld+json\" class=\"yoast-schema-graph\">{\"@context\":\"https:\\\/\\\/schema.org\",\"@graph\":[{\"@type\":\"WebPage\",\"@id\":\"https:\\\/\\\/todotrial.com\\\/tienda\\\/isla-de-man-dvd2017-01-03-21-11-29\\\/\",\"url\":\"https:\\\/\\\/todotrial.com\\\/tienda\\\/isla-de-man-dvd2017-01-03-21-11-29\\\/\",\"name\":\"TT 2016 Review ( 2 Disc) DVD - Tienda de todotrial\",\"isPartOf\":{\"@id\":\"https:\\\/\\\/todotrial.com\\\/tienda\\\/#website\"},\"primaryImageOfPage\":{\"@id\":\"https:\\\/\\\/todotrial.com\\\/tienda\\\/isla-de-man-dvd2017-01-03-21-11-29\\\/#primaryimage\"},\"image\":{\"@id\":\"https:\\\/\\\/todotrial.com\\\/tienda\\\/isla-de-man-dvd2017-01-03-21-11-29\\\/#primaryimage\"},\"thumbnailUrl\":\"https:\\\/\\\/todotrial.com\\\/tienda\\\/wp-content\\\/uploads\\\/2017\\\/01\\\/1954.jpg\",\"datePublished\":\"2017-01-03T21:11:29+00:00\",\"dateModified\":\"2025-02-20T17:08:23+00:00\",\"breadcrumb\":{\"@id\":\"https:\\\/\\\/todotrial.com\\\/tienda\\\/isla-de-man-dvd2017-01-03-21-11-29\\\/#breadcrumb\"},\"inLanguage\":\"es\",\"potentialAction\":[{\"@type\":\"ReadAction\",\"target\":[\"https:\\\/\\\/todotrial.com\\\/tienda\\\/isla-de-man-dvd2017-01-03-21-11-29\\\/\"]}]},{\"@type\":\"ImageObject\",\"inLanguage\":\"es\",\"@id\":\"https:\\\/\\\/todotrial.com\\\/tienda\\\/isla-de-man-dvd2017-01-03-21-11-29\\\/#primaryimage\",\"url\":\"https:\\\/\\\/todotrial.com\\\/tienda\\\/wp-content\\\/uploads\\\/2017\\\/01\\\/1954.jpg\",\"contentUrl\":\"https:\\\/\\\/todotrial.com\\\/tienda\\\/wp-content\\\/uploads\\\/2017\\\/01\\\/1954.jpg\",\"width\":360,\"height\":510},{\"@type\":\"BreadcrumbList\",\"@id\":\"https:\\\/\\\/todotrial.com\\\/tienda\\\/isla-de-man-dvd2017-01-03-21-11-29\\\/#breadcrumb\",\"itemListElement\":[{\"@type\":\"ListItem\",\"position\":1,\"name\":\"Portada\",\"item\":\"https:\\\/\\\/todotrial.com\\\/tienda\\\/\"},{\"@type\":\"ListItem\",\"position\":2,\"name\":\"Shop\",\"item\":\"https:\\\/\\\/todotrial.com\\\/tienda\\\/shop\\\/\"},{\"@type\":\"ListItem\",\"position\":3,\"name\":\"TT 2016 Review ( 2 Disc) DVD\"}]},{\"@type\":\"WebSite\",\"@id\":\"https:\\\/\\\/todotrial.com\\\/tienda\\\/#website\",\"url\":\"https:\\\/\\\/todotrial.com\\\/tienda\\\/\",\"name\":\"Tienda de todotrial\",\"description\":\"\",\"potentialAction\":[{\"@type\":\"SearchAction\",\"target\":{\"@type\":\"EntryPoint\",\"urlTemplate\":\"https:\\\/\\\/todotrial.com\\\/tienda\\\/?s={search_term_string}\"},\"query-input\":{\"@type\":\"PropertyValueSpecification\",\"valueRequired\":true,\"valueName\":\"search_term_string\"}}],\"inLanguage\":\"es\"}]}<\/script>\n<!-- \/ Yoast SEO Premium plugin. -->","yoast_head_json":{"title":"TT 2016 Review ( 2 Disc) DVD - Tienda de todotrial","robots":{"index":"index","follow":"follow","max-snippet":"max-snippet:-1","max-image-preview":"max-image-preview:large","max-video-preview":"max-video-preview:-1"},"canonical":"https:\/\/todotrial.com\/tienda\/isla-de-man-dvd2017-01-03-21-11-29\/","og_locale":"es_ES","og_type":"article","og_title":"TT 2016 Review ( 2 Disc) DVD","og_description":"TT 2016 Review ( 2 Disc) DVD 343 minutos","og_url":"https:\/\/todotrial.com\/tienda\/isla-de-man-dvd2017-01-03-21-11-29\/","og_site_name":"Tienda de todotrial","article_modified_time":"2025-02-20T17:08:23+00:00","og_image":[{"width":360,"height":510,"url":"https:\/\/todotrial.com\/tienda\/wp-content\/uploads\/2017\/01\/1954.jpg","type":"image\/jpeg"}],"twitter_card":"summary_large_image","twitter_misc":{"Tiempo de lectura":"4 minutos"},"schema":{"@context":"https:\/\/schema.org","@graph":[{"@type":"WebPage","@id":"https:\/\/todotrial.com\/tienda\/isla-de-man-dvd2017-01-03-21-11-29\/","url":"https:\/\/todotrial.com\/tienda\/isla-de-man-dvd2017-01-03-21-11-29\/","name":"TT 2016 Review ( 2 Disc) DVD - Tienda de todotrial","isPartOf":{"@id":"https:\/\/todotrial.com\/tienda\/#website"},"primaryImageOfPage":{"@id":"https:\/\/todotrial.com\/tienda\/isla-de-man-dvd2017-01-03-21-11-29\/#primaryimage"},"image":{"@id":"https:\/\/todotrial.com\/tienda\/isla-de-man-dvd2017-01-03-21-11-29\/#primaryimage"},"thumbnailUrl":"https:\/\/todotrial.com\/tienda\/wp-content\/uploads\/2017\/01\/1954.jpg","datePublished":"2017-01-03T21:11:29+00:00","dateModified":"2025-02-20T17:08:23+00:00","breadcrumb":{"@id":"https:\/\/todotrial.com\/tienda\/isla-de-man-dvd2017-01-03-21-11-29\/#breadcrumb"},"inLanguage":"es","potentialAction":[{"@type":"ReadAction","target":["https:\/\/todotrial.com\/tienda\/isla-de-man-dvd2017-01-03-21-11-29\/"]}]},{"@type":"ImageObject","inLanguage":"es","@id":"https:\/\/todotrial.com\/tienda\/isla-de-man-dvd2017-01-03-21-11-29\/#primaryimage","url":"https:\/\/todotrial.com\/tienda\/wp-content\/uploads\/2017\/01\/1954.jpg","contentUrl":"https:\/\/todotrial.com\/tienda\/wp-content\/uploads\/2017\/01\/1954.jpg","width":360,"height":510},{"@type":"BreadcrumbList","@id":"https:\/\/todotrial.com\/tienda\/isla-de-man-dvd2017-01-03-21-11-29\/#breadcrumb","itemListElement":[{"@type":"ListItem","position":1,"name":"Portada","item":"https:\/\/todotrial.com\/tienda\/"},{"@type":"ListItem","position":2,"name":"Shop","item":"https:\/\/todotrial.com\/tienda\/shop\/"},{"@type":"ListItem","position":3,"name":"TT 2016 Review ( 2 Disc) DVD"}]},{"@type":"WebSite","@id":"https:\/\/todotrial.com\/tienda\/#website","url":"https:\/\/todotrial.com\/tienda\/","name":"Tienda de todotrial","description":"","potentialAction":[{"@type":"SearchAction","target":{"@type":"EntryPoint","urlTemplate":"https:\/\/todotrial.com\/tienda\/?s={search_term_string}"},"query-input":{"@type":"PropertyValueSpecification","valueRequired":true,"valueName":"search_term_string"}}],"inLanguage":"es"}]}},"_links":{"self":[{"href":"https:\/\/todotrial.com\/tienda\/wp-json\/wp\/v2\/product\/9009","targetHints":{"allow":["GET"]}}],"collection":[{"href":"https:\/\/todotrial.com\/tienda\/wp-json\/wp\/v2\/product"}],"about":[{"href":"https:\/\/todotrial.com\/tienda\/wp-json\/wp\/v2\/types\/product"}],"replies":[{"embeddable":true,"href":"https:\/\/todotrial.com\/tienda\/wp-json\/wp\/v2\/comments?post=9009"}],"version-history":[{"count":0,"href":"https:\/\/todotrial.com\/tienda\/wp-json\/wp\/v2\/product\/9009\/revisions"}],"wp:featuredmedia":[{"embeddable":true,"href":"https:\/\/todotrial.com\/tienda\/wp-json\/wp\/v2\/media\/9008"}],"wp:attachment":[{"href":"https:\/\/todotrial.com\/tienda\/wp-json\/wp\/v2\/media?parent=9009"}],"wp:term":[{"taxonomy":"product_brand","embeddable":true,"href":"https:\/\/todotrial.com\/tienda\/wp-json\/wp\/v2\/product_brand?post=9009"},{"taxonomy":"product_cat","embeddable":true,"href":"https:\/\/todotrial.com\/tienda\/wp-json\/wp\/v2\/product_cat?post=9009"},{"taxonomy":"product_tag","embeddable":true,"href":"https:\/\/todotrial.com\/tienda\/wp-json\/wp\/v2\/product_tag?post=9009"}],"curies":[{"name":"wp","href":"https:\/\/api.w.org\/{rel}","templated":true}]}}