{"id":9005,"date":"2017-01-03T20:53:25","date_gmt":"2017-01-03T20:53:25","guid":{"rendered":"https:\/\/todotrial.com\/tienda\/product\/isla-de-man\/"},"modified":"2025-02-20T18:08:24","modified_gmt":"2025-02-20T17:08:24","slug":"isla-de-man","status":"publish","type":"product","link":"https:\/\/todotrial.com\/tienda\/isla-de-man\/","title":{"rendered":"Classic TT 2015 DVD"},"content":{"rendered":"<p>Classic TT 2015 DVD<br \/>Duraci\u00f3n 118 minutos<\/p>\n<p><span id=\"result_box\" lang=\"es\"><span title=\"Classic TT 2015 \"><br \/><\/span><span title=\"The 2015 Isle of Man Classic TT presented by Bennetts saw records tumble amidst sunshine, big crowds and brilliant entertainment. \">La Isla de Man Classic TT de 2015, presentada por Bennetts, vio caer r\u00e9cords en medio del sol, grandes multitudes y entretenimiento brillante.<\/span><\/span><\/p>\n<p><span title=\"The paddock was swinging to the sound of the Bluejay's rock 'n' roll beat as classic bikes paraded and the ton up boys strutted their stuff \u2013 the '50s were back in town as the Isle of Man paid tribute to Norton and the great Geoff Duke\">El paddock se balanceaba al ritmo del rock &#8216;n&#8217; roll &#8216;del Bluejay mientras las bicicletas cl\u00e1sicas desfilaron y los muchachos de la tonelada hasta pavoneaban sus cosas &#8211; los a\u00f1os 50 estaban de vuelta en la ciudad mientras Isle of Man rend\u00eda homenaje a Norton y al gran Geoff Duke <\/span><span title=\". \">.<\/span><\/p>\n<p><span title=\"Fans were treated to the sight of the sole surviving 1950 works \u2018Featherbed\u2019 Norton back on the Mountain Course, in the hands of 2015 TT Superbike winner Bruce Anstey dressed in appropriate leathers and helmet to represent Geoff\u2019s winning Senior TT ride. \">Los aficionados fueron tratados a la vista de la \u00fanica supervivencia de las obras de 1950 &#8216;Featherbed&#8217; Norton de vuelta en el Mountain Course, en manos de 2015 TT Superbike ganador Bruce Anstey vestidos con cueros apropiados y casco para representar Geoff ganar Senior TT paseo.<\/span><\/p>\n<p><span title=\"There was even more excitement in store as nineteen original rotary-engined Nortons took to the circuit to honour the part played by Steve Hislop, Robert Dunlop, Trevor Nation and Steve Spray in helping the brand stay in the limelight through the '80s and '90s\">Hubo a\u00fan m\u00e1s emoci\u00f3n en la tienda como diecinueve originales Nortons motor rotatorio tom\u00f3 el circuito para honrar el papel desempe\u00f1ado por Steve Hislop, Robert Dunlop, Trevor Nation y Steve Spray en ayudar a la marca permanecer en el centro de atenci\u00f3n a trav\u00e9s de los a\u00f1os 80 y 90 <\/span><span title=\"\u2013 culminating Hizzy's sensational Senior win in 1992. \">&#8211; culminando la sensacional victoria de Hizzy en 1992.<\/span><\/p>\n<p><span title=\"It wasn\u2019t just about parades though, there was also the serious business of three big races: 500cc Senior Classic, 350cc Junior classic and the headlining Formula 1 TT Classic.\">No se trataba s\u00f3lo de desfiles, sin embargo, tambi\u00e9n hab\u00eda el negocio serio de tres grandes razas: 500cc Senior Classic, 350cc Junior cl\u00e1sico y la cabeza de F\u00f3rmula 1 TT Classic. <\/span><span title=\"Records were smashed in all three races and Bruce Anstey had additional reason to smile as he screamed round the course at 126mph+ to set a new Classic TT absolute record \u2013 not bad for a twenty year old YZR500! \">Los r\u00e9cords se rompieron en las tres carreras y Bruce Anstey tuvo otra raz\u00f3n para sonre\u00edr mientras gritaba alrededor del campo a 126 mph + para establecer un nuevo r\u00e9cord absoluto del Cl\u00e1sico TT &#8211; \u00a1no es malo para un YZR500 de veinte a\u00f1os!<\/span><\/p>\n<p><span title=\"This official Review of the events brings together the best of the action with the authentic atmosphere of classic motorcycle racing which can only be found on the Isle of Man\u2019s near legendary Mountain. \">Esta revisi\u00f3n oficial de los eventos re\u00fane lo mejor de la acci\u00f3n con el aut\u00e9ntico ambiente de las cl\u00e1sicas carreras de motos que s\u00f3lo se puede encontrar en la Isla de Man cerca de la legendaria monta\u00f1a.<\/span><\/p>\n<p><span title=\"DVD includes special bonus features: \">DVD incluye caracter\u00edsticas especiales de bonificaci\u00f3n:<\/span><\/p>\n<p><span title=\"\u00b7         Behind the Scenes at Norton \">\u00b7 Detr\u00e1s de las escenas en Norton<\/span><\/p>\n<p><span title=\"\u00b7         Dan Kneen Onboard Lap \u2013 Yamaha OW01 750cc \">\u00b7 Vuelta a bordo de Dan Kneen &#8211; Yamaha OW01 750cc<\/span><\/p>\n<p><span title=\"\u00b7         Dave Roper Onboard Lap - AJS Porcupine 500cc.\">\u00b7 Dave Roper a bordo de la vuelta &#8211; AJS Porcupine 500cc.<\/span><\/p>\n<p>&nbsp;<\/p>\n<p>Classic TT 2015<\/p>\n<p>The 2015 Isle of Man Classic TT presented by Bennetts saw records tumble amidst sunshine, big crowds and brilliant entertainment.<\/p>\n<p>The paddock was swinging to the sound of the Bluejay&#8217;s rock &#8216;n&#8217; roll beat as classic bikes paraded and the ton up boys strutted their stuff \u2013 the &#8217;50s were back in town as the Isle of Man paid tribute to Norton and the great Geoff Duke.<\/p>\n<p>Fans were treated to the sight of the sole surviving 1950 works &#8216;Featherbed&#8217; Norton back on the Mountain Course, in the hands of 2015 TT Superbike winner Bruce Anstey dressed in appropriate leathers and helmet to represent Geoff&#8217;s winning Senior TT ride.<\/p>\n<p>There was even more excitement in store as nineteen original rotary-engined Nortons took to the circuit to honour the part played by Steve Hislop, Robert Dunlop, Trevor Nation and Steve Spray in helping the brand stay in the limelight through the &#8217;80s and &#8217;90s \u2013 culminating Hizzy&#8217;s sensational Senior win in 1992.<\/p>\n<p>It wasn&#8217;t just about parades though, there was also the serious business of three big races: 500cc Senior Classic, 350cc Junior classic and the headlining Formula 1 TT Classic. Records were smashed in all three races and Bruce Anstey had additional reason to smile as he screamed round the course at 126mph+ to set a new Classic TT absolute record \u2013 not bad for a twenty year old YZR500!<\/p>\n<p>This official Review of the events brings together the best of the action with the authentic atmosphere of classic motorcycle racing which can only be found on the Isle of Man&#8217;s near legendary Mountain.<\/p>\n<p>DVD includes special bonus features:<\/p>\n<p>\u00b7 Behind the Scenes at Norton<\/p>\n<p>\u00b7 Dan Kneen Onboard Lap \u2013 Yamaha OW01 750cc<\/p>\n<p>\u00b7 Dave Roper Onboard Lap &#8211; AJS Porcupine 500cc.<\/p>\n","protected":false},"excerpt":{"rendered":"<p>Classic TT 2015 DVD<br \/>\nDuraci\u00f3n 118 minutos<\/p>\n","protected":false},"featured_media":9004,"comment_status":"open","ping_status":"closed","template":"","meta":[],"product_brand":[],"product_cat":[15],"product_tag":[],"class_list":{"0":"post-9005","1":"product","2":"type-product","3":"status-publish","4":"has-post-thumbnail","6":"product_cat-uncategorized","8":"first","9":"outofstock","10":"taxable","11":"shipping-taxable","12":"purchasable","13":"product-type-simple"},"yoast_head":"<!-- This site is optimized with the Yoast SEO Premium plugin v21.2 (Yoast SEO v27.3) - https:\/\/yoast.com\/product\/yoast-seo-premium-wordpress\/ -->\n<title>Classic TT 2015 DVD - Tienda de todotrial<\/title>\n<meta name=\"robots\" content=\"index, follow, max-snippet:-1, max-image-preview:large, max-video-preview:-1\" \/>\n<link rel=\"canonical\" href=\"https:\/\/todotrial.com\/tienda\/isla-de-man\/\" \/>\n<meta property=\"og:locale\" content=\"es_ES\" \/>\n<meta property=\"og:type\" content=\"article\" \/>\n<meta property=\"og:title\" content=\"Classic TT 2015 DVD\" \/>\n<meta property=\"og:description\" content=\"Classic TT 2015 DVD Duraci\u00f3n 118 minutos\" \/>\n<meta property=\"og:url\" content=\"https:\/\/todotrial.com\/tienda\/isla-de-man\/\" \/>\n<meta property=\"og:site_name\" content=\"Tienda de todotrial\" \/>\n<meta property=\"article:modified_time\" content=\"2025-02-20T17:08:24+00:00\" \/>\n<meta property=\"og:image\" content=\"https:\/\/todotrial.com\/tienda\/wp-content\/uploads\/2017\/01\/1176.jpg\" \/>\n\t<meta property=\"og:image:width\" content=\"360\" \/>\n\t<meta property=\"og:image:height\" content=\"506\" \/>\n\t<meta property=\"og:image:type\" content=\"image\/jpeg\" \/>\n<meta name=\"twitter:card\" content=\"summary_large_image\" \/>\n<meta name=\"twitter:label1\" content=\"Tiempo de lectura\" \/>\n\t<meta name=\"twitter:data1\" content=\"3 minutos\" \/>\n<script type=\"application\/ld+json\" class=\"yoast-schema-graph\">{\"@context\":\"https:\\\/\\\/schema.org\",\"@graph\":[{\"@type\":\"WebPage\",\"@id\":\"https:\\\/\\\/todotrial.com\\\/tienda\\\/isla-de-man\\\/\",\"url\":\"https:\\\/\\\/todotrial.com\\\/tienda\\\/isla-de-man\\\/\",\"name\":\"Classic TT 2015 DVD - Tienda de todotrial\",\"isPartOf\":{\"@id\":\"https:\\\/\\\/todotrial.com\\\/tienda\\\/#website\"},\"primaryImageOfPage\":{\"@id\":\"https:\\\/\\\/todotrial.com\\\/tienda\\\/isla-de-man\\\/#primaryimage\"},\"image\":{\"@id\":\"https:\\\/\\\/todotrial.com\\\/tienda\\\/isla-de-man\\\/#primaryimage\"},\"thumbnailUrl\":\"https:\\\/\\\/todotrial.com\\\/tienda\\\/wp-content\\\/uploads\\\/2017\\\/01\\\/1176.jpg\",\"datePublished\":\"2017-01-03T20:53:25+00:00\",\"dateModified\":\"2025-02-20T17:08:24+00:00\",\"breadcrumb\":{\"@id\":\"https:\\\/\\\/todotrial.com\\\/tienda\\\/isla-de-man\\\/#breadcrumb\"},\"inLanguage\":\"es\",\"potentialAction\":[{\"@type\":\"ReadAction\",\"target\":[\"https:\\\/\\\/todotrial.com\\\/tienda\\\/isla-de-man\\\/\"]}]},{\"@type\":\"ImageObject\",\"inLanguage\":\"es\",\"@id\":\"https:\\\/\\\/todotrial.com\\\/tienda\\\/isla-de-man\\\/#primaryimage\",\"url\":\"https:\\\/\\\/todotrial.com\\\/tienda\\\/wp-content\\\/uploads\\\/2017\\\/01\\\/1176.jpg\",\"contentUrl\":\"https:\\\/\\\/todotrial.com\\\/tienda\\\/wp-content\\\/uploads\\\/2017\\\/01\\\/1176.jpg\",\"width\":360,\"height\":506},{\"@type\":\"BreadcrumbList\",\"@id\":\"https:\\\/\\\/todotrial.com\\\/tienda\\\/isla-de-man\\\/#breadcrumb\",\"itemListElement\":[{\"@type\":\"ListItem\",\"position\":1,\"name\":\"Portada\",\"item\":\"https:\\\/\\\/todotrial.com\\\/tienda\\\/\"},{\"@type\":\"ListItem\",\"position\":2,\"name\":\"Shop\",\"item\":\"https:\\\/\\\/todotrial.com\\\/tienda\\\/shop\\\/\"},{\"@type\":\"ListItem\",\"position\":3,\"name\":\"Classic TT 2015 DVD\"}]},{\"@type\":\"WebSite\",\"@id\":\"https:\\\/\\\/todotrial.com\\\/tienda\\\/#website\",\"url\":\"https:\\\/\\\/todotrial.com\\\/tienda\\\/\",\"name\":\"Tienda de todotrial\",\"description\":\"\",\"potentialAction\":[{\"@type\":\"SearchAction\",\"target\":{\"@type\":\"EntryPoint\",\"urlTemplate\":\"https:\\\/\\\/todotrial.com\\\/tienda\\\/?s={search_term_string}\"},\"query-input\":{\"@type\":\"PropertyValueSpecification\",\"valueRequired\":true,\"valueName\":\"search_term_string\"}}],\"inLanguage\":\"es\"}]}<\/script>\n<!-- \/ Yoast SEO Premium plugin. -->","yoast_head_json":{"title":"Classic TT 2015 DVD - Tienda de todotrial","robots":{"index":"index","follow":"follow","max-snippet":"max-snippet:-1","max-image-preview":"max-image-preview:large","max-video-preview":"max-video-preview:-1"},"canonical":"https:\/\/todotrial.com\/tienda\/isla-de-man\/","og_locale":"es_ES","og_type":"article","og_title":"Classic TT 2015 DVD","og_description":"Classic TT 2015 DVD Duraci\u00f3n 118 minutos","og_url":"https:\/\/todotrial.com\/tienda\/isla-de-man\/","og_site_name":"Tienda de todotrial","article_modified_time":"2025-02-20T17:08:24+00:00","og_image":[{"width":360,"height":506,"url":"https:\/\/todotrial.com\/tienda\/wp-content\/uploads\/2017\/01\/1176.jpg","type":"image\/jpeg"}],"twitter_card":"summary_large_image","twitter_misc":{"Tiempo de lectura":"3 minutos"},"schema":{"@context":"https:\/\/schema.org","@graph":[{"@type":"WebPage","@id":"https:\/\/todotrial.com\/tienda\/isla-de-man\/","url":"https:\/\/todotrial.com\/tienda\/isla-de-man\/","name":"Classic TT 2015 DVD - Tienda de todotrial","isPartOf":{"@id":"https:\/\/todotrial.com\/tienda\/#website"},"primaryImageOfPage":{"@id":"https:\/\/todotrial.com\/tienda\/isla-de-man\/#primaryimage"},"image":{"@id":"https:\/\/todotrial.com\/tienda\/isla-de-man\/#primaryimage"},"thumbnailUrl":"https:\/\/todotrial.com\/tienda\/wp-content\/uploads\/2017\/01\/1176.jpg","datePublished":"2017-01-03T20:53:25+00:00","dateModified":"2025-02-20T17:08:24+00:00","breadcrumb":{"@id":"https:\/\/todotrial.com\/tienda\/isla-de-man\/#breadcrumb"},"inLanguage":"es","potentialAction":[{"@type":"ReadAction","target":["https:\/\/todotrial.com\/tienda\/isla-de-man\/"]}]},{"@type":"ImageObject","inLanguage":"es","@id":"https:\/\/todotrial.com\/tienda\/isla-de-man\/#primaryimage","url":"https:\/\/todotrial.com\/tienda\/wp-content\/uploads\/2017\/01\/1176.jpg","contentUrl":"https:\/\/todotrial.com\/tienda\/wp-content\/uploads\/2017\/01\/1176.jpg","width":360,"height":506},{"@type":"BreadcrumbList","@id":"https:\/\/todotrial.com\/tienda\/isla-de-man\/#breadcrumb","itemListElement":[{"@type":"ListItem","position":1,"name":"Portada","item":"https:\/\/todotrial.com\/tienda\/"},{"@type":"ListItem","position":2,"name":"Shop","item":"https:\/\/todotrial.com\/tienda\/shop\/"},{"@type":"ListItem","position":3,"name":"Classic TT 2015 DVD"}]},{"@type":"WebSite","@id":"https:\/\/todotrial.com\/tienda\/#website","url":"https:\/\/todotrial.com\/tienda\/","name":"Tienda de todotrial","description":"","potentialAction":[{"@type":"SearchAction","target":{"@type":"EntryPoint","urlTemplate":"https:\/\/todotrial.com\/tienda\/?s={search_term_string}"},"query-input":{"@type":"PropertyValueSpecification","valueRequired":true,"valueName":"search_term_string"}}],"inLanguage":"es"}]}},"_links":{"self":[{"href":"https:\/\/todotrial.com\/tienda\/wp-json\/wp\/v2\/product\/9005","targetHints":{"allow":["GET"]}}],"collection":[{"href":"https:\/\/todotrial.com\/tienda\/wp-json\/wp\/v2\/product"}],"about":[{"href":"https:\/\/todotrial.com\/tienda\/wp-json\/wp\/v2\/types\/product"}],"replies":[{"embeddable":true,"href":"https:\/\/todotrial.com\/tienda\/wp-json\/wp\/v2\/comments?post=9005"}],"version-history":[{"count":0,"href":"https:\/\/todotrial.com\/tienda\/wp-json\/wp\/v2\/product\/9005\/revisions"}],"wp:featuredmedia":[{"embeddable":true,"href":"https:\/\/todotrial.com\/tienda\/wp-json\/wp\/v2\/media\/9004"}],"wp:attachment":[{"href":"https:\/\/todotrial.com\/tienda\/wp-json\/wp\/v2\/media?parent=9005"}],"wp:term":[{"taxonomy":"product_brand","embeddable":true,"href":"https:\/\/todotrial.com\/tienda\/wp-json\/wp\/v2\/product_brand?post=9005"},{"taxonomy":"product_cat","embeddable":true,"href":"https:\/\/todotrial.com\/tienda\/wp-json\/wp\/v2\/product_cat?post=9005"},{"taxonomy":"product_tag","embeddable":true,"href":"https:\/\/todotrial.com\/tienda\/wp-json\/wp\/v2\/product_tag?post=9005"}],"curies":[{"name":"wp","href":"https:\/\/api.w.org\/{rel}","templated":true}]}}