{"id":8812,"date":"2016-12-22T22:06:11","date_gmt":"2016-12-22T22:06:11","guid":{"rendered":"https:\/\/todotrial.com\/tienda\/product\/faros2016-12-22-22-06-11\/"},"modified":"2025-02-20T18:08:57","modified_gmt":"2025-02-20T17:08:57","slug":"faros2016-12-22-22-06-11","status":"publish","type":"product","link":"https:\/\/todotrial.com\/tienda\/faros2016-12-22-22-06-11\/","title":{"rendered":"\u00d3ptica TRIAL para portafaros plano Montesa con Portal\u00e1mparas 9 mms."},"content":{"rendered":"<p>\u00d3ptica TRIAL con Portal\u00e1mparas 9 mms.<br \/>\nRecambio para portafaros Trial \u00abMontesa\u00bb (extra plano), que tambi\u00e9n est\u00e1 disponible en Fibra de Carbono.<\/p>\n<p>Utilizada habitualmente para las Montesa Cota 315<\/p>\n","protected":false},"excerpt":{"rendered":"<p>OPtica TRIAL con Portalamparas 9mms.<br \/>\nRecambio para Portafaros TRIAL \u00abOK\u00bb (extra plano)<\/p>\n","protected":false},"featured_media":8811,"comment_status":"open","ping_status":"closed","template":"","meta":[],"product_brand":[],"product_cat":[15],"product_tag":[],"class_list":{"0":"post-8812","1":"product","2":"type-product","3":"status-publish","4":"has-post-thumbnail","6":"product_cat-uncategorized","8":"first","9":"instock","10":"taxable","11":"shipping-taxable","12":"purchasable","13":"product-type-simple"},"yoast_head":"<!-- This site is optimized with the Yoast SEO Premium plugin v21.2 (Yoast SEO v27.5) - https:\/\/yoast.com\/product\/yoast-seo-premium-wordpress\/ -->\n<title>\u00d3ptica TRIAL para portafaros plano Montesa con Portal\u00e1mparas 9 mms. - Tienda de todotrial<\/title>\n<meta name=\"robots\" content=\"index, follow, max-snippet:-1, max-image-preview:large, max-video-preview:-1\" \/>\n<link rel=\"canonical\" href=\"https:\/\/todotrial.com\/tienda\/faros2016-12-22-22-06-11\/\" \/>\n<meta property=\"og:locale\" content=\"es_ES\" \/>\n<meta property=\"og:type\" content=\"article\" \/>\n<meta property=\"og:title\" content=\"\u00d3ptica TRIAL para portafaros plano Montesa con Portal\u00e1mparas 9 mms.\" \/>\n<meta property=\"og:description\" content=\"OPtica TRIAL con Portalamparas 9mms. Recambio para Portafaros TRIAL &quot;OK&quot; (extra plano)\" \/>\n<meta property=\"og:url\" content=\"https:\/\/todotrial.com\/tienda\/faros2016-12-22-22-06-11\/\" \/>\n<meta property=\"og:site_name\" content=\"Tienda de todotrial\" \/>\n<meta property=\"article:modified_time\" content=\"2025-02-20T17:08:57+00:00\" \/>\n<meta property=\"og:image\" content=\"https:\/\/todotrial.com\/tienda\/wp-content\/uploads\/2016\/12\/optica_trial.jpg\" \/>\n\t<meta property=\"og:image:width\" content=\"261\" \/>\n\t<meta property=\"og:image:height\" content=\"210\" \/>\n\t<meta property=\"og:image:type\" content=\"image\/jpeg\" \/>\n<meta name=\"twitter:card\" content=\"summary_large_image\" \/>\n<meta name=\"twitter:label1\" content=\"Tiempo de lectura\" \/>\n\t<meta name=\"twitter:data1\" content=\"1 minuto\" \/>\n<script type=\"application\/ld+json\" class=\"yoast-schema-graph\">{\"@context\":\"https:\\\/\\\/schema.org\",\"@graph\":[{\"@type\":\"WebPage\",\"@id\":\"https:\\\/\\\/todotrial.com\\\/tienda\\\/faros2016-12-22-22-06-11\\\/\",\"url\":\"https:\\\/\\\/todotrial.com\\\/tienda\\\/faros2016-12-22-22-06-11\\\/\",\"name\":\"\u00d3ptica TRIAL para portafaros plano Montesa con Portal\u00e1mparas 9 mms. - Tienda de todotrial\",\"isPartOf\":{\"@id\":\"https:\\\/\\\/todotrial.com\\\/tienda\\\/#website\"},\"primaryImageOfPage\":{\"@id\":\"https:\\\/\\\/todotrial.com\\\/tienda\\\/faros2016-12-22-22-06-11\\\/#primaryimage\"},\"image\":{\"@id\":\"https:\\\/\\\/todotrial.com\\\/tienda\\\/faros2016-12-22-22-06-11\\\/#primaryimage\"},\"thumbnailUrl\":\"https:\\\/\\\/todotrial.com\\\/tienda\\\/wp-content\\\/uploads\\\/2016\\\/12\\\/optica_trial.jpg\",\"datePublished\":\"2016-12-22T22:06:11+00:00\",\"dateModified\":\"2025-02-20T17:08:57+00:00\",\"breadcrumb\":{\"@id\":\"https:\\\/\\\/todotrial.com\\\/tienda\\\/faros2016-12-22-22-06-11\\\/#breadcrumb\"},\"inLanguage\":\"es\",\"potentialAction\":[{\"@type\":\"ReadAction\",\"target\":[\"https:\\\/\\\/todotrial.com\\\/tienda\\\/faros2016-12-22-22-06-11\\\/\"]}]},{\"@type\":\"ImageObject\",\"inLanguage\":\"es\",\"@id\":\"https:\\\/\\\/todotrial.com\\\/tienda\\\/faros2016-12-22-22-06-11\\\/#primaryimage\",\"url\":\"https:\\\/\\\/todotrial.com\\\/tienda\\\/wp-content\\\/uploads\\\/2016\\\/12\\\/optica_trial.jpg\",\"contentUrl\":\"https:\\\/\\\/todotrial.com\\\/tienda\\\/wp-content\\\/uploads\\\/2016\\\/12\\\/optica_trial.jpg\",\"width\":261,\"height\":210},{\"@type\":\"BreadcrumbList\",\"@id\":\"https:\\\/\\\/todotrial.com\\\/tienda\\\/faros2016-12-22-22-06-11\\\/#breadcrumb\",\"itemListElement\":[{\"@type\":\"ListItem\",\"position\":1,\"name\":\"Portada\",\"item\":\"https:\\\/\\\/todotrial.com\\\/tienda\\\/\"},{\"@type\":\"ListItem\",\"position\":2,\"name\":\"Shop\",\"item\":\"https:\\\/\\\/todotrial.com\\\/tienda\\\/shop\\\/\"},{\"@type\":\"ListItem\",\"position\":3,\"name\":\"\u00d3ptica TRIAL para portafaros plano Montesa con Portal\u00e1mparas 9 mms.\"}]},{\"@type\":\"WebSite\",\"@id\":\"https:\\\/\\\/todotrial.com\\\/tienda\\\/#website\",\"url\":\"https:\\\/\\\/todotrial.com\\\/tienda\\\/\",\"name\":\"Tienda de todotrial\",\"description\":\"\",\"potentialAction\":[{\"@type\":\"SearchAction\",\"target\":{\"@type\":\"EntryPoint\",\"urlTemplate\":\"https:\\\/\\\/todotrial.com\\\/tienda\\\/?s={search_term_string}\"},\"query-input\":{\"@type\":\"PropertyValueSpecification\",\"valueRequired\":true,\"valueName\":\"search_term_string\"}}],\"inLanguage\":\"es\"}]}<\/script>\n<!-- \/ Yoast SEO Premium plugin. -->","yoast_head_json":{"title":"\u00d3ptica TRIAL para portafaros plano Montesa con Portal\u00e1mparas 9 mms. - Tienda de todotrial","robots":{"index":"index","follow":"follow","max-snippet":"max-snippet:-1","max-image-preview":"max-image-preview:large","max-video-preview":"max-video-preview:-1"},"canonical":"https:\/\/todotrial.com\/tienda\/faros2016-12-22-22-06-11\/","og_locale":"es_ES","og_type":"article","og_title":"\u00d3ptica TRIAL para portafaros plano Montesa con Portal\u00e1mparas 9 mms.","og_description":"OPtica TRIAL con Portalamparas 9mms. Recambio para Portafaros TRIAL \"OK\" (extra plano)","og_url":"https:\/\/todotrial.com\/tienda\/faros2016-12-22-22-06-11\/","og_site_name":"Tienda de todotrial","article_modified_time":"2025-02-20T17:08:57+00:00","og_image":[{"width":261,"height":210,"url":"https:\/\/todotrial.com\/tienda\/wp-content\/uploads\/2016\/12\/optica_trial.jpg","type":"image\/jpeg"}],"twitter_card":"summary_large_image","twitter_misc":{"Tiempo de lectura":"1 minuto"},"schema":{"@context":"https:\/\/schema.org","@graph":[{"@type":"WebPage","@id":"https:\/\/todotrial.com\/tienda\/faros2016-12-22-22-06-11\/","url":"https:\/\/todotrial.com\/tienda\/faros2016-12-22-22-06-11\/","name":"\u00d3ptica TRIAL para portafaros plano Montesa con Portal\u00e1mparas 9 mms. - Tienda de todotrial","isPartOf":{"@id":"https:\/\/todotrial.com\/tienda\/#website"},"primaryImageOfPage":{"@id":"https:\/\/todotrial.com\/tienda\/faros2016-12-22-22-06-11\/#primaryimage"},"image":{"@id":"https:\/\/todotrial.com\/tienda\/faros2016-12-22-22-06-11\/#primaryimage"},"thumbnailUrl":"https:\/\/todotrial.com\/tienda\/wp-content\/uploads\/2016\/12\/optica_trial.jpg","datePublished":"2016-12-22T22:06:11+00:00","dateModified":"2025-02-20T17:08:57+00:00","breadcrumb":{"@id":"https:\/\/todotrial.com\/tienda\/faros2016-12-22-22-06-11\/#breadcrumb"},"inLanguage":"es","potentialAction":[{"@type":"ReadAction","target":["https:\/\/todotrial.com\/tienda\/faros2016-12-22-22-06-11\/"]}]},{"@type":"ImageObject","inLanguage":"es","@id":"https:\/\/todotrial.com\/tienda\/faros2016-12-22-22-06-11\/#primaryimage","url":"https:\/\/todotrial.com\/tienda\/wp-content\/uploads\/2016\/12\/optica_trial.jpg","contentUrl":"https:\/\/todotrial.com\/tienda\/wp-content\/uploads\/2016\/12\/optica_trial.jpg","width":261,"height":210},{"@type":"BreadcrumbList","@id":"https:\/\/todotrial.com\/tienda\/faros2016-12-22-22-06-11\/#breadcrumb","itemListElement":[{"@type":"ListItem","position":1,"name":"Portada","item":"https:\/\/todotrial.com\/tienda\/"},{"@type":"ListItem","position":2,"name":"Shop","item":"https:\/\/todotrial.com\/tienda\/shop\/"},{"@type":"ListItem","position":3,"name":"\u00d3ptica TRIAL para portafaros plano Montesa con Portal\u00e1mparas 9 mms."}]},{"@type":"WebSite","@id":"https:\/\/todotrial.com\/tienda\/#website","url":"https:\/\/todotrial.com\/tienda\/","name":"Tienda de todotrial","description":"","potentialAction":[{"@type":"SearchAction","target":{"@type":"EntryPoint","urlTemplate":"https:\/\/todotrial.com\/tienda\/?s={search_term_string}"},"query-input":{"@type":"PropertyValueSpecification","valueRequired":true,"valueName":"search_term_string"}}],"inLanguage":"es"}]}},"_links":{"self":[{"href":"https:\/\/todotrial.com\/tienda\/wp-json\/wp\/v2\/product\/8812","targetHints":{"allow":["GET"]}}],"collection":[{"href":"https:\/\/todotrial.com\/tienda\/wp-json\/wp\/v2\/product"}],"about":[{"href":"https:\/\/todotrial.com\/tienda\/wp-json\/wp\/v2\/types\/product"}],"replies":[{"embeddable":true,"href":"https:\/\/todotrial.com\/tienda\/wp-json\/wp\/v2\/comments?post=8812"}],"version-history":[{"count":0,"href":"https:\/\/todotrial.com\/tienda\/wp-json\/wp\/v2\/product\/8812\/revisions"}],"wp:featuredmedia":[{"embeddable":true,"href":"https:\/\/todotrial.com\/tienda\/wp-json\/wp\/v2\/media\/8811"}],"wp:attachment":[{"href":"https:\/\/todotrial.com\/tienda\/wp-json\/wp\/v2\/media?parent=8812"}],"wp:term":[{"taxonomy":"product_brand","embeddable":true,"href":"https:\/\/todotrial.com\/tienda\/wp-json\/wp\/v2\/product_brand?post=8812"},{"taxonomy":"product_cat","embeddable":true,"href":"https:\/\/todotrial.com\/tienda\/wp-json\/wp\/v2\/product_cat?post=8812"},{"taxonomy":"product_tag","embeddable":true,"href":"https:\/\/todotrial.com\/tienda\/wp-json\/wp\/v2\/product_tag?post=8812"}],"curies":[{"name":"wp","href":"https:\/\/api.w.org\/{rel}","templated":true}]}}