{"id":8351,"date":"2016-10-08T16:13:16","date_gmt":"2016-10-08T16:13:16","guid":{"rendered":"https:\/\/todotrial.com\/tienda\/product\/stickers2016-10-08-16-13-16\/"},"modified":"2025-02-20T18:10:49","modified_gmt":"2025-02-20T17:10:49","slug":"stickers2016-10-08-16-13-16","status":"publish","type":"product","link":"https:\/\/todotrial.com\/tienda\/stickers2016-10-08-16-13-16\/","title":{"rendered":"HONDA HRC Decals Stickers"},"content":{"rendered":"<p>HONDA HRC Decals Stickers<br \/>Set de 4 stickers<\/p>\n<p>Dimensiones: 75&nbsp; x 25 mm. cada una<\/p>\n<p>ENVIO GRATIS (carta ordinaria)<\/p>\n<p>Tenemos que recordar que los env\u00edos ordinarios NO tienen n\u00famero de seguimiento. En el caso de solicitar el env\u00edo gratuito de las pegatinas, la empresa suministradora NO se har\u00e1 responsable en un supuesto caso que Correos extrav\u00ede el sobre con las pegatinas. No se podr\u00e1 reclamar nada porque no habr\u00eda forma de localizarlo, siendo Correos el \u00fanico responsable. El porcentaje de extrav\u00edos de Correos para los env\u00edos ordinarios es del 2%.<\/p>\n","protected":false},"excerpt":{"rendered":"<p>HONDA HRC Decals Stickers<br \/>\nSet de 4 stickers<\/p>\n","protected":false},"featured_media":8350,"comment_status":"open","ping_status":"closed","template":"","meta":[],"product_brand":[],"product_cat":[15],"product_tag":[],"class_list":{"0":"post-8351","1":"product","2":"type-product","3":"status-publish","4":"has-post-thumbnail","6":"product_cat-uncategorized","8":"first","9":"instock","10":"taxable","11":"shipping-taxable","12":"purchasable","13":"product-type-simple"},"yoast_head":"<!-- This site is optimized with the Yoast SEO Premium plugin v21.2 (Yoast SEO v27.5) - https:\/\/yoast.com\/product\/yoast-seo-premium-wordpress\/ -->\n<title>HONDA HRC Decals Stickers - Tienda de todotrial<\/title>\n<meta name=\"robots\" content=\"index, follow, max-snippet:-1, max-image-preview:large, max-video-preview:-1\" \/>\n<link rel=\"canonical\" href=\"https:\/\/todotrial.com\/tienda\/stickers2016-10-08-16-13-16\/\" \/>\n<meta property=\"og:locale\" content=\"es_ES\" \/>\n<meta property=\"og:type\" content=\"article\" \/>\n<meta property=\"og:title\" content=\"HONDA HRC Decals Stickers\" \/>\n<meta property=\"og:description\" content=\"HONDA HRC Decals Stickers  Set de 4 stickers\" \/>\n<meta property=\"og:url\" content=\"https:\/\/todotrial.com\/tienda\/stickers2016-10-08-16-13-16\/\" \/>\n<meta property=\"og:site_name\" content=\"Tienda de todotrial\" \/>\n<meta property=\"article:modified_time\" content=\"2025-02-20T17:10:49+00:00\" \/>\n<meta property=\"og:image\" content=\"https:\/\/todotrial.com\/tienda\/wp-content\/uploads\/2016\/10\/hrc_stickers.jpg\" \/>\n\t<meta property=\"og:image:width\" content=\"225\" \/>\n\t<meta property=\"og:image:height\" content=\"225\" \/>\n\t<meta property=\"og:image:type\" content=\"image\/jpeg\" \/>\n<meta name=\"twitter:card\" content=\"summary_large_image\" \/>\n<script type=\"application\/ld+json\" class=\"yoast-schema-graph\">{\"@context\":\"https:\\\/\\\/schema.org\",\"@graph\":[{\"@type\":\"WebPage\",\"@id\":\"https:\\\/\\\/todotrial.com\\\/tienda\\\/stickers2016-10-08-16-13-16\\\/\",\"url\":\"https:\\\/\\\/todotrial.com\\\/tienda\\\/stickers2016-10-08-16-13-16\\\/\",\"name\":\"HONDA HRC Decals Stickers - Tienda de todotrial\",\"isPartOf\":{\"@id\":\"https:\\\/\\\/todotrial.com\\\/tienda\\\/#website\"},\"primaryImageOfPage\":{\"@id\":\"https:\\\/\\\/todotrial.com\\\/tienda\\\/stickers2016-10-08-16-13-16\\\/#primaryimage\"},\"image\":{\"@id\":\"https:\\\/\\\/todotrial.com\\\/tienda\\\/stickers2016-10-08-16-13-16\\\/#primaryimage\"},\"thumbnailUrl\":\"https:\\\/\\\/todotrial.com\\\/tienda\\\/wp-content\\\/uploads\\\/2016\\\/10\\\/hrc_stickers.jpg\",\"datePublished\":\"2016-10-08T16:13:16+00:00\",\"dateModified\":\"2025-02-20T17:10:49+00:00\",\"breadcrumb\":{\"@id\":\"https:\\\/\\\/todotrial.com\\\/tienda\\\/stickers2016-10-08-16-13-16\\\/#breadcrumb\"},\"inLanguage\":\"es\",\"potentialAction\":[{\"@type\":\"ReadAction\",\"target\":[\"https:\\\/\\\/todotrial.com\\\/tienda\\\/stickers2016-10-08-16-13-16\\\/\"]}]},{\"@type\":\"ImageObject\",\"inLanguage\":\"es\",\"@id\":\"https:\\\/\\\/todotrial.com\\\/tienda\\\/stickers2016-10-08-16-13-16\\\/#primaryimage\",\"url\":\"https:\\\/\\\/todotrial.com\\\/tienda\\\/wp-content\\\/uploads\\\/2016\\\/10\\\/hrc_stickers.jpg\",\"contentUrl\":\"https:\\\/\\\/todotrial.com\\\/tienda\\\/wp-content\\\/uploads\\\/2016\\\/10\\\/hrc_stickers.jpg\",\"width\":225,\"height\":225},{\"@type\":\"BreadcrumbList\",\"@id\":\"https:\\\/\\\/todotrial.com\\\/tienda\\\/stickers2016-10-08-16-13-16\\\/#breadcrumb\",\"itemListElement\":[{\"@type\":\"ListItem\",\"position\":1,\"name\":\"Portada\",\"item\":\"https:\\\/\\\/todotrial.com\\\/tienda\\\/\"},{\"@type\":\"ListItem\",\"position\":2,\"name\":\"Shop\",\"item\":\"https:\\\/\\\/todotrial.com\\\/tienda\\\/shop\\\/\"},{\"@type\":\"ListItem\",\"position\":3,\"name\":\"HONDA HRC Decals Stickers\"}]},{\"@type\":\"WebSite\",\"@id\":\"https:\\\/\\\/todotrial.com\\\/tienda\\\/#website\",\"url\":\"https:\\\/\\\/todotrial.com\\\/tienda\\\/\",\"name\":\"Tienda de todotrial\",\"description\":\"\",\"potentialAction\":[{\"@type\":\"SearchAction\",\"target\":{\"@type\":\"EntryPoint\",\"urlTemplate\":\"https:\\\/\\\/todotrial.com\\\/tienda\\\/?s={search_term_string}\"},\"query-input\":{\"@type\":\"PropertyValueSpecification\",\"valueRequired\":true,\"valueName\":\"search_term_string\"}}],\"inLanguage\":\"es\"}]}<\/script>\n<!-- \/ Yoast SEO Premium plugin. -->","yoast_head_json":{"title":"HONDA HRC Decals Stickers - Tienda de todotrial","robots":{"index":"index","follow":"follow","max-snippet":"max-snippet:-1","max-image-preview":"max-image-preview:large","max-video-preview":"max-video-preview:-1"},"canonical":"https:\/\/todotrial.com\/tienda\/stickers2016-10-08-16-13-16\/","og_locale":"es_ES","og_type":"article","og_title":"HONDA HRC Decals Stickers","og_description":"HONDA HRC Decals Stickers  Set de 4 stickers","og_url":"https:\/\/todotrial.com\/tienda\/stickers2016-10-08-16-13-16\/","og_site_name":"Tienda de todotrial","article_modified_time":"2025-02-20T17:10:49+00:00","og_image":[{"width":225,"height":225,"url":"https:\/\/todotrial.com\/tienda\/wp-content\/uploads\/2016\/10\/hrc_stickers.jpg","type":"image\/jpeg"}],"twitter_card":"summary_large_image","schema":{"@context":"https:\/\/schema.org","@graph":[{"@type":"WebPage","@id":"https:\/\/todotrial.com\/tienda\/stickers2016-10-08-16-13-16\/","url":"https:\/\/todotrial.com\/tienda\/stickers2016-10-08-16-13-16\/","name":"HONDA HRC Decals Stickers - Tienda de todotrial","isPartOf":{"@id":"https:\/\/todotrial.com\/tienda\/#website"},"primaryImageOfPage":{"@id":"https:\/\/todotrial.com\/tienda\/stickers2016-10-08-16-13-16\/#primaryimage"},"image":{"@id":"https:\/\/todotrial.com\/tienda\/stickers2016-10-08-16-13-16\/#primaryimage"},"thumbnailUrl":"https:\/\/todotrial.com\/tienda\/wp-content\/uploads\/2016\/10\/hrc_stickers.jpg","datePublished":"2016-10-08T16:13:16+00:00","dateModified":"2025-02-20T17:10:49+00:00","breadcrumb":{"@id":"https:\/\/todotrial.com\/tienda\/stickers2016-10-08-16-13-16\/#breadcrumb"},"inLanguage":"es","potentialAction":[{"@type":"ReadAction","target":["https:\/\/todotrial.com\/tienda\/stickers2016-10-08-16-13-16\/"]}]},{"@type":"ImageObject","inLanguage":"es","@id":"https:\/\/todotrial.com\/tienda\/stickers2016-10-08-16-13-16\/#primaryimage","url":"https:\/\/todotrial.com\/tienda\/wp-content\/uploads\/2016\/10\/hrc_stickers.jpg","contentUrl":"https:\/\/todotrial.com\/tienda\/wp-content\/uploads\/2016\/10\/hrc_stickers.jpg","width":225,"height":225},{"@type":"BreadcrumbList","@id":"https:\/\/todotrial.com\/tienda\/stickers2016-10-08-16-13-16\/#breadcrumb","itemListElement":[{"@type":"ListItem","position":1,"name":"Portada","item":"https:\/\/todotrial.com\/tienda\/"},{"@type":"ListItem","position":2,"name":"Shop","item":"https:\/\/todotrial.com\/tienda\/shop\/"},{"@type":"ListItem","position":3,"name":"HONDA HRC Decals Stickers"}]},{"@type":"WebSite","@id":"https:\/\/todotrial.com\/tienda\/#website","url":"https:\/\/todotrial.com\/tienda\/","name":"Tienda de todotrial","description":"","potentialAction":[{"@type":"SearchAction","target":{"@type":"EntryPoint","urlTemplate":"https:\/\/todotrial.com\/tienda\/?s={search_term_string}"},"query-input":{"@type":"PropertyValueSpecification","valueRequired":true,"valueName":"search_term_string"}}],"inLanguage":"es"}]}},"_links":{"self":[{"href":"https:\/\/todotrial.com\/tienda\/wp-json\/wp\/v2\/product\/8351","targetHints":{"allow":["GET"]}}],"collection":[{"href":"https:\/\/todotrial.com\/tienda\/wp-json\/wp\/v2\/product"}],"about":[{"href":"https:\/\/todotrial.com\/tienda\/wp-json\/wp\/v2\/types\/product"}],"replies":[{"embeddable":true,"href":"https:\/\/todotrial.com\/tienda\/wp-json\/wp\/v2\/comments?post=8351"}],"version-history":[{"count":0,"href":"https:\/\/todotrial.com\/tienda\/wp-json\/wp\/v2\/product\/8351\/revisions"}],"wp:featuredmedia":[{"embeddable":true,"href":"https:\/\/todotrial.com\/tienda\/wp-json\/wp\/v2\/media\/8350"}],"wp:attachment":[{"href":"https:\/\/todotrial.com\/tienda\/wp-json\/wp\/v2\/media?parent=8351"}],"wp:term":[{"taxonomy":"product_brand","embeddable":true,"href":"https:\/\/todotrial.com\/tienda\/wp-json\/wp\/v2\/product_brand?post=8351"},{"taxonomy":"product_cat","embeddable":true,"href":"https:\/\/todotrial.com\/tienda\/wp-json\/wp\/v2\/product_cat?post=8351"},{"taxonomy":"product_tag","embeddable":true,"href":"https:\/\/todotrial.com\/tienda\/wp-json\/wp\/v2\/product_tag?post=8351"}],"curies":[{"name":"wp","href":"https:\/\/api.w.org\/{rel}","templated":true}]}}