{"id":8317,"date":"2016-10-01T08:33:40","date_gmt":"2016-10-01T08:33:40","guid":{"rendered":"https:\/\/todotrial.com\/tienda\/product\/stickers2016-10-01-08-33-40\/"},"modified":"2025-02-20T18:11:03","modified_gmt":"2025-02-20T17:11:03","slug":"stickers2016-10-01-08-33-40","status":"publish","type":"product","link":"https:\/\/todotrial.com\/tienda\/stickers2016-10-01-08-33-40\/","title":{"rendered":"Pegatina Vinilo HONDA"},"content":{"rendered":"<p>Pegatina Vinilo HONDA<br \/>Pegatina de vinilo troquelado de alta calidad apto para colocar tanto en interiores como exteriores. Alta resistencia al agua y a los rayos del sol.<br \/>Colores:Negro,blanco,rojo,amarillo,naranja,rosa,azul celeste,azul,azulreflex,verde,grisplateado,dorado.<\/p>\n<p>El adhesivo no lleva ning\u00fan fondo, o sea que una vez colocado en la superficie deseada s\u00f3lo queda el dibujo del vinilo, una vez retirado el papel transportador incoloro. O sea que todo lo que se ve en blanco en realidad es transparente, se vera el fondo donde vaya colocada la pegatina.<\/p>\n<p>La compra incluye :<\/p>\n<p>2 HONDA de 24 x 3.7 cm<\/p>\n<p>4 HONDA de 15 x 2.2 cm<\/p>\n<p>3 HONDA de 10 x 1.5 cm<\/p>\n<p>Se debe indicar el color de la pegatina al hacer el pedido. Si no se indica la enviaremos en color negro.<\/p>\n<p>ENVIO GRATIS (carta ordinaria)<\/p>\n<p>Tenemos que recordar que los env\u00edos ordinarios NO tienen n\u00famero de seguimiento. En el caso de solicitar el env\u00edo gratuito de las pegatinas, la empresa suministradora NO se har\u00e1 responsable en un supuesto caso que Correos extrav\u00ede el sobre con las pegatinas. No se podr\u00e1 reclamar nada porque no habr\u00eda forma de localizarlo, siendo Correos el \u00fanico responsable. El porcentaje de extrav\u00edos de Correos para los env\u00edos ordinarios es del 2%.<\/p>\n<p>Tras realizar el pedido recibir\u00e1 un email de confirmaci\u00f3n. Es conveniente que antes de confirmar el pedido se asegure de que todos los datos tanto del cliente como los de los productos solicitados son correctos.<\/p>\n","protected":false},"excerpt":{"rendered":"<p>Pegatina Vinilo HONDA<br \/>\nPegatina de vinilo troquelado de alta calidad apto para colocar tanto en interiores como exteriores. Alta resistencia al agua y a los rayos del sol.<br \/>\nColores:Negro,blanco,rojo,amarillo,naranja,rosa,azul celeste,azul,azulreflex,verde,grisplateado,dorado.<\/p>\n","protected":false},"featured_media":8316,"comment_status":"open","ping_status":"closed","template":"","meta":[],"product_brand":[],"product_cat":[15],"product_tag":[],"class_list":{"0":"post-8317","1":"product","2":"type-product","3":"status-publish","4":"has-post-thumbnail","6":"product_cat-uncategorized","8":"first","9":"outofstock","10":"taxable","11":"shipping-taxable","12":"purchasable","13":"product-type-simple"},"yoast_head":"<!-- This site is optimized with the Yoast SEO Premium plugin v21.2 (Yoast SEO v27.5) - https:\/\/yoast.com\/product\/yoast-seo-premium-wordpress\/ -->\n<title>Pegatina Vinilo HONDA - Tienda de todotrial<\/title>\n<meta name=\"robots\" content=\"index, follow, max-snippet:-1, max-image-preview:large, max-video-preview:-1\" \/>\n<link rel=\"canonical\" href=\"https:\/\/todotrial.com\/tienda\/stickers2016-10-01-08-33-40\/\" \/>\n<meta property=\"og:locale\" content=\"es_ES\" \/>\n<meta property=\"og:type\" content=\"article\" \/>\n<meta property=\"og:title\" content=\"Pegatina Vinilo HONDA\" \/>\n<meta property=\"og:description\" content=\"Pegatina Vinilo HONDA Pegatina de vinilo troquelado de alta calidad apto para colocar tanto en interiores como exteriores. Alta resistencia al agua y a los rayos del sol. Colores:Negro,blanco,rojo,amarillo,naranja,rosa,azul celeste,azul,azulreflex,verde,grisplateado,dorado.\" \/>\n<meta property=\"og:url\" content=\"https:\/\/todotrial.com\/tienda\/stickers2016-10-01-08-33-40\/\" \/>\n<meta property=\"og:site_name\" content=\"Tienda de todotrial\" \/>\n<meta property=\"article:modified_time\" content=\"2025-02-20T17:11:03+00:00\" \/>\n<meta property=\"og:image\" content=\"https:\/\/todotrial.com\/tienda\/wp-content\/uploads\/2016\/10\/s-l22554.jpg\" \/>\n\t<meta property=\"og:image:width\" content=\"225\" \/>\n\t<meta property=\"og:image:height\" content=\"145\" \/>\n\t<meta property=\"og:image:type\" content=\"image\/jpeg\" \/>\n<meta name=\"twitter:card\" content=\"summary_large_image\" \/>\n<meta name=\"twitter:label1\" content=\"Tiempo de lectura\" \/>\n\t<meta name=\"twitter:data1\" content=\"1 minuto\" \/>\n<script type=\"application\/ld+json\" class=\"yoast-schema-graph\">{\"@context\":\"https:\\\/\\\/schema.org\",\"@graph\":[{\"@type\":\"WebPage\",\"@id\":\"https:\\\/\\\/todotrial.com\\\/tienda\\\/stickers2016-10-01-08-33-40\\\/\",\"url\":\"https:\\\/\\\/todotrial.com\\\/tienda\\\/stickers2016-10-01-08-33-40\\\/\",\"name\":\"Pegatina Vinilo HONDA - Tienda de todotrial\",\"isPartOf\":{\"@id\":\"https:\\\/\\\/todotrial.com\\\/tienda\\\/#website\"},\"primaryImageOfPage\":{\"@id\":\"https:\\\/\\\/todotrial.com\\\/tienda\\\/stickers2016-10-01-08-33-40\\\/#primaryimage\"},\"image\":{\"@id\":\"https:\\\/\\\/todotrial.com\\\/tienda\\\/stickers2016-10-01-08-33-40\\\/#primaryimage\"},\"thumbnailUrl\":\"https:\\\/\\\/todotrial.com\\\/tienda\\\/wp-content\\\/uploads\\\/2016\\\/10\\\/s-l22554.jpg\",\"datePublished\":\"2016-10-01T08:33:40+00:00\",\"dateModified\":\"2025-02-20T17:11:03+00:00\",\"breadcrumb\":{\"@id\":\"https:\\\/\\\/todotrial.com\\\/tienda\\\/stickers2016-10-01-08-33-40\\\/#breadcrumb\"},\"inLanguage\":\"es\",\"potentialAction\":[{\"@type\":\"ReadAction\",\"target\":[\"https:\\\/\\\/todotrial.com\\\/tienda\\\/stickers2016-10-01-08-33-40\\\/\"]}]},{\"@type\":\"ImageObject\",\"inLanguage\":\"es\",\"@id\":\"https:\\\/\\\/todotrial.com\\\/tienda\\\/stickers2016-10-01-08-33-40\\\/#primaryimage\",\"url\":\"https:\\\/\\\/todotrial.com\\\/tienda\\\/wp-content\\\/uploads\\\/2016\\\/10\\\/s-l22554.jpg\",\"contentUrl\":\"https:\\\/\\\/todotrial.com\\\/tienda\\\/wp-content\\\/uploads\\\/2016\\\/10\\\/s-l22554.jpg\",\"width\":225,\"height\":145},{\"@type\":\"BreadcrumbList\",\"@id\":\"https:\\\/\\\/todotrial.com\\\/tienda\\\/stickers2016-10-01-08-33-40\\\/#breadcrumb\",\"itemListElement\":[{\"@type\":\"ListItem\",\"position\":1,\"name\":\"Portada\",\"item\":\"https:\\\/\\\/todotrial.com\\\/tienda\\\/\"},{\"@type\":\"ListItem\",\"position\":2,\"name\":\"Shop\",\"item\":\"https:\\\/\\\/todotrial.com\\\/tienda\\\/shop\\\/\"},{\"@type\":\"ListItem\",\"position\":3,\"name\":\"Pegatina Vinilo HONDA\"}]},{\"@type\":\"WebSite\",\"@id\":\"https:\\\/\\\/todotrial.com\\\/tienda\\\/#website\",\"url\":\"https:\\\/\\\/todotrial.com\\\/tienda\\\/\",\"name\":\"Tienda de todotrial\",\"description\":\"\",\"potentialAction\":[{\"@type\":\"SearchAction\",\"target\":{\"@type\":\"EntryPoint\",\"urlTemplate\":\"https:\\\/\\\/todotrial.com\\\/tienda\\\/?s={search_term_string}\"},\"query-input\":{\"@type\":\"PropertyValueSpecification\",\"valueRequired\":true,\"valueName\":\"search_term_string\"}}],\"inLanguage\":\"es\"}]}<\/script>\n<!-- \/ Yoast SEO Premium plugin. -->","yoast_head_json":{"title":"Pegatina Vinilo HONDA - Tienda de todotrial","robots":{"index":"index","follow":"follow","max-snippet":"max-snippet:-1","max-image-preview":"max-image-preview:large","max-video-preview":"max-video-preview:-1"},"canonical":"https:\/\/todotrial.com\/tienda\/stickers2016-10-01-08-33-40\/","og_locale":"es_ES","og_type":"article","og_title":"Pegatina Vinilo HONDA","og_description":"Pegatina Vinilo HONDA Pegatina de vinilo troquelado de alta calidad apto para colocar tanto en interiores como exteriores. Alta resistencia al agua y a los rayos del sol. Colores:Negro,blanco,rojo,amarillo,naranja,rosa,azul celeste,azul,azulreflex,verde,grisplateado,dorado.","og_url":"https:\/\/todotrial.com\/tienda\/stickers2016-10-01-08-33-40\/","og_site_name":"Tienda de todotrial","article_modified_time":"2025-02-20T17:11:03+00:00","og_image":[{"width":225,"height":145,"url":"https:\/\/todotrial.com\/tienda\/wp-content\/uploads\/2016\/10\/s-l22554.jpg","type":"image\/jpeg"}],"twitter_card":"summary_large_image","twitter_misc":{"Tiempo de lectura":"1 minuto"},"schema":{"@context":"https:\/\/schema.org","@graph":[{"@type":"WebPage","@id":"https:\/\/todotrial.com\/tienda\/stickers2016-10-01-08-33-40\/","url":"https:\/\/todotrial.com\/tienda\/stickers2016-10-01-08-33-40\/","name":"Pegatina Vinilo HONDA - Tienda de todotrial","isPartOf":{"@id":"https:\/\/todotrial.com\/tienda\/#website"},"primaryImageOfPage":{"@id":"https:\/\/todotrial.com\/tienda\/stickers2016-10-01-08-33-40\/#primaryimage"},"image":{"@id":"https:\/\/todotrial.com\/tienda\/stickers2016-10-01-08-33-40\/#primaryimage"},"thumbnailUrl":"https:\/\/todotrial.com\/tienda\/wp-content\/uploads\/2016\/10\/s-l22554.jpg","datePublished":"2016-10-01T08:33:40+00:00","dateModified":"2025-02-20T17:11:03+00:00","breadcrumb":{"@id":"https:\/\/todotrial.com\/tienda\/stickers2016-10-01-08-33-40\/#breadcrumb"},"inLanguage":"es","potentialAction":[{"@type":"ReadAction","target":["https:\/\/todotrial.com\/tienda\/stickers2016-10-01-08-33-40\/"]}]},{"@type":"ImageObject","inLanguage":"es","@id":"https:\/\/todotrial.com\/tienda\/stickers2016-10-01-08-33-40\/#primaryimage","url":"https:\/\/todotrial.com\/tienda\/wp-content\/uploads\/2016\/10\/s-l22554.jpg","contentUrl":"https:\/\/todotrial.com\/tienda\/wp-content\/uploads\/2016\/10\/s-l22554.jpg","width":225,"height":145},{"@type":"BreadcrumbList","@id":"https:\/\/todotrial.com\/tienda\/stickers2016-10-01-08-33-40\/#breadcrumb","itemListElement":[{"@type":"ListItem","position":1,"name":"Portada","item":"https:\/\/todotrial.com\/tienda\/"},{"@type":"ListItem","position":2,"name":"Shop","item":"https:\/\/todotrial.com\/tienda\/shop\/"},{"@type":"ListItem","position":3,"name":"Pegatina Vinilo HONDA"}]},{"@type":"WebSite","@id":"https:\/\/todotrial.com\/tienda\/#website","url":"https:\/\/todotrial.com\/tienda\/","name":"Tienda de todotrial","description":"","potentialAction":[{"@type":"SearchAction","target":{"@type":"EntryPoint","urlTemplate":"https:\/\/todotrial.com\/tienda\/?s={search_term_string}"},"query-input":{"@type":"PropertyValueSpecification","valueRequired":true,"valueName":"search_term_string"}}],"inLanguage":"es"}]}},"_links":{"self":[{"href":"https:\/\/todotrial.com\/tienda\/wp-json\/wp\/v2\/product\/8317","targetHints":{"allow":["GET"]}}],"collection":[{"href":"https:\/\/todotrial.com\/tienda\/wp-json\/wp\/v2\/product"}],"about":[{"href":"https:\/\/todotrial.com\/tienda\/wp-json\/wp\/v2\/types\/product"}],"replies":[{"embeddable":true,"href":"https:\/\/todotrial.com\/tienda\/wp-json\/wp\/v2\/comments?post=8317"}],"version-history":[{"count":0,"href":"https:\/\/todotrial.com\/tienda\/wp-json\/wp\/v2\/product\/8317\/revisions"}],"wp:featuredmedia":[{"embeddable":true,"href":"https:\/\/todotrial.com\/tienda\/wp-json\/wp\/v2\/media\/8316"}],"wp:attachment":[{"href":"https:\/\/todotrial.com\/tienda\/wp-json\/wp\/v2\/media?parent=8317"}],"wp:term":[{"taxonomy":"product_brand","embeddable":true,"href":"https:\/\/todotrial.com\/tienda\/wp-json\/wp\/v2\/product_brand?post=8317"},{"taxonomy":"product_cat","embeddable":true,"href":"https:\/\/todotrial.com\/tienda\/wp-json\/wp\/v2\/product_cat?post=8317"},{"taxonomy":"product_tag","embeddable":true,"href":"https:\/\/todotrial.com\/tienda\/wp-json\/wp\/v2\/product_tag?post=8317"}],"curies":[{"name":"wp","href":"https:\/\/api.w.org\/{rel}","templated":true}]}}