{"id":819,"date":"2020-07-02T15:12:16","date_gmt":"2020-07-02T15:12:16","guid":{"rendered":"https:\/\/todotrial.com\/tienda\/product\/mousse-montaje-neumatico\/"},"modified":"2025-02-20T17:33:59","modified_gmt":"2025-02-20T16:33:59","slug":"mousse-montaje-neumatico","status":"publish","type":"product","link":"https:\/\/todotrial.com\/tienda\/mousse-montaje-neumatico\/","title":{"rendered":"Mousse montaje neum\u00e1tico trasero tubeless"},"content":{"rendered":"<p>Mousse montaje neum\u00e1tico trasero tubeless.<br \/>Goma de neopreno para facilitar el montaje de neum\u00e1ticos tubeless<\/p>\n<p>Se recomienda usar grasa o agua con jab\u00f3n para facilitar el montaje<\/p>\n","protected":false},"excerpt":{"rendered":"<p>Mousse montaje neum\u00e1tico trasero tubeless.<br \/>\nGoma de neopreno para facilitar el montaje de neum\u00e1ticos tubeless<\/p>\n<p> Se recomienda usar grasa o agua con jab\u00f3n para facilitar el montaje<\/p>\n","protected":false},"featured_media":818,"comment_status":"open","ping_status":"closed","template":"","meta":[],"product_brand":[],"product_cat":[15],"product_tag":[],"class_list":{"0":"post-819","1":"product","2":"type-product","3":"status-publish","4":"has-post-thumbnail","6":"product_cat-uncategorized","8":"first","9":"instock","10":"taxable","11":"shipping-taxable","12":"purchasable","13":"product-type-simple"},"yoast_head":"<!-- This site is optimized with the Yoast SEO Premium plugin v21.2 (Yoast SEO v27.6) - https:\/\/yoast.com\/product\/yoast-seo-premium-wordpress\/ -->\n<title>Mousse montaje neum\u00e1tico trasero tubeless - Tienda de todotrial<\/title>\n<meta name=\"robots\" content=\"index, follow, max-snippet:-1, max-image-preview:large, max-video-preview:-1\" \/>\n<link rel=\"canonical\" href=\"https:\/\/todotrial.com\/tienda\/mousse-montaje-neumatico\/\" \/>\n<meta property=\"og:locale\" content=\"es_ES\" \/>\n<meta property=\"og:type\" content=\"article\" \/>\n<meta property=\"og:title\" content=\"Mousse montaje neum\u00e1tico trasero tubeless\" \/>\n<meta property=\"og:description\" content=\"Mousse montaje neum\u00e1tico trasero tubeless. Goma de neopreno para facilitar el montaje de neum\u00e1ticos tubeless   Se recomienda usar grasa o agua con jab\u00f3n para facilitar el montaje\" \/>\n<meta property=\"og:url\" content=\"https:\/\/todotrial.com\/tienda\/mousse-montaje-neumatico\/\" \/>\n<meta property=\"og:site_name\" content=\"Tienda de todotrial\" \/>\n<meta property=\"article:modified_time\" content=\"2025-02-20T16:33:59+00:00\" \/>\n<meta property=\"og:image\" content=\"https:\/\/todotrial.com\/tienda\/wp-content\/uploads\/2020\/07\/mouse_montaje_neumatico.jpg\" \/>\n\t<meta property=\"og:image:width\" content=\"138\" \/>\n\t<meta property=\"og:image:height\" content=\"178\" \/>\n\t<meta property=\"og:image:type\" content=\"image\/jpeg\" \/>\n<meta name=\"twitter:card\" content=\"summary_large_image\" \/>\n<script type=\"application\/ld+json\" class=\"yoast-schema-graph\">{\"@context\":\"https:\\\/\\\/schema.org\",\"@graph\":[{\"@type\":\"WebPage\",\"@id\":\"https:\\\/\\\/todotrial.com\\\/tienda\\\/mousse-montaje-neumatico\\\/\",\"url\":\"https:\\\/\\\/todotrial.com\\\/tienda\\\/mousse-montaje-neumatico\\\/\",\"name\":\"Mousse montaje neum\u00e1tico trasero tubeless - Tienda de todotrial\",\"isPartOf\":{\"@id\":\"https:\\\/\\\/todotrial.com\\\/tienda\\\/#website\"},\"primaryImageOfPage\":{\"@id\":\"https:\\\/\\\/todotrial.com\\\/tienda\\\/mousse-montaje-neumatico\\\/#primaryimage\"},\"image\":{\"@id\":\"https:\\\/\\\/todotrial.com\\\/tienda\\\/mousse-montaje-neumatico\\\/#primaryimage\"},\"thumbnailUrl\":\"https:\\\/\\\/todotrial.com\\\/tienda\\\/wp-content\\\/uploads\\\/2020\\\/07\\\/mouse_montaje_neumatico.jpg\",\"datePublished\":\"2020-07-02T15:12:16+00:00\",\"dateModified\":\"2025-02-20T16:33:59+00:00\",\"breadcrumb\":{\"@id\":\"https:\\\/\\\/todotrial.com\\\/tienda\\\/mousse-montaje-neumatico\\\/#breadcrumb\"},\"inLanguage\":\"es\",\"potentialAction\":[{\"@type\":\"ReadAction\",\"target\":[\"https:\\\/\\\/todotrial.com\\\/tienda\\\/mousse-montaje-neumatico\\\/\"]}]},{\"@type\":\"ImageObject\",\"inLanguage\":\"es\",\"@id\":\"https:\\\/\\\/todotrial.com\\\/tienda\\\/mousse-montaje-neumatico\\\/#primaryimage\",\"url\":\"https:\\\/\\\/todotrial.com\\\/tienda\\\/wp-content\\\/uploads\\\/2020\\\/07\\\/mouse_montaje_neumatico.jpg\",\"contentUrl\":\"https:\\\/\\\/todotrial.com\\\/tienda\\\/wp-content\\\/uploads\\\/2020\\\/07\\\/mouse_montaje_neumatico.jpg\",\"width\":138,\"height\":178},{\"@type\":\"BreadcrumbList\",\"@id\":\"https:\\\/\\\/todotrial.com\\\/tienda\\\/mousse-montaje-neumatico\\\/#breadcrumb\",\"itemListElement\":[{\"@type\":\"ListItem\",\"position\":1,\"name\":\"Portada\",\"item\":\"https:\\\/\\\/todotrial.com\\\/tienda\\\/\"},{\"@type\":\"ListItem\",\"position\":2,\"name\":\"Shop\",\"item\":\"https:\\\/\\\/todotrial.com\\\/tienda\\\/shop\\\/\"},{\"@type\":\"ListItem\",\"position\":3,\"name\":\"Mousse montaje neum\u00e1tico trasero tubeless\"}]},{\"@type\":\"WebSite\",\"@id\":\"https:\\\/\\\/todotrial.com\\\/tienda\\\/#website\",\"url\":\"https:\\\/\\\/todotrial.com\\\/tienda\\\/\",\"name\":\"Tienda de todotrial\",\"description\":\"\",\"potentialAction\":[{\"@type\":\"SearchAction\",\"target\":{\"@type\":\"EntryPoint\",\"urlTemplate\":\"https:\\\/\\\/todotrial.com\\\/tienda\\\/?s={search_term_string}\"},\"query-input\":{\"@type\":\"PropertyValueSpecification\",\"valueRequired\":true,\"valueName\":\"search_term_string\"}}],\"inLanguage\":\"es\"}]}<\/script>\n<!-- \/ Yoast SEO Premium plugin. -->","yoast_head_json":{"title":"Mousse montaje neum\u00e1tico trasero tubeless - Tienda de todotrial","robots":{"index":"index","follow":"follow","max-snippet":"max-snippet:-1","max-image-preview":"max-image-preview:large","max-video-preview":"max-video-preview:-1"},"canonical":"https:\/\/todotrial.com\/tienda\/mousse-montaje-neumatico\/","og_locale":"es_ES","og_type":"article","og_title":"Mousse montaje neum\u00e1tico trasero tubeless","og_description":"Mousse montaje neum\u00e1tico trasero tubeless. Goma de neopreno para facilitar el montaje de neum\u00e1ticos tubeless   Se recomienda usar grasa o agua con jab\u00f3n para facilitar el montaje","og_url":"https:\/\/todotrial.com\/tienda\/mousse-montaje-neumatico\/","og_site_name":"Tienda de todotrial","article_modified_time":"2025-02-20T16:33:59+00:00","og_image":[{"width":138,"height":178,"url":"https:\/\/todotrial.com\/tienda\/wp-content\/uploads\/2020\/07\/mouse_montaje_neumatico.jpg","type":"image\/jpeg"}],"twitter_card":"summary_large_image","schema":{"@context":"https:\/\/schema.org","@graph":[{"@type":"WebPage","@id":"https:\/\/todotrial.com\/tienda\/mousse-montaje-neumatico\/","url":"https:\/\/todotrial.com\/tienda\/mousse-montaje-neumatico\/","name":"Mousse montaje neum\u00e1tico trasero tubeless - Tienda de todotrial","isPartOf":{"@id":"https:\/\/todotrial.com\/tienda\/#website"},"primaryImageOfPage":{"@id":"https:\/\/todotrial.com\/tienda\/mousse-montaje-neumatico\/#primaryimage"},"image":{"@id":"https:\/\/todotrial.com\/tienda\/mousse-montaje-neumatico\/#primaryimage"},"thumbnailUrl":"https:\/\/todotrial.com\/tienda\/wp-content\/uploads\/2020\/07\/mouse_montaje_neumatico.jpg","datePublished":"2020-07-02T15:12:16+00:00","dateModified":"2025-02-20T16:33:59+00:00","breadcrumb":{"@id":"https:\/\/todotrial.com\/tienda\/mousse-montaje-neumatico\/#breadcrumb"},"inLanguage":"es","potentialAction":[{"@type":"ReadAction","target":["https:\/\/todotrial.com\/tienda\/mousse-montaje-neumatico\/"]}]},{"@type":"ImageObject","inLanguage":"es","@id":"https:\/\/todotrial.com\/tienda\/mousse-montaje-neumatico\/#primaryimage","url":"https:\/\/todotrial.com\/tienda\/wp-content\/uploads\/2020\/07\/mouse_montaje_neumatico.jpg","contentUrl":"https:\/\/todotrial.com\/tienda\/wp-content\/uploads\/2020\/07\/mouse_montaje_neumatico.jpg","width":138,"height":178},{"@type":"BreadcrumbList","@id":"https:\/\/todotrial.com\/tienda\/mousse-montaje-neumatico\/#breadcrumb","itemListElement":[{"@type":"ListItem","position":1,"name":"Portada","item":"https:\/\/todotrial.com\/tienda\/"},{"@type":"ListItem","position":2,"name":"Shop","item":"https:\/\/todotrial.com\/tienda\/shop\/"},{"@type":"ListItem","position":3,"name":"Mousse montaje neum\u00e1tico trasero tubeless"}]},{"@type":"WebSite","@id":"https:\/\/todotrial.com\/tienda\/#website","url":"https:\/\/todotrial.com\/tienda\/","name":"Tienda de todotrial","description":"","potentialAction":[{"@type":"SearchAction","target":{"@type":"EntryPoint","urlTemplate":"https:\/\/todotrial.com\/tienda\/?s={search_term_string}"},"query-input":{"@type":"PropertyValueSpecification","valueRequired":true,"valueName":"search_term_string"}}],"inLanguage":"es"}]}},"_links":{"self":[{"href":"https:\/\/todotrial.com\/tienda\/wp-json\/wp\/v2\/product\/819","targetHints":{"allow":["GET"]}}],"collection":[{"href":"https:\/\/todotrial.com\/tienda\/wp-json\/wp\/v2\/product"}],"about":[{"href":"https:\/\/todotrial.com\/tienda\/wp-json\/wp\/v2\/types\/product"}],"replies":[{"embeddable":true,"href":"https:\/\/todotrial.com\/tienda\/wp-json\/wp\/v2\/comments?post=819"}],"version-history":[{"count":0,"href":"https:\/\/todotrial.com\/tienda\/wp-json\/wp\/v2\/product\/819\/revisions"}],"wp:featuredmedia":[{"embeddable":true,"href":"https:\/\/todotrial.com\/tienda\/wp-json\/wp\/v2\/media\/818"}],"wp:attachment":[{"href":"https:\/\/todotrial.com\/tienda\/wp-json\/wp\/v2\/media?parent=819"}],"wp:term":[{"taxonomy":"product_brand","embeddable":true,"href":"https:\/\/todotrial.com\/tienda\/wp-json\/wp\/v2\/product_brand?post=819"},{"taxonomy":"product_cat","embeddable":true,"href":"https:\/\/todotrial.com\/tienda\/wp-json\/wp\/v2\/product_cat?post=819"},{"taxonomy":"product_tag","embeddable":true,"href":"https:\/\/todotrial.com\/tienda\/wp-json\/wp\/v2\/product_tag?post=819"}],"curies":[{"name":"wp","href":"https:\/\/api.w.org\/{rel}","templated":true}]}}