{"id":8029,"date":"2016-08-20T10:32:55","date_gmt":"2016-08-20T10:32:55","guid":{"rendered":"https:\/\/todotrial.com\/tienda\/product\/ktm-decals2016-08-20-10-32-55\/"},"modified":"2025-02-20T18:11:33","modified_gmt":"2025-02-20T17:11:33","slug":"ktm-decals2016-08-20-10-32-55","status":"publish","type":"product","link":"https:\/\/todotrial.com\/tienda\/ktm-decals2016-08-20-10-32-55\/","title":{"rendered":"KTM EXC SX , SX-F XC XC-F 125 150 200 250 300 350 450 500 Decals Dise\u00f1o personalizado"},"content":{"rendered":"<p>KTM EXC SX , SX-F XC XC-F 125 150 200 250 300 350 450 500 Decals Dise\u00f1o Custom.<br \/>GR\u00c1FICOS DE DISE\u00d1O PERSONALIZADOS PRODUCIDOS Y SUMINISTRADOS A SUS REQUISITOS<br \/>DISPONIBLE PARA MODELOS KTM JUNIOR MOTO-X a EXC, SX, SX-F, XC, XC-F, RALLY BIKE \/ ADVENTURE MODELoS<br \/>MUCHOS DISE\u00d1OS DISPONIBLES<br \/>P\u00d3NGASE EN CONTACTO CON NOSOTROS CON SUS DETALLES PARA UNA cotizacion<\/p>\n","protected":false},"excerpt":{"rendered":"<p>KTM EXC SX , SX-F XC XC-F 125 150 200 250 300 350 450 500 Decals Dise\u00f1o Custom.<br \/>\nGR\u00c1FICOS DE DISE\u00d1O  PERSONALIZADOS PRODUCIDOS Y SUMINISTRADOS A SUS REQUISITOS<br \/>\nDISPONIBLE PARA MODELOS KTM JUNIOR MOTO-X a EXC, SX, SX-F, XC, XC-F, RALLY BIKE \/ ADVENTURE MODELoS<br \/>\nMUCHOS DISE\u00d1OS DISPONIBLES<br \/>\nP\u00d3NGASE EN CONTACTO CON NOSOTROS CON SUS DETALLES PARA UNA cotizacion<\/p>\n","protected":false},"featured_media":8028,"comment_status":"open","ping_status":"closed","template":"","meta":[],"product_brand":[],"product_cat":[15],"product_tag":[],"class_list":{"0":"post-8029","1":"product","2":"type-product","3":"status-publish","4":"has-post-thumbnail","6":"product_cat-uncategorized","8":"first","9":"outofstock","10":"taxable","11":"shipping-taxable","12":"purchasable","13":"product-type-simple"},"yoast_head":"<!-- This site is optimized with the Yoast SEO Premium plugin v21.2 (Yoast SEO v27.5) - https:\/\/yoast.com\/product\/yoast-seo-premium-wordpress\/ -->\n<title>KTM EXC SX , SX-F XC XC-F 125 150 200 250 300 350 450 500 Decals Dise\u00f1o personalizado - Tienda de todotrial<\/title>\n<meta name=\"robots\" content=\"index, follow, max-snippet:-1, max-image-preview:large, max-video-preview:-1\" \/>\n<link rel=\"canonical\" href=\"https:\/\/todotrial.com\/tienda\/ktm-decals2016-08-20-10-32-55\/\" \/>\n<meta property=\"og:locale\" content=\"es_ES\" \/>\n<meta property=\"og:type\" content=\"article\" \/>\n<meta property=\"og:title\" content=\"KTM EXC SX , SX-F XC XC-F 125 150 200 250 300 350 450 500 Decals Dise\u00f1o personalizado\" \/>\n<meta property=\"og:description\" content=\"KTM EXC SX , SX-F XC XC-F 125 150 200 250 300 350 450 500 Decals Dise\u00f1o Custom. GR\u00c1FICOS DE DISE\u00d1O PERSONALIZADOS PRODUCIDOS Y SUMINISTRADOS A SUS REQUISITOS DISPONIBLE PARA MODELOS KTM JUNIOR MOTO-X a EXC, SX, SX-F, XC, XC-F, RALLY BIKE \/ ADVENTURE MODELoS MUCHOS DISE\u00d1OS DISPONIBLES P\u00d3NGASE EN CONTACTO CON NOSOTROS CON SUS DETALLES PARA UNA cotizacion\" \/>\n<meta property=\"og:url\" content=\"https:\/\/todotrial.com\/tienda\/ktm-decals2016-08-20-10-32-55\/\" \/>\n<meta property=\"og:site_name\" content=\"Tienda de todotrial\" \/>\n<meta property=\"article:modified_time\" content=\"2025-02-20T17:11:33+00:00\" \/>\n<meta property=\"og:image\" content=\"https:\/\/todotrial.com\/tienda\/wp-content\/uploads\/2016\/08\/ktm_custom_design.jpg\" \/>\n\t<meta property=\"og:image:width\" content=\"190\" \/>\n\t<meta property=\"og:image:height\" content=\"126\" \/>\n\t<meta property=\"og:image:type\" content=\"image\/jpeg\" \/>\n<meta name=\"twitter:card\" content=\"summary_large_image\" \/>\n<script type=\"application\/ld+json\" class=\"yoast-schema-graph\">{\"@context\":\"https:\\\/\\\/schema.org\",\"@graph\":[{\"@type\":\"WebPage\",\"@id\":\"https:\\\/\\\/todotrial.com\\\/tienda\\\/ktm-decals2016-08-20-10-32-55\\\/\",\"url\":\"https:\\\/\\\/todotrial.com\\\/tienda\\\/ktm-decals2016-08-20-10-32-55\\\/\",\"name\":\"KTM EXC SX , SX-F XC XC-F 125 150 200 250 300 350 450 500 Decals Dise\u00f1o personalizado - Tienda de todotrial\",\"isPartOf\":{\"@id\":\"https:\\\/\\\/todotrial.com\\\/tienda\\\/#website\"},\"primaryImageOfPage\":{\"@id\":\"https:\\\/\\\/todotrial.com\\\/tienda\\\/ktm-decals2016-08-20-10-32-55\\\/#primaryimage\"},\"image\":{\"@id\":\"https:\\\/\\\/todotrial.com\\\/tienda\\\/ktm-decals2016-08-20-10-32-55\\\/#primaryimage\"},\"thumbnailUrl\":\"https:\\\/\\\/todotrial.com\\\/tienda\\\/wp-content\\\/uploads\\\/2016\\\/08\\\/ktm_custom_design.jpg\",\"datePublished\":\"2016-08-20T10:32:55+00:00\",\"dateModified\":\"2025-02-20T17:11:33+00:00\",\"breadcrumb\":{\"@id\":\"https:\\\/\\\/todotrial.com\\\/tienda\\\/ktm-decals2016-08-20-10-32-55\\\/#breadcrumb\"},\"inLanguage\":\"es\",\"potentialAction\":[{\"@type\":\"ReadAction\",\"target\":[\"https:\\\/\\\/todotrial.com\\\/tienda\\\/ktm-decals2016-08-20-10-32-55\\\/\"]}]},{\"@type\":\"ImageObject\",\"inLanguage\":\"es\",\"@id\":\"https:\\\/\\\/todotrial.com\\\/tienda\\\/ktm-decals2016-08-20-10-32-55\\\/#primaryimage\",\"url\":\"https:\\\/\\\/todotrial.com\\\/tienda\\\/wp-content\\\/uploads\\\/2016\\\/08\\\/ktm_custom_design.jpg\",\"contentUrl\":\"https:\\\/\\\/todotrial.com\\\/tienda\\\/wp-content\\\/uploads\\\/2016\\\/08\\\/ktm_custom_design.jpg\",\"width\":190,\"height\":126},{\"@type\":\"BreadcrumbList\",\"@id\":\"https:\\\/\\\/todotrial.com\\\/tienda\\\/ktm-decals2016-08-20-10-32-55\\\/#breadcrumb\",\"itemListElement\":[{\"@type\":\"ListItem\",\"position\":1,\"name\":\"Portada\",\"item\":\"https:\\\/\\\/todotrial.com\\\/tienda\\\/\"},{\"@type\":\"ListItem\",\"position\":2,\"name\":\"Shop\",\"item\":\"https:\\\/\\\/todotrial.com\\\/tienda\\\/shop\\\/\"},{\"@type\":\"ListItem\",\"position\":3,\"name\":\"KTM EXC SX , SX-F XC XC-F 125 150 200 250 300 350 450 500 Decals Dise\u00f1o personalizado\"}]},{\"@type\":\"WebSite\",\"@id\":\"https:\\\/\\\/todotrial.com\\\/tienda\\\/#website\",\"url\":\"https:\\\/\\\/todotrial.com\\\/tienda\\\/\",\"name\":\"Tienda de todotrial\",\"description\":\"\",\"potentialAction\":[{\"@type\":\"SearchAction\",\"target\":{\"@type\":\"EntryPoint\",\"urlTemplate\":\"https:\\\/\\\/todotrial.com\\\/tienda\\\/?s={search_term_string}\"},\"query-input\":{\"@type\":\"PropertyValueSpecification\",\"valueRequired\":true,\"valueName\":\"search_term_string\"}}],\"inLanguage\":\"es\"}]}<\/script>\n<!-- \/ Yoast SEO Premium plugin. -->","yoast_head_json":{"title":"KTM EXC SX , SX-F XC XC-F 125 150 200 250 300 350 450 500 Decals Dise\u00f1o personalizado - Tienda de todotrial","robots":{"index":"index","follow":"follow","max-snippet":"max-snippet:-1","max-image-preview":"max-image-preview:large","max-video-preview":"max-video-preview:-1"},"canonical":"https:\/\/todotrial.com\/tienda\/ktm-decals2016-08-20-10-32-55\/","og_locale":"es_ES","og_type":"article","og_title":"KTM EXC SX , SX-F XC XC-F 125 150 200 250 300 350 450 500 Decals Dise\u00f1o personalizado","og_description":"KTM EXC SX , SX-F XC XC-F 125 150 200 250 300 350 450 500 Decals Dise\u00f1o Custom. GR\u00c1FICOS DE DISE\u00d1O PERSONALIZADOS PRODUCIDOS Y SUMINISTRADOS A SUS REQUISITOS DISPONIBLE PARA MODELOS KTM JUNIOR MOTO-X a EXC, SX, SX-F, XC, XC-F, RALLY BIKE \/ ADVENTURE MODELoS MUCHOS DISE\u00d1OS DISPONIBLES P\u00d3NGASE EN CONTACTO CON NOSOTROS CON SUS DETALLES PARA UNA cotizacion","og_url":"https:\/\/todotrial.com\/tienda\/ktm-decals2016-08-20-10-32-55\/","og_site_name":"Tienda de todotrial","article_modified_time":"2025-02-20T17:11:33+00:00","og_image":[{"width":190,"height":126,"url":"https:\/\/todotrial.com\/tienda\/wp-content\/uploads\/2016\/08\/ktm_custom_design.jpg","type":"image\/jpeg"}],"twitter_card":"summary_large_image","schema":{"@context":"https:\/\/schema.org","@graph":[{"@type":"WebPage","@id":"https:\/\/todotrial.com\/tienda\/ktm-decals2016-08-20-10-32-55\/","url":"https:\/\/todotrial.com\/tienda\/ktm-decals2016-08-20-10-32-55\/","name":"KTM EXC SX , SX-F XC XC-F 125 150 200 250 300 350 450 500 Decals Dise\u00f1o personalizado - Tienda de todotrial","isPartOf":{"@id":"https:\/\/todotrial.com\/tienda\/#website"},"primaryImageOfPage":{"@id":"https:\/\/todotrial.com\/tienda\/ktm-decals2016-08-20-10-32-55\/#primaryimage"},"image":{"@id":"https:\/\/todotrial.com\/tienda\/ktm-decals2016-08-20-10-32-55\/#primaryimage"},"thumbnailUrl":"https:\/\/todotrial.com\/tienda\/wp-content\/uploads\/2016\/08\/ktm_custom_design.jpg","datePublished":"2016-08-20T10:32:55+00:00","dateModified":"2025-02-20T17:11:33+00:00","breadcrumb":{"@id":"https:\/\/todotrial.com\/tienda\/ktm-decals2016-08-20-10-32-55\/#breadcrumb"},"inLanguage":"es","potentialAction":[{"@type":"ReadAction","target":["https:\/\/todotrial.com\/tienda\/ktm-decals2016-08-20-10-32-55\/"]}]},{"@type":"ImageObject","inLanguage":"es","@id":"https:\/\/todotrial.com\/tienda\/ktm-decals2016-08-20-10-32-55\/#primaryimage","url":"https:\/\/todotrial.com\/tienda\/wp-content\/uploads\/2016\/08\/ktm_custom_design.jpg","contentUrl":"https:\/\/todotrial.com\/tienda\/wp-content\/uploads\/2016\/08\/ktm_custom_design.jpg","width":190,"height":126},{"@type":"BreadcrumbList","@id":"https:\/\/todotrial.com\/tienda\/ktm-decals2016-08-20-10-32-55\/#breadcrumb","itemListElement":[{"@type":"ListItem","position":1,"name":"Portada","item":"https:\/\/todotrial.com\/tienda\/"},{"@type":"ListItem","position":2,"name":"Shop","item":"https:\/\/todotrial.com\/tienda\/shop\/"},{"@type":"ListItem","position":3,"name":"KTM EXC SX , SX-F XC XC-F 125 150 200 250 300 350 450 500 Decals Dise\u00f1o personalizado"}]},{"@type":"WebSite","@id":"https:\/\/todotrial.com\/tienda\/#website","url":"https:\/\/todotrial.com\/tienda\/","name":"Tienda de todotrial","description":"","potentialAction":[{"@type":"SearchAction","target":{"@type":"EntryPoint","urlTemplate":"https:\/\/todotrial.com\/tienda\/?s={search_term_string}"},"query-input":{"@type":"PropertyValueSpecification","valueRequired":true,"valueName":"search_term_string"}}],"inLanguage":"es"}]}},"_links":{"self":[{"href":"https:\/\/todotrial.com\/tienda\/wp-json\/wp\/v2\/product\/8029","targetHints":{"allow":["GET"]}}],"collection":[{"href":"https:\/\/todotrial.com\/tienda\/wp-json\/wp\/v2\/product"}],"about":[{"href":"https:\/\/todotrial.com\/tienda\/wp-json\/wp\/v2\/types\/product"}],"replies":[{"embeddable":true,"href":"https:\/\/todotrial.com\/tienda\/wp-json\/wp\/v2\/comments?post=8029"}],"version-history":[{"count":0,"href":"https:\/\/todotrial.com\/tienda\/wp-json\/wp\/v2\/product\/8029\/revisions"}],"wp:featuredmedia":[{"embeddable":true,"href":"https:\/\/todotrial.com\/tienda\/wp-json\/wp\/v2\/media\/8028"}],"wp:attachment":[{"href":"https:\/\/todotrial.com\/tienda\/wp-json\/wp\/v2\/media?parent=8029"}],"wp:term":[{"taxonomy":"product_brand","embeddable":true,"href":"https:\/\/todotrial.com\/tienda\/wp-json\/wp\/v2\/product_brand?post=8029"},{"taxonomy":"product_cat","embeddable":true,"href":"https:\/\/todotrial.com\/tienda\/wp-json\/wp\/v2\/product_cat?post=8029"},{"taxonomy":"product_tag","embeddable":true,"href":"https:\/\/todotrial.com\/tienda\/wp-json\/wp\/v2\/product_tag?post=8029"}],"curies":[{"name":"wp","href":"https:\/\/api.w.org\/{rel}","templated":true}]}}