{"id":7910,"date":"2016-08-15T15:52:10","date_gmt":"2016-08-15T14:52:10","guid":{"rendered":"https:\/\/todotrial.com\/tienda\/product\/libros-trial2016-08-15-15-52-10\/"},"modified":"2025-12-26T16:39:19","modified_gmt":"2025-12-26T15:39:19","slug":"libros-trial2016-08-15-15-52-10","status":"publish","type":"product","link":"https:\/\/todotrial.com\/tienda\/libros-trial2016-08-15-15-52-10\/","title":{"rendered":"Libro Trial Vintage 1"},"content":{"rendered":"<p>Jean-Claude Comm\u00e9at \u00abClaudio\u00bb es el autor de Trial Vintage, un libro delicioso para todos los amantes de las motos de trial cl\u00e1sicas, que cuenta con introducci\u00f3n a cargo del ex piloto mundialista Charles Coutard.<\/p>\n<p>Impreso en papel de alta calidad y formato apaisado, Claudio nos presenta, a lo largo de 142 p\u00e1ginas, en 210 fotograf\u00edas, una colecci\u00f3n bell\u00edsima de 57 motos de trial m\u00edticas fabricadas desde los a\u00f1os 30 a finales de los 80:<\/p>\n<p>AJS, Alpha, Ariel, Armstrong, BPS, BSA, Bultaco, CCM, Cagiva, FN, Fantic, Garelli, Gnome Rhone, Guiller, Greeves, Honda, Italjet, Kawasaki, Merlin, Montesa, Montesa-Honda, Motob\u00e9cane, Norton, OSSA, Panda, Royal Enfield, SWM, Suzuki, Terrot, Triumph, Wassel y Yamaha.<\/p>\n<p>Algunas de ellas incluyendo varios modelos (8 Sherpas, 5 Hondas, 2 Merlin, 6 Montesas, 2 Motob\u00e9cane, 2 SWM, 2 Yamaha&#8230;<\/p>\n<p>Motocicletas que en muchos casos son modelos \u00fanicos como la Honda campeona del mundo con Eddie Lejeune o la Bultaco que el m\u00edtico Reg May desarroll\u00f3 para Yrjo Vesterinen.<\/p>\n<p>El libro es una edici\u00f3n limitada, disponible s\u00f3lo hasta agotar existencias. El poco texto que contiene est\u00e1 escrito en franc\u00e9s. Una obra que no puede faltar en la estanter\u00eda de todo coleccionista, ahora disponible en Espa\u00f1a con bajos gastos de env\u00edo.<\/p>\n","protected":false},"excerpt":{"rendered":"<p>Libro Trial Vintage 1. La historia de la moto de trial en fotograf\u00edas de Claudio<\/p>\n","protected":false},"featured_media":7905,"comment_status":"open","ping_status":"closed","template":"","meta":[],"product_brand":[],"product_cat":[15],"product_tag":[],"class_list":{"0":"post-7910","1":"product","2":"type-product","3":"status-publish","4":"has-post-thumbnail","6":"product_cat-uncategorized","8":"first","9":"outofstock","10":"taxable","11":"shipping-taxable","12":"purchasable","13":"product-type-simple"},"yoast_head":"<!-- This site is optimized with the Yoast SEO Premium plugin v21.2 (Yoast SEO v27.4) - https:\/\/yoast.com\/product\/yoast-seo-premium-wordpress\/ -->\n<title>Libro Trial Vintage 1 - Tienda de todotrial<\/title>\n<meta name=\"robots\" content=\"index, follow, max-snippet:-1, max-image-preview:large, max-video-preview:-1\" \/>\n<link rel=\"canonical\" href=\"https:\/\/todotrial.com\/tienda\/libros-trial2016-08-15-15-52-10\/\" \/>\n<meta property=\"og:locale\" content=\"es_ES\" \/>\n<meta property=\"og:type\" content=\"article\" \/>\n<meta property=\"og:title\" content=\"Libro Trial Vintage 1\" \/>\n<meta property=\"og:description\" content=\"Libro Trial Vintage 1. La historia de la moto de trial en fotograf\u00edas de Claudio\" \/>\n<meta property=\"og:url\" content=\"https:\/\/todotrial.com\/tienda\/libros-trial2016-08-15-15-52-10\/\" \/>\n<meta property=\"og:site_name\" content=\"Tienda de todotrial\" \/>\n<meta property=\"article:modified_time\" content=\"2025-12-26T15:39:19+00:00\" \/>\n<meta property=\"og:image\" content=\"https:\/\/todotrial.com\/tienda\/wp-content\/uploads\/2016\/08\/libro-trial-vintage-3.jpg\" \/>\n\t<meta property=\"og:image:width\" content=\"1024\" \/>\n\t<meta property=\"og:image:height\" content=\"683\" \/>\n\t<meta property=\"og:image:type\" content=\"image\/jpeg\" \/>\n<meta name=\"twitter:card\" content=\"summary_large_image\" \/>\n<meta name=\"twitter:label1\" content=\"Tiempo de lectura\" \/>\n\t<meta name=\"twitter:data1\" content=\"1 minuto\" \/>\n<script type=\"application\/ld+json\" class=\"yoast-schema-graph\">{\"@context\":\"https:\\\/\\\/schema.org\",\"@graph\":[{\"@type\":\"WebPage\",\"@id\":\"https:\\\/\\\/todotrial.com\\\/tienda\\\/libros-trial2016-08-15-15-52-10\\\/\",\"url\":\"https:\\\/\\\/todotrial.com\\\/tienda\\\/libros-trial2016-08-15-15-52-10\\\/\",\"name\":\"Libro Trial Vintage 1 - Tienda de todotrial\",\"isPartOf\":{\"@id\":\"https:\\\/\\\/todotrial.com\\\/tienda\\\/#website\"},\"primaryImageOfPage\":{\"@id\":\"https:\\\/\\\/todotrial.com\\\/tienda\\\/libros-trial2016-08-15-15-52-10\\\/#primaryimage\"},\"image\":{\"@id\":\"https:\\\/\\\/todotrial.com\\\/tienda\\\/libros-trial2016-08-15-15-52-10\\\/#primaryimage\"},\"thumbnailUrl\":\"https:\\\/\\\/todotrial.com\\\/tienda\\\/wp-content\\\/uploads\\\/2016\\\/08\\\/libro-trial-vintage-3.jpg\",\"datePublished\":\"2016-08-15T14:52:10+00:00\",\"dateModified\":\"2025-12-26T15:39:19+00:00\",\"breadcrumb\":{\"@id\":\"https:\\\/\\\/todotrial.com\\\/tienda\\\/libros-trial2016-08-15-15-52-10\\\/#breadcrumb\"},\"inLanguage\":\"es\",\"potentialAction\":[{\"@type\":\"ReadAction\",\"target\":[\"https:\\\/\\\/todotrial.com\\\/tienda\\\/libros-trial2016-08-15-15-52-10\\\/\"]}]},{\"@type\":\"ImageObject\",\"inLanguage\":\"es\",\"@id\":\"https:\\\/\\\/todotrial.com\\\/tienda\\\/libros-trial2016-08-15-15-52-10\\\/#primaryimage\",\"url\":\"https:\\\/\\\/todotrial.com\\\/tienda\\\/wp-content\\\/uploads\\\/2016\\\/08\\\/libro-trial-vintage-3.jpg\",\"contentUrl\":\"https:\\\/\\\/todotrial.com\\\/tienda\\\/wp-content\\\/uploads\\\/2016\\\/08\\\/libro-trial-vintage-3.jpg\",\"width\":1024,\"height\":683},{\"@type\":\"BreadcrumbList\",\"@id\":\"https:\\\/\\\/todotrial.com\\\/tienda\\\/libros-trial2016-08-15-15-52-10\\\/#breadcrumb\",\"itemListElement\":[{\"@type\":\"ListItem\",\"position\":1,\"name\":\"Portada\",\"item\":\"https:\\\/\\\/todotrial.com\\\/tienda\\\/\"},{\"@type\":\"ListItem\",\"position\":2,\"name\":\"Shop\",\"item\":\"https:\\\/\\\/todotrial.com\\\/tienda\\\/shop\\\/\"},{\"@type\":\"ListItem\",\"position\":3,\"name\":\"Libro Trial Vintage 1\"}]},{\"@type\":\"WebSite\",\"@id\":\"https:\\\/\\\/todotrial.com\\\/tienda\\\/#website\",\"url\":\"https:\\\/\\\/todotrial.com\\\/tienda\\\/\",\"name\":\"Tienda de todotrial\",\"description\":\"\",\"potentialAction\":[{\"@type\":\"SearchAction\",\"target\":{\"@type\":\"EntryPoint\",\"urlTemplate\":\"https:\\\/\\\/todotrial.com\\\/tienda\\\/?s={search_term_string}\"},\"query-input\":{\"@type\":\"PropertyValueSpecification\",\"valueRequired\":true,\"valueName\":\"search_term_string\"}}],\"inLanguage\":\"es\"}]}<\/script>\n<!-- \/ Yoast SEO Premium plugin. -->","yoast_head_json":{"title":"Libro Trial Vintage 1 - Tienda de todotrial","robots":{"index":"index","follow":"follow","max-snippet":"max-snippet:-1","max-image-preview":"max-image-preview:large","max-video-preview":"max-video-preview:-1"},"canonical":"https:\/\/todotrial.com\/tienda\/libros-trial2016-08-15-15-52-10\/","og_locale":"es_ES","og_type":"article","og_title":"Libro Trial Vintage 1","og_description":"Libro Trial Vintage 1. La historia de la moto de trial en fotograf\u00edas de Claudio","og_url":"https:\/\/todotrial.com\/tienda\/libros-trial2016-08-15-15-52-10\/","og_site_name":"Tienda de todotrial","article_modified_time":"2025-12-26T15:39:19+00:00","og_image":[{"width":1024,"height":683,"url":"https:\/\/todotrial.com\/tienda\/wp-content\/uploads\/2016\/08\/libro-trial-vintage-3.jpg","type":"image\/jpeg"}],"twitter_card":"summary_large_image","twitter_misc":{"Tiempo de lectura":"1 minuto"},"schema":{"@context":"https:\/\/schema.org","@graph":[{"@type":"WebPage","@id":"https:\/\/todotrial.com\/tienda\/libros-trial2016-08-15-15-52-10\/","url":"https:\/\/todotrial.com\/tienda\/libros-trial2016-08-15-15-52-10\/","name":"Libro Trial Vintage 1 - Tienda de todotrial","isPartOf":{"@id":"https:\/\/todotrial.com\/tienda\/#website"},"primaryImageOfPage":{"@id":"https:\/\/todotrial.com\/tienda\/libros-trial2016-08-15-15-52-10\/#primaryimage"},"image":{"@id":"https:\/\/todotrial.com\/tienda\/libros-trial2016-08-15-15-52-10\/#primaryimage"},"thumbnailUrl":"https:\/\/todotrial.com\/tienda\/wp-content\/uploads\/2016\/08\/libro-trial-vintage-3.jpg","datePublished":"2016-08-15T14:52:10+00:00","dateModified":"2025-12-26T15:39:19+00:00","breadcrumb":{"@id":"https:\/\/todotrial.com\/tienda\/libros-trial2016-08-15-15-52-10\/#breadcrumb"},"inLanguage":"es","potentialAction":[{"@type":"ReadAction","target":["https:\/\/todotrial.com\/tienda\/libros-trial2016-08-15-15-52-10\/"]}]},{"@type":"ImageObject","inLanguage":"es","@id":"https:\/\/todotrial.com\/tienda\/libros-trial2016-08-15-15-52-10\/#primaryimage","url":"https:\/\/todotrial.com\/tienda\/wp-content\/uploads\/2016\/08\/libro-trial-vintage-3.jpg","contentUrl":"https:\/\/todotrial.com\/tienda\/wp-content\/uploads\/2016\/08\/libro-trial-vintage-3.jpg","width":1024,"height":683},{"@type":"BreadcrumbList","@id":"https:\/\/todotrial.com\/tienda\/libros-trial2016-08-15-15-52-10\/#breadcrumb","itemListElement":[{"@type":"ListItem","position":1,"name":"Portada","item":"https:\/\/todotrial.com\/tienda\/"},{"@type":"ListItem","position":2,"name":"Shop","item":"https:\/\/todotrial.com\/tienda\/shop\/"},{"@type":"ListItem","position":3,"name":"Libro Trial Vintage 1"}]},{"@type":"WebSite","@id":"https:\/\/todotrial.com\/tienda\/#website","url":"https:\/\/todotrial.com\/tienda\/","name":"Tienda de todotrial","description":"","potentialAction":[{"@type":"SearchAction","target":{"@type":"EntryPoint","urlTemplate":"https:\/\/todotrial.com\/tienda\/?s={search_term_string}"},"query-input":{"@type":"PropertyValueSpecification","valueRequired":true,"valueName":"search_term_string"}}],"inLanguage":"es"}]}},"_links":{"self":[{"href":"https:\/\/todotrial.com\/tienda\/wp-json\/wp\/v2\/product\/7910","targetHints":{"allow":["GET"]}}],"collection":[{"href":"https:\/\/todotrial.com\/tienda\/wp-json\/wp\/v2\/product"}],"about":[{"href":"https:\/\/todotrial.com\/tienda\/wp-json\/wp\/v2\/types\/product"}],"replies":[{"embeddable":true,"href":"https:\/\/todotrial.com\/tienda\/wp-json\/wp\/v2\/comments?post=7910"}],"version-history":[{"count":1,"href":"https:\/\/todotrial.com\/tienda\/wp-json\/wp\/v2\/product\/7910\/revisions"}],"predecessor-version":[{"id":56139,"href":"https:\/\/todotrial.com\/tienda\/wp-json\/wp\/v2\/product\/7910\/revisions\/56139"}],"wp:featuredmedia":[{"embeddable":true,"href":"https:\/\/todotrial.com\/tienda\/wp-json\/wp\/v2\/media\/7905"}],"wp:attachment":[{"href":"https:\/\/todotrial.com\/tienda\/wp-json\/wp\/v2\/media?parent=7910"}],"wp:term":[{"taxonomy":"product_brand","embeddable":true,"href":"https:\/\/todotrial.com\/tienda\/wp-json\/wp\/v2\/product_brand?post=7910"},{"taxonomy":"product_cat","embeddable":true,"href":"https:\/\/todotrial.com\/tienda\/wp-json\/wp\/v2\/product_cat?post=7910"},{"taxonomy":"product_tag","embeddable":true,"href":"https:\/\/todotrial.com\/tienda\/wp-json\/wp\/v2\/product_tag?post=7910"}],"curies":[{"name":"wp","href":"https:\/\/api.w.org\/{rel}","templated":true}]}}