{"id":758,"date":"2020-07-02T15:08:51","date_gmt":"2020-07-02T15:08:51","guid":{"rendered":"https:\/\/todotrial.com\/tienda\/product\/ssdt-1988\/"},"modified":"2025-02-20T17:34:18","modified_gmt":"2025-02-20T16:34:18","slug":"ssdt-1988","status":"publish","type":"product","link":"https:\/\/todotrial.com\/tienda\/ssdt-1988\/","title":{"rendered":"Scottish Six Days Trial 1988"},"content":{"rendered":"<p>Scottish Six Days Trial 1988- DVD<\/p>\n<p>La primavera puede significar s\u00f3lo una cosa para los aficionados al Trial- el viaje anual a las tierras altas de la SSDT. La forma actual de Steve Saunders dio esperanzas de una victoria en casa por primera vez en 9 a\u00f1os. El piloto de Fantic estaba en una forma brillante, con victorias en el Campeonato del Mundo de Trial en su haber este a\u00f1o, podr\u00eda encontrar la resistencia y la concentraci\u00f3n necesaria para encabezar este campo masivo? El ganador del a\u00f1o pasado Jordi Tarres (Beta) estaba dispuesto a retener su t\u00edtulo de Rey de las Tierras Altas, pero los Seis D\u00edas es una batalla dif\u00edcil para los ases.<\/p>\n<p>Pero el trial no s\u00f3lo gira alrededor de los mejores ases. La mayor\u00eda de los pilotos de 300 y pico son pilotos que praican todos los domingos. Para ellos, incluso terminar el evento es premio suficiente. Rocalla escoc\u00e9s, p\u00e1ramos, el barro y la lluvia, estos fueron s\u00f3lo algunos de los peligros competidores tuvieron que enfrentar a diario en el escoc\u00e9s.<\/p>\n<p>Ahora te traemos la mejor cobertura de v\u00eddeo jam\u00e1s ofrecido del cl\u00e1sico de Highland. Fue filmado para DM por las tripulaciones experto c\u00e1mara Photac que cubrieron muchos cientos de kil\u00f3metros para estar con los principales contendientes toda la semana y lograr que el verdadero sabor de la Scottish &#8217;88. Una producci\u00f3n de calidad que te pone al d\u00eda con la acci\u00f3n como nunca antes.<\/p>\n<p>Idioma: Ingl\u00e9s ( Aunque lo verdaderamente importante son las im\u00e1genes y el ruido ambiente)<\/p>\n","protected":false},"excerpt":{"rendered":"<p>Scottish Six Days Trial 1988- DVD<\/p>\n","protected":false},"featured_media":757,"comment_status":"open","ping_status":"closed","template":"","meta":[],"product_brand":[],"product_cat":[15],"product_tag":[],"class_list":{"0":"post-758","1":"product","2":"type-product","3":"status-publish","4":"has-post-thumbnail","6":"product_cat-uncategorized","8":"first","9":"outofstock","10":"taxable","11":"shipping-taxable","12":"purchasable","13":"product-type-simple"},"yoast_head":"<!-- This site is optimized with the Yoast SEO Premium plugin v21.2 (Yoast SEO v27.3) - https:\/\/yoast.com\/product\/yoast-seo-premium-wordpress\/ -->\n<title>Scottish Six Days Trial 1988 - Tienda de todotrial<\/title>\n<meta name=\"robots\" content=\"index, follow, max-snippet:-1, max-image-preview:large, max-video-preview:-1\" \/>\n<link rel=\"canonical\" href=\"https:\/\/todotrial.com\/tienda\/ssdt-1988\/\" \/>\n<meta property=\"og:locale\" content=\"es_ES\" \/>\n<meta property=\"og:type\" content=\"article\" \/>\n<meta property=\"og:title\" content=\"Scottish Six Days Trial 1988\" \/>\n<meta property=\"og:description\" content=\"Scottish Six Days Trial 1988- DVD\" \/>\n<meta property=\"og:url\" content=\"https:\/\/todotrial.com\/tienda\/ssdt-1988\/\" \/>\n<meta property=\"og:site_name\" content=\"Tienda de todotrial\" \/>\n<meta property=\"article:modified_time\" content=\"2025-02-20T16:34:18+00:00\" \/>\n<meta property=\"og:image\" content=\"https:\/\/todotrial.com\/tienda\/wp-content\/uploads\/2020\/07\/2271da.jpg\" \/>\n\t<meta property=\"og:image:width\" content=\"360\" \/>\n\t<meta property=\"og:image:height\" content=\"518\" \/>\n\t<meta property=\"og:image:type\" content=\"image\/jpeg\" \/>\n<meta name=\"twitter:card\" content=\"summary_large_image\" \/>\n<meta name=\"twitter:label1\" content=\"Tiempo de lectura\" \/>\n\t<meta name=\"twitter:data1\" content=\"1 minuto\" \/>\n<script type=\"application\/ld+json\" class=\"yoast-schema-graph\">{\"@context\":\"https:\\\/\\\/schema.org\",\"@graph\":[{\"@type\":\"WebPage\",\"@id\":\"https:\\\/\\\/todotrial.com\\\/tienda\\\/ssdt-1988\\\/\",\"url\":\"https:\\\/\\\/todotrial.com\\\/tienda\\\/ssdt-1988\\\/\",\"name\":\"Scottish Six Days Trial 1988 - Tienda de todotrial\",\"isPartOf\":{\"@id\":\"https:\\\/\\\/todotrial.com\\\/tienda\\\/#website\"},\"primaryImageOfPage\":{\"@id\":\"https:\\\/\\\/todotrial.com\\\/tienda\\\/ssdt-1988\\\/#primaryimage\"},\"image\":{\"@id\":\"https:\\\/\\\/todotrial.com\\\/tienda\\\/ssdt-1988\\\/#primaryimage\"},\"thumbnailUrl\":\"https:\\\/\\\/todotrial.com\\\/tienda\\\/wp-content\\\/uploads\\\/2020\\\/07\\\/2271da.jpg\",\"datePublished\":\"2020-07-02T15:08:51+00:00\",\"dateModified\":\"2025-02-20T16:34:18+00:00\",\"breadcrumb\":{\"@id\":\"https:\\\/\\\/todotrial.com\\\/tienda\\\/ssdt-1988\\\/#breadcrumb\"},\"inLanguage\":\"es\",\"potentialAction\":[{\"@type\":\"ReadAction\",\"target\":[\"https:\\\/\\\/todotrial.com\\\/tienda\\\/ssdt-1988\\\/\"]}]},{\"@type\":\"ImageObject\",\"inLanguage\":\"es\",\"@id\":\"https:\\\/\\\/todotrial.com\\\/tienda\\\/ssdt-1988\\\/#primaryimage\",\"url\":\"https:\\\/\\\/todotrial.com\\\/tienda\\\/wp-content\\\/uploads\\\/2020\\\/07\\\/2271da.jpg\",\"contentUrl\":\"https:\\\/\\\/todotrial.com\\\/tienda\\\/wp-content\\\/uploads\\\/2020\\\/07\\\/2271da.jpg\",\"width\":360,\"height\":518},{\"@type\":\"BreadcrumbList\",\"@id\":\"https:\\\/\\\/todotrial.com\\\/tienda\\\/ssdt-1988\\\/#breadcrumb\",\"itemListElement\":[{\"@type\":\"ListItem\",\"position\":1,\"name\":\"Portada\",\"item\":\"https:\\\/\\\/todotrial.com\\\/tienda\\\/\"},{\"@type\":\"ListItem\",\"position\":2,\"name\":\"Shop\",\"item\":\"https:\\\/\\\/todotrial.com\\\/tienda\\\/shop\\\/\"},{\"@type\":\"ListItem\",\"position\":3,\"name\":\"Scottish Six Days Trial 1988\"}]},{\"@type\":\"WebSite\",\"@id\":\"https:\\\/\\\/todotrial.com\\\/tienda\\\/#website\",\"url\":\"https:\\\/\\\/todotrial.com\\\/tienda\\\/\",\"name\":\"Tienda de todotrial\",\"description\":\"\",\"potentialAction\":[{\"@type\":\"SearchAction\",\"target\":{\"@type\":\"EntryPoint\",\"urlTemplate\":\"https:\\\/\\\/todotrial.com\\\/tienda\\\/?s={search_term_string}\"},\"query-input\":{\"@type\":\"PropertyValueSpecification\",\"valueRequired\":true,\"valueName\":\"search_term_string\"}}],\"inLanguage\":\"es\"}]}<\/script>\n<!-- \/ Yoast SEO Premium plugin. -->","yoast_head_json":{"title":"Scottish Six Days Trial 1988 - Tienda de todotrial","robots":{"index":"index","follow":"follow","max-snippet":"max-snippet:-1","max-image-preview":"max-image-preview:large","max-video-preview":"max-video-preview:-1"},"canonical":"https:\/\/todotrial.com\/tienda\/ssdt-1988\/","og_locale":"es_ES","og_type":"article","og_title":"Scottish Six Days Trial 1988","og_description":"Scottish Six Days Trial 1988- DVD","og_url":"https:\/\/todotrial.com\/tienda\/ssdt-1988\/","og_site_name":"Tienda de todotrial","article_modified_time":"2025-02-20T16:34:18+00:00","og_image":[{"width":360,"height":518,"url":"https:\/\/todotrial.com\/tienda\/wp-content\/uploads\/2020\/07\/2271da.jpg","type":"image\/jpeg"}],"twitter_card":"summary_large_image","twitter_misc":{"Tiempo de lectura":"1 minuto"},"schema":{"@context":"https:\/\/schema.org","@graph":[{"@type":"WebPage","@id":"https:\/\/todotrial.com\/tienda\/ssdt-1988\/","url":"https:\/\/todotrial.com\/tienda\/ssdt-1988\/","name":"Scottish Six Days Trial 1988 - Tienda de todotrial","isPartOf":{"@id":"https:\/\/todotrial.com\/tienda\/#website"},"primaryImageOfPage":{"@id":"https:\/\/todotrial.com\/tienda\/ssdt-1988\/#primaryimage"},"image":{"@id":"https:\/\/todotrial.com\/tienda\/ssdt-1988\/#primaryimage"},"thumbnailUrl":"https:\/\/todotrial.com\/tienda\/wp-content\/uploads\/2020\/07\/2271da.jpg","datePublished":"2020-07-02T15:08:51+00:00","dateModified":"2025-02-20T16:34:18+00:00","breadcrumb":{"@id":"https:\/\/todotrial.com\/tienda\/ssdt-1988\/#breadcrumb"},"inLanguage":"es","potentialAction":[{"@type":"ReadAction","target":["https:\/\/todotrial.com\/tienda\/ssdt-1988\/"]}]},{"@type":"ImageObject","inLanguage":"es","@id":"https:\/\/todotrial.com\/tienda\/ssdt-1988\/#primaryimage","url":"https:\/\/todotrial.com\/tienda\/wp-content\/uploads\/2020\/07\/2271da.jpg","contentUrl":"https:\/\/todotrial.com\/tienda\/wp-content\/uploads\/2020\/07\/2271da.jpg","width":360,"height":518},{"@type":"BreadcrumbList","@id":"https:\/\/todotrial.com\/tienda\/ssdt-1988\/#breadcrumb","itemListElement":[{"@type":"ListItem","position":1,"name":"Portada","item":"https:\/\/todotrial.com\/tienda\/"},{"@type":"ListItem","position":2,"name":"Shop","item":"https:\/\/todotrial.com\/tienda\/shop\/"},{"@type":"ListItem","position":3,"name":"Scottish Six Days Trial 1988"}]},{"@type":"WebSite","@id":"https:\/\/todotrial.com\/tienda\/#website","url":"https:\/\/todotrial.com\/tienda\/","name":"Tienda de todotrial","description":"","potentialAction":[{"@type":"SearchAction","target":{"@type":"EntryPoint","urlTemplate":"https:\/\/todotrial.com\/tienda\/?s={search_term_string}"},"query-input":{"@type":"PropertyValueSpecification","valueRequired":true,"valueName":"search_term_string"}}],"inLanguage":"es"}]}},"_links":{"self":[{"href":"https:\/\/todotrial.com\/tienda\/wp-json\/wp\/v2\/product\/758","targetHints":{"allow":["GET"]}}],"collection":[{"href":"https:\/\/todotrial.com\/tienda\/wp-json\/wp\/v2\/product"}],"about":[{"href":"https:\/\/todotrial.com\/tienda\/wp-json\/wp\/v2\/types\/product"}],"replies":[{"embeddable":true,"href":"https:\/\/todotrial.com\/tienda\/wp-json\/wp\/v2\/comments?post=758"}],"version-history":[{"count":0,"href":"https:\/\/todotrial.com\/tienda\/wp-json\/wp\/v2\/product\/758\/revisions"}],"wp:featuredmedia":[{"embeddable":true,"href":"https:\/\/todotrial.com\/tienda\/wp-json\/wp\/v2\/media\/757"}],"wp:attachment":[{"href":"https:\/\/todotrial.com\/tienda\/wp-json\/wp\/v2\/media?parent=758"}],"wp:term":[{"taxonomy":"product_brand","embeddable":true,"href":"https:\/\/todotrial.com\/tienda\/wp-json\/wp\/v2\/product_brand?post=758"},{"taxonomy":"product_cat","embeddable":true,"href":"https:\/\/todotrial.com\/tienda\/wp-json\/wp\/v2\/product_cat?post=758"},{"taxonomy":"product_tag","embeddable":true,"href":"https:\/\/todotrial.com\/tienda\/wp-json\/wp\/v2\/product_tag?post=758"}],"curies":[{"name":"wp","href":"https:\/\/api.w.org\/{rel}","templated":true}]}}