{"id":7547,"date":"2016-07-31T09:27:04","date_gmt":"2016-07-31T09:27:04","guid":{"rendered":"https:\/\/todotrial.com\/tienda\/product\/chapa-metalica2016-07-31-09-27-04\/"},"modified":"2025-02-20T18:14:48","modified_gmt":"2025-02-20T17:14:48","slug":"chapa-metalica2016-07-31-09-27-04","status":"publish","type":"product","link":"https:\/\/todotrial.com\/tienda\/chapa-metalica2016-07-31-09-27-04\/","title":{"rendered":"BSA Goldstar 500cc 1960 Metal Sign"},"content":{"rendered":"<p>BSA Goldstar 500cc 1960 Metal Sign( tama\u00f1o mimi)<br \/>Dimensiones:150 X 200 mm.<br \/>Ver otros tama\u00f1os y precios<\/p>\n<p>Otros Tama\u00f1os:<br \/>Grande 400 X 300 mm. Precio 31\u20ac<br \/>Jumbo 500 X 700 mm. Precio 52\u20ac<\/p>\n<p>Esta maravillosa recreaci\u00f3n de un BSA Goldstar 500cc 1960 est\u00e1 por el ex piloto y moto entusiasta TT Brian Sapsford, que invirti\u00f3 m\u00e1s de 100 horas de arduo trabajo, adem\u00e1s de la investigaci\u00f3n, para asegurar que cada moto pint\u00f3 fue capturado con la mayor precisi\u00f3n posible.<\/p>\n<p>La imagen ahora se puede disfrutar en un signo de metal duradero, disponible en tres tama\u00f1os, con orificios de esquina previamente perforados para facilitar el montaje.<\/p>\n<p>This wonderful recreation of a 1960 BSA Goldstar 500cc is by former TT racer and bike enthusiast Brian Sapsford, who invested more than 100 hours of painstaking work, plus research, to ensure every bike he painted was captured as accurately as possible.<\/p>\n<p>The image can now be enjoyed on a durable metal sign, available in three sizes, with pre-drilled corner holes for easy mounting.<\/p>\n","protected":false},"excerpt":{"rendered":"<p>BSA Goldstar 500cc 1960 Metal Sign( tama\u00f1o mimi)<br \/>\nDimensiones:150 X 200 mm.<br \/>\nVer otros tama\u00f1os y precios<\/p>\n","protected":false},"featured_media":7546,"comment_status":"open","ping_status":"closed","template":"","meta":[],"product_brand":[],"product_cat":[15],"product_tag":[],"class_list":{"0":"post-7547","1":"product","2":"type-product","3":"status-publish","4":"has-post-thumbnail","6":"product_cat-uncategorized","8":"first","9":"instock","10":"taxable","11":"shipping-taxable","12":"purchasable","13":"product-type-simple"},"yoast_head":"<!-- This site is optimized with the Yoast SEO Premium plugin v21.2 (Yoast SEO v27.3) - https:\/\/yoast.com\/product\/yoast-seo-premium-wordpress\/ -->\n<title>BSA Goldstar 500cc 1960 Metal Sign - Tienda de todotrial<\/title>\n<meta name=\"robots\" content=\"index, follow, max-snippet:-1, max-image-preview:large, max-video-preview:-1\" \/>\n<link rel=\"canonical\" href=\"https:\/\/todotrial.com\/tienda\/chapa-metalica2016-07-31-09-27-04\/\" \/>\n<meta property=\"og:locale\" content=\"es_ES\" \/>\n<meta property=\"og:type\" content=\"article\" \/>\n<meta property=\"og:title\" content=\"BSA Goldstar 500cc 1960 Metal Sign\" \/>\n<meta property=\"og:description\" content=\"BSA Goldstar 500cc 1960 Metal Sign( tama\u00f1o mimi) Dimensiones:150 X 200 mm. Ver otros tama\u00f1os y precios\" \/>\n<meta property=\"og:url\" content=\"https:\/\/todotrial.com\/tienda\/chapa-metalica2016-07-31-09-27-04\/\" \/>\n<meta property=\"og:site_name\" content=\"Tienda de todotrial\" \/>\n<meta property=\"article:modified_time\" content=\"2025-02-20T17:14:48+00:00\" \/>\n<meta property=\"og:image\" content=\"https:\/\/todotrial.com\/tienda\/wp-content\/uploads\/2016\/07\/bsa_goldstar_500cc_1960_metal_sign.jpg\" \/>\n\t<meta property=\"og:image:width\" content=\"360\" \/>\n\t<meta property=\"og:image:height\" content=\"257\" \/>\n\t<meta property=\"og:image:type\" content=\"image\/jpeg\" \/>\n<meta name=\"twitter:card\" content=\"summary_large_image\" \/>\n<meta name=\"twitter:label1\" content=\"Tiempo de lectura\" \/>\n\t<meta name=\"twitter:data1\" content=\"1 minuto\" \/>\n<script type=\"application\/ld+json\" class=\"yoast-schema-graph\">{\"@context\":\"https:\\\/\\\/schema.org\",\"@graph\":[{\"@type\":\"WebPage\",\"@id\":\"https:\\\/\\\/todotrial.com\\\/tienda\\\/chapa-metalica2016-07-31-09-27-04\\\/\",\"url\":\"https:\\\/\\\/todotrial.com\\\/tienda\\\/chapa-metalica2016-07-31-09-27-04\\\/\",\"name\":\"BSA Goldstar 500cc 1960 Metal Sign - Tienda de todotrial\",\"isPartOf\":{\"@id\":\"https:\\\/\\\/todotrial.com\\\/tienda\\\/#website\"},\"primaryImageOfPage\":{\"@id\":\"https:\\\/\\\/todotrial.com\\\/tienda\\\/chapa-metalica2016-07-31-09-27-04\\\/#primaryimage\"},\"image\":{\"@id\":\"https:\\\/\\\/todotrial.com\\\/tienda\\\/chapa-metalica2016-07-31-09-27-04\\\/#primaryimage\"},\"thumbnailUrl\":\"https:\\\/\\\/todotrial.com\\\/tienda\\\/wp-content\\\/uploads\\\/2016\\\/07\\\/bsa_goldstar_500cc_1960_metal_sign.jpg\",\"datePublished\":\"2016-07-31T09:27:04+00:00\",\"dateModified\":\"2025-02-20T17:14:48+00:00\",\"breadcrumb\":{\"@id\":\"https:\\\/\\\/todotrial.com\\\/tienda\\\/chapa-metalica2016-07-31-09-27-04\\\/#breadcrumb\"},\"inLanguage\":\"es\",\"potentialAction\":[{\"@type\":\"ReadAction\",\"target\":[\"https:\\\/\\\/todotrial.com\\\/tienda\\\/chapa-metalica2016-07-31-09-27-04\\\/\"]}]},{\"@type\":\"ImageObject\",\"inLanguage\":\"es\",\"@id\":\"https:\\\/\\\/todotrial.com\\\/tienda\\\/chapa-metalica2016-07-31-09-27-04\\\/#primaryimage\",\"url\":\"https:\\\/\\\/todotrial.com\\\/tienda\\\/wp-content\\\/uploads\\\/2016\\\/07\\\/bsa_goldstar_500cc_1960_metal_sign.jpg\",\"contentUrl\":\"https:\\\/\\\/todotrial.com\\\/tienda\\\/wp-content\\\/uploads\\\/2016\\\/07\\\/bsa_goldstar_500cc_1960_metal_sign.jpg\",\"width\":360,\"height\":257},{\"@type\":\"BreadcrumbList\",\"@id\":\"https:\\\/\\\/todotrial.com\\\/tienda\\\/chapa-metalica2016-07-31-09-27-04\\\/#breadcrumb\",\"itemListElement\":[{\"@type\":\"ListItem\",\"position\":1,\"name\":\"Portada\",\"item\":\"https:\\\/\\\/todotrial.com\\\/tienda\\\/\"},{\"@type\":\"ListItem\",\"position\":2,\"name\":\"Shop\",\"item\":\"https:\\\/\\\/todotrial.com\\\/tienda\\\/shop\\\/\"},{\"@type\":\"ListItem\",\"position\":3,\"name\":\"BSA Goldstar 500cc 1960 Metal Sign\"}]},{\"@type\":\"WebSite\",\"@id\":\"https:\\\/\\\/todotrial.com\\\/tienda\\\/#website\",\"url\":\"https:\\\/\\\/todotrial.com\\\/tienda\\\/\",\"name\":\"Tienda de todotrial\",\"description\":\"\",\"potentialAction\":[{\"@type\":\"SearchAction\",\"target\":{\"@type\":\"EntryPoint\",\"urlTemplate\":\"https:\\\/\\\/todotrial.com\\\/tienda\\\/?s={search_term_string}\"},\"query-input\":{\"@type\":\"PropertyValueSpecification\",\"valueRequired\":true,\"valueName\":\"search_term_string\"}}],\"inLanguage\":\"es\"}]}<\/script>\n<!-- \/ Yoast SEO Premium plugin. -->","yoast_head_json":{"title":"BSA Goldstar 500cc 1960 Metal Sign - Tienda de todotrial","robots":{"index":"index","follow":"follow","max-snippet":"max-snippet:-1","max-image-preview":"max-image-preview:large","max-video-preview":"max-video-preview:-1"},"canonical":"https:\/\/todotrial.com\/tienda\/chapa-metalica2016-07-31-09-27-04\/","og_locale":"es_ES","og_type":"article","og_title":"BSA Goldstar 500cc 1960 Metal Sign","og_description":"BSA Goldstar 500cc 1960 Metal Sign( tama\u00f1o mimi) Dimensiones:150 X 200 mm. Ver otros tama\u00f1os y precios","og_url":"https:\/\/todotrial.com\/tienda\/chapa-metalica2016-07-31-09-27-04\/","og_site_name":"Tienda de todotrial","article_modified_time":"2025-02-20T17:14:48+00:00","og_image":[{"width":360,"height":257,"url":"https:\/\/todotrial.com\/tienda\/wp-content\/uploads\/2016\/07\/bsa_goldstar_500cc_1960_metal_sign.jpg","type":"image\/jpeg"}],"twitter_card":"summary_large_image","twitter_misc":{"Tiempo de lectura":"1 minuto"},"schema":{"@context":"https:\/\/schema.org","@graph":[{"@type":"WebPage","@id":"https:\/\/todotrial.com\/tienda\/chapa-metalica2016-07-31-09-27-04\/","url":"https:\/\/todotrial.com\/tienda\/chapa-metalica2016-07-31-09-27-04\/","name":"BSA Goldstar 500cc 1960 Metal Sign - Tienda de todotrial","isPartOf":{"@id":"https:\/\/todotrial.com\/tienda\/#website"},"primaryImageOfPage":{"@id":"https:\/\/todotrial.com\/tienda\/chapa-metalica2016-07-31-09-27-04\/#primaryimage"},"image":{"@id":"https:\/\/todotrial.com\/tienda\/chapa-metalica2016-07-31-09-27-04\/#primaryimage"},"thumbnailUrl":"https:\/\/todotrial.com\/tienda\/wp-content\/uploads\/2016\/07\/bsa_goldstar_500cc_1960_metal_sign.jpg","datePublished":"2016-07-31T09:27:04+00:00","dateModified":"2025-02-20T17:14:48+00:00","breadcrumb":{"@id":"https:\/\/todotrial.com\/tienda\/chapa-metalica2016-07-31-09-27-04\/#breadcrumb"},"inLanguage":"es","potentialAction":[{"@type":"ReadAction","target":["https:\/\/todotrial.com\/tienda\/chapa-metalica2016-07-31-09-27-04\/"]}]},{"@type":"ImageObject","inLanguage":"es","@id":"https:\/\/todotrial.com\/tienda\/chapa-metalica2016-07-31-09-27-04\/#primaryimage","url":"https:\/\/todotrial.com\/tienda\/wp-content\/uploads\/2016\/07\/bsa_goldstar_500cc_1960_metal_sign.jpg","contentUrl":"https:\/\/todotrial.com\/tienda\/wp-content\/uploads\/2016\/07\/bsa_goldstar_500cc_1960_metal_sign.jpg","width":360,"height":257},{"@type":"BreadcrumbList","@id":"https:\/\/todotrial.com\/tienda\/chapa-metalica2016-07-31-09-27-04\/#breadcrumb","itemListElement":[{"@type":"ListItem","position":1,"name":"Portada","item":"https:\/\/todotrial.com\/tienda\/"},{"@type":"ListItem","position":2,"name":"Shop","item":"https:\/\/todotrial.com\/tienda\/shop\/"},{"@type":"ListItem","position":3,"name":"BSA Goldstar 500cc 1960 Metal Sign"}]},{"@type":"WebSite","@id":"https:\/\/todotrial.com\/tienda\/#website","url":"https:\/\/todotrial.com\/tienda\/","name":"Tienda de todotrial","description":"","potentialAction":[{"@type":"SearchAction","target":{"@type":"EntryPoint","urlTemplate":"https:\/\/todotrial.com\/tienda\/?s={search_term_string}"},"query-input":{"@type":"PropertyValueSpecification","valueRequired":true,"valueName":"search_term_string"}}],"inLanguage":"es"}]}},"_links":{"self":[{"href":"https:\/\/todotrial.com\/tienda\/wp-json\/wp\/v2\/product\/7547","targetHints":{"allow":["GET"]}}],"collection":[{"href":"https:\/\/todotrial.com\/tienda\/wp-json\/wp\/v2\/product"}],"about":[{"href":"https:\/\/todotrial.com\/tienda\/wp-json\/wp\/v2\/types\/product"}],"replies":[{"embeddable":true,"href":"https:\/\/todotrial.com\/tienda\/wp-json\/wp\/v2\/comments?post=7547"}],"version-history":[{"count":0,"href":"https:\/\/todotrial.com\/tienda\/wp-json\/wp\/v2\/product\/7547\/revisions"}],"wp:featuredmedia":[{"embeddable":true,"href":"https:\/\/todotrial.com\/tienda\/wp-json\/wp\/v2\/media\/7546"}],"wp:attachment":[{"href":"https:\/\/todotrial.com\/tienda\/wp-json\/wp\/v2\/media?parent=7547"}],"wp:term":[{"taxonomy":"product_brand","embeddable":true,"href":"https:\/\/todotrial.com\/tienda\/wp-json\/wp\/v2\/product_brand?post=7547"},{"taxonomy":"product_cat","embeddable":true,"href":"https:\/\/todotrial.com\/tienda\/wp-json\/wp\/v2\/product_cat?post=7547"},{"taxonomy":"product_tag","embeddable":true,"href":"https:\/\/todotrial.com\/tienda\/wp-json\/wp\/v2\/product_tag?post=7547"}],"curies":[{"name":"wp","href":"https:\/\/api.w.org\/{rel}","templated":true}]}}