{"id":7541,"date":"2016-07-31T08:55:37","date_gmt":"2016-07-31T08:55:37","guid":{"rendered":"https:\/\/todotrial.com\/tienda\/product\/chapa-metalica2016-07-31-08-55-37\/"},"modified":"2025-02-20T18:14:50","modified_gmt":"2025-02-20T17:14:50","slug":"chapa-metalica2016-07-31-08-55-37","status":"publish","type":"product","link":"https:\/\/todotrial.com\/tienda\/chapa-metalica2016-07-31-08-55-37\/","title":{"rendered":"Manx Norton 1961 350cc Metal Sign"},"content":{"rendered":"<p>Manx Norton 1961 350cc Metal Sign ( tama\u00f1o mimi)<br \/>Dimensiones:150 X 200 mm.<br \/>Ver otros tama\u00f1os y precios<\/p>\n<p>Otros Tama\u00f1os:<br \/>Grande 400 X 300 mm. Precio 31\u20ac<br \/>Jumbo 500 X 700 mm. Precio 52\u20ac<\/p>\n<p>Esta maravillosa recreaci\u00f3n de la leyenda 1961 Manx Norton 350cc realizada por el ex piloto y moto entusiasta TT Brian Sapsford, un artista que ha invertido casi 100 horas de arduo trabajo, adem\u00e1s de horas de investigaci\u00f3n, para asegurarse de que la moto se ha capturado la mayor precisi\u00f3n posible.<\/p>\n<p>Esta imagen ahora se puede disfrutar en un signo de metal duradero, disponible en 3 tama\u00f1os. Cada signo viene con orificios de esquina previamente perforados para facilitar el montaje.<\/p>\n<p>This wonderful recreation of the legendary 1961 Manx Norton 350cc is by former TT racer and bike enthusiast Brian Sapsford, an artist who invested almost 100 hours of painstaking work, plus hours of research, to ensure that the bike has been captured as accurately as possible.<\/p>\n<p>This image can now be enjoyed on a durable metal sign, available in 3 sizes. Each sign comes with pre-drilled corner holes for easy mounting.<\/p>\n","protected":false},"excerpt":{"rendered":"<p>Manx Norton 1961 350cc Metal Sign ( tama\u00f1o mimi)<br \/>\nDimensiones:150 X 200 mm.<br \/>\nVer otros tama\u00f1os y precios<\/p>\n","protected":false},"featured_media":7540,"comment_status":"open","ping_status":"closed","template":"","meta":[],"product_brand":[],"product_cat":[15],"product_tag":[],"class_list":{"0":"post-7541","1":"product","2":"type-product","3":"status-publish","4":"has-post-thumbnail","6":"product_cat-uncategorized","8":"first","9":"instock","10":"taxable","11":"shipping-taxable","12":"purchasable","13":"product-type-simple"},"yoast_head":"<!-- This site is optimized with the Yoast SEO Premium plugin v21.2 (Yoast SEO v27.5) - https:\/\/yoast.com\/product\/yoast-seo-premium-wordpress\/ -->\n<title>Manx Norton 1961 350cc Metal Sign - Tienda de todotrial<\/title>\n<meta name=\"robots\" content=\"index, follow, max-snippet:-1, max-image-preview:large, max-video-preview:-1\" \/>\n<link rel=\"canonical\" href=\"https:\/\/todotrial.com\/tienda\/chapa-metalica2016-07-31-08-55-37\/\" \/>\n<meta property=\"og:locale\" content=\"es_ES\" \/>\n<meta property=\"og:type\" content=\"article\" \/>\n<meta property=\"og:title\" content=\"Manx Norton 1961 350cc Metal Sign\" \/>\n<meta property=\"og:description\" content=\"Manx Norton 1961 350cc Metal Sign ( tama\u00f1o mimi) Dimensiones:150 X 200 mm. Ver otros tama\u00f1os y precios\" \/>\n<meta property=\"og:url\" content=\"https:\/\/todotrial.com\/tienda\/chapa-metalica2016-07-31-08-55-37\/\" \/>\n<meta property=\"og:site_name\" content=\"Tienda de todotrial\" \/>\n<meta property=\"article:modified_time\" content=\"2025-02-20T17:14:50+00:00\" \/>\n<meta property=\"og:image\" content=\"https:\/\/todotrial.com\/tienda\/wp-content\/uploads\/2016\/07\/manx_norton_1961_350cc_metal_sign.jpg\" \/>\n\t<meta property=\"og:image:width\" content=\"360\" \/>\n\t<meta property=\"og:image:height\" content=\"504\" \/>\n\t<meta property=\"og:image:type\" content=\"image\/jpeg\" \/>\n<meta name=\"twitter:card\" content=\"summary_large_image\" \/>\n<meta name=\"twitter:label1\" content=\"Tiempo de lectura\" \/>\n\t<meta name=\"twitter:data1\" content=\"1 minuto\" \/>\n<script type=\"application\/ld+json\" class=\"yoast-schema-graph\">{\"@context\":\"https:\\\/\\\/schema.org\",\"@graph\":[{\"@type\":\"WebPage\",\"@id\":\"https:\\\/\\\/todotrial.com\\\/tienda\\\/chapa-metalica2016-07-31-08-55-37\\\/\",\"url\":\"https:\\\/\\\/todotrial.com\\\/tienda\\\/chapa-metalica2016-07-31-08-55-37\\\/\",\"name\":\"Manx Norton 1961 350cc Metal Sign - Tienda de todotrial\",\"isPartOf\":{\"@id\":\"https:\\\/\\\/todotrial.com\\\/tienda\\\/#website\"},\"primaryImageOfPage\":{\"@id\":\"https:\\\/\\\/todotrial.com\\\/tienda\\\/chapa-metalica2016-07-31-08-55-37\\\/#primaryimage\"},\"image\":{\"@id\":\"https:\\\/\\\/todotrial.com\\\/tienda\\\/chapa-metalica2016-07-31-08-55-37\\\/#primaryimage\"},\"thumbnailUrl\":\"https:\\\/\\\/todotrial.com\\\/tienda\\\/wp-content\\\/uploads\\\/2016\\\/07\\\/manx_norton_1961_350cc_metal_sign.jpg\",\"datePublished\":\"2016-07-31T08:55:37+00:00\",\"dateModified\":\"2025-02-20T17:14:50+00:00\",\"breadcrumb\":{\"@id\":\"https:\\\/\\\/todotrial.com\\\/tienda\\\/chapa-metalica2016-07-31-08-55-37\\\/#breadcrumb\"},\"inLanguage\":\"es\",\"potentialAction\":[{\"@type\":\"ReadAction\",\"target\":[\"https:\\\/\\\/todotrial.com\\\/tienda\\\/chapa-metalica2016-07-31-08-55-37\\\/\"]}]},{\"@type\":\"ImageObject\",\"inLanguage\":\"es\",\"@id\":\"https:\\\/\\\/todotrial.com\\\/tienda\\\/chapa-metalica2016-07-31-08-55-37\\\/#primaryimage\",\"url\":\"https:\\\/\\\/todotrial.com\\\/tienda\\\/wp-content\\\/uploads\\\/2016\\\/07\\\/manx_norton_1961_350cc_metal_sign.jpg\",\"contentUrl\":\"https:\\\/\\\/todotrial.com\\\/tienda\\\/wp-content\\\/uploads\\\/2016\\\/07\\\/manx_norton_1961_350cc_metal_sign.jpg\",\"width\":360,\"height\":504},{\"@type\":\"BreadcrumbList\",\"@id\":\"https:\\\/\\\/todotrial.com\\\/tienda\\\/chapa-metalica2016-07-31-08-55-37\\\/#breadcrumb\",\"itemListElement\":[{\"@type\":\"ListItem\",\"position\":1,\"name\":\"Portada\",\"item\":\"https:\\\/\\\/todotrial.com\\\/tienda\\\/\"},{\"@type\":\"ListItem\",\"position\":2,\"name\":\"Shop\",\"item\":\"https:\\\/\\\/todotrial.com\\\/tienda\\\/shop\\\/\"},{\"@type\":\"ListItem\",\"position\":3,\"name\":\"Manx Norton 1961 350cc Metal Sign\"}]},{\"@type\":\"WebSite\",\"@id\":\"https:\\\/\\\/todotrial.com\\\/tienda\\\/#website\",\"url\":\"https:\\\/\\\/todotrial.com\\\/tienda\\\/\",\"name\":\"Tienda de todotrial\",\"description\":\"\",\"potentialAction\":[{\"@type\":\"SearchAction\",\"target\":{\"@type\":\"EntryPoint\",\"urlTemplate\":\"https:\\\/\\\/todotrial.com\\\/tienda\\\/?s={search_term_string}\"},\"query-input\":{\"@type\":\"PropertyValueSpecification\",\"valueRequired\":true,\"valueName\":\"search_term_string\"}}],\"inLanguage\":\"es\"}]}<\/script>\n<!-- \/ Yoast SEO Premium plugin. -->","yoast_head_json":{"title":"Manx Norton 1961 350cc Metal Sign - Tienda de todotrial","robots":{"index":"index","follow":"follow","max-snippet":"max-snippet:-1","max-image-preview":"max-image-preview:large","max-video-preview":"max-video-preview:-1"},"canonical":"https:\/\/todotrial.com\/tienda\/chapa-metalica2016-07-31-08-55-37\/","og_locale":"es_ES","og_type":"article","og_title":"Manx Norton 1961 350cc Metal Sign","og_description":"Manx Norton 1961 350cc Metal Sign ( tama\u00f1o mimi) Dimensiones:150 X 200 mm. Ver otros tama\u00f1os y precios","og_url":"https:\/\/todotrial.com\/tienda\/chapa-metalica2016-07-31-08-55-37\/","og_site_name":"Tienda de todotrial","article_modified_time":"2025-02-20T17:14:50+00:00","og_image":[{"width":360,"height":504,"url":"https:\/\/todotrial.com\/tienda\/wp-content\/uploads\/2016\/07\/manx_norton_1961_350cc_metal_sign.jpg","type":"image\/jpeg"}],"twitter_card":"summary_large_image","twitter_misc":{"Tiempo de lectura":"1 minuto"},"schema":{"@context":"https:\/\/schema.org","@graph":[{"@type":"WebPage","@id":"https:\/\/todotrial.com\/tienda\/chapa-metalica2016-07-31-08-55-37\/","url":"https:\/\/todotrial.com\/tienda\/chapa-metalica2016-07-31-08-55-37\/","name":"Manx Norton 1961 350cc Metal Sign - Tienda de todotrial","isPartOf":{"@id":"https:\/\/todotrial.com\/tienda\/#website"},"primaryImageOfPage":{"@id":"https:\/\/todotrial.com\/tienda\/chapa-metalica2016-07-31-08-55-37\/#primaryimage"},"image":{"@id":"https:\/\/todotrial.com\/tienda\/chapa-metalica2016-07-31-08-55-37\/#primaryimage"},"thumbnailUrl":"https:\/\/todotrial.com\/tienda\/wp-content\/uploads\/2016\/07\/manx_norton_1961_350cc_metal_sign.jpg","datePublished":"2016-07-31T08:55:37+00:00","dateModified":"2025-02-20T17:14:50+00:00","breadcrumb":{"@id":"https:\/\/todotrial.com\/tienda\/chapa-metalica2016-07-31-08-55-37\/#breadcrumb"},"inLanguage":"es","potentialAction":[{"@type":"ReadAction","target":["https:\/\/todotrial.com\/tienda\/chapa-metalica2016-07-31-08-55-37\/"]}]},{"@type":"ImageObject","inLanguage":"es","@id":"https:\/\/todotrial.com\/tienda\/chapa-metalica2016-07-31-08-55-37\/#primaryimage","url":"https:\/\/todotrial.com\/tienda\/wp-content\/uploads\/2016\/07\/manx_norton_1961_350cc_metal_sign.jpg","contentUrl":"https:\/\/todotrial.com\/tienda\/wp-content\/uploads\/2016\/07\/manx_norton_1961_350cc_metal_sign.jpg","width":360,"height":504},{"@type":"BreadcrumbList","@id":"https:\/\/todotrial.com\/tienda\/chapa-metalica2016-07-31-08-55-37\/#breadcrumb","itemListElement":[{"@type":"ListItem","position":1,"name":"Portada","item":"https:\/\/todotrial.com\/tienda\/"},{"@type":"ListItem","position":2,"name":"Shop","item":"https:\/\/todotrial.com\/tienda\/shop\/"},{"@type":"ListItem","position":3,"name":"Manx Norton 1961 350cc Metal Sign"}]},{"@type":"WebSite","@id":"https:\/\/todotrial.com\/tienda\/#website","url":"https:\/\/todotrial.com\/tienda\/","name":"Tienda de todotrial","description":"","potentialAction":[{"@type":"SearchAction","target":{"@type":"EntryPoint","urlTemplate":"https:\/\/todotrial.com\/tienda\/?s={search_term_string}"},"query-input":{"@type":"PropertyValueSpecification","valueRequired":true,"valueName":"search_term_string"}}],"inLanguage":"es"}]}},"_links":{"self":[{"href":"https:\/\/todotrial.com\/tienda\/wp-json\/wp\/v2\/product\/7541","targetHints":{"allow":["GET"]}}],"collection":[{"href":"https:\/\/todotrial.com\/tienda\/wp-json\/wp\/v2\/product"}],"about":[{"href":"https:\/\/todotrial.com\/tienda\/wp-json\/wp\/v2\/types\/product"}],"replies":[{"embeddable":true,"href":"https:\/\/todotrial.com\/tienda\/wp-json\/wp\/v2\/comments?post=7541"}],"version-history":[{"count":0,"href":"https:\/\/todotrial.com\/tienda\/wp-json\/wp\/v2\/product\/7541\/revisions"}],"wp:featuredmedia":[{"embeddable":true,"href":"https:\/\/todotrial.com\/tienda\/wp-json\/wp\/v2\/media\/7540"}],"wp:attachment":[{"href":"https:\/\/todotrial.com\/tienda\/wp-json\/wp\/v2\/media?parent=7541"}],"wp:term":[{"taxonomy":"product_brand","embeddable":true,"href":"https:\/\/todotrial.com\/tienda\/wp-json\/wp\/v2\/product_brand?post=7541"},{"taxonomy":"product_cat","embeddable":true,"href":"https:\/\/todotrial.com\/tienda\/wp-json\/wp\/v2\/product_cat?post=7541"},{"taxonomy":"product_tag","embeddable":true,"href":"https:\/\/todotrial.com\/tienda\/wp-json\/wp\/v2\/product_tag?post=7541"}],"curies":[{"name":"wp","href":"https:\/\/api.w.org\/{rel}","templated":true}]}}