{"id":7511,"date":"2016-07-29T09:11:54","date_gmt":"2016-07-29T09:11:54","guid":{"rendered":"https:\/\/todotrial.com\/tienda\/product\/mx2016-07-29-09-11-54\/"},"modified":"2025-02-20T18:15:00","modified_gmt":"2025-02-20T17:15:00","slug":"mx2016-07-29-09-11-54","status":"publish","type":"product","link":"https:\/\/todotrial.com\/tienda\/mx2016-07-29-09-11-54\/","title":{"rendered":"This is MOTOCROSS DVD"},"content":{"rendered":"<p>This is MOTOCROSS DVD<br \/>53 minutos<br \/>Stefan Everts, Rob Herring, Paul Malin and Bob Moore.<\/p>\n<p>Packed fields, fast, furious competition, flying mud, sand, noise, jumps, bumps and bone-jarring action&#8230; just a few of the elements that make motocross one of the most popular off-road bikesports ever. So how do you get started and what does it take to get to the top? Just load this tape into your video player and find out as we unravel the many facets of this exciting and challenging sport! Featuring history of the sport, tips, action footage and interviews with the likes of Stefan Everts, Rob Herring Paul Malin and Bob Moore. Plus Supercross action too! If you enjoy fast, spectacular, colourful bikesport then this is the tape for you because this is Motocross!<\/p>\n<p>campos, r\u00e1pida, furiosa competencia, barro volar, la arena, el ruido, saltos, golpes y la acci\u00f3n que sacude los huesos &#8230; s\u00f3lo algunos de los elementos que hacen motocross uno de los m\u00e1s populares bikesports todoterreno nunca. Entonces, \u00bfc\u00f3mo empezar y lo que se tarda en llegar a la cima? Simplemente carga esta cinta en el reproductor de v\u00eddeo y descubrir a medida que desentra\u00f1ar las m\u00faltiples facetas de este deporte emocionante y desafiante! Con la historia de este deporte, consejos, entrevistas y escenas de acci\u00f3n con los gustos de Stefan Everts, Rob Herring Paul Malin y Bob Moore. la acci\u00f3n m\u00e1s Supercross tambi\u00e9n! Si usted disfruta r\u00e1pido, espectacular, colorido Bikesport entonces esta es la cinta para ti ,este es motocross!<\/p>\n","protected":false},"excerpt":{"rendered":"<p>This is MOTOCROSS DVD<br \/>\n53 minutos<br \/>\nStefan Everts, Rob Herring, Paul Malin and Bob Moore.<\/p>\n","protected":false},"featured_media":7510,"comment_status":"open","ping_status":"closed","template":"","meta":[],"product_brand":[],"product_cat":[15],"product_tag":[],"class_list":{"0":"post-7511","1":"product","2":"type-product","3":"status-publish","4":"has-post-thumbnail","6":"product_cat-uncategorized","8":"first","9":"instock","10":"taxable","11":"shipping-taxable","12":"purchasable","13":"product-type-simple"},"yoast_head":"<!-- This site is optimized with the Yoast SEO Premium plugin v21.2 (Yoast SEO v27.3) - https:\/\/yoast.com\/product\/yoast-seo-premium-wordpress\/ -->\n<title>This is MOTOCROSS DVD - Tienda de todotrial<\/title>\n<meta name=\"robots\" content=\"index, follow, max-snippet:-1, max-image-preview:large, max-video-preview:-1\" \/>\n<link rel=\"canonical\" href=\"https:\/\/todotrial.com\/tienda\/mx2016-07-29-09-11-54\/\" \/>\n<meta property=\"og:locale\" content=\"es_ES\" \/>\n<meta property=\"og:type\" content=\"article\" \/>\n<meta property=\"og:title\" content=\"This is MOTOCROSS DVD\" \/>\n<meta property=\"og:description\" content=\"This is MOTOCROSS DVD 53 minutos Stefan Everts, Rob Herring, Paul Malin and Bob Moore.\" \/>\n<meta property=\"og:url\" content=\"https:\/\/todotrial.com\/tienda\/mx2016-07-29-09-11-54\/\" \/>\n<meta property=\"og:site_name\" content=\"Tienda de todotrial\" \/>\n<meta property=\"article:modified_time\" content=\"2025-02-20T17:15:00+00:00\" \/>\n<meta property=\"og:image\" content=\"https:\/\/todotrial.com\/tienda\/wp-content\/uploads\/2016\/07\/2277da.jpg\" \/>\n\t<meta property=\"og:image:width\" content=\"360\" \/>\n\t<meta property=\"og:image:height\" content=\"518\" \/>\n\t<meta property=\"og:image:type\" content=\"image\/jpeg\" \/>\n<meta name=\"twitter:card\" content=\"summary_large_image\" \/>\n<meta name=\"twitter:label1\" content=\"Tiempo de lectura\" \/>\n\t<meta name=\"twitter:data1\" content=\"1 minuto\" \/>\n<script type=\"application\/ld+json\" class=\"yoast-schema-graph\">{\"@context\":\"https:\\\/\\\/schema.org\",\"@graph\":[{\"@type\":\"WebPage\",\"@id\":\"https:\\\/\\\/todotrial.com\\\/tienda\\\/mx2016-07-29-09-11-54\\\/\",\"url\":\"https:\\\/\\\/todotrial.com\\\/tienda\\\/mx2016-07-29-09-11-54\\\/\",\"name\":\"This is MOTOCROSS DVD - Tienda de todotrial\",\"isPartOf\":{\"@id\":\"https:\\\/\\\/todotrial.com\\\/tienda\\\/#website\"},\"primaryImageOfPage\":{\"@id\":\"https:\\\/\\\/todotrial.com\\\/tienda\\\/mx2016-07-29-09-11-54\\\/#primaryimage\"},\"image\":{\"@id\":\"https:\\\/\\\/todotrial.com\\\/tienda\\\/mx2016-07-29-09-11-54\\\/#primaryimage\"},\"thumbnailUrl\":\"https:\\\/\\\/todotrial.com\\\/tienda\\\/wp-content\\\/uploads\\\/2016\\\/07\\\/2277da.jpg\",\"datePublished\":\"2016-07-29T09:11:54+00:00\",\"dateModified\":\"2025-02-20T17:15:00+00:00\",\"breadcrumb\":{\"@id\":\"https:\\\/\\\/todotrial.com\\\/tienda\\\/mx2016-07-29-09-11-54\\\/#breadcrumb\"},\"inLanguage\":\"es\",\"potentialAction\":[{\"@type\":\"ReadAction\",\"target\":[\"https:\\\/\\\/todotrial.com\\\/tienda\\\/mx2016-07-29-09-11-54\\\/\"]}]},{\"@type\":\"ImageObject\",\"inLanguage\":\"es\",\"@id\":\"https:\\\/\\\/todotrial.com\\\/tienda\\\/mx2016-07-29-09-11-54\\\/#primaryimage\",\"url\":\"https:\\\/\\\/todotrial.com\\\/tienda\\\/wp-content\\\/uploads\\\/2016\\\/07\\\/2277da.jpg\",\"contentUrl\":\"https:\\\/\\\/todotrial.com\\\/tienda\\\/wp-content\\\/uploads\\\/2016\\\/07\\\/2277da.jpg\",\"width\":360,\"height\":518},{\"@type\":\"BreadcrumbList\",\"@id\":\"https:\\\/\\\/todotrial.com\\\/tienda\\\/mx2016-07-29-09-11-54\\\/#breadcrumb\",\"itemListElement\":[{\"@type\":\"ListItem\",\"position\":1,\"name\":\"Portada\",\"item\":\"https:\\\/\\\/todotrial.com\\\/tienda\\\/\"},{\"@type\":\"ListItem\",\"position\":2,\"name\":\"Shop\",\"item\":\"https:\\\/\\\/todotrial.com\\\/tienda\\\/shop\\\/\"},{\"@type\":\"ListItem\",\"position\":3,\"name\":\"This is MOTOCROSS DVD\"}]},{\"@type\":\"WebSite\",\"@id\":\"https:\\\/\\\/todotrial.com\\\/tienda\\\/#website\",\"url\":\"https:\\\/\\\/todotrial.com\\\/tienda\\\/\",\"name\":\"Tienda de todotrial\",\"description\":\"\",\"potentialAction\":[{\"@type\":\"SearchAction\",\"target\":{\"@type\":\"EntryPoint\",\"urlTemplate\":\"https:\\\/\\\/todotrial.com\\\/tienda\\\/?s={search_term_string}\"},\"query-input\":{\"@type\":\"PropertyValueSpecification\",\"valueRequired\":true,\"valueName\":\"search_term_string\"}}],\"inLanguage\":\"es\"}]}<\/script>\n<!-- \/ Yoast SEO Premium plugin. -->","yoast_head_json":{"title":"This is MOTOCROSS DVD - Tienda de todotrial","robots":{"index":"index","follow":"follow","max-snippet":"max-snippet:-1","max-image-preview":"max-image-preview:large","max-video-preview":"max-video-preview:-1"},"canonical":"https:\/\/todotrial.com\/tienda\/mx2016-07-29-09-11-54\/","og_locale":"es_ES","og_type":"article","og_title":"This is MOTOCROSS DVD","og_description":"This is MOTOCROSS DVD 53 minutos Stefan Everts, Rob Herring, Paul Malin and Bob Moore.","og_url":"https:\/\/todotrial.com\/tienda\/mx2016-07-29-09-11-54\/","og_site_name":"Tienda de todotrial","article_modified_time":"2025-02-20T17:15:00+00:00","og_image":[{"width":360,"height":518,"url":"https:\/\/todotrial.com\/tienda\/wp-content\/uploads\/2016\/07\/2277da.jpg","type":"image\/jpeg"}],"twitter_card":"summary_large_image","twitter_misc":{"Tiempo de lectura":"1 minuto"},"schema":{"@context":"https:\/\/schema.org","@graph":[{"@type":"WebPage","@id":"https:\/\/todotrial.com\/tienda\/mx2016-07-29-09-11-54\/","url":"https:\/\/todotrial.com\/tienda\/mx2016-07-29-09-11-54\/","name":"This is MOTOCROSS DVD - Tienda de todotrial","isPartOf":{"@id":"https:\/\/todotrial.com\/tienda\/#website"},"primaryImageOfPage":{"@id":"https:\/\/todotrial.com\/tienda\/mx2016-07-29-09-11-54\/#primaryimage"},"image":{"@id":"https:\/\/todotrial.com\/tienda\/mx2016-07-29-09-11-54\/#primaryimage"},"thumbnailUrl":"https:\/\/todotrial.com\/tienda\/wp-content\/uploads\/2016\/07\/2277da.jpg","datePublished":"2016-07-29T09:11:54+00:00","dateModified":"2025-02-20T17:15:00+00:00","breadcrumb":{"@id":"https:\/\/todotrial.com\/tienda\/mx2016-07-29-09-11-54\/#breadcrumb"},"inLanguage":"es","potentialAction":[{"@type":"ReadAction","target":["https:\/\/todotrial.com\/tienda\/mx2016-07-29-09-11-54\/"]}]},{"@type":"ImageObject","inLanguage":"es","@id":"https:\/\/todotrial.com\/tienda\/mx2016-07-29-09-11-54\/#primaryimage","url":"https:\/\/todotrial.com\/tienda\/wp-content\/uploads\/2016\/07\/2277da.jpg","contentUrl":"https:\/\/todotrial.com\/tienda\/wp-content\/uploads\/2016\/07\/2277da.jpg","width":360,"height":518},{"@type":"BreadcrumbList","@id":"https:\/\/todotrial.com\/tienda\/mx2016-07-29-09-11-54\/#breadcrumb","itemListElement":[{"@type":"ListItem","position":1,"name":"Portada","item":"https:\/\/todotrial.com\/tienda\/"},{"@type":"ListItem","position":2,"name":"Shop","item":"https:\/\/todotrial.com\/tienda\/shop\/"},{"@type":"ListItem","position":3,"name":"This is MOTOCROSS DVD"}]},{"@type":"WebSite","@id":"https:\/\/todotrial.com\/tienda\/#website","url":"https:\/\/todotrial.com\/tienda\/","name":"Tienda de todotrial","description":"","potentialAction":[{"@type":"SearchAction","target":{"@type":"EntryPoint","urlTemplate":"https:\/\/todotrial.com\/tienda\/?s={search_term_string}"},"query-input":{"@type":"PropertyValueSpecification","valueRequired":true,"valueName":"search_term_string"}}],"inLanguage":"es"}]}},"_links":{"self":[{"href":"https:\/\/todotrial.com\/tienda\/wp-json\/wp\/v2\/product\/7511","targetHints":{"allow":["GET"]}}],"collection":[{"href":"https:\/\/todotrial.com\/tienda\/wp-json\/wp\/v2\/product"}],"about":[{"href":"https:\/\/todotrial.com\/tienda\/wp-json\/wp\/v2\/types\/product"}],"replies":[{"embeddable":true,"href":"https:\/\/todotrial.com\/tienda\/wp-json\/wp\/v2\/comments?post=7511"}],"version-history":[{"count":0,"href":"https:\/\/todotrial.com\/tienda\/wp-json\/wp\/v2\/product\/7511\/revisions"}],"wp:featuredmedia":[{"embeddable":true,"href":"https:\/\/todotrial.com\/tienda\/wp-json\/wp\/v2\/media\/7510"}],"wp:attachment":[{"href":"https:\/\/todotrial.com\/tienda\/wp-json\/wp\/v2\/media?parent=7511"}],"wp:term":[{"taxonomy":"product_brand","embeddable":true,"href":"https:\/\/todotrial.com\/tienda\/wp-json\/wp\/v2\/product_brand?post=7511"},{"taxonomy":"product_cat","embeddable":true,"href":"https:\/\/todotrial.com\/tienda\/wp-json\/wp\/v2\/product_cat?post=7511"},{"taxonomy":"product_tag","embeddable":true,"href":"https:\/\/todotrial.com\/tienda\/wp-json\/wp\/v2\/product_tag?post=7511"}],"curies":[{"name":"wp","href":"https:\/\/api.w.org\/{rel}","templated":true}]}}