{"id":7505,"date":"2016-07-28T15:45:17","date_gmt":"2016-07-28T15:45:17","guid":{"rendered":"https:\/\/todotrial.com\/tienda\/product\/dvd-mx2016-07-28-15-45-17\/"},"modified":"2025-02-20T18:15:02","modified_gmt":"2025-02-20T17:15:02","slug":"dvd-mx2016-07-28-15-45-17","status":"publish","type":"product","link":"https:\/\/todotrial.com\/tienda\/dvd-mx2016-07-28-15-45-17\/","title":{"rendered":"Stefan Everts MX Training and Racing Techniques Vol 1 DVD"},"content":{"rendered":"<p>Stefan Everts MX Training and Racing Techniques Vol 1 DVD<\/p>\n<p>El m\u00e1s exitoso piloto de motocross de todos los tiempos &#8211; Stefan Everts &#8211; revela los secretos que le han ganado un r\u00e9cord de 10 t\u00edtulos mundiales y 101 victorias GP.<\/p>\n<p>impresionante carrera de Stefan Everts ha sido destinado por su estilo de conducci\u00f3n suave y t\u00e9cnica de conducci\u00f3n estelar.<\/p>\n<p>En este volumen, Vuelca divulga todas sus habilidades de conducci\u00f3n de arena y t\u00e9cnicas que le han proporcionado el t\u00edtulo del \u00abmejor piloto de arena del mundo\u00bb.<\/p>\n<p>Siga vuelca en las famosas canteras de arena profundas de Lommel y Olmen con material de archivo de la carrera espec\u00edfica de las pistas de arena m\u00e1s peligrosos en el circuito de GP.<\/p>\n<p>especial para helic\u00f3pteros, bicicletas y material de archivo de c\u00e1mara lenta extrema captura cada movimiento del campe\u00f3n como \u00e9l explica y muestra los secretos de su \u00e9xito incalculable.<\/p>\n<p>A medida que el director de la carrera y mentor para el equipo de f\u00e1brica de Red Bull KTM, vuelca ahora tambi\u00e9n le da, los entusiastas de motocross, el acceso a la informaci\u00f3n interna, sobre lo que hace un campe\u00f3n y c\u00f3mo puede mejorar sus habilidades de arena montando.<\/p>\n<p>&nbsp;<\/p>\n<p>&nbsp;<\/p>\n<p>The most successful Motocross rider of all time &#8211; Stefan Everts &#8211; reveals the secrets that have won him a record 10 world titles and 101 GP wins.<\/p>\n<p>Stefan Everts&#8217;s impressive career has been earmarked by his smooth riding style and stellar riding technique.<\/p>\n<p>In this volume, Everts divulges all his sand riding skills and techniques that have afforded him the title of the \u00abThe world&#8217;s best sand rider\u00bb.<\/p>\n<p>Follow Everts in the infamous deep sand pits of Lommel and Olmen with race-specific footage from the most treacherous sand tracks on the GP circuit.<\/p>\n<p>Special helicopter, bike and extreme slow-motion footage captures every motion from the champion as he explains and shows you the untold secrets of his success.<\/p>\n<p>As the race director and mentor to the Factory Red Bull KTM team, Everts now also gives you, the motocross enthusiast, access to the inside scoop, as to what makes a champion and how you can improve your sand-riding skills.<\/p>\n<p>&nbsp;<\/p>\n<p><span>&nbsp;<\/span><\/p>\n<p><span>&nbsp;<\/span><\/p>\n<p>&nbsp;<\/p>\n","protected":false},"excerpt":{"rendered":"<p>Stefan Everts MX Training and Racing Techniques Vol 1 DVD<br \/>\n50 minutos.<\/p>\n","protected":false},"featured_media":127,"comment_status":"open","ping_status":"closed","template":"","meta":[],"product_brand":[],"product_cat":[15],"product_tag":[],"class_list":{"0":"post-7505","1":"product","2":"type-product","3":"status-publish","4":"has-post-thumbnail","6":"product_cat-uncategorized","8":"first","9":"instock","10":"taxable","11":"shipping-taxable","12":"purchasable","13":"product-type-simple"},"yoast_head":"<!-- This site is optimized with the Yoast SEO Premium plugin v21.2 (Yoast SEO v27.3) - https:\/\/yoast.com\/product\/yoast-seo-premium-wordpress\/ -->\n<title>Stefan Everts MX Training and Racing Techniques Vol 1 DVD - Tienda de todotrial<\/title>\n<meta name=\"robots\" content=\"index, follow, max-snippet:-1, max-image-preview:large, max-video-preview:-1\" \/>\n<link rel=\"canonical\" href=\"https:\/\/todotrial.com\/tienda\/dvd-mx2016-07-28-15-45-17\/\" \/>\n<meta property=\"og:locale\" content=\"es_ES\" \/>\n<meta property=\"og:type\" content=\"article\" \/>\n<meta property=\"og:title\" content=\"Stefan Everts MX Training and Racing Techniques Vol 1 DVD\" \/>\n<meta property=\"og:description\" content=\"Stefan Everts MX Training and Racing Techniques Vol 1 DVD 50 minutos.\" \/>\n<meta property=\"og:url\" content=\"https:\/\/todotrial.com\/tienda\/dvd-mx2016-07-28-15-45-17\/\" \/>\n<meta property=\"og:site_name\" content=\"Tienda de todotrial\" \/>\n<meta property=\"article:modified_time\" content=\"2025-02-20T17:15:02+00:00\" \/>\n<meta property=\"og:image\" content=\"https:\/\/todotrial.com\/tienda\/wp-content\/uploads\/2020\/07\/stefan_everts_mx_training__racing_techniques.jpg\" \/>\n\t<meta property=\"og:image:width\" content=\"360\" \/>\n\t<meta property=\"og:image:height\" content=\"524\" \/>\n\t<meta property=\"og:image:type\" content=\"image\/jpeg\" \/>\n<meta name=\"twitter:card\" content=\"summary_large_image\" \/>\n<meta name=\"twitter:label1\" content=\"Tiempo de lectura\" \/>\n\t<meta name=\"twitter:data1\" content=\"2 minutos\" \/>\n<script type=\"application\/ld+json\" class=\"yoast-schema-graph\">{\"@context\":\"https:\\\/\\\/schema.org\",\"@graph\":[{\"@type\":\"WebPage\",\"@id\":\"https:\\\/\\\/todotrial.com\\\/tienda\\\/dvd-mx2016-07-28-15-45-17\\\/\",\"url\":\"https:\\\/\\\/todotrial.com\\\/tienda\\\/dvd-mx2016-07-28-15-45-17\\\/\",\"name\":\"Stefan Everts MX Training and Racing Techniques Vol 1 DVD - Tienda de todotrial\",\"isPartOf\":{\"@id\":\"https:\\\/\\\/todotrial.com\\\/tienda\\\/#website\"},\"primaryImageOfPage\":{\"@id\":\"https:\\\/\\\/todotrial.com\\\/tienda\\\/dvd-mx2016-07-28-15-45-17\\\/#primaryimage\"},\"image\":{\"@id\":\"https:\\\/\\\/todotrial.com\\\/tienda\\\/dvd-mx2016-07-28-15-45-17\\\/#primaryimage\"},\"thumbnailUrl\":\"https:\\\/\\\/todotrial.com\\\/tienda\\\/wp-content\\\/uploads\\\/2020\\\/07\\\/stefan_everts_mx_training__racing_techniques.jpg\",\"datePublished\":\"2016-07-28T15:45:17+00:00\",\"dateModified\":\"2025-02-20T17:15:02+00:00\",\"breadcrumb\":{\"@id\":\"https:\\\/\\\/todotrial.com\\\/tienda\\\/dvd-mx2016-07-28-15-45-17\\\/#breadcrumb\"},\"inLanguage\":\"es\",\"potentialAction\":[{\"@type\":\"ReadAction\",\"target\":[\"https:\\\/\\\/todotrial.com\\\/tienda\\\/dvd-mx2016-07-28-15-45-17\\\/\"]}]},{\"@type\":\"ImageObject\",\"inLanguage\":\"es\",\"@id\":\"https:\\\/\\\/todotrial.com\\\/tienda\\\/dvd-mx2016-07-28-15-45-17\\\/#primaryimage\",\"url\":\"https:\\\/\\\/todotrial.com\\\/tienda\\\/wp-content\\\/uploads\\\/2020\\\/07\\\/stefan_everts_mx_training__racing_techniques.jpg\",\"contentUrl\":\"https:\\\/\\\/todotrial.com\\\/tienda\\\/wp-content\\\/uploads\\\/2020\\\/07\\\/stefan_everts_mx_training__racing_techniques.jpg\",\"width\":360,\"height\":524},{\"@type\":\"BreadcrumbList\",\"@id\":\"https:\\\/\\\/todotrial.com\\\/tienda\\\/dvd-mx2016-07-28-15-45-17\\\/#breadcrumb\",\"itemListElement\":[{\"@type\":\"ListItem\",\"position\":1,\"name\":\"Portada\",\"item\":\"https:\\\/\\\/todotrial.com\\\/tienda\\\/\"},{\"@type\":\"ListItem\",\"position\":2,\"name\":\"Shop\",\"item\":\"https:\\\/\\\/todotrial.com\\\/tienda\\\/shop\\\/\"},{\"@type\":\"ListItem\",\"position\":3,\"name\":\"Stefan Everts MX Training and Racing Techniques Vol 1 DVD\"}]},{\"@type\":\"WebSite\",\"@id\":\"https:\\\/\\\/todotrial.com\\\/tienda\\\/#website\",\"url\":\"https:\\\/\\\/todotrial.com\\\/tienda\\\/\",\"name\":\"Tienda de todotrial\",\"description\":\"\",\"potentialAction\":[{\"@type\":\"SearchAction\",\"target\":{\"@type\":\"EntryPoint\",\"urlTemplate\":\"https:\\\/\\\/todotrial.com\\\/tienda\\\/?s={search_term_string}\"},\"query-input\":{\"@type\":\"PropertyValueSpecification\",\"valueRequired\":true,\"valueName\":\"search_term_string\"}}],\"inLanguage\":\"es\"}]}<\/script>\n<!-- \/ Yoast SEO Premium plugin. -->","yoast_head_json":{"title":"Stefan Everts MX Training and Racing Techniques Vol 1 DVD - Tienda de todotrial","robots":{"index":"index","follow":"follow","max-snippet":"max-snippet:-1","max-image-preview":"max-image-preview:large","max-video-preview":"max-video-preview:-1"},"canonical":"https:\/\/todotrial.com\/tienda\/dvd-mx2016-07-28-15-45-17\/","og_locale":"es_ES","og_type":"article","og_title":"Stefan Everts MX Training and Racing Techniques Vol 1 DVD","og_description":"Stefan Everts MX Training and Racing Techniques Vol 1 DVD 50 minutos.","og_url":"https:\/\/todotrial.com\/tienda\/dvd-mx2016-07-28-15-45-17\/","og_site_name":"Tienda de todotrial","article_modified_time":"2025-02-20T17:15:02+00:00","og_image":[{"width":360,"height":524,"url":"https:\/\/todotrial.com\/tienda\/wp-content\/uploads\/2020\/07\/stefan_everts_mx_training__racing_techniques.jpg","type":"image\/jpeg"}],"twitter_card":"summary_large_image","twitter_misc":{"Tiempo de lectura":"2 minutos"},"schema":{"@context":"https:\/\/schema.org","@graph":[{"@type":"WebPage","@id":"https:\/\/todotrial.com\/tienda\/dvd-mx2016-07-28-15-45-17\/","url":"https:\/\/todotrial.com\/tienda\/dvd-mx2016-07-28-15-45-17\/","name":"Stefan Everts MX Training and Racing Techniques Vol 1 DVD - Tienda de todotrial","isPartOf":{"@id":"https:\/\/todotrial.com\/tienda\/#website"},"primaryImageOfPage":{"@id":"https:\/\/todotrial.com\/tienda\/dvd-mx2016-07-28-15-45-17\/#primaryimage"},"image":{"@id":"https:\/\/todotrial.com\/tienda\/dvd-mx2016-07-28-15-45-17\/#primaryimage"},"thumbnailUrl":"https:\/\/todotrial.com\/tienda\/wp-content\/uploads\/2020\/07\/stefan_everts_mx_training__racing_techniques.jpg","datePublished":"2016-07-28T15:45:17+00:00","dateModified":"2025-02-20T17:15:02+00:00","breadcrumb":{"@id":"https:\/\/todotrial.com\/tienda\/dvd-mx2016-07-28-15-45-17\/#breadcrumb"},"inLanguage":"es","potentialAction":[{"@type":"ReadAction","target":["https:\/\/todotrial.com\/tienda\/dvd-mx2016-07-28-15-45-17\/"]}]},{"@type":"ImageObject","inLanguage":"es","@id":"https:\/\/todotrial.com\/tienda\/dvd-mx2016-07-28-15-45-17\/#primaryimage","url":"https:\/\/todotrial.com\/tienda\/wp-content\/uploads\/2020\/07\/stefan_everts_mx_training__racing_techniques.jpg","contentUrl":"https:\/\/todotrial.com\/tienda\/wp-content\/uploads\/2020\/07\/stefan_everts_mx_training__racing_techniques.jpg","width":360,"height":524},{"@type":"BreadcrumbList","@id":"https:\/\/todotrial.com\/tienda\/dvd-mx2016-07-28-15-45-17\/#breadcrumb","itemListElement":[{"@type":"ListItem","position":1,"name":"Portada","item":"https:\/\/todotrial.com\/tienda\/"},{"@type":"ListItem","position":2,"name":"Shop","item":"https:\/\/todotrial.com\/tienda\/shop\/"},{"@type":"ListItem","position":3,"name":"Stefan Everts MX Training and Racing Techniques Vol 1 DVD"}]},{"@type":"WebSite","@id":"https:\/\/todotrial.com\/tienda\/#website","url":"https:\/\/todotrial.com\/tienda\/","name":"Tienda de todotrial","description":"","potentialAction":[{"@type":"SearchAction","target":{"@type":"EntryPoint","urlTemplate":"https:\/\/todotrial.com\/tienda\/?s={search_term_string}"},"query-input":{"@type":"PropertyValueSpecification","valueRequired":true,"valueName":"search_term_string"}}],"inLanguage":"es"}]}},"_links":{"self":[{"href":"https:\/\/todotrial.com\/tienda\/wp-json\/wp\/v2\/product\/7505","targetHints":{"allow":["GET"]}}],"collection":[{"href":"https:\/\/todotrial.com\/tienda\/wp-json\/wp\/v2\/product"}],"about":[{"href":"https:\/\/todotrial.com\/tienda\/wp-json\/wp\/v2\/types\/product"}],"replies":[{"embeddable":true,"href":"https:\/\/todotrial.com\/tienda\/wp-json\/wp\/v2\/comments?post=7505"}],"version-history":[{"count":0,"href":"https:\/\/todotrial.com\/tienda\/wp-json\/wp\/v2\/product\/7505\/revisions"}],"wp:featuredmedia":[{"embeddable":true,"href":"https:\/\/todotrial.com\/tienda\/wp-json\/wp\/v2\/media\/127"}],"wp:attachment":[{"href":"https:\/\/todotrial.com\/tienda\/wp-json\/wp\/v2\/media?parent=7505"}],"wp:term":[{"taxonomy":"product_brand","embeddable":true,"href":"https:\/\/todotrial.com\/tienda\/wp-json\/wp\/v2\/product_brand?post=7505"},{"taxonomy":"product_cat","embeddable":true,"href":"https:\/\/todotrial.com\/tienda\/wp-json\/wp\/v2\/product_cat?post=7505"},{"taxonomy":"product_tag","embeddable":true,"href":"https:\/\/todotrial.com\/tienda\/wp-json\/wp\/v2\/product_tag?post=7505"}],"curies":[{"name":"wp","href":"https:\/\/api.w.org\/{rel}","templated":true}]}}