{"id":7408,"date":"2016-07-22T17:04:47","date_gmt":"2016-07-22T17:04:47","guid":{"rendered":"https:\/\/todotrial.com\/tienda\/product\/protector-radiador\/"},"modified":"2025-02-20T18:15:50","modified_gmt":"2025-02-20T17:15:50","slug":"protector-radiador","status":"publish","type":"product","link":"https:\/\/todotrial.com\/tienda\/protector-radiador\/","title":{"rendered":"CTC 2015-16 SCORPA TWENTY Protector del radiador de liberaci\u00f3n r\u00e1pida"},"content":{"rendered":"<p>CTC 2015-16 SCORPA TWENTY Protector del radiador de liberaci\u00f3n r\u00e1pida<\/p>\n<p>Esta protecci\u00f3n ha sido dise\u00f1ado en casa con los m\u00e1s altos est\u00e1ndares de aluminio de 2 mm que ha sido cortado con l\u00e1ser para adaptarse perfectamente. A continuaci\u00f3n, se han pintado \/ Powder Coated en la adecuaci\u00f3n de Naranja \/ Negro para los modelos est\u00e1ndar o Negro \/ Naranja fluorescente para los modelos de f\u00e1brica para mezclarse con el esquema de color original de la moto y se ven muy chic al mismo tiempo.<\/p>\n<p>Este protector se coloca f\u00e1cilmente en segundos y tambi\u00e9n se puede quitar en segundos y se aclar\u00f3 cuando obstruido con lodo y escombros sin la necesidad de fijaciones adicionales.<\/p>\n<p>Estos son un complemento ideal para la moto evitando contra el sobrecalentamiento de un radiador obstruido.<\/p>\n<p>Esencial para motos haciendo trial en zonas fangosas..<\/p>\n","protected":false},"excerpt":{"rendered":"<p>CTC 2015-16 SCORPA TWENTY Protector del radiador de liberaci\u00f3n r\u00e1pida<\/p>\n","protected":false},"featured_media":7407,"comment_status":"open","ping_status":"closed","template":"","meta":[],"product_brand":[],"product_cat":[15],"product_tag":[],"class_list":{"0":"post-7408","1":"product","2":"type-product","3":"status-publish","4":"has-post-thumbnail","6":"product_cat-uncategorized","8":"first","9":"outofstock","10":"taxable","11":"shipping-taxable","12":"purchasable","13":"product-type-simple"},"yoast_head":"<!-- This site is optimized with the Yoast SEO Premium plugin v21.2 (Yoast SEO v27.3) - https:\/\/yoast.com\/product\/yoast-seo-premium-wordpress\/ -->\n<title>CTC 2015-16 SCORPA TWENTY Protector del radiador de liberaci\u00f3n r\u00e1pida - Tienda de todotrial<\/title>\n<meta name=\"robots\" content=\"index, follow, max-snippet:-1, max-image-preview:large, max-video-preview:-1\" \/>\n<link rel=\"canonical\" href=\"https:\/\/todotrial.com\/tienda\/protector-radiador\/\" \/>\n<meta property=\"og:locale\" content=\"es_ES\" \/>\n<meta property=\"og:type\" content=\"article\" \/>\n<meta property=\"og:title\" content=\"CTC 2015-16 SCORPA TWENTY Protector del radiador de liberaci\u00f3n r\u00e1pida\" \/>\n<meta property=\"og:description\" content=\"CTC 2015-16 SCORPA TWENTY Protector del radiador de liberaci\u00f3n r\u00e1pida\" \/>\n<meta property=\"og:url\" content=\"https:\/\/todotrial.com\/tienda\/protector-radiador\/\" \/>\n<meta property=\"og:site_name\" content=\"Tienda de todotrial\" \/>\n<meta property=\"article:modified_time\" content=\"2025-02-20T17:15:50+00:00\" \/>\n<meta property=\"og:image\" content=\"https:\/\/todotrial.com\/tienda\/wp-content\/uploads\/2016\/07\/protector_radiador_scorpa.jpg\" \/>\n\t<meta property=\"og:image:width\" content=\"164\" \/>\n\t<meta property=\"og:image:height\" content=\"225\" \/>\n\t<meta property=\"og:image:type\" content=\"image\/jpeg\" \/>\n<meta name=\"twitter:card\" content=\"summary_large_image\" \/>\n<meta name=\"twitter:label1\" content=\"Tiempo de lectura\" \/>\n\t<meta name=\"twitter:data1\" content=\"1 minuto\" \/>\n<script type=\"application\/ld+json\" class=\"yoast-schema-graph\">{\"@context\":\"https:\\\/\\\/schema.org\",\"@graph\":[{\"@type\":\"WebPage\",\"@id\":\"https:\\\/\\\/todotrial.com\\\/tienda\\\/protector-radiador\\\/\",\"url\":\"https:\\\/\\\/todotrial.com\\\/tienda\\\/protector-radiador\\\/\",\"name\":\"CTC 2015-16 SCORPA TWENTY Protector del radiador de liberaci\u00f3n r\u00e1pida - Tienda de todotrial\",\"isPartOf\":{\"@id\":\"https:\\\/\\\/todotrial.com\\\/tienda\\\/#website\"},\"primaryImageOfPage\":{\"@id\":\"https:\\\/\\\/todotrial.com\\\/tienda\\\/protector-radiador\\\/#primaryimage\"},\"image\":{\"@id\":\"https:\\\/\\\/todotrial.com\\\/tienda\\\/protector-radiador\\\/#primaryimage\"},\"thumbnailUrl\":\"https:\\\/\\\/todotrial.com\\\/tienda\\\/wp-content\\\/uploads\\\/2016\\\/07\\\/protector_radiador_scorpa.jpg\",\"datePublished\":\"2016-07-22T17:04:47+00:00\",\"dateModified\":\"2025-02-20T17:15:50+00:00\",\"breadcrumb\":{\"@id\":\"https:\\\/\\\/todotrial.com\\\/tienda\\\/protector-radiador\\\/#breadcrumb\"},\"inLanguage\":\"es\",\"potentialAction\":[{\"@type\":\"ReadAction\",\"target\":[\"https:\\\/\\\/todotrial.com\\\/tienda\\\/protector-radiador\\\/\"]}]},{\"@type\":\"ImageObject\",\"inLanguage\":\"es\",\"@id\":\"https:\\\/\\\/todotrial.com\\\/tienda\\\/protector-radiador\\\/#primaryimage\",\"url\":\"https:\\\/\\\/todotrial.com\\\/tienda\\\/wp-content\\\/uploads\\\/2016\\\/07\\\/protector_radiador_scorpa.jpg\",\"contentUrl\":\"https:\\\/\\\/todotrial.com\\\/tienda\\\/wp-content\\\/uploads\\\/2016\\\/07\\\/protector_radiador_scorpa.jpg\",\"width\":164,\"height\":225},{\"@type\":\"BreadcrumbList\",\"@id\":\"https:\\\/\\\/todotrial.com\\\/tienda\\\/protector-radiador\\\/#breadcrumb\",\"itemListElement\":[{\"@type\":\"ListItem\",\"position\":1,\"name\":\"Portada\",\"item\":\"https:\\\/\\\/todotrial.com\\\/tienda\\\/\"},{\"@type\":\"ListItem\",\"position\":2,\"name\":\"Shop\",\"item\":\"https:\\\/\\\/todotrial.com\\\/tienda\\\/shop\\\/\"},{\"@type\":\"ListItem\",\"position\":3,\"name\":\"CTC 2015-16 SCORPA TWENTY Protector del radiador de liberaci\u00f3n r\u00e1pida\"}]},{\"@type\":\"WebSite\",\"@id\":\"https:\\\/\\\/todotrial.com\\\/tienda\\\/#website\",\"url\":\"https:\\\/\\\/todotrial.com\\\/tienda\\\/\",\"name\":\"Tienda de todotrial\",\"description\":\"\",\"potentialAction\":[{\"@type\":\"SearchAction\",\"target\":{\"@type\":\"EntryPoint\",\"urlTemplate\":\"https:\\\/\\\/todotrial.com\\\/tienda\\\/?s={search_term_string}\"},\"query-input\":{\"@type\":\"PropertyValueSpecification\",\"valueRequired\":true,\"valueName\":\"search_term_string\"}}],\"inLanguage\":\"es\"}]}<\/script>\n<!-- \/ Yoast SEO Premium plugin. -->","yoast_head_json":{"title":"CTC 2015-16 SCORPA TWENTY Protector del radiador de liberaci\u00f3n r\u00e1pida - Tienda de todotrial","robots":{"index":"index","follow":"follow","max-snippet":"max-snippet:-1","max-image-preview":"max-image-preview:large","max-video-preview":"max-video-preview:-1"},"canonical":"https:\/\/todotrial.com\/tienda\/protector-radiador\/","og_locale":"es_ES","og_type":"article","og_title":"CTC 2015-16 SCORPA TWENTY Protector del radiador de liberaci\u00f3n r\u00e1pida","og_description":"CTC 2015-16 SCORPA TWENTY Protector del radiador de liberaci\u00f3n r\u00e1pida","og_url":"https:\/\/todotrial.com\/tienda\/protector-radiador\/","og_site_name":"Tienda de todotrial","article_modified_time":"2025-02-20T17:15:50+00:00","og_image":[{"width":164,"height":225,"url":"https:\/\/todotrial.com\/tienda\/wp-content\/uploads\/2016\/07\/protector_radiador_scorpa.jpg","type":"image\/jpeg"}],"twitter_card":"summary_large_image","twitter_misc":{"Tiempo de lectura":"1 minuto"},"schema":{"@context":"https:\/\/schema.org","@graph":[{"@type":"WebPage","@id":"https:\/\/todotrial.com\/tienda\/protector-radiador\/","url":"https:\/\/todotrial.com\/tienda\/protector-radiador\/","name":"CTC 2015-16 SCORPA TWENTY Protector del radiador de liberaci\u00f3n r\u00e1pida - Tienda de todotrial","isPartOf":{"@id":"https:\/\/todotrial.com\/tienda\/#website"},"primaryImageOfPage":{"@id":"https:\/\/todotrial.com\/tienda\/protector-radiador\/#primaryimage"},"image":{"@id":"https:\/\/todotrial.com\/tienda\/protector-radiador\/#primaryimage"},"thumbnailUrl":"https:\/\/todotrial.com\/tienda\/wp-content\/uploads\/2016\/07\/protector_radiador_scorpa.jpg","datePublished":"2016-07-22T17:04:47+00:00","dateModified":"2025-02-20T17:15:50+00:00","breadcrumb":{"@id":"https:\/\/todotrial.com\/tienda\/protector-radiador\/#breadcrumb"},"inLanguage":"es","potentialAction":[{"@type":"ReadAction","target":["https:\/\/todotrial.com\/tienda\/protector-radiador\/"]}]},{"@type":"ImageObject","inLanguage":"es","@id":"https:\/\/todotrial.com\/tienda\/protector-radiador\/#primaryimage","url":"https:\/\/todotrial.com\/tienda\/wp-content\/uploads\/2016\/07\/protector_radiador_scorpa.jpg","contentUrl":"https:\/\/todotrial.com\/tienda\/wp-content\/uploads\/2016\/07\/protector_radiador_scorpa.jpg","width":164,"height":225},{"@type":"BreadcrumbList","@id":"https:\/\/todotrial.com\/tienda\/protector-radiador\/#breadcrumb","itemListElement":[{"@type":"ListItem","position":1,"name":"Portada","item":"https:\/\/todotrial.com\/tienda\/"},{"@type":"ListItem","position":2,"name":"Shop","item":"https:\/\/todotrial.com\/tienda\/shop\/"},{"@type":"ListItem","position":3,"name":"CTC 2015-16 SCORPA TWENTY Protector del radiador de liberaci\u00f3n r\u00e1pida"}]},{"@type":"WebSite","@id":"https:\/\/todotrial.com\/tienda\/#website","url":"https:\/\/todotrial.com\/tienda\/","name":"Tienda de todotrial","description":"","potentialAction":[{"@type":"SearchAction","target":{"@type":"EntryPoint","urlTemplate":"https:\/\/todotrial.com\/tienda\/?s={search_term_string}"},"query-input":{"@type":"PropertyValueSpecification","valueRequired":true,"valueName":"search_term_string"}}],"inLanguage":"es"}]}},"_links":{"self":[{"href":"https:\/\/todotrial.com\/tienda\/wp-json\/wp\/v2\/product\/7408","targetHints":{"allow":["GET"]}}],"collection":[{"href":"https:\/\/todotrial.com\/tienda\/wp-json\/wp\/v2\/product"}],"about":[{"href":"https:\/\/todotrial.com\/tienda\/wp-json\/wp\/v2\/types\/product"}],"replies":[{"embeddable":true,"href":"https:\/\/todotrial.com\/tienda\/wp-json\/wp\/v2\/comments?post=7408"}],"version-history":[{"count":0,"href":"https:\/\/todotrial.com\/tienda\/wp-json\/wp\/v2\/product\/7408\/revisions"}],"wp:featuredmedia":[{"embeddable":true,"href":"https:\/\/todotrial.com\/tienda\/wp-json\/wp\/v2\/media\/7407"}],"wp:attachment":[{"href":"https:\/\/todotrial.com\/tienda\/wp-json\/wp\/v2\/media?parent=7408"}],"wp:term":[{"taxonomy":"product_brand","embeddable":true,"href":"https:\/\/todotrial.com\/tienda\/wp-json\/wp\/v2\/product_brand?post=7408"},{"taxonomy":"product_cat","embeddable":true,"href":"https:\/\/todotrial.com\/tienda\/wp-json\/wp\/v2\/product_cat?post=7408"},{"taxonomy":"product_tag","embeddable":true,"href":"https:\/\/todotrial.com\/tienda\/wp-json\/wp\/v2\/product_tag?post=7408"}],"curies":[{"name":"wp","href":"https:\/\/api.w.org\/{rel}","templated":true}]}}