{"id":7360,"date":"2020-07-02T20:38:20","date_gmt":"2020-07-02T20:38:20","guid":{"rendered":"https:\/\/todotrial.com\/tienda\/product\/adhesivos-clasicas2016-07-20-15-46-33\/"},"modified":"2025-02-20T17:22:15","modified_gmt":"2025-02-20T16:22:15","slug":"adhesivos-clasicas2016-07-20-15-46-33","status":"publish","type":"product","link":"https:\/\/todotrial.com\/tienda\/adhesivos-clasicas2016-07-20-15-46-33\/","title":{"rendered":"BULTACO CHISPA 50 (1974-1975) Juego Completo de Adhesivos"},"content":{"rendered":"<p>BULTACO CHISPA 50 (1974-1975) Juego Completo de Adhesivos<br \/>Juego completo de anagramas (8 unidades, incluyendo la leyenda CHISPA para la placa portan\u00fameros en faro) para la primera versi\u00f3n (la de menor difusi\u00f3n) de este modelo de Bultaco, a\u00f1os 1974 y 1975<\/p>\n","protected":false},"excerpt":{"rendered":"<p>BULTACO CHISPA 50 (1974-1975) Juego Completo de Adhesivos<br \/>\nJuego completo de anagramas (8 unidades, incluyendo la leyenda CHISPA para la placa portan\u00fameros en faro) para la primera versi\u00f3n (la de menor difusi\u00f3n) de este modelo de Bultaco, a\u00f1os 1974 y 1975<\/p>\n","protected":false},"featured_media":7359,"comment_status":"open","ping_status":"closed","template":"","meta":[],"product_brand":[],"product_cat":[15],"product_tag":[],"class_list":{"0":"post-7360","1":"product","2":"type-product","3":"status-publish","4":"has-post-thumbnail","6":"product_cat-uncategorized","8":"first","9":"instock","10":"taxable","11":"shipping-taxable","12":"purchasable","13":"product-type-simple"},"yoast_head":"<!-- This site is optimized with the Yoast SEO Premium plugin v21.2 (Yoast SEO v27.3) - https:\/\/yoast.com\/product\/yoast-seo-premium-wordpress\/ -->\n<title>BULTACO CHISPA 50 (1974-1975) Juego Completo de Adhesivos - Tienda de todotrial<\/title>\n<meta name=\"robots\" content=\"index, follow, max-snippet:-1, max-image-preview:large, max-video-preview:-1\" \/>\n<link rel=\"canonical\" href=\"https:\/\/todotrial.com\/tienda\/adhesivos-clasicas2016-07-20-15-46-33\/\" \/>\n<meta property=\"og:locale\" content=\"es_ES\" \/>\n<meta property=\"og:type\" content=\"article\" \/>\n<meta property=\"og:title\" content=\"BULTACO CHISPA 50 (1974-1975) Juego Completo de Adhesivos\" \/>\n<meta property=\"og:description\" content=\"BULTACO CHISPA 50 (1974-1975) Juego Completo de Adhesivos Juego completo de anagramas (8 unidades, incluyendo la leyenda CHISPA para la placa portan\u00fameros en faro) para la primera versi\u00f3n (la de menor difusi\u00f3n) de este modelo de Bultaco, a\u00f1os 1974 y 1975\" \/>\n<meta property=\"og:url\" content=\"https:\/\/todotrial.com\/tienda\/adhesivos-clasicas2016-07-20-15-46-33\/\" \/>\n<meta property=\"og:site_name\" content=\"Tienda de todotrial\" \/>\n<meta property=\"article:modified_time\" content=\"2025-02-20T16:22:15+00:00\" \/>\n<meta property=\"og:image\" content=\"https:\/\/todotrial.com\/tienda\/wp-content\/uploads\/2020\/07\/bultaco-chispa-50.jpg\" \/>\n\t<meta property=\"og:image:width\" content=\"350\" \/>\n\t<meta property=\"og:image:height\" content=\"200\" \/>\n\t<meta property=\"og:image:type\" content=\"image\/jpeg\" \/>\n<meta name=\"twitter:card\" content=\"summary_large_image\" \/>\n<script type=\"application\/ld+json\" class=\"yoast-schema-graph\">{\"@context\":\"https:\\\/\\\/schema.org\",\"@graph\":[{\"@type\":\"WebPage\",\"@id\":\"https:\\\/\\\/todotrial.com\\\/tienda\\\/adhesivos-clasicas2016-07-20-15-46-33\\\/\",\"url\":\"https:\\\/\\\/todotrial.com\\\/tienda\\\/adhesivos-clasicas2016-07-20-15-46-33\\\/\",\"name\":\"BULTACO CHISPA 50 (1974-1975) Juego Completo de Adhesivos - Tienda de todotrial\",\"isPartOf\":{\"@id\":\"https:\\\/\\\/todotrial.com\\\/tienda\\\/#website\"},\"primaryImageOfPage\":{\"@id\":\"https:\\\/\\\/todotrial.com\\\/tienda\\\/adhesivos-clasicas2016-07-20-15-46-33\\\/#primaryimage\"},\"image\":{\"@id\":\"https:\\\/\\\/todotrial.com\\\/tienda\\\/adhesivos-clasicas2016-07-20-15-46-33\\\/#primaryimage\"},\"thumbnailUrl\":\"https:\\\/\\\/todotrial.com\\\/tienda\\\/wp-content\\\/uploads\\\/2020\\\/07\\\/bultaco-chispa-50.jpg\",\"datePublished\":\"2020-07-02T20:38:20+00:00\",\"dateModified\":\"2025-02-20T16:22:15+00:00\",\"breadcrumb\":{\"@id\":\"https:\\\/\\\/todotrial.com\\\/tienda\\\/adhesivos-clasicas2016-07-20-15-46-33\\\/#breadcrumb\"},\"inLanguage\":\"es\",\"potentialAction\":[{\"@type\":\"ReadAction\",\"target\":[\"https:\\\/\\\/todotrial.com\\\/tienda\\\/adhesivos-clasicas2016-07-20-15-46-33\\\/\"]}]},{\"@type\":\"ImageObject\",\"inLanguage\":\"es\",\"@id\":\"https:\\\/\\\/todotrial.com\\\/tienda\\\/adhesivos-clasicas2016-07-20-15-46-33\\\/#primaryimage\",\"url\":\"https:\\\/\\\/todotrial.com\\\/tienda\\\/wp-content\\\/uploads\\\/2020\\\/07\\\/bultaco-chispa-50.jpg\",\"contentUrl\":\"https:\\\/\\\/todotrial.com\\\/tienda\\\/wp-content\\\/uploads\\\/2020\\\/07\\\/bultaco-chispa-50.jpg\",\"width\":350,\"height\":200},{\"@type\":\"BreadcrumbList\",\"@id\":\"https:\\\/\\\/todotrial.com\\\/tienda\\\/adhesivos-clasicas2016-07-20-15-46-33\\\/#breadcrumb\",\"itemListElement\":[{\"@type\":\"ListItem\",\"position\":1,\"name\":\"Portada\",\"item\":\"https:\\\/\\\/todotrial.com\\\/tienda\\\/\"},{\"@type\":\"ListItem\",\"position\":2,\"name\":\"Shop\",\"item\":\"https:\\\/\\\/todotrial.com\\\/tienda\\\/shop\\\/\"},{\"@type\":\"ListItem\",\"position\":3,\"name\":\"BULTACO CHISPA 50 (1974-1975) Juego Completo de Adhesivos\"}]},{\"@type\":\"WebSite\",\"@id\":\"https:\\\/\\\/todotrial.com\\\/tienda\\\/#website\",\"url\":\"https:\\\/\\\/todotrial.com\\\/tienda\\\/\",\"name\":\"Tienda de todotrial\",\"description\":\"\",\"potentialAction\":[{\"@type\":\"SearchAction\",\"target\":{\"@type\":\"EntryPoint\",\"urlTemplate\":\"https:\\\/\\\/todotrial.com\\\/tienda\\\/?s={search_term_string}\"},\"query-input\":{\"@type\":\"PropertyValueSpecification\",\"valueRequired\":true,\"valueName\":\"search_term_string\"}}],\"inLanguage\":\"es\"}]}<\/script>\n<!-- \/ Yoast SEO Premium plugin. -->","yoast_head_json":{"title":"BULTACO CHISPA 50 (1974-1975) Juego Completo de Adhesivos - Tienda de todotrial","robots":{"index":"index","follow":"follow","max-snippet":"max-snippet:-1","max-image-preview":"max-image-preview:large","max-video-preview":"max-video-preview:-1"},"canonical":"https:\/\/todotrial.com\/tienda\/adhesivos-clasicas2016-07-20-15-46-33\/","og_locale":"es_ES","og_type":"article","og_title":"BULTACO CHISPA 50 (1974-1975) Juego Completo de Adhesivos","og_description":"BULTACO CHISPA 50 (1974-1975) Juego Completo de Adhesivos Juego completo de anagramas (8 unidades, incluyendo la leyenda CHISPA para la placa portan\u00fameros en faro) para la primera versi\u00f3n (la de menor difusi\u00f3n) de este modelo de Bultaco, a\u00f1os 1974 y 1975","og_url":"https:\/\/todotrial.com\/tienda\/adhesivos-clasicas2016-07-20-15-46-33\/","og_site_name":"Tienda de todotrial","article_modified_time":"2025-02-20T16:22:15+00:00","og_image":[{"width":350,"height":200,"url":"https:\/\/todotrial.com\/tienda\/wp-content\/uploads\/2020\/07\/bultaco-chispa-50.jpg","type":"image\/jpeg"}],"twitter_card":"summary_large_image","schema":{"@context":"https:\/\/schema.org","@graph":[{"@type":"WebPage","@id":"https:\/\/todotrial.com\/tienda\/adhesivos-clasicas2016-07-20-15-46-33\/","url":"https:\/\/todotrial.com\/tienda\/adhesivos-clasicas2016-07-20-15-46-33\/","name":"BULTACO CHISPA 50 (1974-1975) Juego Completo de Adhesivos - Tienda de todotrial","isPartOf":{"@id":"https:\/\/todotrial.com\/tienda\/#website"},"primaryImageOfPage":{"@id":"https:\/\/todotrial.com\/tienda\/adhesivos-clasicas2016-07-20-15-46-33\/#primaryimage"},"image":{"@id":"https:\/\/todotrial.com\/tienda\/adhesivos-clasicas2016-07-20-15-46-33\/#primaryimage"},"thumbnailUrl":"https:\/\/todotrial.com\/tienda\/wp-content\/uploads\/2020\/07\/bultaco-chispa-50.jpg","datePublished":"2020-07-02T20:38:20+00:00","dateModified":"2025-02-20T16:22:15+00:00","breadcrumb":{"@id":"https:\/\/todotrial.com\/tienda\/adhesivos-clasicas2016-07-20-15-46-33\/#breadcrumb"},"inLanguage":"es","potentialAction":[{"@type":"ReadAction","target":["https:\/\/todotrial.com\/tienda\/adhesivos-clasicas2016-07-20-15-46-33\/"]}]},{"@type":"ImageObject","inLanguage":"es","@id":"https:\/\/todotrial.com\/tienda\/adhesivos-clasicas2016-07-20-15-46-33\/#primaryimage","url":"https:\/\/todotrial.com\/tienda\/wp-content\/uploads\/2020\/07\/bultaco-chispa-50.jpg","contentUrl":"https:\/\/todotrial.com\/tienda\/wp-content\/uploads\/2020\/07\/bultaco-chispa-50.jpg","width":350,"height":200},{"@type":"BreadcrumbList","@id":"https:\/\/todotrial.com\/tienda\/adhesivos-clasicas2016-07-20-15-46-33\/#breadcrumb","itemListElement":[{"@type":"ListItem","position":1,"name":"Portada","item":"https:\/\/todotrial.com\/tienda\/"},{"@type":"ListItem","position":2,"name":"Shop","item":"https:\/\/todotrial.com\/tienda\/shop\/"},{"@type":"ListItem","position":3,"name":"BULTACO CHISPA 50 (1974-1975) Juego Completo de Adhesivos"}]},{"@type":"WebSite","@id":"https:\/\/todotrial.com\/tienda\/#website","url":"https:\/\/todotrial.com\/tienda\/","name":"Tienda de todotrial","description":"","potentialAction":[{"@type":"SearchAction","target":{"@type":"EntryPoint","urlTemplate":"https:\/\/todotrial.com\/tienda\/?s={search_term_string}"},"query-input":{"@type":"PropertyValueSpecification","valueRequired":true,"valueName":"search_term_string"}}],"inLanguage":"es"}]}},"_links":{"self":[{"href":"https:\/\/todotrial.com\/tienda\/wp-json\/wp\/v2\/product\/7360","targetHints":{"allow":["GET"]}}],"collection":[{"href":"https:\/\/todotrial.com\/tienda\/wp-json\/wp\/v2\/product"}],"about":[{"href":"https:\/\/todotrial.com\/tienda\/wp-json\/wp\/v2\/types\/product"}],"replies":[{"embeddable":true,"href":"https:\/\/todotrial.com\/tienda\/wp-json\/wp\/v2\/comments?post=7360"}],"version-history":[{"count":0,"href":"https:\/\/todotrial.com\/tienda\/wp-json\/wp\/v2\/product\/7360\/revisions"}],"wp:featuredmedia":[{"embeddable":true,"href":"https:\/\/todotrial.com\/tienda\/wp-json\/wp\/v2\/media\/7359"}],"wp:attachment":[{"href":"https:\/\/todotrial.com\/tienda\/wp-json\/wp\/v2\/media?parent=7360"}],"wp:term":[{"taxonomy":"product_brand","embeddable":true,"href":"https:\/\/todotrial.com\/tienda\/wp-json\/wp\/v2\/product_brand?post=7360"},{"taxonomy":"product_cat","embeddable":true,"href":"https:\/\/todotrial.com\/tienda\/wp-json\/wp\/v2\/product_cat?post=7360"},{"taxonomy":"product_tag","embeddable":true,"href":"https:\/\/todotrial.com\/tienda\/wp-json\/wp\/v2\/product_tag?post=7360"}],"curies":[{"name":"wp","href":"https:\/\/api.w.org\/{rel}","templated":true}]}}