{"id":7331,"date":"2016-07-19T16:49:34","date_gmt":"2016-07-19T16:49:34","guid":{"rendered":"https:\/\/todotrial.com\/tienda\/product\/estriberas2016-07-19-16-49-34\/"},"modified":"2025-02-20T18:16:12","modified_gmt":"2025-02-20T17:16:12","slug":"estriberas2016-07-19-16-49-34","status":"publish","type":"product","link":"https:\/\/todotrial.com\/tienda\/estriberas2016-07-19-16-49-34\/","title":{"rendered":"Estriberas Trial Aluminio Universal RFX PRO"},"content":{"rendered":"<p>Estriberas Aluminio Universal RFX PRO<br \/>Para Gas Gas\/Beta\/Sherco\/Montesa<\/p>\n<p>Trial RFX Pro CNC de aluminio reposapi\u00e9s (rojo) universal Gas Gas \/ Beta \/ Sherco \/ Montesa. RFX Pro Trials Series CNC reposapi\u00e9s universal azules. Se adapta a todos los modelos de gas Gas, Beta, Sherco y Montesa (No Ossa). El kit incluye pernos, arandelas y resortes. RFX hardware Pro Series partes CNC est\u00e1n dise\u00f1ados, probados y fabricados para el competidor serio. El uso de nuestros 30 a\u00f1os de experiencia en ingenier\u00eda de carreras y tenemos dise\u00f1os de mezcla de calidad, los materiales superiores y los procesos de fabricaci\u00f3n de precisi\u00f3n para crear piezas de carreras de f\u00e1brica disponibles para todo el mundo. Pro Series partes CNC son probados por los mejores pilotos del Reino Unido y de los equipos de carreras en todo el mundo. Pro CNC de la serie reposapi\u00e9s, palancas y controles est\u00e1n disponibles para todos los motocross y enduro modernas motos. Caracter\u00edsticas: 100% mecanizado CNC de aluminio de grado superior. plataforma de 55 mm s\u00faper ancho. tornillo reemplazable en dientes de acero inoxidable. Color anodizado para adaptarse modelo de moto. El flujo a trav\u00e9s del dise\u00f1o de lodo claro. Logo grabado con l\u00e1ser RFX. Se vende completo con 8 dientes de repuesto para una vida m\u00e1s larga.<\/p>\n","protected":false},"excerpt":{"rendered":"<p>Estriberas Aluminio Universal RFX PRO<br \/>\nPara Gas Gas\/Beta\/Sherco\/Montesa<\/p>\n","protected":false},"featured_media":7329,"comment_status":"open","ping_status":"closed","template":"","meta":[],"product_brand":[],"product_cat":[15],"product_tag":[],"class_list":{"0":"post-7331","1":"product","2":"type-product","3":"status-publish","4":"has-post-thumbnail","6":"product_cat-uncategorized","8":"first","9":"instock","10":"taxable","11":"shipping-taxable","12":"purchasable","13":"product-type-simple"},"yoast_head":"<!-- This site is optimized with the Yoast SEO Premium plugin v21.2 (Yoast SEO v27.3) - https:\/\/yoast.com\/product\/yoast-seo-premium-wordpress\/ -->\n<title>Estriberas Trial Aluminio Universal RFX PRO - Tienda de todotrial<\/title>\n<meta name=\"robots\" content=\"index, follow, max-snippet:-1, max-image-preview:large, max-video-preview:-1\" \/>\n<link rel=\"canonical\" href=\"https:\/\/todotrial.com\/tienda\/estriberas2016-07-19-16-49-34\/\" \/>\n<meta property=\"og:locale\" content=\"es_ES\" \/>\n<meta property=\"og:type\" content=\"article\" \/>\n<meta property=\"og:title\" content=\"Estriberas Trial Aluminio Universal RFX PRO\" \/>\n<meta property=\"og:description\" content=\"Estriberas Aluminio Universal RFX PRO Para Gas Gas\/Beta\/Sherco\/Montesa\" \/>\n<meta property=\"og:url\" content=\"https:\/\/todotrial.com\/tienda\/estriberas2016-07-19-16-49-34\/\" \/>\n<meta property=\"og:site_name\" content=\"Tienda de todotrial\" \/>\n<meta property=\"article:modified_time\" content=\"2025-02-20T17:16:12+00:00\" \/>\n<meta property=\"og:image\" content=\"https:\/\/todotrial.com\/tienda\/wp-content\/uploads\/2016\/07\/estriberas_rfxpro_universal_roja.jpg\" \/>\n\t<meta property=\"og:image:width\" content=\"225\" \/>\n\t<meta property=\"og:image:height\" content=\"176\" \/>\n\t<meta property=\"og:image:type\" content=\"image\/jpeg\" \/>\n<meta name=\"twitter:card\" content=\"summary_large_image\" \/>\n<meta name=\"twitter:label1\" content=\"Tiempo de lectura\" \/>\n\t<meta name=\"twitter:data1\" content=\"1 minuto\" \/>\n<script type=\"application\/ld+json\" class=\"yoast-schema-graph\">{\"@context\":\"https:\\\/\\\/schema.org\",\"@graph\":[{\"@type\":\"WebPage\",\"@id\":\"https:\\\/\\\/todotrial.com\\\/tienda\\\/estriberas2016-07-19-16-49-34\\\/\",\"url\":\"https:\\\/\\\/todotrial.com\\\/tienda\\\/estriberas2016-07-19-16-49-34\\\/\",\"name\":\"Estriberas Trial Aluminio Universal RFX PRO - Tienda de todotrial\",\"isPartOf\":{\"@id\":\"https:\\\/\\\/todotrial.com\\\/tienda\\\/#website\"},\"primaryImageOfPage\":{\"@id\":\"https:\\\/\\\/todotrial.com\\\/tienda\\\/estriberas2016-07-19-16-49-34\\\/#primaryimage\"},\"image\":{\"@id\":\"https:\\\/\\\/todotrial.com\\\/tienda\\\/estriberas2016-07-19-16-49-34\\\/#primaryimage\"},\"thumbnailUrl\":\"https:\\\/\\\/todotrial.com\\\/tienda\\\/wp-content\\\/uploads\\\/2016\\\/07\\\/estriberas_rfxpro_universal_roja.jpg\",\"datePublished\":\"2016-07-19T16:49:34+00:00\",\"dateModified\":\"2025-02-20T17:16:12+00:00\",\"breadcrumb\":{\"@id\":\"https:\\\/\\\/todotrial.com\\\/tienda\\\/estriberas2016-07-19-16-49-34\\\/#breadcrumb\"},\"inLanguage\":\"es\",\"potentialAction\":[{\"@type\":\"ReadAction\",\"target\":[\"https:\\\/\\\/todotrial.com\\\/tienda\\\/estriberas2016-07-19-16-49-34\\\/\"]}]},{\"@type\":\"ImageObject\",\"inLanguage\":\"es\",\"@id\":\"https:\\\/\\\/todotrial.com\\\/tienda\\\/estriberas2016-07-19-16-49-34\\\/#primaryimage\",\"url\":\"https:\\\/\\\/todotrial.com\\\/tienda\\\/wp-content\\\/uploads\\\/2016\\\/07\\\/estriberas_rfxpro_universal_roja.jpg\",\"contentUrl\":\"https:\\\/\\\/todotrial.com\\\/tienda\\\/wp-content\\\/uploads\\\/2016\\\/07\\\/estriberas_rfxpro_universal_roja.jpg\",\"width\":225,\"height\":176},{\"@type\":\"BreadcrumbList\",\"@id\":\"https:\\\/\\\/todotrial.com\\\/tienda\\\/estriberas2016-07-19-16-49-34\\\/#breadcrumb\",\"itemListElement\":[{\"@type\":\"ListItem\",\"position\":1,\"name\":\"Portada\",\"item\":\"https:\\\/\\\/todotrial.com\\\/tienda\\\/\"},{\"@type\":\"ListItem\",\"position\":2,\"name\":\"Shop\",\"item\":\"https:\\\/\\\/todotrial.com\\\/tienda\\\/shop\\\/\"},{\"@type\":\"ListItem\",\"position\":3,\"name\":\"Estriberas Trial Aluminio Universal RFX PRO\"}]},{\"@type\":\"WebSite\",\"@id\":\"https:\\\/\\\/todotrial.com\\\/tienda\\\/#website\",\"url\":\"https:\\\/\\\/todotrial.com\\\/tienda\\\/\",\"name\":\"Tienda de todotrial\",\"description\":\"\",\"potentialAction\":[{\"@type\":\"SearchAction\",\"target\":{\"@type\":\"EntryPoint\",\"urlTemplate\":\"https:\\\/\\\/todotrial.com\\\/tienda\\\/?s={search_term_string}\"},\"query-input\":{\"@type\":\"PropertyValueSpecification\",\"valueRequired\":true,\"valueName\":\"search_term_string\"}}],\"inLanguage\":\"es\"}]}<\/script>\n<!-- \/ Yoast SEO Premium plugin. -->","yoast_head_json":{"title":"Estriberas Trial Aluminio Universal RFX PRO - Tienda de todotrial","robots":{"index":"index","follow":"follow","max-snippet":"max-snippet:-1","max-image-preview":"max-image-preview:large","max-video-preview":"max-video-preview:-1"},"canonical":"https:\/\/todotrial.com\/tienda\/estriberas2016-07-19-16-49-34\/","og_locale":"es_ES","og_type":"article","og_title":"Estriberas Trial Aluminio Universal RFX PRO","og_description":"Estriberas Aluminio Universal RFX PRO Para Gas Gas\/Beta\/Sherco\/Montesa","og_url":"https:\/\/todotrial.com\/tienda\/estriberas2016-07-19-16-49-34\/","og_site_name":"Tienda de todotrial","article_modified_time":"2025-02-20T17:16:12+00:00","og_image":[{"width":225,"height":176,"url":"https:\/\/todotrial.com\/tienda\/wp-content\/uploads\/2016\/07\/estriberas_rfxpro_universal_roja.jpg","type":"image\/jpeg"}],"twitter_card":"summary_large_image","twitter_misc":{"Tiempo de lectura":"1 minuto"},"schema":{"@context":"https:\/\/schema.org","@graph":[{"@type":"WebPage","@id":"https:\/\/todotrial.com\/tienda\/estriberas2016-07-19-16-49-34\/","url":"https:\/\/todotrial.com\/tienda\/estriberas2016-07-19-16-49-34\/","name":"Estriberas Trial Aluminio Universal RFX PRO - Tienda de todotrial","isPartOf":{"@id":"https:\/\/todotrial.com\/tienda\/#website"},"primaryImageOfPage":{"@id":"https:\/\/todotrial.com\/tienda\/estriberas2016-07-19-16-49-34\/#primaryimage"},"image":{"@id":"https:\/\/todotrial.com\/tienda\/estriberas2016-07-19-16-49-34\/#primaryimage"},"thumbnailUrl":"https:\/\/todotrial.com\/tienda\/wp-content\/uploads\/2016\/07\/estriberas_rfxpro_universal_roja.jpg","datePublished":"2016-07-19T16:49:34+00:00","dateModified":"2025-02-20T17:16:12+00:00","breadcrumb":{"@id":"https:\/\/todotrial.com\/tienda\/estriberas2016-07-19-16-49-34\/#breadcrumb"},"inLanguage":"es","potentialAction":[{"@type":"ReadAction","target":["https:\/\/todotrial.com\/tienda\/estriberas2016-07-19-16-49-34\/"]}]},{"@type":"ImageObject","inLanguage":"es","@id":"https:\/\/todotrial.com\/tienda\/estriberas2016-07-19-16-49-34\/#primaryimage","url":"https:\/\/todotrial.com\/tienda\/wp-content\/uploads\/2016\/07\/estriberas_rfxpro_universal_roja.jpg","contentUrl":"https:\/\/todotrial.com\/tienda\/wp-content\/uploads\/2016\/07\/estriberas_rfxpro_universal_roja.jpg","width":225,"height":176},{"@type":"BreadcrumbList","@id":"https:\/\/todotrial.com\/tienda\/estriberas2016-07-19-16-49-34\/#breadcrumb","itemListElement":[{"@type":"ListItem","position":1,"name":"Portada","item":"https:\/\/todotrial.com\/tienda\/"},{"@type":"ListItem","position":2,"name":"Shop","item":"https:\/\/todotrial.com\/tienda\/shop\/"},{"@type":"ListItem","position":3,"name":"Estriberas Trial Aluminio Universal RFX PRO"}]},{"@type":"WebSite","@id":"https:\/\/todotrial.com\/tienda\/#website","url":"https:\/\/todotrial.com\/tienda\/","name":"Tienda de todotrial","description":"","potentialAction":[{"@type":"SearchAction","target":{"@type":"EntryPoint","urlTemplate":"https:\/\/todotrial.com\/tienda\/?s={search_term_string}"},"query-input":{"@type":"PropertyValueSpecification","valueRequired":true,"valueName":"search_term_string"}}],"inLanguage":"es"}]}},"_links":{"self":[{"href":"https:\/\/todotrial.com\/tienda\/wp-json\/wp\/v2\/product\/7331","targetHints":{"allow":["GET"]}}],"collection":[{"href":"https:\/\/todotrial.com\/tienda\/wp-json\/wp\/v2\/product"}],"about":[{"href":"https:\/\/todotrial.com\/tienda\/wp-json\/wp\/v2\/types\/product"}],"replies":[{"embeddable":true,"href":"https:\/\/todotrial.com\/tienda\/wp-json\/wp\/v2\/comments?post=7331"}],"version-history":[{"count":0,"href":"https:\/\/todotrial.com\/tienda\/wp-json\/wp\/v2\/product\/7331\/revisions"}],"wp:featuredmedia":[{"embeddable":true,"href":"https:\/\/todotrial.com\/tienda\/wp-json\/wp\/v2\/media\/7329"}],"wp:attachment":[{"href":"https:\/\/todotrial.com\/tienda\/wp-json\/wp\/v2\/media?parent=7331"}],"wp:term":[{"taxonomy":"product_brand","embeddable":true,"href":"https:\/\/todotrial.com\/tienda\/wp-json\/wp\/v2\/product_brand?post=7331"},{"taxonomy":"product_cat","embeddable":true,"href":"https:\/\/todotrial.com\/tienda\/wp-json\/wp\/v2\/product_cat?post=7331"},{"taxonomy":"product_tag","embeddable":true,"href":"https:\/\/todotrial.com\/tienda\/wp-json\/wp\/v2\/product_tag?post=7331"}],"curies":[{"name":"wp","href":"https:\/\/api.w.org\/{rel}","templated":true}]}}