{"id":7328,"date":"2016-07-19T09:08:22","date_gmt":"2016-07-19T09:08:22","guid":{"rendered":"https:\/\/todotrial.com\/tienda\/product\/asiento-trial2016-07-19-09-08-22\/"},"modified":"2025-02-20T18:16:13","modified_gmt":"2025-02-20T17:16:13","slug":"asiento-trial2016-07-19-09-08-22","status":"publish","type":"product","link":"https:\/\/todotrial.com\/tienda\/asiento-trial2016-07-19-09-08-22\/","title":{"rendered":"Asiento Universal para Motos de Trial"},"content":{"rendered":"<p>Asiento Universal para Motos de Trial<br \/>Para BETA, GAS GAS, SHERCO, SCORPA, OSSA, MONTESA<\/p>\n<p>Asiento extra\u00edble nuevo para Trial dise\u00f1ado por Jitsie. V\u00e1lido para todas las motos modernas con un ajuste universal. Jitsie han tenido mucho cuidado en el dise\u00f1o de modo que se asienta correctamente en todas las motos modernas. Lo hemos probado en todos y cada uno de los modelos de moto y se adapta maravillosamente. Sujecci\u00f3n Simplemente de velcro en la moto por lo que se elimina muy f\u00e1cil. Ideal para triales de larga distancia, !!!muy ligero !!!<\/p>\n","protected":false},"excerpt":{"rendered":"<p>Asiento Universal para Motos de Trial<br \/>\nPara BETA, GAS GAS, SHERCO, SCORPA, OSSA, MONTESA<\/p>\n","protected":false},"featured_media":7327,"comment_status":"open","ping_status":"closed","template":"","meta":[],"product_brand":[],"product_cat":[15],"product_tag":[],"class_list":{"0":"post-7328","1":"product","2":"type-product","3":"status-publish","4":"has-post-thumbnail","6":"product_cat-uncategorized","8":"first","9":"instock","10":"taxable","11":"shipping-taxable","12":"purchasable","13":"product-type-simple"},"yoast_head":"<!-- This site is optimized with the Yoast SEO Premium plugin v21.2 (Yoast SEO v27.3) - https:\/\/yoast.com\/product\/yoast-seo-premium-wordpress\/ -->\n<title>Asiento Universal para Motos de Trial - Tienda de todotrial<\/title>\n<meta name=\"robots\" content=\"index, follow, max-snippet:-1, max-image-preview:large, max-video-preview:-1\" \/>\n<link rel=\"canonical\" href=\"https:\/\/todotrial.com\/tienda\/asiento-trial2016-07-19-09-08-22\/\" \/>\n<meta property=\"og:locale\" content=\"es_ES\" \/>\n<meta property=\"og:type\" content=\"article\" \/>\n<meta property=\"og:title\" content=\"Asiento Universal para Motos de Trial\" \/>\n<meta property=\"og:description\" content=\"Asiento Universal para Motos de Trial Para BETA, GAS GAS, SHERCO, SCORPA, OSSA, MONTESA\" \/>\n<meta property=\"og:url\" content=\"https:\/\/todotrial.com\/tienda\/asiento-trial2016-07-19-09-08-22\/\" \/>\n<meta property=\"og:site_name\" content=\"Tienda de todotrial\" \/>\n<meta property=\"article:modified_time\" content=\"2025-02-20T17:16:13+00:00\" \/>\n<meta property=\"og:image\" content=\"https:\/\/todotrial.com\/tienda\/wp-content\/uploads\/2016\/07\/asiento_trial_jitsie4.jpg\" \/>\n\t<meta property=\"og:image:width\" content=\"400\" \/>\n\t<meta property=\"og:image:height\" content=\"400\" \/>\n\t<meta property=\"og:image:type\" content=\"image\/jpeg\" \/>\n<meta name=\"twitter:card\" content=\"summary_large_image\" \/>\n<script type=\"application\/ld+json\" class=\"yoast-schema-graph\">{\"@context\":\"https:\\\/\\\/schema.org\",\"@graph\":[{\"@type\":\"WebPage\",\"@id\":\"https:\\\/\\\/todotrial.com\\\/tienda\\\/asiento-trial2016-07-19-09-08-22\\\/\",\"url\":\"https:\\\/\\\/todotrial.com\\\/tienda\\\/asiento-trial2016-07-19-09-08-22\\\/\",\"name\":\"Asiento Universal para Motos de Trial - Tienda de todotrial\",\"isPartOf\":{\"@id\":\"https:\\\/\\\/todotrial.com\\\/tienda\\\/#website\"},\"primaryImageOfPage\":{\"@id\":\"https:\\\/\\\/todotrial.com\\\/tienda\\\/asiento-trial2016-07-19-09-08-22\\\/#primaryimage\"},\"image\":{\"@id\":\"https:\\\/\\\/todotrial.com\\\/tienda\\\/asiento-trial2016-07-19-09-08-22\\\/#primaryimage\"},\"thumbnailUrl\":\"https:\\\/\\\/todotrial.com\\\/tienda\\\/wp-content\\\/uploads\\\/2016\\\/07\\\/asiento_trial_jitsie4.jpg\",\"datePublished\":\"2016-07-19T09:08:22+00:00\",\"dateModified\":\"2025-02-20T17:16:13+00:00\",\"breadcrumb\":{\"@id\":\"https:\\\/\\\/todotrial.com\\\/tienda\\\/asiento-trial2016-07-19-09-08-22\\\/#breadcrumb\"},\"inLanguage\":\"es\",\"potentialAction\":[{\"@type\":\"ReadAction\",\"target\":[\"https:\\\/\\\/todotrial.com\\\/tienda\\\/asiento-trial2016-07-19-09-08-22\\\/\"]}]},{\"@type\":\"ImageObject\",\"inLanguage\":\"es\",\"@id\":\"https:\\\/\\\/todotrial.com\\\/tienda\\\/asiento-trial2016-07-19-09-08-22\\\/#primaryimage\",\"url\":\"https:\\\/\\\/todotrial.com\\\/tienda\\\/wp-content\\\/uploads\\\/2016\\\/07\\\/asiento_trial_jitsie4.jpg\",\"contentUrl\":\"https:\\\/\\\/todotrial.com\\\/tienda\\\/wp-content\\\/uploads\\\/2016\\\/07\\\/asiento_trial_jitsie4.jpg\",\"width\":400,\"height\":400},{\"@type\":\"BreadcrumbList\",\"@id\":\"https:\\\/\\\/todotrial.com\\\/tienda\\\/asiento-trial2016-07-19-09-08-22\\\/#breadcrumb\",\"itemListElement\":[{\"@type\":\"ListItem\",\"position\":1,\"name\":\"Portada\",\"item\":\"https:\\\/\\\/todotrial.com\\\/tienda\\\/\"},{\"@type\":\"ListItem\",\"position\":2,\"name\":\"Shop\",\"item\":\"https:\\\/\\\/todotrial.com\\\/tienda\\\/shop\\\/\"},{\"@type\":\"ListItem\",\"position\":3,\"name\":\"Asiento Universal para Motos de Trial\"}]},{\"@type\":\"WebSite\",\"@id\":\"https:\\\/\\\/todotrial.com\\\/tienda\\\/#website\",\"url\":\"https:\\\/\\\/todotrial.com\\\/tienda\\\/\",\"name\":\"Tienda de todotrial\",\"description\":\"\",\"potentialAction\":[{\"@type\":\"SearchAction\",\"target\":{\"@type\":\"EntryPoint\",\"urlTemplate\":\"https:\\\/\\\/todotrial.com\\\/tienda\\\/?s={search_term_string}\"},\"query-input\":{\"@type\":\"PropertyValueSpecification\",\"valueRequired\":true,\"valueName\":\"search_term_string\"}}],\"inLanguage\":\"es\"}]}<\/script>\n<!-- \/ Yoast SEO Premium plugin. -->","yoast_head_json":{"title":"Asiento Universal para Motos de Trial - Tienda de todotrial","robots":{"index":"index","follow":"follow","max-snippet":"max-snippet:-1","max-image-preview":"max-image-preview:large","max-video-preview":"max-video-preview:-1"},"canonical":"https:\/\/todotrial.com\/tienda\/asiento-trial2016-07-19-09-08-22\/","og_locale":"es_ES","og_type":"article","og_title":"Asiento Universal para Motos de Trial","og_description":"Asiento Universal para Motos de Trial Para BETA, GAS GAS, SHERCO, SCORPA, OSSA, MONTESA","og_url":"https:\/\/todotrial.com\/tienda\/asiento-trial2016-07-19-09-08-22\/","og_site_name":"Tienda de todotrial","article_modified_time":"2025-02-20T17:16:13+00:00","og_image":[{"width":400,"height":400,"url":"https:\/\/todotrial.com\/tienda\/wp-content\/uploads\/2016\/07\/asiento_trial_jitsie4.jpg","type":"image\/jpeg"}],"twitter_card":"summary_large_image","schema":{"@context":"https:\/\/schema.org","@graph":[{"@type":"WebPage","@id":"https:\/\/todotrial.com\/tienda\/asiento-trial2016-07-19-09-08-22\/","url":"https:\/\/todotrial.com\/tienda\/asiento-trial2016-07-19-09-08-22\/","name":"Asiento Universal para Motos de Trial - Tienda de todotrial","isPartOf":{"@id":"https:\/\/todotrial.com\/tienda\/#website"},"primaryImageOfPage":{"@id":"https:\/\/todotrial.com\/tienda\/asiento-trial2016-07-19-09-08-22\/#primaryimage"},"image":{"@id":"https:\/\/todotrial.com\/tienda\/asiento-trial2016-07-19-09-08-22\/#primaryimage"},"thumbnailUrl":"https:\/\/todotrial.com\/tienda\/wp-content\/uploads\/2016\/07\/asiento_trial_jitsie4.jpg","datePublished":"2016-07-19T09:08:22+00:00","dateModified":"2025-02-20T17:16:13+00:00","breadcrumb":{"@id":"https:\/\/todotrial.com\/tienda\/asiento-trial2016-07-19-09-08-22\/#breadcrumb"},"inLanguage":"es","potentialAction":[{"@type":"ReadAction","target":["https:\/\/todotrial.com\/tienda\/asiento-trial2016-07-19-09-08-22\/"]}]},{"@type":"ImageObject","inLanguage":"es","@id":"https:\/\/todotrial.com\/tienda\/asiento-trial2016-07-19-09-08-22\/#primaryimage","url":"https:\/\/todotrial.com\/tienda\/wp-content\/uploads\/2016\/07\/asiento_trial_jitsie4.jpg","contentUrl":"https:\/\/todotrial.com\/tienda\/wp-content\/uploads\/2016\/07\/asiento_trial_jitsie4.jpg","width":400,"height":400},{"@type":"BreadcrumbList","@id":"https:\/\/todotrial.com\/tienda\/asiento-trial2016-07-19-09-08-22\/#breadcrumb","itemListElement":[{"@type":"ListItem","position":1,"name":"Portada","item":"https:\/\/todotrial.com\/tienda\/"},{"@type":"ListItem","position":2,"name":"Shop","item":"https:\/\/todotrial.com\/tienda\/shop\/"},{"@type":"ListItem","position":3,"name":"Asiento Universal para Motos de Trial"}]},{"@type":"WebSite","@id":"https:\/\/todotrial.com\/tienda\/#website","url":"https:\/\/todotrial.com\/tienda\/","name":"Tienda de todotrial","description":"","potentialAction":[{"@type":"SearchAction","target":{"@type":"EntryPoint","urlTemplate":"https:\/\/todotrial.com\/tienda\/?s={search_term_string}"},"query-input":{"@type":"PropertyValueSpecification","valueRequired":true,"valueName":"search_term_string"}}],"inLanguage":"es"}]}},"_links":{"self":[{"href":"https:\/\/todotrial.com\/tienda\/wp-json\/wp\/v2\/product\/7328","targetHints":{"allow":["GET"]}}],"collection":[{"href":"https:\/\/todotrial.com\/tienda\/wp-json\/wp\/v2\/product"}],"about":[{"href":"https:\/\/todotrial.com\/tienda\/wp-json\/wp\/v2\/types\/product"}],"replies":[{"embeddable":true,"href":"https:\/\/todotrial.com\/tienda\/wp-json\/wp\/v2\/comments?post=7328"}],"version-history":[{"count":0,"href":"https:\/\/todotrial.com\/tienda\/wp-json\/wp\/v2\/product\/7328\/revisions"}],"wp:featuredmedia":[{"embeddable":true,"href":"https:\/\/todotrial.com\/tienda\/wp-json\/wp\/v2\/media\/7327"}],"wp:attachment":[{"href":"https:\/\/todotrial.com\/tienda\/wp-json\/wp\/v2\/media?parent=7328"}],"wp:term":[{"taxonomy":"product_brand","embeddable":true,"href":"https:\/\/todotrial.com\/tienda\/wp-json\/wp\/v2\/product_brand?post=7328"},{"taxonomy":"product_cat","embeddable":true,"href":"https:\/\/todotrial.com\/tienda\/wp-json\/wp\/v2\/product_cat?post=7328"},{"taxonomy":"product_tag","embeddable":true,"href":"https:\/\/todotrial.com\/tienda\/wp-json\/wp\/v2\/product_tag?post=7328"}],"curies":[{"name":"wp","href":"https:\/\/api.w.org\/{rel}","templated":true}]}}