{"id":7293,"date":"2016-07-16T21:33:49","date_gmt":"2016-07-16T21:33:49","guid":{"rendered":"https:\/\/todotrial.com\/tienda\/product\/pinon-del-ciguenal\/"},"modified":"2025-02-20T18:16:30","modified_gmt":"2025-02-20T17:16:30","slug":"pinon-del-ciguenal","status":"publish","type":"product","link":"https:\/\/todotrial.com\/tienda\/pinon-del-ciguenal\/","title":{"rendered":"Rueda Dentada del Cigue\u00f1al 18 Dientes para BSA"},"content":{"rendered":"<p>Rueda Dentada del Cigue\u00f1al 18 Dientes para BSA<br \/>BSA C15, B25, C25, B40 y V\u00edctor MODELOS, DE 3\/8 DUPLEX DE CADENA,<br \/>CALIDAD SUPERIOR fabricado POR TALON.<\/p>\n","protected":false},"excerpt":{"rendered":"<p>Rueda Dentada del Cigue\u00f1al 18 Dientes para BSA<br \/>\nBSA C15, B25, C25, B40 y V\u00edctor MODELOS, DE 3\/8 DUPLEX DE CADENA,<br \/>\nCALIDAD SUPERIOR fabricado POR TALON.<\/p>\n","protected":false},"featured_media":7292,"comment_status":"open","ping_status":"closed","template":"","meta":[],"product_brand":[],"product_cat":[15],"product_tag":[],"class_list":{"0":"post-7293","1":"product","2":"type-product","3":"status-publish","4":"has-post-thumbnail","6":"product_cat-uncategorized","8":"first","9":"outofstock","10":"taxable","11":"shipping-taxable","12":"purchasable","13":"product-type-simple"},"yoast_head":"<!-- This site is optimized with the Yoast SEO Premium plugin v21.2 (Yoast SEO v27.3) - https:\/\/yoast.com\/product\/yoast-seo-premium-wordpress\/ -->\n<title>Rueda Dentada del Cigue\u00f1al 18 Dientes para BSA - Tienda de todotrial<\/title>\n<meta name=\"robots\" content=\"index, follow, max-snippet:-1, max-image-preview:large, max-video-preview:-1\" \/>\n<link rel=\"canonical\" href=\"https:\/\/todotrial.com\/tienda\/pinon-del-ciguenal\/\" \/>\n<meta property=\"og:locale\" content=\"es_ES\" \/>\n<meta property=\"og:type\" content=\"article\" \/>\n<meta property=\"og:title\" content=\"Rueda Dentada del Cigue\u00f1al 18 Dientes para BSA\" \/>\n<meta property=\"og:description\" content=\"Rueda Dentada del Cigue\u00f1al 18 Dientes para BSA BSA C15, B25, C25, B40 y V\u00edctor MODELOS, DE 3\/8 DUPLEX DE CADENA, CALIDAD SUPERIOR fabricado POR TALON.\" \/>\n<meta property=\"og:url\" content=\"https:\/\/todotrial.com\/tienda\/pinon-del-ciguenal\/\" \/>\n<meta property=\"og:site_name\" content=\"Tienda de todotrial\" \/>\n<meta property=\"article:modified_time\" content=\"2025-02-20T17:16:30+00:00\" \/>\n<meta property=\"og:image\" content=\"https:\/\/todotrial.com\/tienda\/wp-content\/uploads\/2016\/07\/rueda_dentada_ciguenal.jpg\" \/>\n\t<meta property=\"og:image:width\" content=\"225\" \/>\n\t<meta property=\"og:image:height\" content=\"169\" \/>\n\t<meta property=\"og:image:type\" content=\"image\/jpeg\" \/>\n<meta name=\"twitter:card\" content=\"summary_large_image\" \/>\n<script type=\"application\/ld+json\" class=\"yoast-schema-graph\">{\"@context\":\"https:\\\/\\\/schema.org\",\"@graph\":[{\"@type\":\"WebPage\",\"@id\":\"https:\\\/\\\/todotrial.com\\\/tienda\\\/pinon-del-ciguenal\\\/\",\"url\":\"https:\\\/\\\/todotrial.com\\\/tienda\\\/pinon-del-ciguenal\\\/\",\"name\":\"Rueda Dentada del Cigue\u00f1al 18 Dientes para BSA - Tienda de todotrial\",\"isPartOf\":{\"@id\":\"https:\\\/\\\/todotrial.com\\\/tienda\\\/#website\"},\"primaryImageOfPage\":{\"@id\":\"https:\\\/\\\/todotrial.com\\\/tienda\\\/pinon-del-ciguenal\\\/#primaryimage\"},\"image\":{\"@id\":\"https:\\\/\\\/todotrial.com\\\/tienda\\\/pinon-del-ciguenal\\\/#primaryimage\"},\"thumbnailUrl\":\"https:\\\/\\\/todotrial.com\\\/tienda\\\/wp-content\\\/uploads\\\/2016\\\/07\\\/rueda_dentada_ciguenal.jpg\",\"datePublished\":\"2016-07-16T21:33:49+00:00\",\"dateModified\":\"2025-02-20T17:16:30+00:00\",\"breadcrumb\":{\"@id\":\"https:\\\/\\\/todotrial.com\\\/tienda\\\/pinon-del-ciguenal\\\/#breadcrumb\"},\"inLanguage\":\"es\",\"potentialAction\":[{\"@type\":\"ReadAction\",\"target\":[\"https:\\\/\\\/todotrial.com\\\/tienda\\\/pinon-del-ciguenal\\\/\"]}]},{\"@type\":\"ImageObject\",\"inLanguage\":\"es\",\"@id\":\"https:\\\/\\\/todotrial.com\\\/tienda\\\/pinon-del-ciguenal\\\/#primaryimage\",\"url\":\"https:\\\/\\\/todotrial.com\\\/tienda\\\/wp-content\\\/uploads\\\/2016\\\/07\\\/rueda_dentada_ciguenal.jpg\",\"contentUrl\":\"https:\\\/\\\/todotrial.com\\\/tienda\\\/wp-content\\\/uploads\\\/2016\\\/07\\\/rueda_dentada_ciguenal.jpg\",\"width\":225,\"height\":169},{\"@type\":\"BreadcrumbList\",\"@id\":\"https:\\\/\\\/todotrial.com\\\/tienda\\\/pinon-del-ciguenal\\\/#breadcrumb\",\"itemListElement\":[{\"@type\":\"ListItem\",\"position\":1,\"name\":\"Portada\",\"item\":\"https:\\\/\\\/todotrial.com\\\/tienda\\\/\"},{\"@type\":\"ListItem\",\"position\":2,\"name\":\"Shop\",\"item\":\"https:\\\/\\\/todotrial.com\\\/tienda\\\/shop\\\/\"},{\"@type\":\"ListItem\",\"position\":3,\"name\":\"Rueda Dentada del Cigue\u00f1al 18 Dientes para BSA\"}]},{\"@type\":\"WebSite\",\"@id\":\"https:\\\/\\\/todotrial.com\\\/tienda\\\/#website\",\"url\":\"https:\\\/\\\/todotrial.com\\\/tienda\\\/\",\"name\":\"Tienda de todotrial\",\"description\":\"\",\"potentialAction\":[{\"@type\":\"SearchAction\",\"target\":{\"@type\":\"EntryPoint\",\"urlTemplate\":\"https:\\\/\\\/todotrial.com\\\/tienda\\\/?s={search_term_string}\"},\"query-input\":{\"@type\":\"PropertyValueSpecification\",\"valueRequired\":true,\"valueName\":\"search_term_string\"}}],\"inLanguage\":\"es\"}]}<\/script>\n<!-- \/ Yoast SEO Premium plugin. -->","yoast_head_json":{"title":"Rueda Dentada del Cigue\u00f1al 18 Dientes para BSA - Tienda de todotrial","robots":{"index":"index","follow":"follow","max-snippet":"max-snippet:-1","max-image-preview":"max-image-preview:large","max-video-preview":"max-video-preview:-1"},"canonical":"https:\/\/todotrial.com\/tienda\/pinon-del-ciguenal\/","og_locale":"es_ES","og_type":"article","og_title":"Rueda Dentada del Cigue\u00f1al 18 Dientes para BSA","og_description":"Rueda Dentada del Cigue\u00f1al 18 Dientes para BSA BSA C15, B25, C25, B40 y V\u00edctor MODELOS, DE 3\/8 DUPLEX DE CADENA, CALIDAD SUPERIOR fabricado POR TALON.","og_url":"https:\/\/todotrial.com\/tienda\/pinon-del-ciguenal\/","og_site_name":"Tienda de todotrial","article_modified_time":"2025-02-20T17:16:30+00:00","og_image":[{"width":225,"height":169,"url":"https:\/\/todotrial.com\/tienda\/wp-content\/uploads\/2016\/07\/rueda_dentada_ciguenal.jpg","type":"image\/jpeg"}],"twitter_card":"summary_large_image","schema":{"@context":"https:\/\/schema.org","@graph":[{"@type":"WebPage","@id":"https:\/\/todotrial.com\/tienda\/pinon-del-ciguenal\/","url":"https:\/\/todotrial.com\/tienda\/pinon-del-ciguenal\/","name":"Rueda Dentada del Cigue\u00f1al 18 Dientes para BSA - Tienda de todotrial","isPartOf":{"@id":"https:\/\/todotrial.com\/tienda\/#website"},"primaryImageOfPage":{"@id":"https:\/\/todotrial.com\/tienda\/pinon-del-ciguenal\/#primaryimage"},"image":{"@id":"https:\/\/todotrial.com\/tienda\/pinon-del-ciguenal\/#primaryimage"},"thumbnailUrl":"https:\/\/todotrial.com\/tienda\/wp-content\/uploads\/2016\/07\/rueda_dentada_ciguenal.jpg","datePublished":"2016-07-16T21:33:49+00:00","dateModified":"2025-02-20T17:16:30+00:00","breadcrumb":{"@id":"https:\/\/todotrial.com\/tienda\/pinon-del-ciguenal\/#breadcrumb"},"inLanguage":"es","potentialAction":[{"@type":"ReadAction","target":["https:\/\/todotrial.com\/tienda\/pinon-del-ciguenal\/"]}]},{"@type":"ImageObject","inLanguage":"es","@id":"https:\/\/todotrial.com\/tienda\/pinon-del-ciguenal\/#primaryimage","url":"https:\/\/todotrial.com\/tienda\/wp-content\/uploads\/2016\/07\/rueda_dentada_ciguenal.jpg","contentUrl":"https:\/\/todotrial.com\/tienda\/wp-content\/uploads\/2016\/07\/rueda_dentada_ciguenal.jpg","width":225,"height":169},{"@type":"BreadcrumbList","@id":"https:\/\/todotrial.com\/tienda\/pinon-del-ciguenal\/#breadcrumb","itemListElement":[{"@type":"ListItem","position":1,"name":"Portada","item":"https:\/\/todotrial.com\/tienda\/"},{"@type":"ListItem","position":2,"name":"Shop","item":"https:\/\/todotrial.com\/tienda\/shop\/"},{"@type":"ListItem","position":3,"name":"Rueda Dentada del Cigue\u00f1al 18 Dientes para BSA"}]},{"@type":"WebSite","@id":"https:\/\/todotrial.com\/tienda\/#website","url":"https:\/\/todotrial.com\/tienda\/","name":"Tienda de todotrial","description":"","potentialAction":[{"@type":"SearchAction","target":{"@type":"EntryPoint","urlTemplate":"https:\/\/todotrial.com\/tienda\/?s={search_term_string}"},"query-input":{"@type":"PropertyValueSpecification","valueRequired":true,"valueName":"search_term_string"}}],"inLanguage":"es"}]}},"_links":{"self":[{"href":"https:\/\/todotrial.com\/tienda\/wp-json\/wp\/v2\/product\/7293","targetHints":{"allow":["GET"]}}],"collection":[{"href":"https:\/\/todotrial.com\/tienda\/wp-json\/wp\/v2\/product"}],"about":[{"href":"https:\/\/todotrial.com\/tienda\/wp-json\/wp\/v2\/types\/product"}],"replies":[{"embeddable":true,"href":"https:\/\/todotrial.com\/tienda\/wp-json\/wp\/v2\/comments?post=7293"}],"version-history":[{"count":0,"href":"https:\/\/todotrial.com\/tienda\/wp-json\/wp\/v2\/product\/7293\/revisions"}],"wp:featuredmedia":[{"embeddable":true,"href":"https:\/\/todotrial.com\/tienda\/wp-json\/wp\/v2\/media\/7292"}],"wp:attachment":[{"href":"https:\/\/todotrial.com\/tienda\/wp-json\/wp\/v2\/media?parent=7293"}],"wp:term":[{"taxonomy":"product_brand","embeddable":true,"href":"https:\/\/todotrial.com\/tienda\/wp-json\/wp\/v2\/product_brand?post=7293"},{"taxonomy":"product_cat","embeddable":true,"href":"https:\/\/todotrial.com\/tienda\/wp-json\/wp\/v2\/product_cat?post=7293"},{"taxonomy":"product_tag","embeddable":true,"href":"https:\/\/todotrial.com\/tienda\/wp-json\/wp\/v2\/product_tag?post=7293"}],"curies":[{"name":"wp","href":"https:\/\/api.w.org\/{rel}","templated":true}]}}