{"id":687,"date":"2020-07-02T15:05:06","date_gmt":"2020-07-02T14:05:06","guid":{"rendered":"https:\/\/todotrial.com\/tienda\/product\/lochaber-celebrating-the-ssdt\/"},"modified":"2025-02-20T17:34:43","modified_gmt":"2025-02-20T16:34:43","slug":"lochaber-celebrating-the-ssdt","status":"publish","type":"product","link":"https:\/\/todotrial.com\/tienda\/lochaber-celebrating-the-ssdt\/","title":{"rendered":"Lochaber, celebrating The Scottish Six Days Trial"},"content":{"rendered":"<p>\u00abLochaber &#8211; celebrating The Scottish Six Days Trial &#8211; A Pictorial History, 1908 &#8211; 2011\u00bb es un fant\u00e1stico libro de Deryk Wylde y John Hulme que cubre los 100 a\u00f1os de el trial m\u00e1s famoso del mundo, los Scottish Six Days Trial desde su creaci\u00f3n en 1909 a su centenario en 2011.<\/p>\n<p>En estos 100 a\u00f1os mucha gente ha tenido la suerte de presenciar este espect\u00e1culo del motociclismo off road, ahora puedes conocer toda la historia de los SSDT, ya que este libro contiene algunas de las mejores im\u00e1genes de la historia de este trial.<\/p>\n<p>Desde 1909 hasta 1970, el trial se cubre con im\u00e1genes en blanco y negro realizadas por Deryk Wylde y desde 1971 hasta 2011 con fotos de John Hulme, muchas de ellas en color. Estos dos entusiastas del trial atesoran entre ambos un gran conocimiento de este deporte y su historia, como podr\u00e1s apreciar en este libro lleno de fotos y con curiosos relatos cortos asociados a cada imagen.<\/p>\n<p>El libro contiene alrededor de 230 im\u00e1genes incluidas en sus 130 p\u00e1ginas, trat\u00e1ndose de una pieza de colecci\u00f3n para trialeros realizada en tirada limitada.<\/p>\n<p>Se incluyen todos los grandes y muchos m\u00e1s: Len Heath, Tom Ellis, Hugh Viney, Sammy Miller, Artie Ratcliffe, Jonny y Pat Brittain, Gordon Blakeway, Ted Usher, Jim Sandiford, Gordon Jackson, los hermanos Lampkin: Arthur, Alan \u00abSid\u00bb y Martin, Mick Ransom, Jeff Smith, Mick \u00abMagical\u00bb Andrews, Dave Langston, Peter Gaunt, los hermanos Wilkinson: Bill y Mick, Gordon Farley, Peter Fletcher, Scott Ellis, Malcolm Rathmell, John Reynolds, Rob Sheppard, Yrjo Vesterinen, Eddy Lejeune, Bernie Schreiber, Gilles Burgat, Steve Saunders, Tony Scarlett, Thierry Michaud, John Lampkin, Jordi Tarr\u00e9s, Steve Colley, Dougie Lampkin, Graham Jarvis, Am\u00f3s Bilbao, Sam Connor, Alexz Wigg, James Dabill, todos los pilotos que han logrado exito en este famoso trial. Echa un vistazo tambi\u00e9n a las diferentes motos y aficionados que han dado tanto en el trial m\u00e1s famoso del mundo.<\/p>\n<p>Idioma: Ingl\u00e9s<\/p>\n","protected":false},"excerpt":{"rendered":"<p>Lochaber, celebrating The Scottish Six Days Trial, a pictorial history, 1908-2011<\/p>\n","protected":false},"featured_media":685,"comment_status":"open","ping_status":"closed","template":"","meta":[],"product_brand":[],"product_cat":[15],"product_tag":[],"class_list":{"0":"post-687","1":"product","2":"type-product","3":"status-publish","4":"has-post-thumbnail","6":"product_cat-uncategorized","8":"first","9":"outofstock","10":"taxable","11":"shipping-taxable","12":"purchasable","13":"product-type-simple"},"yoast_head":"<!-- This site is optimized with the Yoast SEO Premium plugin v21.2 (Yoast SEO v27.5) - https:\/\/yoast.com\/product\/yoast-seo-premium-wordpress\/ -->\n<title>Lochaber, celebrating The Scottish Six Days Trial - Tienda de todotrial<\/title>\n<meta name=\"robots\" content=\"index, follow, max-snippet:-1, max-image-preview:large, max-video-preview:-1\" \/>\n<link rel=\"canonical\" href=\"https:\/\/todotrial.com\/tienda\/lochaber-celebrating-the-ssdt\/\" \/>\n<meta property=\"og:locale\" content=\"es_ES\" \/>\n<meta property=\"og:type\" content=\"article\" \/>\n<meta property=\"og:title\" content=\"Lochaber, celebrating The Scottish Six Days Trial\" \/>\n<meta property=\"og:description\" content=\"Lochaber, celebrating The Scottish Six Days Trial, a pictorial history, 1908-2011\" \/>\n<meta property=\"og:url\" content=\"https:\/\/todotrial.com\/tienda\/lochaber-celebrating-the-ssdt\/\" \/>\n<meta property=\"og:site_name\" content=\"Tienda de todotrial\" \/>\n<meta property=\"article:modified_time\" content=\"2025-02-20T16:34:43+00:00\" \/>\n<meta property=\"og:image\" content=\"https:\/\/todotrial.com\/tienda\/wp-content\/uploads\/2020\/07\/100-years-of-lochaber-ssdt.jpg\" \/>\n\t<meta property=\"og:image:width\" content=\"400\" \/>\n\t<meta property=\"og:image:height\" content=\"285\" \/>\n\t<meta property=\"og:image:type\" content=\"image\/jpeg\" \/>\n<meta name=\"twitter:card\" content=\"summary_large_image\" \/>\n<meta name=\"twitter:label1\" content=\"Tiempo de lectura\" \/>\n\t<meta name=\"twitter:data1\" content=\"2 minutos\" \/>\n<script type=\"application\/ld+json\" class=\"yoast-schema-graph\">{\"@context\":\"https:\\\/\\\/schema.org\",\"@graph\":[{\"@type\":\"WebPage\",\"@id\":\"https:\\\/\\\/todotrial.com\\\/tienda\\\/lochaber-celebrating-the-ssdt\\\/\",\"url\":\"https:\\\/\\\/todotrial.com\\\/tienda\\\/lochaber-celebrating-the-ssdt\\\/\",\"name\":\"Lochaber, celebrating The Scottish Six Days Trial - Tienda de todotrial\",\"isPartOf\":{\"@id\":\"https:\\\/\\\/todotrial.com\\\/tienda\\\/#website\"},\"primaryImageOfPage\":{\"@id\":\"https:\\\/\\\/todotrial.com\\\/tienda\\\/lochaber-celebrating-the-ssdt\\\/#primaryimage\"},\"image\":{\"@id\":\"https:\\\/\\\/todotrial.com\\\/tienda\\\/lochaber-celebrating-the-ssdt\\\/#primaryimage\"},\"thumbnailUrl\":\"https:\\\/\\\/todotrial.com\\\/tienda\\\/wp-content\\\/uploads\\\/2020\\\/07\\\/100-years-of-lochaber-ssdt.jpg\",\"datePublished\":\"2020-07-02T14:05:06+00:00\",\"dateModified\":\"2025-02-20T16:34:43+00:00\",\"breadcrumb\":{\"@id\":\"https:\\\/\\\/todotrial.com\\\/tienda\\\/lochaber-celebrating-the-ssdt\\\/#breadcrumb\"},\"inLanguage\":\"es\",\"potentialAction\":[{\"@type\":\"ReadAction\",\"target\":[\"https:\\\/\\\/todotrial.com\\\/tienda\\\/lochaber-celebrating-the-ssdt\\\/\"]}]},{\"@type\":\"ImageObject\",\"inLanguage\":\"es\",\"@id\":\"https:\\\/\\\/todotrial.com\\\/tienda\\\/lochaber-celebrating-the-ssdt\\\/#primaryimage\",\"url\":\"https:\\\/\\\/todotrial.com\\\/tienda\\\/wp-content\\\/uploads\\\/2020\\\/07\\\/100-years-of-lochaber-ssdt.jpg\",\"contentUrl\":\"https:\\\/\\\/todotrial.com\\\/tienda\\\/wp-content\\\/uploads\\\/2020\\\/07\\\/100-years-of-lochaber-ssdt.jpg\",\"width\":400,\"height\":285},{\"@type\":\"BreadcrumbList\",\"@id\":\"https:\\\/\\\/todotrial.com\\\/tienda\\\/lochaber-celebrating-the-ssdt\\\/#breadcrumb\",\"itemListElement\":[{\"@type\":\"ListItem\",\"position\":1,\"name\":\"Portada\",\"item\":\"https:\\\/\\\/todotrial.com\\\/tienda\\\/\"},{\"@type\":\"ListItem\",\"position\":2,\"name\":\"Shop\",\"item\":\"https:\\\/\\\/todotrial.com\\\/tienda\\\/shop\\\/\"},{\"@type\":\"ListItem\",\"position\":3,\"name\":\"Lochaber, celebrating The Scottish Six Days Trial\"}]},{\"@type\":\"WebSite\",\"@id\":\"https:\\\/\\\/todotrial.com\\\/tienda\\\/#website\",\"url\":\"https:\\\/\\\/todotrial.com\\\/tienda\\\/\",\"name\":\"Tienda de todotrial\",\"description\":\"\",\"potentialAction\":[{\"@type\":\"SearchAction\",\"target\":{\"@type\":\"EntryPoint\",\"urlTemplate\":\"https:\\\/\\\/todotrial.com\\\/tienda\\\/?s={search_term_string}\"},\"query-input\":{\"@type\":\"PropertyValueSpecification\",\"valueRequired\":true,\"valueName\":\"search_term_string\"}}],\"inLanguage\":\"es\"}]}<\/script>\n<!-- \/ Yoast SEO Premium plugin. -->","yoast_head_json":{"title":"Lochaber, celebrating The Scottish Six Days Trial - Tienda de todotrial","robots":{"index":"index","follow":"follow","max-snippet":"max-snippet:-1","max-image-preview":"max-image-preview:large","max-video-preview":"max-video-preview:-1"},"canonical":"https:\/\/todotrial.com\/tienda\/lochaber-celebrating-the-ssdt\/","og_locale":"es_ES","og_type":"article","og_title":"Lochaber, celebrating The Scottish Six Days Trial","og_description":"Lochaber, celebrating The Scottish Six Days Trial, a pictorial history, 1908-2011","og_url":"https:\/\/todotrial.com\/tienda\/lochaber-celebrating-the-ssdt\/","og_site_name":"Tienda de todotrial","article_modified_time":"2025-02-20T16:34:43+00:00","og_image":[{"width":400,"height":285,"url":"https:\/\/todotrial.com\/tienda\/wp-content\/uploads\/2020\/07\/100-years-of-lochaber-ssdt.jpg","type":"image\/jpeg"}],"twitter_card":"summary_large_image","twitter_misc":{"Tiempo de lectura":"2 minutos"},"schema":{"@context":"https:\/\/schema.org","@graph":[{"@type":"WebPage","@id":"https:\/\/todotrial.com\/tienda\/lochaber-celebrating-the-ssdt\/","url":"https:\/\/todotrial.com\/tienda\/lochaber-celebrating-the-ssdt\/","name":"Lochaber, celebrating The Scottish Six Days Trial - Tienda de todotrial","isPartOf":{"@id":"https:\/\/todotrial.com\/tienda\/#website"},"primaryImageOfPage":{"@id":"https:\/\/todotrial.com\/tienda\/lochaber-celebrating-the-ssdt\/#primaryimage"},"image":{"@id":"https:\/\/todotrial.com\/tienda\/lochaber-celebrating-the-ssdt\/#primaryimage"},"thumbnailUrl":"https:\/\/todotrial.com\/tienda\/wp-content\/uploads\/2020\/07\/100-years-of-lochaber-ssdt.jpg","datePublished":"2020-07-02T14:05:06+00:00","dateModified":"2025-02-20T16:34:43+00:00","breadcrumb":{"@id":"https:\/\/todotrial.com\/tienda\/lochaber-celebrating-the-ssdt\/#breadcrumb"},"inLanguage":"es","potentialAction":[{"@type":"ReadAction","target":["https:\/\/todotrial.com\/tienda\/lochaber-celebrating-the-ssdt\/"]}]},{"@type":"ImageObject","inLanguage":"es","@id":"https:\/\/todotrial.com\/tienda\/lochaber-celebrating-the-ssdt\/#primaryimage","url":"https:\/\/todotrial.com\/tienda\/wp-content\/uploads\/2020\/07\/100-years-of-lochaber-ssdt.jpg","contentUrl":"https:\/\/todotrial.com\/tienda\/wp-content\/uploads\/2020\/07\/100-years-of-lochaber-ssdt.jpg","width":400,"height":285},{"@type":"BreadcrumbList","@id":"https:\/\/todotrial.com\/tienda\/lochaber-celebrating-the-ssdt\/#breadcrumb","itemListElement":[{"@type":"ListItem","position":1,"name":"Portada","item":"https:\/\/todotrial.com\/tienda\/"},{"@type":"ListItem","position":2,"name":"Shop","item":"https:\/\/todotrial.com\/tienda\/shop\/"},{"@type":"ListItem","position":3,"name":"Lochaber, celebrating The Scottish Six Days Trial"}]},{"@type":"WebSite","@id":"https:\/\/todotrial.com\/tienda\/#website","url":"https:\/\/todotrial.com\/tienda\/","name":"Tienda de todotrial","description":"","potentialAction":[{"@type":"SearchAction","target":{"@type":"EntryPoint","urlTemplate":"https:\/\/todotrial.com\/tienda\/?s={search_term_string}"},"query-input":{"@type":"PropertyValueSpecification","valueRequired":true,"valueName":"search_term_string"}}],"inLanguage":"es"}]}},"_links":{"self":[{"href":"https:\/\/todotrial.com\/tienda\/wp-json\/wp\/v2\/product\/687","targetHints":{"allow":["GET"]}}],"collection":[{"href":"https:\/\/todotrial.com\/tienda\/wp-json\/wp\/v2\/product"}],"about":[{"href":"https:\/\/todotrial.com\/tienda\/wp-json\/wp\/v2\/types\/product"}],"replies":[{"embeddable":true,"href":"https:\/\/todotrial.com\/tienda\/wp-json\/wp\/v2\/comments?post=687"}],"version-history":[{"count":0,"href":"https:\/\/todotrial.com\/tienda\/wp-json\/wp\/v2\/product\/687\/revisions"}],"wp:featuredmedia":[{"embeddable":true,"href":"https:\/\/todotrial.com\/tienda\/wp-json\/wp\/v2\/media\/685"}],"wp:attachment":[{"href":"https:\/\/todotrial.com\/tienda\/wp-json\/wp\/v2\/media?parent=687"}],"wp:term":[{"taxonomy":"product_brand","embeddable":true,"href":"https:\/\/todotrial.com\/tienda\/wp-json\/wp\/v2\/product_brand?post=687"},{"taxonomy":"product_cat","embeddable":true,"href":"https:\/\/todotrial.com\/tienda\/wp-json\/wp\/v2\/product_cat?post=687"},{"taxonomy":"product_tag","embeddable":true,"href":"https:\/\/todotrial.com\/tienda\/wp-json\/wp\/v2\/product_tag?post=687"}],"curies":[{"name":"wp","href":"https:\/\/api.w.org\/{rel}","templated":true}]}}