{"id":6775,"date":"2016-05-18T16:03:45","date_gmt":"2016-05-18T16:03:45","guid":{"rendered":"https:\/\/todotrial.com\/tienda\/product\/punos2016-05-18-16-03-45\/"},"modified":"2025-02-20T18:20:10","modified_gmt":"2025-02-20T17:20:10","slug":"punos2016-05-18-16-03-45","status":"publish","type":"product","link":"https:\/\/todotrial.com\/tienda\/punos2016-05-18-16-03-45\/","title":{"rendered":"Juego de 2 Empu\u00f1aduras S3 SSDT Trial"},"content":{"rendered":"<p>Juego de 2 Empu\u00f1aduras S3 SSDT Trial.<br \/>Dise\u00f1o especial con la empu\u00f1adura izquierda mas ancha- Medium Compound.<br \/>Color negro en el exterior y gris en los extremos e interior<\/p>\n<p>Calidad de 1\u00aa<\/p>\n<p>&nbsp;<\/p>\n","protected":false},"excerpt":{"rendered":"<p>Juego de 2 Empu\u00f1aduras S3 SSDT Trial.<br \/>\nDise\u00f1o especial con la empu\u00f1adura izquierda mas ancha- Medium Compound.<br \/>\nColor negro en el exterior y gris en los extremos e interior<\/p>\n","protected":false},"featured_media":6774,"comment_status":"open","ping_status":"closed","template":"","meta":[],"product_brand":[],"product_cat":[15],"product_tag":[],"class_list":{"0":"post-6775","1":"product","2":"type-product","3":"status-publish","4":"has-post-thumbnail","6":"product_cat-uncategorized","8":"first","9":"instock","10":"taxable","11":"shipping-taxable","12":"purchasable","13":"product-type-simple"},"yoast_head":"<!-- This site is optimized with the Yoast SEO Premium plugin v21.2 (Yoast SEO v27.5) - https:\/\/yoast.com\/product\/yoast-seo-premium-wordpress\/ -->\n<title>Juego de 2 Empu\u00f1aduras S3 SSDT Trial - Tienda de todotrial<\/title>\n<meta name=\"robots\" content=\"index, follow, max-snippet:-1, max-image-preview:large, max-video-preview:-1\" \/>\n<link rel=\"canonical\" href=\"https:\/\/todotrial.com\/tienda\/punos2016-05-18-16-03-45\/\" \/>\n<meta property=\"og:locale\" content=\"es_ES\" \/>\n<meta property=\"og:type\" content=\"article\" \/>\n<meta property=\"og:title\" content=\"Juego de 2 Empu\u00f1aduras S3 SSDT Trial\" \/>\n<meta property=\"og:description\" content=\"Juego de 2 Empu\u00f1aduras S3 SSDT Trial. Dise\u00f1o especial con la empu\u00f1adura izquierda mas ancha- Medium Compound. Color negro en el exterior y gris en los extremos e interior\" \/>\n<meta property=\"og:url\" content=\"https:\/\/todotrial.com\/tienda\/punos2016-05-18-16-03-45\/\" \/>\n<meta property=\"og:site_name\" content=\"Tienda de todotrial\" \/>\n<meta property=\"article:modified_time\" content=\"2025-02-20T17:20:10+00:00\" \/>\n<meta property=\"og:image\" content=\"https:\/\/todotrial.com\/tienda\/wp-content\/uploads\/2016\/05\/punos_trial_ssdt.jpg\" \/>\n\t<meta property=\"og:image:width\" content=\"143\" \/>\n\t<meta property=\"og:image:height\" content=\"190\" \/>\n\t<meta property=\"og:image:type\" content=\"image\/jpeg\" \/>\n<meta name=\"twitter:card\" content=\"summary_large_image\" \/>\n<script type=\"application\/ld+json\" class=\"yoast-schema-graph\">{\"@context\":\"https:\\\/\\\/schema.org\",\"@graph\":[{\"@type\":\"WebPage\",\"@id\":\"https:\\\/\\\/todotrial.com\\\/tienda\\\/punos2016-05-18-16-03-45\\\/\",\"url\":\"https:\\\/\\\/todotrial.com\\\/tienda\\\/punos2016-05-18-16-03-45\\\/\",\"name\":\"Juego de 2 Empu\u00f1aduras S3 SSDT Trial - Tienda de todotrial\",\"isPartOf\":{\"@id\":\"https:\\\/\\\/todotrial.com\\\/tienda\\\/#website\"},\"primaryImageOfPage\":{\"@id\":\"https:\\\/\\\/todotrial.com\\\/tienda\\\/punos2016-05-18-16-03-45\\\/#primaryimage\"},\"image\":{\"@id\":\"https:\\\/\\\/todotrial.com\\\/tienda\\\/punos2016-05-18-16-03-45\\\/#primaryimage\"},\"thumbnailUrl\":\"https:\\\/\\\/todotrial.com\\\/tienda\\\/wp-content\\\/uploads\\\/2016\\\/05\\\/punos_trial_ssdt.jpg\",\"datePublished\":\"2016-05-18T16:03:45+00:00\",\"dateModified\":\"2025-02-20T17:20:10+00:00\",\"breadcrumb\":{\"@id\":\"https:\\\/\\\/todotrial.com\\\/tienda\\\/punos2016-05-18-16-03-45\\\/#breadcrumb\"},\"inLanguage\":\"es\",\"potentialAction\":[{\"@type\":\"ReadAction\",\"target\":[\"https:\\\/\\\/todotrial.com\\\/tienda\\\/punos2016-05-18-16-03-45\\\/\"]}]},{\"@type\":\"ImageObject\",\"inLanguage\":\"es\",\"@id\":\"https:\\\/\\\/todotrial.com\\\/tienda\\\/punos2016-05-18-16-03-45\\\/#primaryimage\",\"url\":\"https:\\\/\\\/todotrial.com\\\/tienda\\\/wp-content\\\/uploads\\\/2016\\\/05\\\/punos_trial_ssdt.jpg\",\"contentUrl\":\"https:\\\/\\\/todotrial.com\\\/tienda\\\/wp-content\\\/uploads\\\/2016\\\/05\\\/punos_trial_ssdt.jpg\",\"width\":143,\"height\":190},{\"@type\":\"BreadcrumbList\",\"@id\":\"https:\\\/\\\/todotrial.com\\\/tienda\\\/punos2016-05-18-16-03-45\\\/#breadcrumb\",\"itemListElement\":[{\"@type\":\"ListItem\",\"position\":1,\"name\":\"Portada\",\"item\":\"https:\\\/\\\/todotrial.com\\\/tienda\\\/\"},{\"@type\":\"ListItem\",\"position\":2,\"name\":\"Shop\",\"item\":\"https:\\\/\\\/todotrial.com\\\/tienda\\\/shop\\\/\"},{\"@type\":\"ListItem\",\"position\":3,\"name\":\"Juego de 2 Empu\u00f1aduras S3 SSDT Trial\"}]},{\"@type\":\"WebSite\",\"@id\":\"https:\\\/\\\/todotrial.com\\\/tienda\\\/#website\",\"url\":\"https:\\\/\\\/todotrial.com\\\/tienda\\\/\",\"name\":\"Tienda de todotrial\",\"description\":\"\",\"potentialAction\":[{\"@type\":\"SearchAction\",\"target\":{\"@type\":\"EntryPoint\",\"urlTemplate\":\"https:\\\/\\\/todotrial.com\\\/tienda\\\/?s={search_term_string}\"},\"query-input\":{\"@type\":\"PropertyValueSpecification\",\"valueRequired\":true,\"valueName\":\"search_term_string\"}}],\"inLanguage\":\"es\"}]}<\/script>\n<!-- \/ Yoast SEO Premium plugin. -->","yoast_head_json":{"title":"Juego de 2 Empu\u00f1aduras S3 SSDT Trial - Tienda de todotrial","robots":{"index":"index","follow":"follow","max-snippet":"max-snippet:-1","max-image-preview":"max-image-preview:large","max-video-preview":"max-video-preview:-1"},"canonical":"https:\/\/todotrial.com\/tienda\/punos2016-05-18-16-03-45\/","og_locale":"es_ES","og_type":"article","og_title":"Juego de 2 Empu\u00f1aduras S3 SSDT Trial","og_description":"Juego de 2 Empu\u00f1aduras S3 SSDT Trial. Dise\u00f1o especial con la empu\u00f1adura izquierda mas ancha- Medium Compound. Color negro en el exterior y gris en los extremos e interior","og_url":"https:\/\/todotrial.com\/tienda\/punos2016-05-18-16-03-45\/","og_site_name":"Tienda de todotrial","article_modified_time":"2025-02-20T17:20:10+00:00","og_image":[{"width":143,"height":190,"url":"https:\/\/todotrial.com\/tienda\/wp-content\/uploads\/2016\/05\/punos_trial_ssdt.jpg","type":"image\/jpeg"}],"twitter_card":"summary_large_image","schema":{"@context":"https:\/\/schema.org","@graph":[{"@type":"WebPage","@id":"https:\/\/todotrial.com\/tienda\/punos2016-05-18-16-03-45\/","url":"https:\/\/todotrial.com\/tienda\/punos2016-05-18-16-03-45\/","name":"Juego de 2 Empu\u00f1aduras S3 SSDT Trial - Tienda de todotrial","isPartOf":{"@id":"https:\/\/todotrial.com\/tienda\/#website"},"primaryImageOfPage":{"@id":"https:\/\/todotrial.com\/tienda\/punos2016-05-18-16-03-45\/#primaryimage"},"image":{"@id":"https:\/\/todotrial.com\/tienda\/punos2016-05-18-16-03-45\/#primaryimage"},"thumbnailUrl":"https:\/\/todotrial.com\/tienda\/wp-content\/uploads\/2016\/05\/punos_trial_ssdt.jpg","datePublished":"2016-05-18T16:03:45+00:00","dateModified":"2025-02-20T17:20:10+00:00","breadcrumb":{"@id":"https:\/\/todotrial.com\/tienda\/punos2016-05-18-16-03-45\/#breadcrumb"},"inLanguage":"es","potentialAction":[{"@type":"ReadAction","target":["https:\/\/todotrial.com\/tienda\/punos2016-05-18-16-03-45\/"]}]},{"@type":"ImageObject","inLanguage":"es","@id":"https:\/\/todotrial.com\/tienda\/punos2016-05-18-16-03-45\/#primaryimage","url":"https:\/\/todotrial.com\/tienda\/wp-content\/uploads\/2016\/05\/punos_trial_ssdt.jpg","contentUrl":"https:\/\/todotrial.com\/tienda\/wp-content\/uploads\/2016\/05\/punos_trial_ssdt.jpg","width":143,"height":190},{"@type":"BreadcrumbList","@id":"https:\/\/todotrial.com\/tienda\/punos2016-05-18-16-03-45\/#breadcrumb","itemListElement":[{"@type":"ListItem","position":1,"name":"Portada","item":"https:\/\/todotrial.com\/tienda\/"},{"@type":"ListItem","position":2,"name":"Shop","item":"https:\/\/todotrial.com\/tienda\/shop\/"},{"@type":"ListItem","position":3,"name":"Juego de 2 Empu\u00f1aduras S3 SSDT Trial"}]},{"@type":"WebSite","@id":"https:\/\/todotrial.com\/tienda\/#website","url":"https:\/\/todotrial.com\/tienda\/","name":"Tienda de todotrial","description":"","potentialAction":[{"@type":"SearchAction","target":{"@type":"EntryPoint","urlTemplate":"https:\/\/todotrial.com\/tienda\/?s={search_term_string}"},"query-input":{"@type":"PropertyValueSpecification","valueRequired":true,"valueName":"search_term_string"}}],"inLanguage":"es"}]}},"_links":{"self":[{"href":"https:\/\/todotrial.com\/tienda\/wp-json\/wp\/v2\/product\/6775","targetHints":{"allow":["GET"]}}],"collection":[{"href":"https:\/\/todotrial.com\/tienda\/wp-json\/wp\/v2\/product"}],"about":[{"href":"https:\/\/todotrial.com\/tienda\/wp-json\/wp\/v2\/types\/product"}],"replies":[{"embeddable":true,"href":"https:\/\/todotrial.com\/tienda\/wp-json\/wp\/v2\/comments?post=6775"}],"version-history":[{"count":0,"href":"https:\/\/todotrial.com\/tienda\/wp-json\/wp\/v2\/product\/6775\/revisions"}],"wp:featuredmedia":[{"embeddable":true,"href":"https:\/\/todotrial.com\/tienda\/wp-json\/wp\/v2\/media\/6774"}],"wp:attachment":[{"href":"https:\/\/todotrial.com\/tienda\/wp-json\/wp\/v2\/media?parent=6775"}],"wp:term":[{"taxonomy":"product_brand","embeddable":true,"href":"https:\/\/todotrial.com\/tienda\/wp-json\/wp\/v2\/product_brand?post=6775"},{"taxonomy":"product_cat","embeddable":true,"href":"https:\/\/todotrial.com\/tienda\/wp-json\/wp\/v2\/product_cat?post=6775"},{"taxonomy":"product_tag","embeddable":true,"href":"https:\/\/todotrial.com\/tienda\/wp-json\/wp\/v2\/product_tag?post=6775"}],"curies":[{"name":"wp","href":"https:\/\/api.w.org\/{rel}","templated":true}]}}