{"id":672,"date":"2025-03-18T17:01:53","date_gmt":"2025-03-18T16:01:53","guid":{"rendered":"https:\/\/todotrial.com\/tienda\/?post_type=product&#038;p=672"},"modified":"2025-03-18T17:01:55","modified_gmt":"2025-03-18T16:01:55","slug":"libro-mx","status":"publish","type":"product","link":"https:\/\/todotrial.com\/tienda\/libro-mx\/","title":{"rendered":"El Libro del Motocross"},"content":{"rendered":"<p>\u00abEl libro del Motocross\u00bb va dirigido no s\u00f3lo a todos los aficionados a este deporte, sino tambi\u00e9n a todos los amantes del motociclismo. Desde t\u00e9cnica de pilotaje, descrita y analizada paso a paso y con gran apoyo gr\u00e1fico, hasta c\u00f3mo para mantener a punto nuestras motos. Otros aspectos, como la preparaci\u00f3n f\u00edsica y los estiramientos merecen una atenci\u00f3n especial, con sus propios cap\u00edtulos.<\/p>\n<p>Tambi\u00e9n se trata sobre los or\u00edgenes y evoluci\u00f3n del motocross, su desarrollo en Espa\u00f1a, e incluye un repaso a aqu\u00e9llos pilotos que han hecho historia, tanto nacionales como internacionales que un d\u00eda nos hicieron so\u00f1ar, as\u00ed como sus motos, donde se puede apreciar la evoluci\u00f3n t\u00e9cnica de este deporte.<\/p>\n<p>Se ha contado con la colaboraci\u00f3n de tres de los mejores pilotos del mundo: Stefan Everts, Jonathan Barrag\u00e1n y Javier G\u00aa Vico. Por tanto ser\u00e1 de utilidad tanto para el piloto novato como para los que ya cuentan con experiencia o como para los aficionados que no practican el Motocross pero les gusta tambi\u00e9n esta modalidad.<\/p>\n<p>En total 248 p\u00e1ginas a todo color de gran calidad, en formato 305&#215;220 mm y tapas duras con sobrecubierta, . Se trata en definitiva de saberlo todo o casi todo sobre el motocross, un deporte de lo m\u00e1s fascinante. Cons\u00edguelo ya y completa tu colecci\u00f3n<\/p>\n<p>Idioma:Espa\u00f1ol<\/p><\/p>\n","protected":false},"excerpt":{"rendered":"<p>El libro del Motocross<\/p>\n","protected":false},"featured_media":671,"comment_status":"open","ping_status":"closed","template":"","meta":[],"product_brand":[],"product_cat":[15],"product_tag":[],"class_list":{"0":"post-672","1":"product","2":"type-product","3":"status-publish","4":"has-post-thumbnail","6":"product_cat-uncategorized","8":"first","9":"outofstock","10":"taxable","11":"shipping-taxable","12":"purchasable","13":"product-type-simple"},"yoast_head":"<!-- This site is optimized with the Yoast SEO Premium plugin v21.2 (Yoast SEO v27.3) - https:\/\/yoast.com\/product\/yoast-seo-premium-wordpress\/ -->\n<title>El Libro del Motocross - Tienda de todotrial<\/title>\n<meta name=\"robots\" content=\"index, follow, max-snippet:-1, max-image-preview:large, max-video-preview:-1\" \/>\n<link rel=\"canonical\" href=\"https:\/\/todotrial.com\/tienda\/libro-mx\/\" \/>\n<meta property=\"og:locale\" content=\"es_ES\" \/>\n<meta property=\"og:type\" content=\"article\" \/>\n<meta property=\"og:title\" content=\"El Libro del Motocross\" \/>\n<meta property=\"og:description\" content=\"El libro del Motocross\" \/>\n<meta property=\"og:url\" content=\"https:\/\/todotrial.com\/tienda\/libro-mx\/\" \/>\n<meta property=\"og:site_name\" content=\"Tienda de todotrial\" \/>\n<meta property=\"article:modified_time\" content=\"2025-03-18T16:01:55+00:00\" \/>\n<meta property=\"og:image\" content=\"https:\/\/todotrial.com\/tienda\/wp-content\/uploads\/2020\/07\/libromx-portada-13.jpg\" \/>\n\t<meta property=\"og:image:width\" content=\"400\" \/>\n\t<meta property=\"og:image:height\" content=\"566\" \/>\n\t<meta property=\"og:image:type\" content=\"image\/jpeg\" \/>\n<meta name=\"twitter:card\" content=\"summary_large_image\" \/>\n<meta name=\"twitter:label1\" content=\"Tiempo de lectura\" \/>\n\t<meta name=\"twitter:data1\" content=\"1 minuto\" \/>\n<script type=\"application\/ld+json\" class=\"yoast-schema-graph\">{\"@context\":\"https:\\\/\\\/schema.org\",\"@graph\":[{\"@type\":\"WebPage\",\"@id\":\"https:\\\/\\\/todotrial.com\\\/tienda\\\/libro-mx\\\/\",\"url\":\"https:\\\/\\\/todotrial.com\\\/tienda\\\/libro-mx\\\/\",\"name\":\"El Libro del Motocross - Tienda de todotrial\",\"isPartOf\":{\"@id\":\"https:\\\/\\\/todotrial.com\\\/tienda\\\/#website\"},\"primaryImageOfPage\":{\"@id\":\"https:\\\/\\\/todotrial.com\\\/tienda\\\/libro-mx\\\/#primaryimage\"},\"image\":{\"@id\":\"https:\\\/\\\/todotrial.com\\\/tienda\\\/libro-mx\\\/#primaryimage\"},\"thumbnailUrl\":\"https:\\\/\\\/todotrial.com\\\/tienda\\\/wp-content\\\/uploads\\\/2020\\\/07\\\/libromx-portada-13.jpg\",\"datePublished\":\"2025-03-18T16:01:53+00:00\",\"dateModified\":\"2025-03-18T16:01:55+00:00\",\"breadcrumb\":{\"@id\":\"https:\\\/\\\/todotrial.com\\\/tienda\\\/libro-mx\\\/#breadcrumb\"},\"inLanguage\":\"es\",\"potentialAction\":[{\"@type\":\"ReadAction\",\"target\":[\"https:\\\/\\\/todotrial.com\\\/tienda\\\/libro-mx\\\/\"]}]},{\"@type\":\"ImageObject\",\"inLanguage\":\"es\",\"@id\":\"https:\\\/\\\/todotrial.com\\\/tienda\\\/libro-mx\\\/#primaryimage\",\"url\":\"https:\\\/\\\/todotrial.com\\\/tienda\\\/wp-content\\\/uploads\\\/2020\\\/07\\\/libromx-portada-13.jpg\",\"contentUrl\":\"https:\\\/\\\/todotrial.com\\\/tienda\\\/wp-content\\\/uploads\\\/2020\\\/07\\\/libromx-portada-13.jpg\",\"width\":400,\"height\":566},{\"@type\":\"BreadcrumbList\",\"@id\":\"https:\\\/\\\/todotrial.com\\\/tienda\\\/libro-mx\\\/#breadcrumb\",\"itemListElement\":[{\"@type\":\"ListItem\",\"position\":1,\"name\":\"Portada\",\"item\":\"https:\\\/\\\/todotrial.com\\\/tienda\\\/\"},{\"@type\":\"ListItem\",\"position\":2,\"name\":\"Shop\",\"item\":\"https:\\\/\\\/todotrial.com\\\/tienda\\\/shop\\\/\"},{\"@type\":\"ListItem\",\"position\":3,\"name\":\"El Libro del Motocross\"}]},{\"@type\":\"WebSite\",\"@id\":\"https:\\\/\\\/todotrial.com\\\/tienda\\\/#website\",\"url\":\"https:\\\/\\\/todotrial.com\\\/tienda\\\/\",\"name\":\"Tienda de todotrial\",\"description\":\"\",\"potentialAction\":[{\"@type\":\"SearchAction\",\"target\":{\"@type\":\"EntryPoint\",\"urlTemplate\":\"https:\\\/\\\/todotrial.com\\\/tienda\\\/?s={search_term_string}\"},\"query-input\":{\"@type\":\"PropertyValueSpecification\",\"valueRequired\":true,\"valueName\":\"search_term_string\"}}],\"inLanguage\":\"es\"}]}<\/script>\n<!-- \/ Yoast SEO Premium plugin. -->","yoast_head_json":{"title":"El Libro del Motocross - Tienda de todotrial","robots":{"index":"index","follow":"follow","max-snippet":"max-snippet:-1","max-image-preview":"max-image-preview:large","max-video-preview":"max-video-preview:-1"},"canonical":"https:\/\/todotrial.com\/tienda\/libro-mx\/","og_locale":"es_ES","og_type":"article","og_title":"El Libro del Motocross","og_description":"El libro del Motocross","og_url":"https:\/\/todotrial.com\/tienda\/libro-mx\/","og_site_name":"Tienda de todotrial","article_modified_time":"2025-03-18T16:01:55+00:00","og_image":[{"width":400,"height":566,"url":"https:\/\/todotrial.com\/tienda\/wp-content\/uploads\/2020\/07\/libromx-portada-13.jpg","type":"image\/jpeg"}],"twitter_card":"summary_large_image","twitter_misc":{"Tiempo de lectura":"1 minuto"},"schema":{"@context":"https:\/\/schema.org","@graph":[{"@type":"WebPage","@id":"https:\/\/todotrial.com\/tienda\/libro-mx\/","url":"https:\/\/todotrial.com\/tienda\/libro-mx\/","name":"El Libro del Motocross - Tienda de todotrial","isPartOf":{"@id":"https:\/\/todotrial.com\/tienda\/#website"},"primaryImageOfPage":{"@id":"https:\/\/todotrial.com\/tienda\/libro-mx\/#primaryimage"},"image":{"@id":"https:\/\/todotrial.com\/tienda\/libro-mx\/#primaryimage"},"thumbnailUrl":"https:\/\/todotrial.com\/tienda\/wp-content\/uploads\/2020\/07\/libromx-portada-13.jpg","datePublished":"2025-03-18T16:01:53+00:00","dateModified":"2025-03-18T16:01:55+00:00","breadcrumb":{"@id":"https:\/\/todotrial.com\/tienda\/libro-mx\/#breadcrumb"},"inLanguage":"es","potentialAction":[{"@type":"ReadAction","target":["https:\/\/todotrial.com\/tienda\/libro-mx\/"]}]},{"@type":"ImageObject","inLanguage":"es","@id":"https:\/\/todotrial.com\/tienda\/libro-mx\/#primaryimage","url":"https:\/\/todotrial.com\/tienda\/wp-content\/uploads\/2020\/07\/libromx-portada-13.jpg","contentUrl":"https:\/\/todotrial.com\/tienda\/wp-content\/uploads\/2020\/07\/libromx-portada-13.jpg","width":400,"height":566},{"@type":"BreadcrumbList","@id":"https:\/\/todotrial.com\/tienda\/libro-mx\/#breadcrumb","itemListElement":[{"@type":"ListItem","position":1,"name":"Portada","item":"https:\/\/todotrial.com\/tienda\/"},{"@type":"ListItem","position":2,"name":"Shop","item":"https:\/\/todotrial.com\/tienda\/shop\/"},{"@type":"ListItem","position":3,"name":"El Libro del Motocross"}]},{"@type":"WebSite","@id":"https:\/\/todotrial.com\/tienda\/#website","url":"https:\/\/todotrial.com\/tienda\/","name":"Tienda de todotrial","description":"","potentialAction":[{"@type":"SearchAction","target":{"@type":"EntryPoint","urlTemplate":"https:\/\/todotrial.com\/tienda\/?s={search_term_string}"},"query-input":{"@type":"PropertyValueSpecification","valueRequired":true,"valueName":"search_term_string"}}],"inLanguage":"es"}]}},"_links":{"self":[{"href":"https:\/\/todotrial.com\/tienda\/wp-json\/wp\/v2\/product\/672","targetHints":{"allow":["GET"]}}],"collection":[{"href":"https:\/\/todotrial.com\/tienda\/wp-json\/wp\/v2\/product"}],"about":[{"href":"https:\/\/todotrial.com\/tienda\/wp-json\/wp\/v2\/types\/product"}],"replies":[{"embeddable":true,"href":"https:\/\/todotrial.com\/tienda\/wp-json\/wp\/v2\/comments?post=672"}],"version-history":[{"count":1,"href":"https:\/\/todotrial.com\/tienda\/wp-json\/wp\/v2\/product\/672\/revisions"}],"predecessor-version":[{"id":53375,"href":"https:\/\/todotrial.com\/tienda\/wp-json\/wp\/v2\/product\/672\/revisions\/53375"}],"wp:featuredmedia":[{"embeddable":true,"href":"https:\/\/todotrial.com\/tienda\/wp-json\/wp\/v2\/media\/671"}],"wp:attachment":[{"href":"https:\/\/todotrial.com\/tienda\/wp-json\/wp\/v2\/media?parent=672"}],"wp:term":[{"taxonomy":"product_brand","embeddable":true,"href":"https:\/\/todotrial.com\/tienda\/wp-json\/wp\/v2\/product_brand?post=672"},{"taxonomy":"product_cat","embeddable":true,"href":"https:\/\/todotrial.com\/tienda\/wp-json\/wp\/v2\/product_cat?post=672"},{"taxonomy":"product_tag","embeddable":true,"href":"https:\/\/todotrial.com\/tienda\/wp-json\/wp\/v2\/product_tag?post=672"}],"curies":[{"name":"wp","href":"https:\/\/api.w.org\/{rel}","templated":true}]}}