{"id":666,"date":"2013-04-19T10:51:05","date_gmt":"2013-04-19T09:51:05","guid":{"rendered":"https:\/\/todotrial.com\/tienda\/product\/ot-pi-trialsin\/"},"modified":"2025-04-01T22:07:41","modified_gmt":"2025-04-01T21:07:41","slug":"ot-pi-trialsin","status":"publish","type":"product","link":"https:\/\/todotrial.com\/tienda\/ot-pi-trialsin\/","title":{"rendered":"Ot Pi, L&#8217;empremta d&#8217;un pioner"},"content":{"rendered":"<p>Doce veces campe\u00f3n del mundo. S\u00f3lo un deportista catal\u00e1n ha podido alcanzar esta meta extraordinaria: Ot Pi. La suya ha sido una carrera siempre marcada por la b\u00fasqueda del equilibrio. Es el elemento esencial del deporte que practica, el BikeTrial, disciplina nacida y exportada desde Catalu\u00f1a. Pero lo es tambi\u00e9n en la vida de todo deportista de \u00e9lite, debiendo compaginar la dedicaci\u00f3n que exige la alta competici\u00f3n con la atenci\u00f3n a las necesidades que constituyen la \u00abvida normal\u00bb de toda persona: familia, amistades y otros proyectos personales. Y esto no es siempre f\u00e1cil, ni a veces posible.<\/p>\n<p>Con esta obra, Ot Pi relata en primera persona las vivencias que la han formado como deportista y como persona, muy marcada por sus vivencias en Jap\u00f3n. Pero sobre todo nos cuenta una actitud vital, casi ansia, para aprovechar cada fortuna o la inversa, cada conocimiento, cada an\u00e9cdota para extraer una lecci\u00f3n para la vida. La trayectoria de Ot Pi se convierte en una reivindicaci\u00f3n de una cultura del esfuerzo que hoy puede parecer perdida, de la constancia, los sacrificios de hoy para obtener los \u00e9xitos de ma\u00f1ana. Y de la necesidad de conservar \u00edntegro los valores personales como mejor protecci\u00f3n ante las tentaciones venidas del \u00e9xito y la fama.<\/p>\n<p>Pr\u00f3logo de Jordi Pujol.<br \/>170x230cm. 192 p\u00e1ginas.<br \/>Editoral: Comanegra<br \/>Lengua: Catal\u00e1n<br \/>Encuadernaci\u00f3n: Tapa blanda<br \/>A\u00f1o de edici\u00f3n: 2011<\/p>\n","protected":false},"excerpt":{"rendered":"<p>Libro Ot Pi Trialsin<\/p>\n","protected":false},"featured_media":665,"comment_status":"open","ping_status":"closed","template":"","meta":[],"product_brand":[],"product_cat":[15],"product_tag":[],"class_list":{"0":"post-666","1":"product","2":"type-product","3":"status-publish","4":"has-post-thumbnail","6":"product_cat-uncategorized","8":"first","9":"instock","10":"taxable","11":"shipping-taxable","12":"purchasable","13":"product-type-simple"},"yoast_head":"<!-- This site is optimized with the Yoast SEO Premium plugin v21.2 (Yoast SEO v27.4) - https:\/\/yoast.com\/product\/yoast-seo-premium-wordpress\/ -->\n<title>Ot Pi, L&#039;empremta d&#039;un pioner - Tienda de todotrial<\/title>\n<meta name=\"robots\" content=\"index, follow, max-snippet:-1, max-image-preview:large, max-video-preview:-1\" \/>\n<link rel=\"canonical\" href=\"https:\/\/todotrial.com\/tienda\/ot-pi-trialsin\/\" \/>\n<meta property=\"og:locale\" content=\"es_ES\" \/>\n<meta property=\"og:type\" content=\"article\" \/>\n<meta property=\"og:title\" content=\"Ot Pi, L&#039;empremta d&#039;un pioner\" \/>\n<meta property=\"og:description\" content=\"Libro Ot Pi Trialsin\" \/>\n<meta property=\"og:url\" content=\"https:\/\/todotrial.com\/tienda\/ot-pi-trialsin\/\" \/>\n<meta property=\"og:site_name\" content=\"Tienda de todotrial\" \/>\n<meta property=\"article:modified_time\" content=\"2025-04-01T21:07:41+00:00\" \/>\n<meta property=\"og:image\" content=\"https:\/\/todotrial.com\/tienda\/wp-content\/uploads\/2013\/04\/libro-ot_pi.jpg\" \/>\n\t<meta property=\"og:image:width\" content=\"325\" \/>\n\t<meta property=\"og:image:height\" content=\"440\" \/>\n\t<meta property=\"og:image:type\" content=\"image\/jpeg\" \/>\n<meta name=\"twitter:card\" content=\"summary_large_image\" \/>\n<meta name=\"twitter:label1\" content=\"Tiempo de lectura\" \/>\n\t<meta name=\"twitter:data1\" content=\"1 minuto\" \/>\n<script type=\"application\/ld+json\" class=\"yoast-schema-graph\">{\"@context\":\"https:\\\/\\\/schema.org\",\"@graph\":[{\"@type\":\"WebPage\",\"@id\":\"https:\\\/\\\/todotrial.com\\\/tienda\\\/ot-pi-trialsin\\\/\",\"url\":\"https:\\\/\\\/todotrial.com\\\/tienda\\\/ot-pi-trialsin\\\/\",\"name\":\"Ot Pi, L'empremta d'un pioner - Tienda de todotrial\",\"isPartOf\":{\"@id\":\"https:\\\/\\\/todotrial.com\\\/tienda\\\/#website\"},\"primaryImageOfPage\":{\"@id\":\"https:\\\/\\\/todotrial.com\\\/tienda\\\/ot-pi-trialsin\\\/#primaryimage\"},\"image\":{\"@id\":\"https:\\\/\\\/todotrial.com\\\/tienda\\\/ot-pi-trialsin\\\/#primaryimage\"},\"thumbnailUrl\":\"https:\\\/\\\/todotrial.com\\\/tienda\\\/wp-content\\\/uploads\\\/2013\\\/04\\\/libro-ot_pi.jpg\",\"datePublished\":\"2013-04-19T09:51:05+00:00\",\"dateModified\":\"2025-04-01T21:07:41+00:00\",\"breadcrumb\":{\"@id\":\"https:\\\/\\\/todotrial.com\\\/tienda\\\/ot-pi-trialsin\\\/#breadcrumb\"},\"inLanguage\":\"es\",\"potentialAction\":[{\"@type\":\"ReadAction\",\"target\":[\"https:\\\/\\\/todotrial.com\\\/tienda\\\/ot-pi-trialsin\\\/\"]}]},{\"@type\":\"ImageObject\",\"inLanguage\":\"es\",\"@id\":\"https:\\\/\\\/todotrial.com\\\/tienda\\\/ot-pi-trialsin\\\/#primaryimage\",\"url\":\"https:\\\/\\\/todotrial.com\\\/tienda\\\/wp-content\\\/uploads\\\/2013\\\/04\\\/libro-ot_pi.jpg\",\"contentUrl\":\"https:\\\/\\\/todotrial.com\\\/tienda\\\/wp-content\\\/uploads\\\/2013\\\/04\\\/libro-ot_pi.jpg\",\"width\":325,\"height\":440},{\"@type\":\"BreadcrumbList\",\"@id\":\"https:\\\/\\\/todotrial.com\\\/tienda\\\/ot-pi-trialsin\\\/#breadcrumb\",\"itemListElement\":[{\"@type\":\"ListItem\",\"position\":1,\"name\":\"Portada\",\"item\":\"https:\\\/\\\/todotrial.com\\\/tienda\\\/\"},{\"@type\":\"ListItem\",\"position\":2,\"name\":\"Shop\",\"item\":\"https:\\\/\\\/todotrial.com\\\/tienda\\\/shop\\\/\"},{\"@type\":\"ListItem\",\"position\":3,\"name\":\"Ot Pi, L&#8217;empremta d&#8217;un pioner\"}]},{\"@type\":\"WebSite\",\"@id\":\"https:\\\/\\\/todotrial.com\\\/tienda\\\/#website\",\"url\":\"https:\\\/\\\/todotrial.com\\\/tienda\\\/\",\"name\":\"Tienda de todotrial\",\"description\":\"\",\"potentialAction\":[{\"@type\":\"SearchAction\",\"target\":{\"@type\":\"EntryPoint\",\"urlTemplate\":\"https:\\\/\\\/todotrial.com\\\/tienda\\\/?s={search_term_string}\"},\"query-input\":{\"@type\":\"PropertyValueSpecification\",\"valueRequired\":true,\"valueName\":\"search_term_string\"}}],\"inLanguage\":\"es\"}]}<\/script>\n<!-- \/ Yoast SEO Premium plugin. -->","yoast_head_json":{"title":"Ot Pi, L'empremta d'un pioner - Tienda de todotrial","robots":{"index":"index","follow":"follow","max-snippet":"max-snippet:-1","max-image-preview":"max-image-preview:large","max-video-preview":"max-video-preview:-1"},"canonical":"https:\/\/todotrial.com\/tienda\/ot-pi-trialsin\/","og_locale":"es_ES","og_type":"article","og_title":"Ot Pi, L'empremta d'un pioner","og_description":"Libro Ot Pi Trialsin","og_url":"https:\/\/todotrial.com\/tienda\/ot-pi-trialsin\/","og_site_name":"Tienda de todotrial","article_modified_time":"2025-04-01T21:07:41+00:00","og_image":[{"width":325,"height":440,"url":"https:\/\/todotrial.com\/tienda\/wp-content\/uploads\/2013\/04\/libro-ot_pi.jpg","type":"image\/jpeg"}],"twitter_card":"summary_large_image","twitter_misc":{"Tiempo de lectura":"1 minuto"},"schema":{"@context":"https:\/\/schema.org","@graph":[{"@type":"WebPage","@id":"https:\/\/todotrial.com\/tienda\/ot-pi-trialsin\/","url":"https:\/\/todotrial.com\/tienda\/ot-pi-trialsin\/","name":"Ot Pi, L'empremta d'un pioner - Tienda de todotrial","isPartOf":{"@id":"https:\/\/todotrial.com\/tienda\/#website"},"primaryImageOfPage":{"@id":"https:\/\/todotrial.com\/tienda\/ot-pi-trialsin\/#primaryimage"},"image":{"@id":"https:\/\/todotrial.com\/tienda\/ot-pi-trialsin\/#primaryimage"},"thumbnailUrl":"https:\/\/todotrial.com\/tienda\/wp-content\/uploads\/2013\/04\/libro-ot_pi.jpg","datePublished":"2013-04-19T09:51:05+00:00","dateModified":"2025-04-01T21:07:41+00:00","breadcrumb":{"@id":"https:\/\/todotrial.com\/tienda\/ot-pi-trialsin\/#breadcrumb"},"inLanguage":"es","potentialAction":[{"@type":"ReadAction","target":["https:\/\/todotrial.com\/tienda\/ot-pi-trialsin\/"]}]},{"@type":"ImageObject","inLanguage":"es","@id":"https:\/\/todotrial.com\/tienda\/ot-pi-trialsin\/#primaryimage","url":"https:\/\/todotrial.com\/tienda\/wp-content\/uploads\/2013\/04\/libro-ot_pi.jpg","contentUrl":"https:\/\/todotrial.com\/tienda\/wp-content\/uploads\/2013\/04\/libro-ot_pi.jpg","width":325,"height":440},{"@type":"BreadcrumbList","@id":"https:\/\/todotrial.com\/tienda\/ot-pi-trialsin\/#breadcrumb","itemListElement":[{"@type":"ListItem","position":1,"name":"Portada","item":"https:\/\/todotrial.com\/tienda\/"},{"@type":"ListItem","position":2,"name":"Shop","item":"https:\/\/todotrial.com\/tienda\/shop\/"},{"@type":"ListItem","position":3,"name":"Ot Pi, L&#8217;empremta d&#8217;un pioner"}]},{"@type":"WebSite","@id":"https:\/\/todotrial.com\/tienda\/#website","url":"https:\/\/todotrial.com\/tienda\/","name":"Tienda de todotrial","description":"","potentialAction":[{"@type":"SearchAction","target":{"@type":"EntryPoint","urlTemplate":"https:\/\/todotrial.com\/tienda\/?s={search_term_string}"},"query-input":{"@type":"PropertyValueSpecification","valueRequired":true,"valueName":"search_term_string"}}],"inLanguage":"es"}]}},"_links":{"self":[{"href":"https:\/\/todotrial.com\/tienda\/wp-json\/wp\/v2\/product\/666","targetHints":{"allow":["GET"]}}],"collection":[{"href":"https:\/\/todotrial.com\/tienda\/wp-json\/wp\/v2\/product"}],"about":[{"href":"https:\/\/todotrial.com\/tienda\/wp-json\/wp\/v2\/types\/product"}],"replies":[{"embeddable":true,"href":"https:\/\/todotrial.com\/tienda\/wp-json\/wp\/v2\/comments?post=666"}],"version-history":[{"count":1,"href":"https:\/\/todotrial.com\/tienda\/wp-json\/wp\/v2\/product\/666\/revisions"}],"predecessor-version":[{"id":54909,"href":"https:\/\/todotrial.com\/tienda\/wp-json\/wp\/v2\/product\/666\/revisions\/54909"}],"wp:featuredmedia":[{"embeddable":true,"href":"https:\/\/todotrial.com\/tienda\/wp-json\/wp\/v2\/media\/665"}],"wp:attachment":[{"href":"https:\/\/todotrial.com\/tienda\/wp-json\/wp\/v2\/media?parent=666"}],"wp:term":[{"taxonomy":"product_brand","embeddable":true,"href":"https:\/\/todotrial.com\/tienda\/wp-json\/wp\/v2\/product_brand?post=666"},{"taxonomy":"product_cat","embeddable":true,"href":"https:\/\/todotrial.com\/tienda\/wp-json\/wp\/v2\/product_cat?post=666"},{"taxonomy":"product_tag","embeddable":true,"href":"https:\/\/todotrial.com\/tienda\/wp-json\/wp\/v2\/product_tag?post=666"}],"curies":[{"name":"wp","href":"https:\/\/api.w.org\/{rel}","templated":true}]}}