{"id":664,"date":"2020-08-11T21:17:00","date_gmt":"2020-08-11T20:17:00","guid":{"rendered":"https:\/\/todotrial.com\/tienda\/?post_type=product&#038;p=664"},"modified":"2025-02-20T17:19:10","modified_gmt":"2025-02-20T16:19:10","slug":"seis-dias-1970-del-escorial","status":"publish","type":"product","link":"https:\/\/todotrial.com\/tienda\/seis-dias-1970-del-escorial\/","title":{"rendered":"ISDT 1970, 45\u00ba Seis D\u00edas Internacionales de Todo Terreno"},"content":{"rendered":"<p>Los Seis D\u00edas Internacionales de Todo Terreno de El Escorial de 1970, celebrados entre el 5 y el 10 de octubre, fueron la primera gran prueba de esta especialidad que se celebr\u00f3 en nuestro pa\u00eds y fue organizada por la Real Federaci\u00f3n Motociclista Espa\u00f1ola junto al Real Moto Club de Espa\u00f1a.<\/p>\n<p>En San Lorenzo de El Escorial se dieron cita un total de 323 pilotos de 16 nacionalidades distintas, a lomos de un sin fin de variadas y variopintas m\u00e1quinas que recorrieron los caminos, senderos y carreteras de la Sierra de Guadarrama, enfrent\u00e1ndose diariamente a largos kilometrajes donde poner a prueba toda la capacidad f\u00edsica de los pilotos y la mec\u00e1nica de las motos.<\/p>\n<p>Con este libro, coincidiendo con el 40 Aniversario de la prueba (1970-2010), se recupera para la memoria de todos los aficionados esta carrera, que supuso el afianzamiento de una especialidad como el Todo Terreno (actualmente enduro) en nuestro pa\u00eds, en una \u00e9poca de gran auge de las marcas espa\u00f1olas como Bultaco, Montesa y Ossa, con pilotos que en su mayor\u00eda eran simples aficionados a la moto de campo.<\/p>\n<p>Es, justamente cuarenta a\u00f1os despu\u00e9s, cuando este libro ha podido realizarse, apoy\u00e1ndose en la rapidez y eficacia de las nuevas tecnolog\u00edas para rastrear por todo el mundo y por toda la geograf\u00eda espa\u00f1ola, en busca de los protagonistas de aquella carrera, que debe quedar inmortalizada para los que en ella participaron de una forma u otra y para las futuras generaciones de pilotos que deben conocer su deporte desde los or\u00edgenes. Por primera vez en Espa\u00f1a se publica un libro dedicado \u00fanica y exclusivamente a una edici\u00f3n de los Seis D\u00edas Internacionales, contanto con un material gr\u00e1fico e informaciones relacionadas solamente con la carrera de San Lorenzo de El Escorial.<\/p>\n<p>El libro trata de recoger todos los aspectos de la carrera, desde los deportivos hasta los organizativos, contando para ello con el testimonio, por ejemplo, del Director de Carrera, D. Juan Soler Bult\u00f3; el Subdirector Adjunto, D. Pablo Arranz \u00abCauca\u00bb; D. Estanislao Soler, M\u00e1nager del Equipo Nacional, as\u00ed como con la mayor\u00eda de los pilotos nacionales que tomaron parte en la prueba: Ignacio Bult\u00f3, Narcis Casas, Oriol Puig Bult\u00f3 o Casimiro Verdaguer, entre otros. Tambi\u00e9n se ha contado con opini\u00f3n del que fuera vencedor absoluto de estos Seis D\u00edas, el piloto checo Frantisek Mr\u00e1zek.<\/p>\n<p>Cuenta con unas 300 fotograf\u00edas, todas ellas de la carrera, aportadas desde colecciones particulares, como las del piloto belga Michel Decorte, el aficionado ingl\u00e9s Brian Catt o el ex empleado de la desaparecida marca Z\u00fcndapp, el alem\u00e1n G\u00fcnter Sengfelder. Tambi\u00e9n los pilotos han aportado sus propias fotograf\u00edas, en su mayor\u00eda de los fotografos Alguersuari y Vi\u00f1als. Cabe destacar de \u00e9ste \u00faltimo, Jordi A. Vi\u00f1als, fallecido en 1993, la aportaci\u00f3n hecha por su viuda, Do\u00f1a Pilar Grau, de unos negativos en color con imagenes pr\u00e1cticamente in\u00e9ditas. Tambi\u00e9n son in\u00e9ditas las fotograf\u00edas aportadas por Manuel Fabregat, jefe de la Unidad Moto Alpina de la Cruz Roja que estuvo en la prueba prestando servicios sanitarios.<\/p>\n<p>Es de destacar el valioso aporte de informaci\u00f3n realizado por Emilio Monterde, aficinado al enduro y coleccionista de todo los relacionado con los Seis D\u00edas, como medallas, programas de carrera y numerosas revistas extanjeras del a\u00f1o 1970 que se hicieron eco de la prueba escurialiense.<\/p>\n","protected":false},"excerpt":{"rendered":"<p>ISDT de 1970 de El Escorial<\/p>\n","protected":false},"featured_media":661,"comment_status":"open","ping_status":"closed","template":"","meta":[],"product_brand":[],"product_cat":[15],"product_tag":[],"class_list":{"0":"post-664","1":"product","2":"type-product","3":"status-publish","4":"has-post-thumbnail","6":"product_cat-uncategorized","8":"first","9":"outofstock","10":"taxable","11":"shipping-taxable","12":"purchasable","13":"product-type-simple"},"yoast_head":"<!-- This site is optimized with the Yoast SEO Premium plugin v21.2 (Yoast SEO v27.5) - https:\/\/yoast.com\/product\/yoast-seo-premium-wordpress\/ -->\n<title>ISDT 1970, 45\u00ba Seis D\u00edas Internacionales de Todo Terreno - Tienda de todotrial<\/title>\n<meta name=\"robots\" content=\"index, follow, max-snippet:-1, max-image-preview:large, max-video-preview:-1\" \/>\n<link rel=\"canonical\" href=\"https:\/\/todotrial.com\/tienda\/seis-dias-1970-del-escorial\/\" \/>\n<meta property=\"og:locale\" content=\"es_ES\" \/>\n<meta property=\"og:type\" content=\"article\" \/>\n<meta property=\"og:title\" content=\"ISDT 1970, 45\u00ba Seis D\u00edas Internacionales de Todo Terreno\" \/>\n<meta property=\"og:description\" content=\"ISDT de 1970 de El Escorial\" \/>\n<meta property=\"og:url\" content=\"https:\/\/todotrial.com\/tienda\/seis-dias-1970-del-escorial\/\" \/>\n<meta property=\"og:site_name\" content=\"Tienda de todotrial\" \/>\n<meta property=\"article:modified_time\" content=\"2025-02-20T16:19:10+00:00\" \/>\n<meta property=\"og:image\" content=\"https:\/\/todotrial.com\/tienda\/wp-content\/uploads\/2020\/07\/libro-isdt1970-4.jpg\" \/>\n\t<meta property=\"og:image:width\" content=\"400\" \/>\n\t<meta property=\"og:image:height\" content=\"315\" \/>\n\t<meta property=\"og:image:type\" content=\"image\/jpeg\" \/>\n<meta name=\"twitter:card\" content=\"summary_large_image\" \/>\n<meta name=\"twitter:label1\" content=\"Tiempo de lectura\" \/>\n\t<meta name=\"twitter:data1\" content=\"3 minutos\" \/>\n<script type=\"application\/ld+json\" class=\"yoast-schema-graph\">{\"@context\":\"https:\\\/\\\/schema.org\",\"@graph\":[{\"@type\":\"WebPage\",\"@id\":\"https:\\\/\\\/todotrial.com\\\/tienda\\\/seis-dias-1970-del-escorial\\\/\",\"url\":\"https:\\\/\\\/todotrial.com\\\/tienda\\\/seis-dias-1970-del-escorial\\\/\",\"name\":\"ISDT 1970, 45\u00ba Seis D\u00edas Internacionales de Todo Terreno - Tienda de todotrial\",\"isPartOf\":{\"@id\":\"https:\\\/\\\/todotrial.com\\\/tienda\\\/#website\"},\"primaryImageOfPage\":{\"@id\":\"https:\\\/\\\/todotrial.com\\\/tienda\\\/seis-dias-1970-del-escorial\\\/#primaryimage\"},\"image\":{\"@id\":\"https:\\\/\\\/todotrial.com\\\/tienda\\\/seis-dias-1970-del-escorial\\\/#primaryimage\"},\"thumbnailUrl\":\"https:\\\/\\\/todotrial.com\\\/tienda\\\/wp-content\\\/uploads\\\/2020\\\/07\\\/libro-isdt1970-4.jpg\",\"datePublished\":\"2020-08-11T20:17:00+00:00\",\"dateModified\":\"2025-02-20T16:19:10+00:00\",\"breadcrumb\":{\"@id\":\"https:\\\/\\\/todotrial.com\\\/tienda\\\/seis-dias-1970-del-escorial\\\/#breadcrumb\"},\"inLanguage\":\"es\",\"potentialAction\":[{\"@type\":\"ReadAction\",\"target\":[\"https:\\\/\\\/todotrial.com\\\/tienda\\\/seis-dias-1970-del-escorial\\\/\"]}]},{\"@type\":\"ImageObject\",\"inLanguage\":\"es\",\"@id\":\"https:\\\/\\\/todotrial.com\\\/tienda\\\/seis-dias-1970-del-escorial\\\/#primaryimage\",\"url\":\"https:\\\/\\\/todotrial.com\\\/tienda\\\/wp-content\\\/uploads\\\/2020\\\/07\\\/libro-isdt1970-4.jpg\",\"contentUrl\":\"https:\\\/\\\/todotrial.com\\\/tienda\\\/wp-content\\\/uploads\\\/2020\\\/07\\\/libro-isdt1970-4.jpg\",\"width\":400,\"height\":315},{\"@type\":\"BreadcrumbList\",\"@id\":\"https:\\\/\\\/todotrial.com\\\/tienda\\\/seis-dias-1970-del-escorial\\\/#breadcrumb\",\"itemListElement\":[{\"@type\":\"ListItem\",\"position\":1,\"name\":\"Portada\",\"item\":\"https:\\\/\\\/todotrial.com\\\/tienda\\\/\"},{\"@type\":\"ListItem\",\"position\":2,\"name\":\"Shop\",\"item\":\"https:\\\/\\\/todotrial.com\\\/tienda\\\/shop\\\/\"},{\"@type\":\"ListItem\",\"position\":3,\"name\":\"ISDT 1970, 45\u00ba Seis D\u00edas Internacionales de Todo Terreno\"}]},{\"@type\":\"WebSite\",\"@id\":\"https:\\\/\\\/todotrial.com\\\/tienda\\\/#website\",\"url\":\"https:\\\/\\\/todotrial.com\\\/tienda\\\/\",\"name\":\"Tienda de todotrial\",\"description\":\"\",\"potentialAction\":[{\"@type\":\"SearchAction\",\"target\":{\"@type\":\"EntryPoint\",\"urlTemplate\":\"https:\\\/\\\/todotrial.com\\\/tienda\\\/?s={search_term_string}\"},\"query-input\":{\"@type\":\"PropertyValueSpecification\",\"valueRequired\":true,\"valueName\":\"search_term_string\"}}],\"inLanguage\":\"es\"}]}<\/script>\n<!-- \/ Yoast SEO Premium plugin. -->","yoast_head_json":{"title":"ISDT 1970, 45\u00ba Seis D\u00edas Internacionales de Todo Terreno - Tienda de todotrial","robots":{"index":"index","follow":"follow","max-snippet":"max-snippet:-1","max-image-preview":"max-image-preview:large","max-video-preview":"max-video-preview:-1"},"canonical":"https:\/\/todotrial.com\/tienda\/seis-dias-1970-del-escorial\/","og_locale":"es_ES","og_type":"article","og_title":"ISDT 1970, 45\u00ba Seis D\u00edas Internacionales de Todo Terreno","og_description":"ISDT de 1970 de El Escorial","og_url":"https:\/\/todotrial.com\/tienda\/seis-dias-1970-del-escorial\/","og_site_name":"Tienda de todotrial","article_modified_time":"2025-02-20T16:19:10+00:00","og_image":[{"width":400,"height":315,"url":"https:\/\/todotrial.com\/tienda\/wp-content\/uploads\/2020\/07\/libro-isdt1970-4.jpg","type":"image\/jpeg"}],"twitter_card":"summary_large_image","twitter_misc":{"Tiempo de lectura":"3 minutos"},"schema":{"@context":"https:\/\/schema.org","@graph":[{"@type":"WebPage","@id":"https:\/\/todotrial.com\/tienda\/seis-dias-1970-del-escorial\/","url":"https:\/\/todotrial.com\/tienda\/seis-dias-1970-del-escorial\/","name":"ISDT 1970, 45\u00ba Seis D\u00edas Internacionales de Todo Terreno - Tienda de todotrial","isPartOf":{"@id":"https:\/\/todotrial.com\/tienda\/#website"},"primaryImageOfPage":{"@id":"https:\/\/todotrial.com\/tienda\/seis-dias-1970-del-escorial\/#primaryimage"},"image":{"@id":"https:\/\/todotrial.com\/tienda\/seis-dias-1970-del-escorial\/#primaryimage"},"thumbnailUrl":"https:\/\/todotrial.com\/tienda\/wp-content\/uploads\/2020\/07\/libro-isdt1970-4.jpg","datePublished":"2020-08-11T20:17:00+00:00","dateModified":"2025-02-20T16:19:10+00:00","breadcrumb":{"@id":"https:\/\/todotrial.com\/tienda\/seis-dias-1970-del-escorial\/#breadcrumb"},"inLanguage":"es","potentialAction":[{"@type":"ReadAction","target":["https:\/\/todotrial.com\/tienda\/seis-dias-1970-del-escorial\/"]}]},{"@type":"ImageObject","inLanguage":"es","@id":"https:\/\/todotrial.com\/tienda\/seis-dias-1970-del-escorial\/#primaryimage","url":"https:\/\/todotrial.com\/tienda\/wp-content\/uploads\/2020\/07\/libro-isdt1970-4.jpg","contentUrl":"https:\/\/todotrial.com\/tienda\/wp-content\/uploads\/2020\/07\/libro-isdt1970-4.jpg","width":400,"height":315},{"@type":"BreadcrumbList","@id":"https:\/\/todotrial.com\/tienda\/seis-dias-1970-del-escorial\/#breadcrumb","itemListElement":[{"@type":"ListItem","position":1,"name":"Portada","item":"https:\/\/todotrial.com\/tienda\/"},{"@type":"ListItem","position":2,"name":"Shop","item":"https:\/\/todotrial.com\/tienda\/shop\/"},{"@type":"ListItem","position":3,"name":"ISDT 1970, 45\u00ba Seis D\u00edas Internacionales de Todo Terreno"}]},{"@type":"WebSite","@id":"https:\/\/todotrial.com\/tienda\/#website","url":"https:\/\/todotrial.com\/tienda\/","name":"Tienda de todotrial","description":"","potentialAction":[{"@type":"SearchAction","target":{"@type":"EntryPoint","urlTemplate":"https:\/\/todotrial.com\/tienda\/?s={search_term_string}"},"query-input":{"@type":"PropertyValueSpecification","valueRequired":true,"valueName":"search_term_string"}}],"inLanguage":"es"}]}},"_links":{"self":[{"href":"https:\/\/todotrial.com\/tienda\/wp-json\/wp\/v2\/product\/664","targetHints":{"allow":["GET"]}}],"collection":[{"href":"https:\/\/todotrial.com\/tienda\/wp-json\/wp\/v2\/product"}],"about":[{"href":"https:\/\/todotrial.com\/tienda\/wp-json\/wp\/v2\/types\/product"}],"replies":[{"embeddable":true,"href":"https:\/\/todotrial.com\/tienda\/wp-json\/wp\/v2\/comments?post=664"}],"version-history":[{"count":0,"href":"https:\/\/todotrial.com\/tienda\/wp-json\/wp\/v2\/product\/664\/revisions"}],"wp:featuredmedia":[{"embeddable":true,"href":"https:\/\/todotrial.com\/tienda\/wp-json\/wp\/v2\/media\/661"}],"wp:attachment":[{"href":"https:\/\/todotrial.com\/tienda\/wp-json\/wp\/v2\/media?parent=664"}],"wp:term":[{"taxonomy":"product_brand","embeddable":true,"href":"https:\/\/todotrial.com\/tienda\/wp-json\/wp\/v2\/product_brand?post=664"},{"taxonomy":"product_cat","embeddable":true,"href":"https:\/\/todotrial.com\/tienda\/wp-json\/wp\/v2\/product_cat?post=664"},{"taxonomy":"product_tag","embeddable":true,"href":"https:\/\/todotrial.com\/tienda\/wp-json\/wp\/v2\/product_tag?post=664"}],"curies":[{"name":"wp","href":"https:\/\/api.w.org\/{rel}","templated":true}]}}