{"id":6398,"date":"2016-04-11T16:41:56","date_gmt":"2016-04-11T16:41:56","guid":{"rendered":"https:\/\/todotrial.com\/tienda\/product\/road-races\/"},"modified":"2025-02-20T18:22:14","modified_gmt":"2025-02-20T17:22:14","slug":"road-races","status":"publish","type":"product","link":"https:\/\/todotrial.com\/tienda\/road-races\/","title":{"rendered":"Isle of Man TT 1958-68 10 CD box set"},"content":{"rendered":"<p>Isle of Man TT 1958-68 10 CD box set &#8211; Description<\/p>\n<p>The recordings were originally published on vinyl as part of the Stanley Schofield TT Sound Stories collection. Duke is delighted to be able to offer fans old and new these exceptional recordings in one handsome collection. With 837 minutes of motorcycling audio history presented on 18 CDs, this is both uniquely collectable and great value.<\/p>\n<p>The recordings have been lovingly restored, using the latest digital technology, and each year is presented with a reproduction of the original LP sleeve notes.<\/p>\n<p>This box set features coverage of racing from 1958-68, featuring Hailwood, Agostini, Redman, McIntyre, Surtees and more, with commentary from Graham Walker, Murray Walker and Peter Arnold, plus plenty of fascinating interviews.<\/p>\n<p>However, it is the exhaust notes of the Hondas, MVs, Nortons, AJSs, Gileras and many other classic machines which make these CDs so magical.<\/p>\n<p>\u00abI noticed these wonderful pieces of aural history are available on CD, from Duke Video. Of course, many of the bikes you hear on the recordings have now been restored or re-created and can be heard for real at certain classic festivals. But unfortunately, now that they are valuable pieces of history, they don&#8217;t get revved as hard as they did in the classic era. It&#8217;s not the same. One of my favourite sounds from the CDs is that of Agostini hammering through the Sulby crossroads flat in seventh on the 500 MV at around 150mph. Holding the motor wide open way into the distance, the exhaust note chirps as the rear wheel momentarily lifts from the ground on the bumps. It was full factory racing from an era when there were no noise restrictions. As an example of what these CDs contain, the 1967 double album covers seven races: Senior; Junior; 250cc; 125cc; 50cc; Production and Sidecar TTs. There are also interviews with Hailwood, Phil Read, Stuart Graham, Freddie Frith and Stanley Woods. But the deal-sealer is the scene at the Grandstand when Hailwood and Ago pitted in the Senior race, only two seconds apart, on lap three. You hear the cry &#8216;Hammer, Hammer&#8217; as a mechanic tries to fix Hailwood&#8217;s loose throttle, the crowd urging on the two great champions, and that gorgeous sound of factory multi-cylinder bikes ripping into life. Ago&#8217;s chain broke, gifting the win to Mike. Asked after the race if he had slowed because of Ago&#8217;s retirement, Mike, with his wonderful understated English touch, replies: &#8216;I had no choice actually \u2013 me throttle kept falling off.'\u00bb Mike Nicks, Classic Bike<\/p>\n<p>ISLA DE MAN TT 1958-68 10 JUEGO DE CAJAS DE CD &#8211; DESCRIPCI\u00d3N<br \/>Las grabaciones se publicaron originalmente en vinilo como parte de la colecci\u00f3n Stanley Schofield TT Sound Stories. Duke est\u00e1 encantado de poder ofrecer a los fan\u00e1ticos viejos y nuevos estas excepcionales grabaciones en una atractiva colecci\u00f3n. Con 837 minutos de historia de audio de motociclismo presentado en 18 CD, este es un objeto de colecci\u00f3n \u00fanico y de gran valor.<\/p>\n<p>Las grabaciones han sido cuidadosamente restauradas, utilizando la \u00faltima tecnolog\u00eda digital, y cada a\u00f1o se presenta con una reproducci\u00f3n de las notas originales de la funda LP.<\/p>\n<p>Este conjunto incluye la cobertura de carreras de 1958-68, con Hailwood, Agostini, Redman, McIntyre, Surtees y m\u00e1s, con comentarios de Graham Walker, Murray Walker y Peter Arnold, adem\u00e1s de muchas entrevistas fascinantes.<\/p>\n<p>Sin embargo, son las notas de escape de las Hondas, MV, Nortons, AJS, Gileras y muchas otras m\u00e1quinas cl\u00e1sicas las que hacen que estos CD sean tan m\u00e1gicos.<\/p>\n<p>\u00abNot\u00e9 que estas maravillosas piezas de historia auditiva est\u00e1n disponibles en CD, de Duke Video. Por supuesto, muchas de las bicicletas que escuchas en las grabaciones ahora han sido restauradas o recreadas y se pueden escuchar de verdad en ciertos festivales cl\u00e1sicos. Pero desafortunadamente, ahora que son piezas valiosas de la historia, no se aceleran tanto como lo hicieron en la era cl\u00e1sica. No es lo mismo. Uno de mis sonidos favoritos de los CDs es el de Agostini atravesando el cruce de Sulby en s\u00e9ptimo lugar en el 500 MV a aproximadamente 150 mph. Manteniendo el motor completamente abierto en la distancia, la nota de escape emite un chirrido cuando la rueda trasera se levanta moment\u00e1neamente del suelo sobre los golpes. Era una carrera de f\u00e1brica completa de una \u00e9poca en la que no hab\u00eda restricciones de ruido. Como ejemplo de lo que contienen estos CD, el \u00e1lbum doble de 1967 cubre siete razas: Senior; J\u00fanior; 250cc; 125cc; 50cc; Producci\u00f3n y sidecar TTs. Tambi\u00e9n hay entrevistas con Hailwood, Phil Read, Stuart Graham, Freddie Frith y Stanley Woods. Pero el sellador de acuerdos es la escena en la tribuna cuando Hailwood y Ago se enfrentaron en la carrera Senior, con solo dos segundos de diferencia, en la tercera vuelta. Escuchas el grito &#8216;Hammer, Hammer&#8217; mientras un mec\u00e1nico intenta arreglar el acelerador suelto de Hailwood, la multitud anima a los dos grandes campeones y ese magn\u00edfico sonido de bicicletas de m\u00faltiples cilindros de f\u00e1brica cobrando vida. La cadena de Ago se rompi\u00f3, regalando la victoria a Mike. Cuando se le pregunt\u00f3 despu\u00e9s de la carrera si hab\u00eda disminuido la velocidad debido a la jubilaci\u00f3n de Ago, Mike, con su maravilloso toque ingl\u00e9s, responde: \u00abEn realidad no ten\u00eda otra opci\u00f3n: el acelerador segu\u00eda cayendo\u00bb. Mike Nicks, Classic Bike<\/p>\n","protected":false},"excerpt":{"rendered":"<p>Isle of Man TT 1958-68 10 CD box set<br \/>\nA punto de agotarse<\/p>\n","protected":false},"featured_media":6397,"comment_status":"open","ping_status":"closed","template":"","meta":[],"product_brand":[],"product_cat":[15],"product_tag":[],"class_list":{"0":"post-6398","1":"product","2":"type-product","3":"status-publish","4":"has-post-thumbnail","6":"product_cat-uncategorized","8":"first","9":"instock","10":"taxable","11":"shipping-taxable","12":"purchasable","13":"product-type-simple"},"yoast_head":"<!-- This site is optimized with the Yoast SEO Premium plugin v21.2 (Yoast SEO v27.5) - https:\/\/yoast.com\/product\/yoast-seo-premium-wordpress\/ -->\n<title>Isle of Man TT 1958-68 10 CD box set - Tienda de todotrial<\/title>\n<meta name=\"robots\" content=\"index, follow, max-snippet:-1, max-image-preview:large, max-video-preview:-1\" \/>\n<link rel=\"canonical\" href=\"https:\/\/todotrial.com\/tienda\/road-races\/\" \/>\n<meta property=\"og:locale\" content=\"es_ES\" \/>\n<meta property=\"og:type\" content=\"article\" \/>\n<meta property=\"og:title\" content=\"Isle of Man TT 1958-68 10 CD box set\" \/>\n<meta property=\"og:description\" content=\"Isle of Man TT 1958-68 10 CD box set A punto de agotarse\" \/>\n<meta property=\"og:url\" content=\"https:\/\/todotrial.com\/tienda\/road-races\/\" \/>\n<meta property=\"og:site_name\" content=\"Tienda de todotrial\" \/>\n<meta property=\"article:modified_time\" content=\"2025-02-20T17:22:14+00:00\" \/>\n<meta property=\"og:image\" content=\"https:\/\/todotrial.com\/tienda\/wp-content\/uploads\/2016\/04\/9953.jpg\" \/>\n\t<meta property=\"og:image:width\" content=\"360\" \/>\n\t<meta property=\"og:image:height\" content=\"442\" \/>\n\t<meta property=\"og:image:type\" content=\"image\/jpeg\" \/>\n<meta name=\"twitter:card\" content=\"summary_large_image\" \/>\n<meta name=\"twitter:label1\" content=\"Tiempo de lectura\" \/>\n\t<meta name=\"twitter:data1\" content=\"5 minutos\" \/>\n<script type=\"application\/ld+json\" class=\"yoast-schema-graph\">{\"@context\":\"https:\\\/\\\/schema.org\",\"@graph\":[{\"@type\":\"WebPage\",\"@id\":\"https:\\\/\\\/todotrial.com\\\/tienda\\\/road-races\\\/\",\"url\":\"https:\\\/\\\/todotrial.com\\\/tienda\\\/road-races\\\/\",\"name\":\"Isle of Man TT 1958-68 10 CD box set - Tienda de todotrial\",\"isPartOf\":{\"@id\":\"https:\\\/\\\/todotrial.com\\\/tienda\\\/#website\"},\"primaryImageOfPage\":{\"@id\":\"https:\\\/\\\/todotrial.com\\\/tienda\\\/road-races\\\/#primaryimage\"},\"image\":{\"@id\":\"https:\\\/\\\/todotrial.com\\\/tienda\\\/road-races\\\/#primaryimage\"},\"thumbnailUrl\":\"https:\\\/\\\/todotrial.com\\\/tienda\\\/wp-content\\\/uploads\\\/2016\\\/04\\\/9953.jpg\",\"datePublished\":\"2016-04-11T16:41:56+00:00\",\"dateModified\":\"2025-02-20T17:22:14+00:00\",\"breadcrumb\":{\"@id\":\"https:\\\/\\\/todotrial.com\\\/tienda\\\/road-races\\\/#breadcrumb\"},\"inLanguage\":\"es\",\"potentialAction\":[{\"@type\":\"ReadAction\",\"target\":[\"https:\\\/\\\/todotrial.com\\\/tienda\\\/road-races\\\/\"]}]},{\"@type\":\"ImageObject\",\"inLanguage\":\"es\",\"@id\":\"https:\\\/\\\/todotrial.com\\\/tienda\\\/road-races\\\/#primaryimage\",\"url\":\"https:\\\/\\\/todotrial.com\\\/tienda\\\/wp-content\\\/uploads\\\/2016\\\/04\\\/9953.jpg\",\"contentUrl\":\"https:\\\/\\\/todotrial.com\\\/tienda\\\/wp-content\\\/uploads\\\/2016\\\/04\\\/9953.jpg\",\"width\":360,\"height\":442},{\"@type\":\"BreadcrumbList\",\"@id\":\"https:\\\/\\\/todotrial.com\\\/tienda\\\/road-races\\\/#breadcrumb\",\"itemListElement\":[{\"@type\":\"ListItem\",\"position\":1,\"name\":\"Portada\",\"item\":\"https:\\\/\\\/todotrial.com\\\/tienda\\\/\"},{\"@type\":\"ListItem\",\"position\":2,\"name\":\"Shop\",\"item\":\"https:\\\/\\\/todotrial.com\\\/tienda\\\/shop\\\/\"},{\"@type\":\"ListItem\",\"position\":3,\"name\":\"Isle of Man TT 1958-68 10 CD box set\"}]},{\"@type\":\"WebSite\",\"@id\":\"https:\\\/\\\/todotrial.com\\\/tienda\\\/#website\",\"url\":\"https:\\\/\\\/todotrial.com\\\/tienda\\\/\",\"name\":\"Tienda de todotrial\",\"description\":\"\",\"potentialAction\":[{\"@type\":\"SearchAction\",\"target\":{\"@type\":\"EntryPoint\",\"urlTemplate\":\"https:\\\/\\\/todotrial.com\\\/tienda\\\/?s={search_term_string}\"},\"query-input\":{\"@type\":\"PropertyValueSpecification\",\"valueRequired\":true,\"valueName\":\"search_term_string\"}}],\"inLanguage\":\"es\"}]}<\/script>\n<!-- \/ Yoast SEO Premium plugin. -->","yoast_head_json":{"title":"Isle of Man TT 1958-68 10 CD box set - Tienda de todotrial","robots":{"index":"index","follow":"follow","max-snippet":"max-snippet:-1","max-image-preview":"max-image-preview:large","max-video-preview":"max-video-preview:-1"},"canonical":"https:\/\/todotrial.com\/tienda\/road-races\/","og_locale":"es_ES","og_type":"article","og_title":"Isle of Man TT 1958-68 10 CD box set","og_description":"Isle of Man TT 1958-68 10 CD box set A punto de agotarse","og_url":"https:\/\/todotrial.com\/tienda\/road-races\/","og_site_name":"Tienda de todotrial","article_modified_time":"2025-02-20T17:22:14+00:00","og_image":[{"width":360,"height":442,"url":"https:\/\/todotrial.com\/tienda\/wp-content\/uploads\/2016\/04\/9953.jpg","type":"image\/jpeg"}],"twitter_card":"summary_large_image","twitter_misc":{"Tiempo de lectura":"5 minutos"},"schema":{"@context":"https:\/\/schema.org","@graph":[{"@type":"WebPage","@id":"https:\/\/todotrial.com\/tienda\/road-races\/","url":"https:\/\/todotrial.com\/tienda\/road-races\/","name":"Isle of Man TT 1958-68 10 CD box set - Tienda de todotrial","isPartOf":{"@id":"https:\/\/todotrial.com\/tienda\/#website"},"primaryImageOfPage":{"@id":"https:\/\/todotrial.com\/tienda\/road-races\/#primaryimage"},"image":{"@id":"https:\/\/todotrial.com\/tienda\/road-races\/#primaryimage"},"thumbnailUrl":"https:\/\/todotrial.com\/tienda\/wp-content\/uploads\/2016\/04\/9953.jpg","datePublished":"2016-04-11T16:41:56+00:00","dateModified":"2025-02-20T17:22:14+00:00","breadcrumb":{"@id":"https:\/\/todotrial.com\/tienda\/road-races\/#breadcrumb"},"inLanguage":"es","potentialAction":[{"@type":"ReadAction","target":["https:\/\/todotrial.com\/tienda\/road-races\/"]}]},{"@type":"ImageObject","inLanguage":"es","@id":"https:\/\/todotrial.com\/tienda\/road-races\/#primaryimage","url":"https:\/\/todotrial.com\/tienda\/wp-content\/uploads\/2016\/04\/9953.jpg","contentUrl":"https:\/\/todotrial.com\/tienda\/wp-content\/uploads\/2016\/04\/9953.jpg","width":360,"height":442},{"@type":"BreadcrumbList","@id":"https:\/\/todotrial.com\/tienda\/road-races\/#breadcrumb","itemListElement":[{"@type":"ListItem","position":1,"name":"Portada","item":"https:\/\/todotrial.com\/tienda\/"},{"@type":"ListItem","position":2,"name":"Shop","item":"https:\/\/todotrial.com\/tienda\/shop\/"},{"@type":"ListItem","position":3,"name":"Isle of Man TT 1958-68 10 CD box set"}]},{"@type":"WebSite","@id":"https:\/\/todotrial.com\/tienda\/#website","url":"https:\/\/todotrial.com\/tienda\/","name":"Tienda de todotrial","description":"","potentialAction":[{"@type":"SearchAction","target":{"@type":"EntryPoint","urlTemplate":"https:\/\/todotrial.com\/tienda\/?s={search_term_string}"},"query-input":{"@type":"PropertyValueSpecification","valueRequired":true,"valueName":"search_term_string"}}],"inLanguage":"es"}]}},"_links":{"self":[{"href":"https:\/\/todotrial.com\/tienda\/wp-json\/wp\/v2\/product\/6398","targetHints":{"allow":["GET"]}}],"collection":[{"href":"https:\/\/todotrial.com\/tienda\/wp-json\/wp\/v2\/product"}],"about":[{"href":"https:\/\/todotrial.com\/tienda\/wp-json\/wp\/v2\/types\/product"}],"replies":[{"embeddable":true,"href":"https:\/\/todotrial.com\/tienda\/wp-json\/wp\/v2\/comments?post=6398"}],"version-history":[{"count":0,"href":"https:\/\/todotrial.com\/tienda\/wp-json\/wp\/v2\/product\/6398\/revisions"}],"wp:featuredmedia":[{"embeddable":true,"href":"https:\/\/todotrial.com\/tienda\/wp-json\/wp\/v2\/media\/6397"}],"wp:attachment":[{"href":"https:\/\/todotrial.com\/tienda\/wp-json\/wp\/v2\/media?parent=6398"}],"wp:term":[{"taxonomy":"product_brand","embeddable":true,"href":"https:\/\/todotrial.com\/tienda\/wp-json\/wp\/v2\/product_brand?post=6398"},{"taxonomy":"product_cat","embeddable":true,"href":"https:\/\/todotrial.com\/tienda\/wp-json\/wp\/v2\/product_cat?post=6398"},{"taxonomy":"product_tag","embeddable":true,"href":"https:\/\/todotrial.com\/tienda\/wp-json\/wp\/v2\/product_tag?post=6398"}],"curies":[{"name":"wp","href":"https:\/\/api.w.org\/{rel}","templated":true}]}}