{"id":6156,"date":"2025-03-19T13:55:10","date_gmt":"2025-03-19T12:55:10","guid":{"rendered":"https:\/\/todotrial.com\/tienda\/?post_type=product&#038;p=6156"},"modified":"2025-05-13T21:27:53","modified_gmt":"2025-05-13T20:27:53","slug":"hfs2016-03-13-18-52-06","status":"publish","type":"product","link":"https:\/\/todotrial.com\/tienda\/hfs2016-03-13-18-52-06\/","title":{"rendered":"Kit HFS PRO Velocidad (sin bomba) OSSA 250"},"content":{"rendered":"<p>Kit HFS PRO Velocidad (sin bomba) OSSA 250<\/p>\n<p>HFS\u00ae est\u00e1 disponible para las OSSA de velocidad.<\/p>\n<p>Las horquillas de competici\u00f3n pueden est\u00e1r optimizadas por cada piloto, y sugerimos al cliente realizar una verificaci\u00f3n en cada aplicaci\u00f3n. Esto puede hacerse enviando la horquilla a HFS\u00ae SUSPENSIONES, o a trav\u00e9s de informaci\u00f3n t\u00e9cnica que podemos intercambiar con el Cliente. Estamos a su disposici\u00f3n aqu\u00ed para cualquier consulta.<\/p>\n<p>La elecci\u00f3n del tipo de muelle depende del peso del piloto y de caracter\u00edsticas del circuito. Para competici\u00f3n, se recomienda adquirir el kit que incluye los dos tipos de muelles.<\/p>\n<p>Horquillas disponibles:<\/p>\n<p>Betor original. Podemos estudiar barras con longitudes especiales.<br \/>Ceriani. Disponible para longitudes de 675 mm, 720 mm y se pueden estudiar longitudes especiales.<br \/>Muelles disponibles:<\/p>\n<p>Rigidez estandar<br \/>Rigidez alta<br \/>El muelle se determina en funci\u00f3n del peso del piloto y de las caracter\u00edsticas de pilotaje. Para su utilizaci\u00f3n en competici\u00f3n, se recomienda el Kit que tiene los dos pares de muelles (aunque tambi\u00e9n pueden adquirirse posteriormente).<\/p>\n<p><img decoding=\"async\" src=\"http:\/\/www.suspensionhfs.com\/sites\/default\/files\/imagecache\/redimensionar_650_px\/images\/53311-OSSA_250_Velocidad.jpg\" alt=\"OSSA 250 Velocidad\" \/><\/p>\n","protected":false},"excerpt":{"rendered":"<p>Kit HFS PRO Velocidad (sin bomba) OSSA 250<\/p>\n","protected":false},"featured_media":6155,"comment_status":"open","ping_status":"closed","template":"","meta":[],"product_brand":[],"product_cat":[11404,11607],"product_tag":[],"class_list":{"0":"post-6156","1":"product","2":"type-product","3":"status-publish","4":"has-post-thumbnail","6":"product_cat-horquillas","7":"product_cat-suspension-clasicas-nowtrial","9":"first","10":"instock","11":"taxable","12":"shipping-taxable","13":"purchasable","14":"product-type-simple"},"yoast_head":"<!-- This site is optimized with the Yoast SEO Premium plugin v21.2 (Yoast SEO v27.3) - https:\/\/yoast.com\/product\/yoast-seo-premium-wordpress\/ -->\n<title>Kit HFS PRO Velocidad (sin bomba) OSSA 250 - Tienda de todotrial<\/title>\n<meta name=\"robots\" content=\"index, follow, max-snippet:-1, max-image-preview:large, max-video-preview:-1\" \/>\n<link rel=\"canonical\" href=\"https:\/\/todotrial.com\/tienda\/hfs2016-03-13-18-52-06\/\" \/>\n<meta property=\"og:locale\" content=\"es_ES\" \/>\n<meta property=\"og:type\" content=\"article\" \/>\n<meta property=\"og:title\" content=\"Kit HFS PRO Velocidad (sin bomba) OSSA 250\" \/>\n<meta property=\"og:description\" content=\"Kit HFS PRO Velocidad (sin bomba) OSSA 250\" \/>\n<meta property=\"og:url\" content=\"https:\/\/todotrial.com\/tienda\/hfs2016-03-13-18-52-06\/\" \/>\n<meta property=\"og:site_name\" content=\"Tienda de todotrial\" \/>\n<meta property=\"article:modified_time\" content=\"2025-05-13T20:27:53+00:00\" \/>\n<meta property=\"og:image\" content=\"https:\/\/todotrial.com\/tienda\/wp-content\/uploads\/2016\/03\/kit_-hfs_ossa_250.jpg\" \/>\n\t<meta property=\"og:image:width\" content=\"664\" \/>\n\t<meta property=\"og:image:height\" content=\"417\" \/>\n\t<meta property=\"og:image:type\" content=\"image\/jpeg\" \/>\n<meta name=\"twitter:card\" content=\"summary_large_image\" \/>\n<meta name=\"twitter:label1\" content=\"Tiempo de lectura\" \/>\n\t<meta name=\"twitter:data1\" content=\"1 minuto\" \/>\n<script type=\"application\/ld+json\" class=\"yoast-schema-graph\">{\"@context\":\"https:\\\/\\\/schema.org\",\"@graph\":[{\"@type\":\"WebPage\",\"@id\":\"https:\\\/\\\/todotrial.com\\\/tienda\\\/hfs2016-03-13-18-52-06\\\/\",\"url\":\"https:\\\/\\\/todotrial.com\\\/tienda\\\/hfs2016-03-13-18-52-06\\\/\",\"name\":\"Kit HFS PRO Velocidad (sin bomba) OSSA 250 - Tienda de todotrial\",\"isPartOf\":{\"@id\":\"https:\\\/\\\/todotrial.com\\\/tienda\\\/#website\"},\"primaryImageOfPage\":{\"@id\":\"https:\\\/\\\/todotrial.com\\\/tienda\\\/hfs2016-03-13-18-52-06\\\/#primaryimage\"},\"image\":{\"@id\":\"https:\\\/\\\/todotrial.com\\\/tienda\\\/hfs2016-03-13-18-52-06\\\/#primaryimage\"},\"thumbnailUrl\":\"https:\\\/\\\/todotrial.com\\\/tienda\\\/wp-content\\\/uploads\\\/2016\\\/03\\\/kit_-hfs_ossa_250.jpg\",\"datePublished\":\"2025-03-19T12:55:10+00:00\",\"dateModified\":\"2025-05-13T20:27:53+00:00\",\"breadcrumb\":{\"@id\":\"https:\\\/\\\/todotrial.com\\\/tienda\\\/hfs2016-03-13-18-52-06\\\/#breadcrumb\"},\"inLanguage\":\"es\",\"potentialAction\":[{\"@type\":\"ReadAction\",\"target\":[\"https:\\\/\\\/todotrial.com\\\/tienda\\\/hfs2016-03-13-18-52-06\\\/\"]}]},{\"@type\":\"ImageObject\",\"inLanguage\":\"es\",\"@id\":\"https:\\\/\\\/todotrial.com\\\/tienda\\\/hfs2016-03-13-18-52-06\\\/#primaryimage\",\"url\":\"https:\\\/\\\/todotrial.com\\\/tienda\\\/wp-content\\\/uploads\\\/2016\\\/03\\\/kit_-hfs_ossa_250.jpg\",\"contentUrl\":\"https:\\\/\\\/todotrial.com\\\/tienda\\\/wp-content\\\/uploads\\\/2016\\\/03\\\/kit_-hfs_ossa_250.jpg\",\"width\":664,\"height\":417},{\"@type\":\"BreadcrumbList\",\"@id\":\"https:\\\/\\\/todotrial.com\\\/tienda\\\/hfs2016-03-13-18-52-06\\\/#breadcrumb\",\"itemListElement\":[{\"@type\":\"ListItem\",\"position\":1,\"name\":\"Portada\",\"item\":\"https:\\\/\\\/todotrial.com\\\/tienda\\\/\"},{\"@type\":\"ListItem\",\"position\":2,\"name\":\"Shop\",\"item\":\"https:\\\/\\\/todotrial.com\\\/tienda\\\/shop\\\/\"},{\"@type\":\"ListItem\",\"position\":3,\"name\":\"Kit HFS PRO Velocidad (sin bomba) OSSA 250\"}]},{\"@type\":\"WebSite\",\"@id\":\"https:\\\/\\\/todotrial.com\\\/tienda\\\/#website\",\"url\":\"https:\\\/\\\/todotrial.com\\\/tienda\\\/\",\"name\":\"Tienda de todotrial\",\"description\":\"\",\"potentialAction\":[{\"@type\":\"SearchAction\",\"target\":{\"@type\":\"EntryPoint\",\"urlTemplate\":\"https:\\\/\\\/todotrial.com\\\/tienda\\\/?s={search_term_string}\"},\"query-input\":{\"@type\":\"PropertyValueSpecification\",\"valueRequired\":true,\"valueName\":\"search_term_string\"}}],\"inLanguage\":\"es\"}]}<\/script>\n<!-- \/ Yoast SEO Premium plugin. -->","yoast_head_json":{"title":"Kit HFS PRO Velocidad (sin bomba) OSSA 250 - Tienda de todotrial","robots":{"index":"index","follow":"follow","max-snippet":"max-snippet:-1","max-image-preview":"max-image-preview:large","max-video-preview":"max-video-preview:-1"},"canonical":"https:\/\/todotrial.com\/tienda\/hfs2016-03-13-18-52-06\/","og_locale":"es_ES","og_type":"article","og_title":"Kit HFS PRO Velocidad (sin bomba) OSSA 250","og_description":"Kit HFS PRO Velocidad (sin bomba) OSSA 250","og_url":"https:\/\/todotrial.com\/tienda\/hfs2016-03-13-18-52-06\/","og_site_name":"Tienda de todotrial","article_modified_time":"2025-05-13T20:27:53+00:00","og_image":[{"width":664,"height":417,"url":"https:\/\/todotrial.com\/tienda\/wp-content\/uploads\/2016\/03\/kit_-hfs_ossa_250.jpg","type":"image\/jpeg"}],"twitter_card":"summary_large_image","twitter_misc":{"Tiempo de lectura":"1 minuto"},"schema":{"@context":"https:\/\/schema.org","@graph":[{"@type":"WebPage","@id":"https:\/\/todotrial.com\/tienda\/hfs2016-03-13-18-52-06\/","url":"https:\/\/todotrial.com\/tienda\/hfs2016-03-13-18-52-06\/","name":"Kit HFS PRO Velocidad (sin bomba) OSSA 250 - Tienda de todotrial","isPartOf":{"@id":"https:\/\/todotrial.com\/tienda\/#website"},"primaryImageOfPage":{"@id":"https:\/\/todotrial.com\/tienda\/hfs2016-03-13-18-52-06\/#primaryimage"},"image":{"@id":"https:\/\/todotrial.com\/tienda\/hfs2016-03-13-18-52-06\/#primaryimage"},"thumbnailUrl":"https:\/\/todotrial.com\/tienda\/wp-content\/uploads\/2016\/03\/kit_-hfs_ossa_250.jpg","datePublished":"2025-03-19T12:55:10+00:00","dateModified":"2025-05-13T20:27:53+00:00","breadcrumb":{"@id":"https:\/\/todotrial.com\/tienda\/hfs2016-03-13-18-52-06\/#breadcrumb"},"inLanguage":"es","potentialAction":[{"@type":"ReadAction","target":["https:\/\/todotrial.com\/tienda\/hfs2016-03-13-18-52-06\/"]}]},{"@type":"ImageObject","inLanguage":"es","@id":"https:\/\/todotrial.com\/tienda\/hfs2016-03-13-18-52-06\/#primaryimage","url":"https:\/\/todotrial.com\/tienda\/wp-content\/uploads\/2016\/03\/kit_-hfs_ossa_250.jpg","contentUrl":"https:\/\/todotrial.com\/tienda\/wp-content\/uploads\/2016\/03\/kit_-hfs_ossa_250.jpg","width":664,"height":417},{"@type":"BreadcrumbList","@id":"https:\/\/todotrial.com\/tienda\/hfs2016-03-13-18-52-06\/#breadcrumb","itemListElement":[{"@type":"ListItem","position":1,"name":"Portada","item":"https:\/\/todotrial.com\/tienda\/"},{"@type":"ListItem","position":2,"name":"Shop","item":"https:\/\/todotrial.com\/tienda\/shop\/"},{"@type":"ListItem","position":3,"name":"Kit HFS PRO Velocidad (sin bomba) OSSA 250"}]},{"@type":"WebSite","@id":"https:\/\/todotrial.com\/tienda\/#website","url":"https:\/\/todotrial.com\/tienda\/","name":"Tienda de todotrial","description":"","potentialAction":[{"@type":"SearchAction","target":{"@type":"EntryPoint","urlTemplate":"https:\/\/todotrial.com\/tienda\/?s={search_term_string}"},"query-input":{"@type":"PropertyValueSpecification","valueRequired":true,"valueName":"search_term_string"}}],"inLanguage":"es"}]}},"_links":{"self":[{"href":"https:\/\/todotrial.com\/tienda\/wp-json\/wp\/v2\/product\/6156","targetHints":{"allow":["GET"]}}],"collection":[{"href":"https:\/\/todotrial.com\/tienda\/wp-json\/wp\/v2\/product"}],"about":[{"href":"https:\/\/todotrial.com\/tienda\/wp-json\/wp\/v2\/types\/product"}],"replies":[{"embeddable":true,"href":"https:\/\/todotrial.com\/tienda\/wp-json\/wp\/v2\/comments?post=6156"}],"version-history":[{"count":1,"href":"https:\/\/todotrial.com\/tienda\/wp-json\/wp\/v2\/product\/6156\/revisions"}],"predecessor-version":[{"id":53555,"href":"https:\/\/todotrial.com\/tienda\/wp-json\/wp\/v2\/product\/6156\/revisions\/53555"}],"wp:featuredmedia":[{"embeddable":true,"href":"https:\/\/todotrial.com\/tienda\/wp-json\/wp\/v2\/media\/6155"}],"wp:attachment":[{"href":"https:\/\/todotrial.com\/tienda\/wp-json\/wp\/v2\/media?parent=6156"}],"wp:term":[{"taxonomy":"product_brand","embeddable":true,"href":"https:\/\/todotrial.com\/tienda\/wp-json\/wp\/v2\/product_brand?post=6156"},{"taxonomy":"product_cat","embeddable":true,"href":"https:\/\/todotrial.com\/tienda\/wp-json\/wp\/v2\/product_cat?post=6156"},{"taxonomy":"product_tag","embeddable":true,"href":"https:\/\/todotrial.com\/tienda\/wp-json\/wp\/v2\/product_tag?post=6156"}],"curies":[{"name":"wp","href":"https:\/\/api.w.org\/{rel}","templated":true}]}}