{"id":6144,"date":"2020-07-02T19:40:57","date_gmt":"2020-07-02T19:40:57","guid":{"rendered":"https:\/\/todotrial.com\/tienda\/product\/kit-hfs-trial\/"},"modified":"2025-02-20T17:22:58","modified_gmt":"2025-02-20T16:22:58","slug":"kit-hfs-trial","status":"publish","type":"product","link":"https:\/\/todotrial.com\/tienda\/kit-hfs-trial\/","title":{"rendered":"KIT HFS PRO TRIAL sin bomba para BULTACO, OSSA, MONTESA, FANTIC, HONDA, YAMAHA, MERLIN, BETA, SWM"},"content":{"rendered":"<p>KIT HFS PRO TRIAL sin bomba<br \/>\nDisponible para los modelos:<\/p>\n<p>BULTACO<br \/>\nSherpa T Sammy Miller (1964)<br \/>\nSherpa T Mod. 10-2 (1966)<br \/>\nSherpa T Mod. 27 (1967)<br \/>\nSherpa T Mod. 49 (1968-1970)<br \/>\nSherpa T Mod. 80 (1971)<br \/>\nSherpa T Kit Mod. 92 (1972)<br \/>\nSherpa T Kit Mod. 125 (1974)<br \/>\nSherpa T Kit Mod. 151 (1974)<br \/>\nSherpa T Mod. 159 (1975)<br \/>\nSherpa T Mod. 183 Manuel Soler (1976)<br \/>\nSherpa T Mod. 191 (1976)<br \/>\nSherpa T Mod. 199 (1977)<br \/>\nSherpa T Mod. 199A (1977)<br \/>\nSherpa T Mod. 199B (1978)<\/p>\n<p>OSSA<br \/>\nMAR 250 1\u00aa Serie (1972)<br \/>\nMAR 250 74 (1974)<br \/>\nMAR 350 1\u00aa Serie (1975)<br \/>\nMAR 350 76 (1976)<br \/>\nMAR 250 (1977)<br \/>\nTR77 350\/250 (1977)<br \/>\nTR80 350 (1980)<br \/>\n303 (1983)<\/p>\n<p>MONTESA<br \/>\nCota 247 (1970-75)<br \/>\nCota 348 (1976)<br \/>\nCota 348 Malcom Ratmel \/ 2\u00aa Serie (1976-78)<br \/>\nCota 349 (1979)<br \/>\nCota 349 Blanca (1980)<br \/>\nCota 248 Blanca (1980)<br \/>\nCota 200 (1980)<br \/>\nCota 349 (1982)<br \/>\nCota 350 (1983)<br \/>\nCota 242 (1983-85)<br \/>\nCota 330 (1985)<\/p>\n<p>FANTIC<br \/>\n200<br \/>\n240 Professional<br \/>\n300<br \/>\nHONDA<br \/>\nTLR 200<br \/>\nTLR 250<br \/>\nRTL 250<\/p>\n<p>YAMAHA<br \/>\nTY 250 monoshock<\/p>\n<p>MERLIN<br \/>\nDG 3.50 (1983-84) -diametro de barra 35 mm.<\/p>\n<p>BETA<br \/>\nTR34<\/p>\n<p>SWM<br \/>\n320 TL Guanaco (1978)-diametro de barra 35 mm.<br \/>\n320 TL New (1981-82) -diametro de barra 35 mm.<br \/>\n350 Jumbo (1983) -diametro de barra 35 mm.<\/p>\n<p>El kit se compone de : (bomba no incluida; se compra aparte)<\/p>\n<p>&#8211; Ambas barras: elemento de aire y muelle<\/p>\n<p>&#8211; Manual de instrucciones.<\/p>\n<p>&nbsp;<\/p>\n<p>&#8211; Suspension progresiva para horquillas.<\/p>\n<p>&#8211; Dise\u00f1ado especificamente para la especialidad de Trial.<\/p>\n<p>&#8211; Mejora las caracteristicas del sistema tradicional.<\/p>\n<p>&#8211; Ajustable internamente.<\/p>\n<p>&#8211; Recargable con v\u00e1lvula de aire<\/p>\n<p>&#8211; Kit que incluye muelles de horquilla<\/p>\n<p>&#8211; Tapones de horquilla con acceso a v\u00e1lvula interno (no visible)<\/p>\n<p>&#8211; Incluye manual de instalaci\u00f3n (en espa\u00f1ol e ingl\u00e9s)<\/p>\n<p>&#8211; Incluye bomba con medidor de precisi\u00f3n para ajustar la presi\u00f3n en el elemento de aire.HFS (Hybrid Fork Suspensi\u00f3n) es un sistema de suspensi\u00f3n progresiva para horquillas delanteras de moto que combina las acciones de dos muelles en serie, uno de gas (aire) y otro helicoidal.<\/p>\n<p>Que es HFS<br \/>\nHFS (Hybrid Fork Suspensi\u00f3n) es un sistema de suspensi\u00f3n progresiva para horquillas delanteras de moto que combina las acciones de dos muelles en serie, uno de gas (aire) y otro helicoidal. El sistema est\u00e1 desarrollado para motos modernas Trail y Carretera, as\u00ed como para motos cl\u00e1sicas de Trial, Motocross y de Velocidad.<\/p>\n<p>El resultado que se obtiene con HFS es un comportamiento progresivo de la suspensi\u00f3n delantera. En la primera mitad del recorrido de horquilla aproximadamente el comportamiento es suave, absorbiendo eficazmente las irregularidades del terreno, endureci\u00e9ndose progresivamente teniendo al final m\u00e1s resistencia a hacer tope de suspensi\u00f3n.<\/p>\n<p>HFS es ajustable. El ajuste se hace con la presi\u00f3n aplicada al elemento de aire. El ajuste se hace en funci\u00f3n del peso del piloto o del tipo de conducci\u00f3n o pilotaje. Pilotos con m\u00e1s peso aplicar\u00e1n m\u00e1s presi\u00f3n y pilotos con menos peso pueden aplicar menos presi\u00f3n. Con esto se consigue tener el \u00absag\u00bb o hundimiento en parado \u00f3ptimo, utilizando realmente todo el recorrido de la suspensi\u00f3n.<\/p>\n<p>El sistema para trial cl\u00e1sico es dual; en una barra lleva el sistema progresivo con elemento de aire y en la otra barra un sistema de muelles ajustable para cambiar el punto donde empieza a endurecer la suspensi\u00f3n.<\/p>\n<p>HFS no altera estructuralmente la moto ya que se introduce dentro de las barras originales. No altera el sistema hidr\u00e1ulico de amortiguaci\u00f3n de la horquilla.<\/p>\n<p>Cumple as\u00ed los reglamentos de competici\u00f3n de cl\u00e1sicas.<\/p>\n<p>En 2013 ya est\u00e1 disponible el nuevo sistema HFS para Trial cl\u00e1sico. Se trata de un dise\u00f1o espec\u00edfico para esta especialidad, mejorando las caracter\u00edsticas del sistema HFS anterior.<\/p>\n<p>Disponible en 3 kits diferentes para ajustarse a todas las necesidades, desde el Kit Trial Expert, con todo inclu\u00eddo siguiendo por el Kit Clubman con o sin tapones de horquilla. Tambi\u00e9n hay disponible un Kit de muelles de horquilla de tres durezas distintas para adaptar a los otros kits.<\/p>\n<p>Como funciona<br \/>\nSe basa en el comportamiento no lineal de los gases.<\/p>\n<p>La funci\u00f3n el\u00e1stica de la horquilla se consigue mediante dos elementos colocados en serie: un elemento de gas y un muelle helicoidal.<\/p>\n<p>El gas utilizado es el aire. Al ser el volumen relativo alto, es suficientemente estable con el aumento de la temperatura durante el funcionamiento.<\/p>\n<p>La gr\u00e1fica muestra el efecto:<\/p>\n<p>La curva negra es la original de la moto.<br \/>\nLa curva roja es HFS\u00ae.<\/p>\n<p>Aspectos remarcables:<\/p>\n<p>El punto de partida de la curva roja, muestra el reglaje inicial (precarga). Es variable con la presi\u00f3n de ajuste en vac\u00edo.<\/p>\n<p>En la primera mitad aproximadamente del recorrido de la horquilla, la curva muestra un comportamiento m\u00e1s blando de la suspensi\u00f3n.<\/p>\n<p>A partir de la mitad del recorrido, la curva roja muestra un comportamiento m\u00e1s duro.<\/p>\n<p>El resultado practico que representan estas dos zonas de la curva HFS\u00ae, es una mejora en el comportamiento sobre terrenos con piedras sueltas, baches seguidos, rocas, frenada, etc &#8230;, mientras que cuando es necesario absorber un impacto alto, el sistema h\u00edbrido tiene un limite superior al sistema convencional.<\/p>\n<p>Componentes<br \/>\nEs importante remarcar que el sistema HFS\u00ae afecta solamente a la parte \u00abelastica\u00bb de la suspensi\u00f3n; la parte \u00abhidraulica\u00bb o \u00abamortiguadora\u00bb no queda alterada por nuestro sistema. Los componentes del sistema original (muelle, casquillo, arandela) son sustituidos por un muelle especial y por el elemento presurizable con aire.<\/p>\n<p>El elemento de gas se presuriza a trav\u00e9s de una v\u00e1lvula instalada en el tap\u00f3n superior de la barra de horquilla. La bomba especial se puede tambi\u00e9n adquirir, incluye man\u00f3metro incorporado para poder efectuar las operaciones de ajuste de la presi\u00f3n.<\/p>\n<p>Los materiales utilizados son de muy alta calidad y el sistema HFS\u00ae est\u00e1 garantizado por dos a\u00f1os ante cualquier defecto de fabricaci\u00f3n.<\/p>\n<p>El dise\u00f1o del sistema proporciona muy buenas prestaciones de la suspensi\u00f3n, consiguiendo una progresividad en el funcionamiento imposible de conseguir con los sistemas tradicionales. Con HFS\u00ae se consigue un comportamiento muy mejorado tanto en conducci\u00f3n off-road como en carretera; la suspensi\u00f3n absorbe con mucha eficacia las irregularidades del terreno, piedras sueltas, &#8230;, y a la vez, progresivamente, aumenta la resistencia a hacer tope de horquilla cuando es sometida a una utilizaci\u00f3n severa (gracias a su principio de funcionamiento y posibilidades de ajuste).<\/p>\n<p>En la gama de motos cl\u00e1sicas (Trial, Enduro, Velocidad en circuito), la v\u00e1lvula del tap\u00f3n superior queda oculta por un tap\u00f3n secundario roscado, de forma que se respeta el caracter antiguo de este tipo de motos, a la vez que se consigue una mejora muy notable en su comportamiento.<\/p>\n<p>Para variar el ajuste de presi\u00f3n, hay que desmontar el tapon secundario y queda accesible la v\u00e1lvula, fijada a su vez al tap\u00f3n principal.<\/p>\n<p>El sistema dual para Trial Cl\u00e1sico tiene en una de las barras un sistema de muelles con el que se puede cambiar el punto en el cual empieza la suspensi\u00f3n a endurecer m\u00e1s.<\/p>\n<p>&nbsp;<\/p>\n","protected":false},"excerpt":{"rendered":"<p>KIT HFS PRO TRIAL sin bomba<br \/>\nDisponible para los modelos:<\/p>\n<p>BULTACO<br \/>\nSherpa T Sammy Miller (1964)<br \/>\nSherpa T Mod. 10-2 (1966)<br \/>\nSherpa T Mod. 27 (1967)<br \/>\nSherpa T Mod. 49 (1968-1970)<br \/>\nSherpa T Mod. 80 (1971)<br \/>\nSherpa T Kit Mod. 92 (1972)<br \/>\nSherpa T Kit Mod. 125 (1974)<br \/>\nSherpa T Kit Mod. 151 (1974)<br \/>\nSherpa T Mod. 159 (1975)<br \/>\nSherpa T Mod. 183 Manuel Soler (1976)<br \/>\nSherpa T Mod. 191 (1976)<br \/>\nSherpa T Mod. 199 (1977)<br \/>\nSherpa T Mod. 199A (1977)<br \/>\nSherpa T Mod. 199B (1978)<\/p>\n<p>OSSA<br \/>\nMAR 250 1\u00aa Serie (1972)<br \/>\nMAR 250 74 (1974)<br \/>\nMAR 350 1\u00aa Serie (1975)<br \/>\nMAR 350 76 (1976)<br \/>\nMAR 250 (1977)<br \/>\nTR77 350\/250 (1977)<br \/>\nTR80 350 (1980)<br \/>\n303 (1983)<\/p>\n<p>MONTESA<br \/>\nCota 247 (1970-75)<br \/>\nCota 348 (1976)<br \/>\nCota 348 Malcom Ratmel \/ 2\u00aa Serie (1976-78)<br \/>\nCota 349 (1979)<br \/>\nCota 349 Blanca (1980)<br \/>\nCota 248 Blanca (1980)<br \/>\nCota 200 (1980)<br \/>\nCota 349 (1982)<br \/>\nCota 350 (1983)<br \/>\nCota 242 (1983-85)<br \/>\nCota 330 (1985)<\/p>\n<p>FANTIC<br \/>\n200<br \/>\n240 Professional<br \/>\n300<br \/>\nHONDA<br \/>\nTLR 200<br \/>\nTLR 250<br \/>\nRTL 250<\/p>\n<p>YAMAHA<br \/>\nTY 250 monoshock<\/p>\n<p>MERLIN<br \/>\nDG 3.50 (1983-84) -diametro de barra 35 mm.<\/p>\n<p>BETA<br \/>\nTR34<\/p>\n<p>SWM<br \/>\n320 TL Guanaco (1978)-diametro de barra 35 mm.<br \/>\n320 TL New (1981-82) -diametro de barra 35 mm.<br \/>\n350 Jumbo (1983) -diametro de barra 35 mm.<\/p>\n","protected":false},"featured_media":6143,"comment_status":"open","ping_status":"closed","template":"","meta":[],"product_brand":[],"product_cat":[15],"product_tag":[],"class_list":{"0":"post-6144","1":"product","2":"type-product","3":"status-publish","4":"has-post-thumbnail","6":"product_cat-uncategorized","8":"first","9":"instock","10":"taxable","11":"shipping-taxable","12":"purchasable","13":"product-type-simple"},"yoast_head":"<!-- This site is optimized with the Yoast SEO Premium plugin v21.2 (Yoast SEO v27.4) - https:\/\/yoast.com\/product\/yoast-seo-premium-wordpress\/ -->\n<title>KIT HFS PRO TRIAL sin bomba para BULTACO, OSSA, MONTESA, FANTIC, HONDA, YAMAHA, MERLIN, BETA, SWM - Tienda de todotrial<\/title>\n<meta name=\"robots\" content=\"index, follow, max-snippet:-1, max-image-preview:large, max-video-preview:-1\" \/>\n<link rel=\"canonical\" href=\"https:\/\/todotrial.com\/tienda\/kit-hfs-trial\/\" \/>\n<meta property=\"og:locale\" content=\"es_ES\" \/>\n<meta property=\"og:type\" content=\"article\" \/>\n<meta property=\"og:title\" content=\"KIT HFS PRO TRIAL sin bomba para BULTACO, OSSA, MONTESA, FANTIC, HONDA, YAMAHA, MERLIN, BETA, SWM\" \/>\n<meta property=\"og:description\" content=\"KIT HFS PRO TRIAL sin bomba Disponible para los modelos:  BULTACO Sherpa T Sammy Miller (1964) Sherpa T Mod. 10-2 (1966) Sherpa T Mod. 27 (1967) Sherpa T Mod. 49 (1968-1970) Sherpa T Mod. 80 (1971) Sherpa T Kit Mod. 92 (1972) Sherpa T Kit Mod. 125 (1974) Sherpa T Kit Mod. 151 (1974) Sherpa T Mod. 159 (1975) Sherpa T Mod. 183 Manuel Soler (1976) Sherpa T Mod. 191 (1976) Sherpa T Mod. 199 (1977) Sherpa T Mod. 199A (1977) Sherpa T Mod. 199B (1978)  OSSA MAR 250 1\u00aa Serie (1972) MAR 250 74 (1974) MAR 350 1\u00aa Serie (1975) MAR 350 76 (1976) MAR 250 (1977) TR77 350\/250 (1977) TR80 350 (1980) 303 (1983)  MONTESA Cota 247 (1970-75) Cota 348 (1976) Cota 348 Malcom Ratmel \/ 2\u00aa Serie (1976-78) Cota 349 (1979) Cota 349 Blanca (1980) Cota 248 Blanca (1980) Cota 200 (1980) Cota 349 (1982) Cota 350 (1983) Cota 242 (1983-85) Cota 330 (1985)  FANTIC 200 240 Professional 300 HONDA TLR 200 TLR 250 RTL 250  YAMAHA TY 250 monoshock  MERLIN DG 3.50 (1983-84) -diametro de barra 35 mm.  BETA TR34  SWM 320 TL Guanaco (1978)-diametro de barra 35 mm. 320 TL New (1981-82) -diametro de barra 35 mm. 350 Jumbo (1983) -diametro de barra 35 mm.\" \/>\n<meta property=\"og:url\" content=\"https:\/\/todotrial.com\/tienda\/kit-hfs-trial\/\" \/>\n<meta property=\"og:site_name\" content=\"Tienda de todotrial\" \/>\n<meta property=\"article:modified_time\" content=\"2025-02-20T16:22:58+00:00\" \/>\n<meta property=\"og:image\" content=\"https:\/\/todotrial.com\/tienda\/wp-content\/uploads\/2020\/07\/anuncio-venta-cross-velocidad_01-es_resized-300-211.jpg\" \/>\n\t<meta property=\"og:image:width\" content=\"300\" \/>\n\t<meta property=\"og:image:height\" content=\"211\" \/>\n\t<meta property=\"og:image:type\" content=\"image\/jpeg\" \/>\n<meta name=\"twitter:card\" content=\"summary_large_image\" \/>\n<meta name=\"twitter:label1\" content=\"Tiempo de lectura\" \/>\n\t<meta name=\"twitter:data1\" content=\"6 minutos\" \/>\n<script type=\"application\/ld+json\" class=\"yoast-schema-graph\">{\"@context\":\"https:\\\/\\\/schema.org\",\"@graph\":[{\"@type\":\"WebPage\",\"@id\":\"https:\\\/\\\/todotrial.com\\\/tienda\\\/kit-hfs-trial\\\/\",\"url\":\"https:\\\/\\\/todotrial.com\\\/tienda\\\/kit-hfs-trial\\\/\",\"name\":\"KIT HFS PRO TRIAL sin bomba para BULTACO, OSSA, MONTESA, FANTIC, HONDA, YAMAHA, MERLIN, BETA, SWM - Tienda de todotrial\",\"isPartOf\":{\"@id\":\"https:\\\/\\\/todotrial.com\\\/tienda\\\/#website\"},\"primaryImageOfPage\":{\"@id\":\"https:\\\/\\\/todotrial.com\\\/tienda\\\/kit-hfs-trial\\\/#primaryimage\"},\"image\":{\"@id\":\"https:\\\/\\\/todotrial.com\\\/tienda\\\/kit-hfs-trial\\\/#primaryimage\"},\"thumbnailUrl\":\"https:\\\/\\\/todotrial.com\\\/tienda\\\/wp-content\\\/uploads\\\/2020\\\/07\\\/anuncio-venta-cross-velocidad_01-es_resized-300-211.jpg\",\"datePublished\":\"2020-07-02T19:40:57+00:00\",\"dateModified\":\"2025-02-20T16:22:58+00:00\",\"breadcrumb\":{\"@id\":\"https:\\\/\\\/todotrial.com\\\/tienda\\\/kit-hfs-trial\\\/#breadcrumb\"},\"inLanguage\":\"es\",\"potentialAction\":[{\"@type\":\"ReadAction\",\"target\":[\"https:\\\/\\\/todotrial.com\\\/tienda\\\/kit-hfs-trial\\\/\"]}]},{\"@type\":\"ImageObject\",\"inLanguage\":\"es\",\"@id\":\"https:\\\/\\\/todotrial.com\\\/tienda\\\/kit-hfs-trial\\\/#primaryimage\",\"url\":\"https:\\\/\\\/todotrial.com\\\/tienda\\\/wp-content\\\/uploads\\\/2020\\\/07\\\/anuncio-venta-cross-velocidad_01-es_resized-300-211.jpg\",\"contentUrl\":\"https:\\\/\\\/todotrial.com\\\/tienda\\\/wp-content\\\/uploads\\\/2020\\\/07\\\/anuncio-venta-cross-velocidad_01-es_resized-300-211.jpg\",\"width\":300,\"height\":211},{\"@type\":\"BreadcrumbList\",\"@id\":\"https:\\\/\\\/todotrial.com\\\/tienda\\\/kit-hfs-trial\\\/#breadcrumb\",\"itemListElement\":[{\"@type\":\"ListItem\",\"position\":1,\"name\":\"Portada\",\"item\":\"https:\\\/\\\/todotrial.com\\\/tienda\\\/\"},{\"@type\":\"ListItem\",\"position\":2,\"name\":\"Shop\",\"item\":\"https:\\\/\\\/todotrial.com\\\/tienda\\\/shop\\\/\"},{\"@type\":\"ListItem\",\"position\":3,\"name\":\"KIT HFS PRO TRIAL sin bomba para BULTACO, OSSA, MONTESA, FANTIC, HONDA, YAMAHA, MERLIN, BETA, SWM\"}]},{\"@type\":\"WebSite\",\"@id\":\"https:\\\/\\\/todotrial.com\\\/tienda\\\/#website\",\"url\":\"https:\\\/\\\/todotrial.com\\\/tienda\\\/\",\"name\":\"Tienda de todotrial\",\"description\":\"\",\"potentialAction\":[{\"@type\":\"SearchAction\",\"target\":{\"@type\":\"EntryPoint\",\"urlTemplate\":\"https:\\\/\\\/todotrial.com\\\/tienda\\\/?s={search_term_string}\"},\"query-input\":{\"@type\":\"PropertyValueSpecification\",\"valueRequired\":true,\"valueName\":\"search_term_string\"}}],\"inLanguage\":\"es\"}]}<\/script>\n<!-- \/ Yoast SEO Premium plugin. -->","yoast_head_json":{"title":"KIT HFS PRO TRIAL sin bomba para BULTACO, OSSA, MONTESA, FANTIC, HONDA, YAMAHA, MERLIN, BETA, SWM - Tienda de todotrial","robots":{"index":"index","follow":"follow","max-snippet":"max-snippet:-1","max-image-preview":"max-image-preview:large","max-video-preview":"max-video-preview:-1"},"canonical":"https:\/\/todotrial.com\/tienda\/kit-hfs-trial\/","og_locale":"es_ES","og_type":"article","og_title":"KIT HFS PRO TRIAL sin bomba para BULTACO, OSSA, MONTESA, FANTIC, HONDA, YAMAHA, MERLIN, BETA, SWM","og_description":"KIT HFS PRO TRIAL sin bomba Disponible para los modelos:  BULTACO Sherpa T Sammy Miller (1964) Sherpa T Mod. 10-2 (1966) Sherpa T Mod. 27 (1967) Sherpa T Mod. 49 (1968-1970) Sherpa T Mod. 80 (1971) Sherpa T Kit Mod. 92 (1972) Sherpa T Kit Mod. 125 (1974) Sherpa T Kit Mod. 151 (1974) Sherpa T Mod. 159 (1975) Sherpa T Mod. 183 Manuel Soler (1976) Sherpa T Mod. 191 (1976) Sherpa T Mod. 199 (1977) Sherpa T Mod. 199A (1977) Sherpa T Mod. 199B (1978)  OSSA MAR 250 1\u00aa Serie (1972) MAR 250 74 (1974) MAR 350 1\u00aa Serie (1975) MAR 350 76 (1976) MAR 250 (1977) TR77 350\/250 (1977) TR80 350 (1980) 303 (1983)  MONTESA Cota 247 (1970-75) Cota 348 (1976) Cota 348 Malcom Ratmel \/ 2\u00aa Serie (1976-78) Cota 349 (1979) Cota 349 Blanca (1980) Cota 248 Blanca (1980) Cota 200 (1980) Cota 349 (1982) Cota 350 (1983) Cota 242 (1983-85) Cota 330 (1985)  FANTIC 200 240 Professional 300 HONDA TLR 200 TLR 250 RTL 250  YAMAHA TY 250 monoshock  MERLIN DG 3.50 (1983-84) -diametro de barra 35 mm.  BETA TR34  SWM 320 TL Guanaco (1978)-diametro de barra 35 mm. 320 TL New (1981-82) -diametro de barra 35 mm. 350 Jumbo (1983) -diametro de barra 35 mm.","og_url":"https:\/\/todotrial.com\/tienda\/kit-hfs-trial\/","og_site_name":"Tienda de todotrial","article_modified_time":"2025-02-20T16:22:58+00:00","og_image":[{"width":300,"height":211,"url":"https:\/\/todotrial.com\/tienda\/wp-content\/uploads\/2020\/07\/anuncio-venta-cross-velocidad_01-es_resized-300-211.jpg","type":"image\/jpeg"}],"twitter_card":"summary_large_image","twitter_misc":{"Tiempo de lectura":"6 minutos"},"schema":{"@context":"https:\/\/schema.org","@graph":[{"@type":"WebPage","@id":"https:\/\/todotrial.com\/tienda\/kit-hfs-trial\/","url":"https:\/\/todotrial.com\/tienda\/kit-hfs-trial\/","name":"KIT HFS PRO TRIAL sin bomba para BULTACO, OSSA, MONTESA, FANTIC, HONDA, YAMAHA, MERLIN, BETA, SWM - Tienda de todotrial","isPartOf":{"@id":"https:\/\/todotrial.com\/tienda\/#website"},"primaryImageOfPage":{"@id":"https:\/\/todotrial.com\/tienda\/kit-hfs-trial\/#primaryimage"},"image":{"@id":"https:\/\/todotrial.com\/tienda\/kit-hfs-trial\/#primaryimage"},"thumbnailUrl":"https:\/\/todotrial.com\/tienda\/wp-content\/uploads\/2020\/07\/anuncio-venta-cross-velocidad_01-es_resized-300-211.jpg","datePublished":"2020-07-02T19:40:57+00:00","dateModified":"2025-02-20T16:22:58+00:00","breadcrumb":{"@id":"https:\/\/todotrial.com\/tienda\/kit-hfs-trial\/#breadcrumb"},"inLanguage":"es","potentialAction":[{"@type":"ReadAction","target":["https:\/\/todotrial.com\/tienda\/kit-hfs-trial\/"]}]},{"@type":"ImageObject","inLanguage":"es","@id":"https:\/\/todotrial.com\/tienda\/kit-hfs-trial\/#primaryimage","url":"https:\/\/todotrial.com\/tienda\/wp-content\/uploads\/2020\/07\/anuncio-venta-cross-velocidad_01-es_resized-300-211.jpg","contentUrl":"https:\/\/todotrial.com\/tienda\/wp-content\/uploads\/2020\/07\/anuncio-venta-cross-velocidad_01-es_resized-300-211.jpg","width":300,"height":211},{"@type":"BreadcrumbList","@id":"https:\/\/todotrial.com\/tienda\/kit-hfs-trial\/#breadcrumb","itemListElement":[{"@type":"ListItem","position":1,"name":"Portada","item":"https:\/\/todotrial.com\/tienda\/"},{"@type":"ListItem","position":2,"name":"Shop","item":"https:\/\/todotrial.com\/tienda\/shop\/"},{"@type":"ListItem","position":3,"name":"KIT HFS PRO TRIAL sin bomba para BULTACO, OSSA, MONTESA, FANTIC, HONDA, YAMAHA, MERLIN, BETA, SWM"}]},{"@type":"WebSite","@id":"https:\/\/todotrial.com\/tienda\/#website","url":"https:\/\/todotrial.com\/tienda\/","name":"Tienda de todotrial","description":"","potentialAction":[{"@type":"SearchAction","target":{"@type":"EntryPoint","urlTemplate":"https:\/\/todotrial.com\/tienda\/?s={search_term_string}"},"query-input":{"@type":"PropertyValueSpecification","valueRequired":true,"valueName":"search_term_string"}}],"inLanguage":"es"}]}},"_links":{"self":[{"href":"https:\/\/todotrial.com\/tienda\/wp-json\/wp\/v2\/product\/6144","targetHints":{"allow":["GET"]}}],"collection":[{"href":"https:\/\/todotrial.com\/tienda\/wp-json\/wp\/v2\/product"}],"about":[{"href":"https:\/\/todotrial.com\/tienda\/wp-json\/wp\/v2\/types\/product"}],"replies":[{"embeddable":true,"href":"https:\/\/todotrial.com\/tienda\/wp-json\/wp\/v2\/comments?post=6144"}],"version-history":[{"count":0,"href":"https:\/\/todotrial.com\/tienda\/wp-json\/wp\/v2\/product\/6144\/revisions"}],"wp:featuredmedia":[{"embeddable":true,"href":"https:\/\/todotrial.com\/tienda\/wp-json\/wp\/v2\/media\/6143"}],"wp:attachment":[{"href":"https:\/\/todotrial.com\/tienda\/wp-json\/wp\/v2\/media?parent=6144"}],"wp:term":[{"taxonomy":"product_brand","embeddable":true,"href":"https:\/\/todotrial.com\/tienda\/wp-json\/wp\/v2\/product_brand?post=6144"},{"taxonomy":"product_cat","embeddable":true,"href":"https:\/\/todotrial.com\/tienda\/wp-json\/wp\/v2\/product_cat?post=6144"},{"taxonomy":"product_tag","embeddable":true,"href":"https:\/\/todotrial.com\/tienda\/wp-json\/wp\/v2\/product_tag?post=6144"}],"curies":[{"name":"wp","href":"https:\/\/api.w.org\/{rel}","templated":true}]}}