{"id":6121,"date":"2020-07-02T19:39:46","date_gmt":"2020-07-02T19:39:46","guid":{"rendered":"https:\/\/todotrial.com\/tienda\/product\/mando-luces2016-03-09-22-23-01\/"},"modified":"2025-02-20T17:23:05","modified_gmt":"2025-02-20T16:23:05","slug":"mando-luces2016-03-09-22-23-01","status":"publish","type":"product","link":"https:\/\/todotrial.com\/tienda\/mando-luces2016-03-09-22-23-01\/","title":{"rendered":"Mando Luces Izquierdo DOMIN\u00d3 con 1 metro de cable"},"content":{"rendered":"<p>Mando de luces izquierdo DOMIN\u00d3 con 1 metro de cable<br \/>\nIntermitentes, cl\u00e1xon, luces cortas, luces largas, r\u00e1fagas<\/p>\n","protected":false},"excerpt":{"rendered":"<p>Mando Luces Izquierdo DOMIN\u00d3 con 1 metro de cable<br \/>\nIntermitentes,Cl\u00e1xon,Luces cortas, Luces largas, Rafaga<\/p>\n","protected":false},"featured_media":6120,"comment_status":"open","ping_status":"closed","template":"","meta":[],"product_brand":[],"product_cat":[15],"product_tag":[],"class_list":{"0":"post-6121","1":"product","2":"type-product","3":"status-publish","4":"has-post-thumbnail","6":"product_cat-uncategorized","8":"first","9":"instock","10":"taxable","11":"shipping-taxable","12":"purchasable","13":"product-type-simple"},"yoast_head":"<!-- This site is optimized with the Yoast SEO Premium plugin v21.2 (Yoast SEO v27.5) - https:\/\/yoast.com\/product\/yoast-seo-premium-wordpress\/ -->\n<title>Mando Luces Izquierdo DOMIN\u00d3 con 1 metro de cable<\/title>\n<meta name=\"description\" content=\"Mando de luces izquierdo DOMIN\u00d3 con 1 metro de cable. Incluye mando para Intermitentes, cl\u00e1xon, luces cortas, luces largas, r\u00e1fagas\" \/>\n<meta name=\"robots\" content=\"index, follow, max-snippet:-1, max-image-preview:large, max-video-preview:-1\" \/>\n<link rel=\"canonical\" href=\"https:\/\/todotrial.com\/tienda\/mando-luces2016-03-09-22-23-01\/\" \/>\n<meta property=\"og:locale\" content=\"es_ES\" \/>\n<meta property=\"og:type\" content=\"article\" \/>\n<meta property=\"og:title\" content=\"Mando Luces Izquierdo DOMIN\u00d3 con 1 metro de cable\" \/>\n<meta property=\"og:description\" content=\"Mando de luces izquierdo DOMIN\u00d3 con 1 metro de cable. Incluye mando para Intermitentes, cl\u00e1xon, luces cortas, luces largas, r\u00e1fagas\" \/>\n<meta property=\"og:url\" content=\"https:\/\/todotrial.com\/tienda\/mando-luces2016-03-09-22-23-01\/\" \/>\n<meta property=\"og:site_name\" content=\"Tienda de todotrial\" \/>\n<meta property=\"article:modified_time\" content=\"2025-02-20T16:23:05+00:00\" \/>\n<meta property=\"og:image\" content=\"https:\/\/todotrial.com\/tienda\/wp-content\/uploads\/2020\/07\/mando_luces_izq_domino_2.jpg\" \/>\n\t<meta property=\"og:image:width\" content=\"272\" \/>\n\t<meta property=\"og:image:height\" content=\"238\" \/>\n\t<meta property=\"og:image:type\" content=\"image\/jpeg\" \/>\n<meta name=\"twitter:card\" content=\"summary_large_image\" \/>\n<meta name=\"twitter:label1\" content=\"Tiempo de lectura\" \/>\n\t<meta name=\"twitter:data1\" content=\"1 minuto\" \/>\n<script type=\"application\/ld+json\" class=\"yoast-schema-graph\">{\"@context\":\"https:\\\/\\\/schema.org\",\"@graph\":[{\"@type\":\"WebPage\",\"@id\":\"https:\\\/\\\/todotrial.com\\\/tienda\\\/mando-luces2016-03-09-22-23-01\\\/\",\"url\":\"https:\\\/\\\/todotrial.com\\\/tienda\\\/mando-luces2016-03-09-22-23-01\\\/\",\"name\":\"Mando Luces Izquierdo DOMIN\u00d3 con 1 metro de cable\",\"isPartOf\":{\"@id\":\"https:\\\/\\\/todotrial.com\\\/tienda\\\/#website\"},\"primaryImageOfPage\":{\"@id\":\"https:\\\/\\\/todotrial.com\\\/tienda\\\/mando-luces2016-03-09-22-23-01\\\/#primaryimage\"},\"image\":{\"@id\":\"https:\\\/\\\/todotrial.com\\\/tienda\\\/mando-luces2016-03-09-22-23-01\\\/#primaryimage\"},\"thumbnailUrl\":\"https:\\\/\\\/todotrial.com\\\/tienda\\\/wp-content\\\/uploads\\\/2020\\\/07\\\/mando_luces_izq_domino_2.jpg\",\"datePublished\":\"2020-07-02T19:39:46+00:00\",\"dateModified\":\"2025-02-20T16:23:05+00:00\",\"description\":\"Mando de luces izquierdo DOMIN\u00d3 con 1 metro de cable. Incluye mando para Intermitentes, cl\u00e1xon, luces cortas, luces largas, r\u00e1fagas\",\"breadcrumb\":{\"@id\":\"https:\\\/\\\/todotrial.com\\\/tienda\\\/mando-luces2016-03-09-22-23-01\\\/#breadcrumb\"},\"inLanguage\":\"es\",\"potentialAction\":[{\"@type\":\"ReadAction\",\"target\":[\"https:\\\/\\\/todotrial.com\\\/tienda\\\/mando-luces2016-03-09-22-23-01\\\/\"]}]},{\"@type\":\"ImageObject\",\"inLanguage\":\"es\",\"@id\":\"https:\\\/\\\/todotrial.com\\\/tienda\\\/mando-luces2016-03-09-22-23-01\\\/#primaryimage\",\"url\":\"https:\\\/\\\/todotrial.com\\\/tienda\\\/wp-content\\\/uploads\\\/2020\\\/07\\\/mando_luces_izq_domino_2.jpg\",\"contentUrl\":\"https:\\\/\\\/todotrial.com\\\/tienda\\\/wp-content\\\/uploads\\\/2020\\\/07\\\/mando_luces_izq_domino_2.jpg\",\"width\":272,\"height\":238},{\"@type\":\"BreadcrumbList\",\"@id\":\"https:\\\/\\\/todotrial.com\\\/tienda\\\/mando-luces2016-03-09-22-23-01\\\/#breadcrumb\",\"itemListElement\":[{\"@type\":\"ListItem\",\"position\":1,\"name\":\"Portada\",\"item\":\"https:\\\/\\\/todotrial.com\\\/tienda\\\/\"},{\"@type\":\"ListItem\",\"position\":2,\"name\":\"Shop\",\"item\":\"https:\\\/\\\/todotrial.com\\\/tienda\\\/shop\\\/\"},{\"@type\":\"ListItem\",\"position\":3,\"name\":\"Mando Luces Izquierdo DOMIN\u00d3 con 1 metro de cable\"}]},{\"@type\":\"WebSite\",\"@id\":\"https:\\\/\\\/todotrial.com\\\/tienda\\\/#website\",\"url\":\"https:\\\/\\\/todotrial.com\\\/tienda\\\/\",\"name\":\"Tienda de todotrial\",\"description\":\"\",\"potentialAction\":[{\"@type\":\"SearchAction\",\"target\":{\"@type\":\"EntryPoint\",\"urlTemplate\":\"https:\\\/\\\/todotrial.com\\\/tienda\\\/?s={search_term_string}\"},\"query-input\":{\"@type\":\"PropertyValueSpecification\",\"valueRequired\":true,\"valueName\":\"search_term_string\"}}],\"inLanguage\":\"es\"}]}<\/script>\n<!-- \/ Yoast SEO Premium plugin. -->","yoast_head_json":{"title":"Mando Luces Izquierdo DOMIN\u00d3 con 1 metro de cable","description":"Mando de luces izquierdo DOMIN\u00d3 con 1 metro de cable. Incluye mando para Intermitentes, cl\u00e1xon, luces cortas, luces largas, r\u00e1fagas","robots":{"index":"index","follow":"follow","max-snippet":"max-snippet:-1","max-image-preview":"max-image-preview:large","max-video-preview":"max-video-preview:-1"},"canonical":"https:\/\/todotrial.com\/tienda\/mando-luces2016-03-09-22-23-01\/","og_locale":"es_ES","og_type":"article","og_title":"Mando Luces Izquierdo DOMIN\u00d3 con 1 metro de cable","og_description":"Mando de luces izquierdo DOMIN\u00d3 con 1 metro de cable. Incluye mando para Intermitentes, cl\u00e1xon, luces cortas, luces largas, r\u00e1fagas","og_url":"https:\/\/todotrial.com\/tienda\/mando-luces2016-03-09-22-23-01\/","og_site_name":"Tienda de todotrial","article_modified_time":"2025-02-20T16:23:05+00:00","og_image":[{"width":272,"height":238,"url":"https:\/\/todotrial.com\/tienda\/wp-content\/uploads\/2020\/07\/mando_luces_izq_domino_2.jpg","type":"image\/jpeg"}],"twitter_card":"summary_large_image","twitter_misc":{"Tiempo de lectura":"1 minuto"},"schema":{"@context":"https:\/\/schema.org","@graph":[{"@type":"WebPage","@id":"https:\/\/todotrial.com\/tienda\/mando-luces2016-03-09-22-23-01\/","url":"https:\/\/todotrial.com\/tienda\/mando-luces2016-03-09-22-23-01\/","name":"Mando Luces Izquierdo DOMIN\u00d3 con 1 metro de cable","isPartOf":{"@id":"https:\/\/todotrial.com\/tienda\/#website"},"primaryImageOfPage":{"@id":"https:\/\/todotrial.com\/tienda\/mando-luces2016-03-09-22-23-01\/#primaryimage"},"image":{"@id":"https:\/\/todotrial.com\/tienda\/mando-luces2016-03-09-22-23-01\/#primaryimage"},"thumbnailUrl":"https:\/\/todotrial.com\/tienda\/wp-content\/uploads\/2020\/07\/mando_luces_izq_domino_2.jpg","datePublished":"2020-07-02T19:39:46+00:00","dateModified":"2025-02-20T16:23:05+00:00","description":"Mando de luces izquierdo DOMIN\u00d3 con 1 metro de cable. Incluye mando para Intermitentes, cl\u00e1xon, luces cortas, luces largas, r\u00e1fagas","breadcrumb":{"@id":"https:\/\/todotrial.com\/tienda\/mando-luces2016-03-09-22-23-01\/#breadcrumb"},"inLanguage":"es","potentialAction":[{"@type":"ReadAction","target":["https:\/\/todotrial.com\/tienda\/mando-luces2016-03-09-22-23-01\/"]}]},{"@type":"ImageObject","inLanguage":"es","@id":"https:\/\/todotrial.com\/tienda\/mando-luces2016-03-09-22-23-01\/#primaryimage","url":"https:\/\/todotrial.com\/tienda\/wp-content\/uploads\/2020\/07\/mando_luces_izq_domino_2.jpg","contentUrl":"https:\/\/todotrial.com\/tienda\/wp-content\/uploads\/2020\/07\/mando_luces_izq_domino_2.jpg","width":272,"height":238},{"@type":"BreadcrumbList","@id":"https:\/\/todotrial.com\/tienda\/mando-luces2016-03-09-22-23-01\/#breadcrumb","itemListElement":[{"@type":"ListItem","position":1,"name":"Portada","item":"https:\/\/todotrial.com\/tienda\/"},{"@type":"ListItem","position":2,"name":"Shop","item":"https:\/\/todotrial.com\/tienda\/shop\/"},{"@type":"ListItem","position":3,"name":"Mando Luces Izquierdo DOMIN\u00d3 con 1 metro de cable"}]},{"@type":"WebSite","@id":"https:\/\/todotrial.com\/tienda\/#website","url":"https:\/\/todotrial.com\/tienda\/","name":"Tienda de todotrial","description":"","potentialAction":[{"@type":"SearchAction","target":{"@type":"EntryPoint","urlTemplate":"https:\/\/todotrial.com\/tienda\/?s={search_term_string}"},"query-input":{"@type":"PropertyValueSpecification","valueRequired":true,"valueName":"search_term_string"}}],"inLanguage":"es"}]}},"_links":{"self":[{"href":"https:\/\/todotrial.com\/tienda\/wp-json\/wp\/v2\/product\/6121","targetHints":{"allow":["GET"]}}],"collection":[{"href":"https:\/\/todotrial.com\/tienda\/wp-json\/wp\/v2\/product"}],"about":[{"href":"https:\/\/todotrial.com\/tienda\/wp-json\/wp\/v2\/types\/product"}],"replies":[{"embeddable":true,"href":"https:\/\/todotrial.com\/tienda\/wp-json\/wp\/v2\/comments?post=6121"}],"version-history":[{"count":0,"href":"https:\/\/todotrial.com\/tienda\/wp-json\/wp\/v2\/product\/6121\/revisions"}],"wp:featuredmedia":[{"embeddable":true,"href":"https:\/\/todotrial.com\/tienda\/wp-json\/wp\/v2\/media\/6120"}],"wp:attachment":[{"href":"https:\/\/todotrial.com\/tienda\/wp-json\/wp\/v2\/media?parent=6121"}],"wp:term":[{"taxonomy":"product_brand","embeddable":true,"href":"https:\/\/todotrial.com\/tienda\/wp-json\/wp\/v2\/product_brand?post=6121"},{"taxonomy":"product_cat","embeddable":true,"href":"https:\/\/todotrial.com\/tienda\/wp-json\/wp\/v2\/product_cat?post=6121"},{"taxonomy":"product_tag","embeddable":true,"href":"https:\/\/todotrial.com\/tienda\/wp-json\/wp\/v2\/product_tag?post=6121"}],"curies":[{"name":"wp","href":"https:\/\/api.w.org\/{rel}","templated":true}]}}