{"id":575,"date":"2020-07-02T15:00:25","date_gmt":"2020-07-02T15:00:25","guid":{"rendered":"https:\/\/todotrial.com\/tienda\/product\/botas-rg\/"},"modified":"2025-02-20T17:34:50","modified_gmt":"2025-02-20T16:34:50","slug":"botas-rg","status":"publish","type":"product","link":"https:\/\/todotrial.com\/tienda\/botas-rg\/","title":{"rendered":"Botas RG Clasicas Rojo\/Negro Talla 40"},"content":{"rendered":"<p>Seguro que para los aficionados al trial de cl\u00e1sicas esta es una buena noticia. Las aut\u00e9nticas botas RG que se hicieron famosas entre los trialeros y endureros de los a\u00f1os 70, ahora vuelven a fabricarse en series limitadas. Se trata del modelo original pero mejorado en cuanto a sus materiales, con piel de primera calidad, mayor ligereza (1,250 kgs\/bota) que en el modelo original y con dos combinaciones de colores disponibles: rojo y negro<\/p>\n<p>El interior es acolchado, las sujecciones para las evillas met\u00e1licas, la suela es de trial con dibujo adherente y tienen puntera met\u00e1lica desmontable.<\/p>\n<p>Cada vez hay m\u00e1s personas a las que les gusta acudir a los triales de cl\u00e1sicas como en la \u00e9poca de las motos que utilizamos, equipados con ropa de los a\u00f1os 70 y 80, lo que da un aspecto mucho m\u00e1s acorde en un trial de cl\u00e1sicas. Y es que ir con ropa moderna, no queda nada bien, y menos de cara a las fotos de los reportajes de Todotrial y Trial Magazine, por poner un ejemplo&#8230; Las botas son el complemento m\u00e1s dificil de conseguir y ahora las ten\u00e9is disponibles a trav\u00e9s de Todotrial Shop.<\/p>\n<p>Desde comienzos de 2006 tenemos disponibilidad inmediata en tallas 41 , hasta agotar el stock. El precio en Europa es de 235 Euros, pero os las ofrecemos en oferta a 200 Euros.<\/p>\n","protected":false},"excerpt":{"rendered":"<p>Botas Clasicas RG<\/p>\n","protected":false},"featured_media":570,"comment_status":"open","ping_status":"closed","template":"","meta":[],"product_brand":[],"product_cat":[15],"product_tag":[],"class_list":{"0":"post-575","1":"product","2":"type-product","3":"status-publish","4":"has-post-thumbnail","6":"product_cat-uncategorized","8":"first","9":"instock","10":"taxable","11":"shipping-taxable","12":"purchasable","13":"product-type-simple"},"yoast_head":"<!-- This site is optimized with the Yoast SEO Premium plugin v21.2 (Yoast SEO v27.3) - https:\/\/yoast.com\/product\/yoast-seo-premium-wordpress\/ -->\n<title>Botas RG Clasicas Rojo\/Negro Talla 40 - Tienda de todotrial<\/title>\n<meta name=\"robots\" content=\"index, follow, max-snippet:-1, max-image-preview:large, max-video-preview:-1\" \/>\n<link rel=\"canonical\" href=\"https:\/\/todotrial.com\/tienda\/botas-rg\/\" \/>\n<meta property=\"og:locale\" content=\"es_ES\" \/>\n<meta property=\"og:type\" content=\"article\" \/>\n<meta property=\"og:title\" content=\"Botas RG Clasicas Rojo\/Negro Talla 40\" \/>\n<meta property=\"og:description\" content=\"Botas Clasicas RG\" \/>\n<meta property=\"og:url\" content=\"https:\/\/todotrial.com\/tienda\/botas-rg\/\" \/>\n<meta property=\"og:site_name\" content=\"Tienda de todotrial\" \/>\n<meta property=\"article:modified_time\" content=\"2025-02-20T16:34:50+00:00\" \/>\n<meta property=\"og:image\" content=\"https:\/\/todotrial.com\/tienda\/wp-content\/uploads\/2020\/07\/botasrg-r2.jpg\" \/>\n\t<meta property=\"og:image:width\" content=\"325\" \/>\n\t<meta property=\"og:image:height\" content=\"349\" \/>\n\t<meta property=\"og:image:type\" content=\"image\/jpeg\" \/>\n<meta name=\"twitter:card\" content=\"summary_large_image\" \/>\n<meta name=\"twitter:label1\" content=\"Tiempo de lectura\" \/>\n\t<meta name=\"twitter:data1\" content=\"1 minuto\" \/>\n<script type=\"application\/ld+json\" class=\"yoast-schema-graph\">{\"@context\":\"https:\\\/\\\/schema.org\",\"@graph\":[{\"@type\":\"WebPage\",\"@id\":\"https:\\\/\\\/todotrial.com\\\/tienda\\\/botas-rg\\\/\",\"url\":\"https:\\\/\\\/todotrial.com\\\/tienda\\\/botas-rg\\\/\",\"name\":\"Botas RG Clasicas Rojo\\\/Negro Talla 40 - Tienda de todotrial\",\"isPartOf\":{\"@id\":\"https:\\\/\\\/todotrial.com\\\/tienda\\\/#website\"},\"primaryImageOfPage\":{\"@id\":\"https:\\\/\\\/todotrial.com\\\/tienda\\\/botas-rg\\\/#primaryimage\"},\"image\":{\"@id\":\"https:\\\/\\\/todotrial.com\\\/tienda\\\/botas-rg\\\/#primaryimage\"},\"thumbnailUrl\":\"https:\\\/\\\/todotrial.com\\\/tienda\\\/wp-content\\\/uploads\\\/2020\\\/07\\\/botasrg-r2.jpg\",\"datePublished\":\"2020-07-02T15:00:25+00:00\",\"dateModified\":\"2025-02-20T16:34:50+00:00\",\"breadcrumb\":{\"@id\":\"https:\\\/\\\/todotrial.com\\\/tienda\\\/botas-rg\\\/#breadcrumb\"},\"inLanguage\":\"es\",\"potentialAction\":[{\"@type\":\"ReadAction\",\"target\":[\"https:\\\/\\\/todotrial.com\\\/tienda\\\/botas-rg\\\/\"]}]},{\"@type\":\"ImageObject\",\"inLanguage\":\"es\",\"@id\":\"https:\\\/\\\/todotrial.com\\\/tienda\\\/botas-rg\\\/#primaryimage\",\"url\":\"https:\\\/\\\/todotrial.com\\\/tienda\\\/wp-content\\\/uploads\\\/2020\\\/07\\\/botasrg-r2.jpg\",\"contentUrl\":\"https:\\\/\\\/todotrial.com\\\/tienda\\\/wp-content\\\/uploads\\\/2020\\\/07\\\/botasrg-r2.jpg\",\"width\":325,\"height\":349},{\"@type\":\"BreadcrumbList\",\"@id\":\"https:\\\/\\\/todotrial.com\\\/tienda\\\/botas-rg\\\/#breadcrumb\",\"itemListElement\":[{\"@type\":\"ListItem\",\"position\":1,\"name\":\"Portada\",\"item\":\"https:\\\/\\\/todotrial.com\\\/tienda\\\/\"},{\"@type\":\"ListItem\",\"position\":2,\"name\":\"Shop\",\"item\":\"https:\\\/\\\/todotrial.com\\\/tienda\\\/shop\\\/\"},{\"@type\":\"ListItem\",\"position\":3,\"name\":\"Botas RG Clasicas Rojo\\\/Negro Talla 40\"}]},{\"@type\":\"WebSite\",\"@id\":\"https:\\\/\\\/todotrial.com\\\/tienda\\\/#website\",\"url\":\"https:\\\/\\\/todotrial.com\\\/tienda\\\/\",\"name\":\"Tienda de todotrial\",\"description\":\"\",\"potentialAction\":[{\"@type\":\"SearchAction\",\"target\":{\"@type\":\"EntryPoint\",\"urlTemplate\":\"https:\\\/\\\/todotrial.com\\\/tienda\\\/?s={search_term_string}\"},\"query-input\":{\"@type\":\"PropertyValueSpecification\",\"valueRequired\":true,\"valueName\":\"search_term_string\"}}],\"inLanguage\":\"es\"}]}<\/script>\n<!-- \/ Yoast SEO Premium plugin. -->","yoast_head_json":{"title":"Botas RG Clasicas Rojo\/Negro Talla 40 - Tienda de todotrial","robots":{"index":"index","follow":"follow","max-snippet":"max-snippet:-1","max-image-preview":"max-image-preview:large","max-video-preview":"max-video-preview:-1"},"canonical":"https:\/\/todotrial.com\/tienda\/botas-rg\/","og_locale":"es_ES","og_type":"article","og_title":"Botas RG Clasicas Rojo\/Negro Talla 40","og_description":"Botas Clasicas RG","og_url":"https:\/\/todotrial.com\/tienda\/botas-rg\/","og_site_name":"Tienda de todotrial","article_modified_time":"2025-02-20T16:34:50+00:00","og_image":[{"width":325,"height":349,"url":"https:\/\/todotrial.com\/tienda\/wp-content\/uploads\/2020\/07\/botasrg-r2.jpg","type":"image\/jpeg"}],"twitter_card":"summary_large_image","twitter_misc":{"Tiempo de lectura":"1 minuto"},"schema":{"@context":"https:\/\/schema.org","@graph":[{"@type":"WebPage","@id":"https:\/\/todotrial.com\/tienda\/botas-rg\/","url":"https:\/\/todotrial.com\/tienda\/botas-rg\/","name":"Botas RG Clasicas Rojo\/Negro Talla 40 - Tienda de todotrial","isPartOf":{"@id":"https:\/\/todotrial.com\/tienda\/#website"},"primaryImageOfPage":{"@id":"https:\/\/todotrial.com\/tienda\/botas-rg\/#primaryimage"},"image":{"@id":"https:\/\/todotrial.com\/tienda\/botas-rg\/#primaryimage"},"thumbnailUrl":"https:\/\/todotrial.com\/tienda\/wp-content\/uploads\/2020\/07\/botasrg-r2.jpg","datePublished":"2020-07-02T15:00:25+00:00","dateModified":"2025-02-20T16:34:50+00:00","breadcrumb":{"@id":"https:\/\/todotrial.com\/tienda\/botas-rg\/#breadcrumb"},"inLanguage":"es","potentialAction":[{"@type":"ReadAction","target":["https:\/\/todotrial.com\/tienda\/botas-rg\/"]}]},{"@type":"ImageObject","inLanguage":"es","@id":"https:\/\/todotrial.com\/tienda\/botas-rg\/#primaryimage","url":"https:\/\/todotrial.com\/tienda\/wp-content\/uploads\/2020\/07\/botasrg-r2.jpg","contentUrl":"https:\/\/todotrial.com\/tienda\/wp-content\/uploads\/2020\/07\/botasrg-r2.jpg","width":325,"height":349},{"@type":"BreadcrumbList","@id":"https:\/\/todotrial.com\/tienda\/botas-rg\/#breadcrumb","itemListElement":[{"@type":"ListItem","position":1,"name":"Portada","item":"https:\/\/todotrial.com\/tienda\/"},{"@type":"ListItem","position":2,"name":"Shop","item":"https:\/\/todotrial.com\/tienda\/shop\/"},{"@type":"ListItem","position":3,"name":"Botas RG Clasicas Rojo\/Negro Talla 40"}]},{"@type":"WebSite","@id":"https:\/\/todotrial.com\/tienda\/#website","url":"https:\/\/todotrial.com\/tienda\/","name":"Tienda de todotrial","description":"","potentialAction":[{"@type":"SearchAction","target":{"@type":"EntryPoint","urlTemplate":"https:\/\/todotrial.com\/tienda\/?s={search_term_string}"},"query-input":{"@type":"PropertyValueSpecification","valueRequired":true,"valueName":"search_term_string"}}],"inLanguage":"es"}]}},"_links":{"self":[{"href":"https:\/\/todotrial.com\/tienda\/wp-json\/wp\/v2\/product\/575","targetHints":{"allow":["GET"]}}],"collection":[{"href":"https:\/\/todotrial.com\/tienda\/wp-json\/wp\/v2\/product"}],"about":[{"href":"https:\/\/todotrial.com\/tienda\/wp-json\/wp\/v2\/types\/product"}],"replies":[{"embeddable":true,"href":"https:\/\/todotrial.com\/tienda\/wp-json\/wp\/v2\/comments?post=575"}],"version-history":[{"count":0,"href":"https:\/\/todotrial.com\/tienda\/wp-json\/wp\/v2\/product\/575\/revisions"}],"wp:featuredmedia":[{"embeddable":true,"href":"https:\/\/todotrial.com\/tienda\/wp-json\/wp\/v2\/media\/570"}],"wp:attachment":[{"href":"https:\/\/todotrial.com\/tienda\/wp-json\/wp\/v2\/media?parent=575"}],"wp:term":[{"taxonomy":"product_brand","embeddable":true,"href":"https:\/\/todotrial.com\/tienda\/wp-json\/wp\/v2\/product_brand?post=575"},{"taxonomy":"product_cat","embeddable":true,"href":"https:\/\/todotrial.com\/tienda\/wp-json\/wp\/v2\/product_cat?post=575"},{"taxonomy":"product_tag","embeddable":true,"href":"https:\/\/todotrial.com\/tienda\/wp-json\/wp\/v2\/product_tag?post=575"}],"curies":[{"name":"wp","href":"https:\/\/api.w.org\/{rel}","templated":true}]}}