{"id":56247,"date":"2026-03-20T20:27:10","date_gmt":"2026-03-20T19:27:10","guid":{"rendered":"https:\/\/todotrial.com\/tienda\/?post_type=product&#038;p=56247"},"modified":"2026-03-20T20:27:29","modified_gmt":"2026-03-20T19:27:29","slug":"camiseta-bultaco-sherpa-kit-campeon","status":"publish","type":"product","link":"https:\/\/todotrial.com\/tienda\/camiseta-bultaco-sherpa-kit-campeon\/","title":{"rendered":"Camiseta Bultaco Sherpa Kit Campe\u00f3n"},"content":{"rendered":"<p>Manga corta. Impresi\u00f3n: solo frente. Tejido t\u00e9cnico, poli\u00e9ster 100% ligera y muy transpirable. 135 gr.<\/p>\n","protected":false},"excerpt":{"rendered":"<p>Manga corta. Impresi\u00f3n: solo frente. Tejido t\u00e9cnico, poli\u00e9ster 100% ligera y muy transpirable. 135 gr.<\/p>\n","protected":false},"featured_media":56248,"comment_status":"open","ping_status":"closed","template":"","meta":[],"product_brand":[],"product_cat":[11473],"product_tag":[],"class_list":{"0":"post-56247","1":"product","2":"type-product","3":"status-publish","4":"has-post-thumbnail","6":"product_cat-t-shirt","7":"pa_color-rojo","9":"first","10":"instock","11":"taxable","12":"shipping-taxable","13":"purchasable","14":"product-type-simple"},"yoast_head":"<!-- This site is optimized with the Yoast SEO Premium plugin v21.2 (Yoast SEO v27.3) - https:\/\/yoast.com\/product\/yoast-seo-premium-wordpress\/ -->\n<title>Bultaco Sherpa Kit Campe\u00f3n<\/title>\n<meta name=\"description\" content=\"Manga corta. Impresi\u00f3n: solo frente. Tejido t\u00e9cnico, poli\u00e9ster 100% ligera y muy transpirable. 135 gr.\" \/>\n<meta name=\"robots\" content=\"index, follow, max-snippet:-1, max-image-preview:large, max-video-preview:-1\" \/>\n<link rel=\"canonical\" href=\"https:\/\/todotrial.com\/tienda\/camiseta-bultaco-sherpa-kit-campeon\/\" \/>\n<meta property=\"og:locale\" content=\"es_ES\" \/>\n<meta property=\"og:type\" content=\"article\" \/>\n<meta property=\"og:title\" content=\"Camiseta Bultaco Sherpa Kit Campe\u00f3n\" \/>\n<meta property=\"og:description\" content=\"Manga corta. Impresi\u00f3n: solo frente. Tejido t\u00e9cnico, poli\u00e9ster 100% ligera y muy transpirable. 135 gr.\" \/>\n<meta property=\"og:url\" content=\"https:\/\/todotrial.com\/tienda\/camiseta-bultaco-sherpa-kit-campeon\/\" \/>\n<meta property=\"og:site_name\" content=\"Tienda de todotrial\" \/>\n<meta property=\"article:modified_time\" content=\"2026-03-20T19:27:29+00:00\" \/>\n<meta property=\"og:image\" content=\"https:\/\/todotrial.com\/tienda\/wp-content\/uploads\/2026\/03\/RS-CA-BULT003-1.jpg\" \/>\n\t<meta property=\"og:image:width\" content=\"1024\" \/>\n\t<meta property=\"og:image:height\" content=\"1024\" \/>\n\t<meta property=\"og:image:type\" content=\"image\/jpeg\" \/>\n<meta name=\"twitter:card\" content=\"summary_large_image\" \/>\n<meta name=\"twitter:label1\" content=\"Tiempo de lectura\" \/>\n\t<meta name=\"twitter:data1\" content=\"1 minuto\" \/>\n<script type=\"application\/ld+json\" class=\"yoast-schema-graph\">{\"@context\":\"https:\\\/\\\/schema.org\",\"@graph\":[{\"@type\":\"WebPage\",\"@id\":\"https:\\\/\\\/todotrial.com\\\/tienda\\\/camiseta-bultaco-sherpa-kit-campeon\\\/\",\"url\":\"https:\\\/\\\/todotrial.com\\\/tienda\\\/camiseta-bultaco-sherpa-kit-campeon\\\/\",\"name\":\"Bultaco Sherpa Kit Campe\u00f3n\",\"isPartOf\":{\"@id\":\"https:\\\/\\\/todotrial.com\\\/tienda\\\/#website\"},\"primaryImageOfPage\":{\"@id\":\"https:\\\/\\\/todotrial.com\\\/tienda\\\/camiseta-bultaco-sherpa-kit-campeon\\\/#primaryimage\"},\"image\":{\"@id\":\"https:\\\/\\\/todotrial.com\\\/tienda\\\/camiseta-bultaco-sherpa-kit-campeon\\\/#primaryimage\"},\"thumbnailUrl\":\"https:\\\/\\\/todotrial.com\\\/tienda\\\/wp-content\\\/uploads\\\/2026\\\/03\\\/RS-CA-BULT003-1.jpg\",\"datePublished\":\"2026-03-20T19:27:10+00:00\",\"dateModified\":\"2026-03-20T19:27:29+00:00\",\"description\":\"Manga corta. Impresi\u00f3n: solo frente. Tejido t\u00e9cnico, poli\u00e9ster 100% ligera y muy transpirable. 135 gr.\",\"breadcrumb\":{\"@id\":\"https:\\\/\\\/todotrial.com\\\/tienda\\\/camiseta-bultaco-sherpa-kit-campeon\\\/#breadcrumb\"},\"inLanguage\":\"es\",\"potentialAction\":[{\"@type\":\"ReadAction\",\"target\":[\"https:\\\/\\\/todotrial.com\\\/tienda\\\/camiseta-bultaco-sherpa-kit-campeon\\\/\"]}]},{\"@type\":\"ImageObject\",\"inLanguage\":\"es\",\"@id\":\"https:\\\/\\\/todotrial.com\\\/tienda\\\/camiseta-bultaco-sherpa-kit-campeon\\\/#primaryimage\",\"url\":\"https:\\\/\\\/todotrial.com\\\/tienda\\\/wp-content\\\/uploads\\\/2026\\\/03\\\/RS-CA-BULT003-1.jpg\",\"contentUrl\":\"https:\\\/\\\/todotrial.com\\\/tienda\\\/wp-content\\\/uploads\\\/2026\\\/03\\\/RS-CA-BULT003-1.jpg\",\"width\":1024,\"height\":1024},{\"@type\":\"BreadcrumbList\",\"@id\":\"https:\\\/\\\/todotrial.com\\\/tienda\\\/camiseta-bultaco-sherpa-kit-campeon\\\/#breadcrumb\",\"itemListElement\":[{\"@type\":\"ListItem\",\"position\":1,\"name\":\"Portada\",\"item\":\"https:\\\/\\\/todotrial.com\\\/tienda\\\/\"},{\"@type\":\"ListItem\",\"position\":2,\"name\":\"Shop\",\"item\":\"https:\\\/\\\/todotrial.com\\\/tienda\\\/shop\\\/\"},{\"@type\":\"ListItem\",\"position\":3,\"name\":\"Camiseta Bultaco Sherpa Kit Campe\u00f3n\"}]},{\"@type\":\"WebSite\",\"@id\":\"https:\\\/\\\/todotrial.com\\\/tienda\\\/#website\",\"url\":\"https:\\\/\\\/todotrial.com\\\/tienda\\\/\",\"name\":\"Tienda de todotrial\",\"description\":\"\",\"potentialAction\":[{\"@type\":\"SearchAction\",\"target\":{\"@type\":\"EntryPoint\",\"urlTemplate\":\"https:\\\/\\\/todotrial.com\\\/tienda\\\/?s={search_term_string}\"},\"query-input\":{\"@type\":\"PropertyValueSpecification\",\"valueRequired\":true,\"valueName\":\"search_term_string\"}}],\"inLanguage\":\"es\"}]}<\/script>\n<!-- \/ Yoast SEO Premium plugin. -->","yoast_head_json":{"title":"Bultaco Sherpa Kit Campe\u00f3n","description":"Manga corta. Impresi\u00f3n: solo frente. Tejido t\u00e9cnico, poli\u00e9ster 100% ligera y muy transpirable. 135 gr.","robots":{"index":"index","follow":"follow","max-snippet":"max-snippet:-1","max-image-preview":"max-image-preview:large","max-video-preview":"max-video-preview:-1"},"canonical":"https:\/\/todotrial.com\/tienda\/camiseta-bultaco-sherpa-kit-campeon\/","og_locale":"es_ES","og_type":"article","og_title":"Camiseta Bultaco Sherpa Kit Campe\u00f3n","og_description":"Manga corta. Impresi\u00f3n: solo frente. Tejido t\u00e9cnico, poli\u00e9ster 100% ligera y muy transpirable. 135 gr.","og_url":"https:\/\/todotrial.com\/tienda\/camiseta-bultaco-sherpa-kit-campeon\/","og_site_name":"Tienda de todotrial","article_modified_time":"2026-03-20T19:27:29+00:00","og_image":[{"width":1024,"height":1024,"url":"https:\/\/todotrial.com\/tienda\/wp-content\/uploads\/2026\/03\/RS-CA-BULT003-1.jpg","type":"image\/jpeg"}],"twitter_card":"summary_large_image","twitter_misc":{"Tiempo de lectura":"1 minuto"},"schema":{"@context":"https:\/\/schema.org","@graph":[{"@type":"WebPage","@id":"https:\/\/todotrial.com\/tienda\/camiseta-bultaco-sherpa-kit-campeon\/","url":"https:\/\/todotrial.com\/tienda\/camiseta-bultaco-sherpa-kit-campeon\/","name":"Bultaco Sherpa Kit Campe\u00f3n","isPartOf":{"@id":"https:\/\/todotrial.com\/tienda\/#website"},"primaryImageOfPage":{"@id":"https:\/\/todotrial.com\/tienda\/camiseta-bultaco-sherpa-kit-campeon\/#primaryimage"},"image":{"@id":"https:\/\/todotrial.com\/tienda\/camiseta-bultaco-sherpa-kit-campeon\/#primaryimage"},"thumbnailUrl":"https:\/\/todotrial.com\/tienda\/wp-content\/uploads\/2026\/03\/RS-CA-BULT003-1.jpg","datePublished":"2026-03-20T19:27:10+00:00","dateModified":"2026-03-20T19:27:29+00:00","description":"Manga corta. Impresi\u00f3n: solo frente. Tejido t\u00e9cnico, poli\u00e9ster 100% ligera y muy transpirable. 135 gr.","breadcrumb":{"@id":"https:\/\/todotrial.com\/tienda\/camiseta-bultaco-sherpa-kit-campeon\/#breadcrumb"},"inLanguage":"es","potentialAction":[{"@type":"ReadAction","target":["https:\/\/todotrial.com\/tienda\/camiseta-bultaco-sherpa-kit-campeon\/"]}]},{"@type":"ImageObject","inLanguage":"es","@id":"https:\/\/todotrial.com\/tienda\/camiseta-bultaco-sherpa-kit-campeon\/#primaryimage","url":"https:\/\/todotrial.com\/tienda\/wp-content\/uploads\/2026\/03\/RS-CA-BULT003-1.jpg","contentUrl":"https:\/\/todotrial.com\/tienda\/wp-content\/uploads\/2026\/03\/RS-CA-BULT003-1.jpg","width":1024,"height":1024},{"@type":"BreadcrumbList","@id":"https:\/\/todotrial.com\/tienda\/camiseta-bultaco-sherpa-kit-campeon\/#breadcrumb","itemListElement":[{"@type":"ListItem","position":1,"name":"Portada","item":"https:\/\/todotrial.com\/tienda\/"},{"@type":"ListItem","position":2,"name":"Shop","item":"https:\/\/todotrial.com\/tienda\/shop\/"},{"@type":"ListItem","position":3,"name":"Camiseta Bultaco Sherpa Kit Campe\u00f3n"}]},{"@type":"WebSite","@id":"https:\/\/todotrial.com\/tienda\/#website","url":"https:\/\/todotrial.com\/tienda\/","name":"Tienda de todotrial","description":"","potentialAction":[{"@type":"SearchAction","target":{"@type":"EntryPoint","urlTemplate":"https:\/\/todotrial.com\/tienda\/?s={search_term_string}"},"query-input":{"@type":"PropertyValueSpecification","valueRequired":true,"valueName":"search_term_string"}}],"inLanguage":"es"}]}},"_links":{"self":[{"href":"https:\/\/todotrial.com\/tienda\/wp-json\/wp\/v2\/product\/56247","targetHints":{"allow":["GET"]}}],"collection":[{"href":"https:\/\/todotrial.com\/tienda\/wp-json\/wp\/v2\/product"}],"about":[{"href":"https:\/\/todotrial.com\/tienda\/wp-json\/wp\/v2\/types\/product"}],"replies":[{"embeddable":true,"href":"https:\/\/todotrial.com\/tienda\/wp-json\/wp\/v2\/comments?post=56247"}],"version-history":[{"count":1,"href":"https:\/\/todotrial.com\/tienda\/wp-json\/wp\/v2\/product\/56247\/revisions"}],"predecessor-version":[{"id":56249,"href":"https:\/\/todotrial.com\/tienda\/wp-json\/wp\/v2\/product\/56247\/revisions\/56249"}],"wp:featuredmedia":[{"embeddable":true,"href":"https:\/\/todotrial.com\/tienda\/wp-json\/wp\/v2\/media\/56248"}],"wp:attachment":[{"href":"https:\/\/todotrial.com\/tienda\/wp-json\/wp\/v2\/media?parent=56247"}],"wp:term":[{"taxonomy":"product_brand","embeddable":true,"href":"https:\/\/todotrial.com\/tienda\/wp-json\/wp\/v2\/product_brand?post=56247"},{"taxonomy":"product_cat","embeddable":true,"href":"https:\/\/todotrial.com\/tienda\/wp-json\/wp\/v2\/product_cat?post=56247"},{"taxonomy":"product_tag","embeddable":true,"href":"https:\/\/todotrial.com\/tienda\/wp-json\/wp\/v2\/product_tag?post=56247"}],"curies":[{"name":"wp","href":"https:\/\/api.w.org\/{rel}","templated":true}]}}