{"id":56225,"date":"2026-03-19T12:50:04","date_gmt":"2026-03-19T11:50:04","guid":{"rendered":"https:\/\/todotrial.com\/tienda\/?post_type=product&#038;p=56225"},"modified":"2026-03-19T13:12:34","modified_gmt":"2026-03-19T12:12:34","slug":"kit-suspension-para-horquillas-trial-hfs-expert-mk2","status":"publish","type":"product","link":"https:\/\/todotrial.com\/tienda\/kit-suspension-para-horquillas-trial-hfs-expert-mk2\/","title":{"rendered":"Kit suspensi\u00f3n para horquillas Trial HFS Expert MK2"},"content":{"rendered":"<p>HFS, expertos en suspensiones para motos cl\u00e1sicas lanzan en este a\u00f1o 2026 un nuevo producto para Trial Cl\u00e1sico: <strong>KIT EXPERT MK2<\/strong>.<\/p>\n<p>El objetivo del desarrollo ha sido conseguir un comportamiento lo m\u00e1s similar posible a la curva progresiva continua que proporciona el cartucho de aire con un sistema basado en un conjunto de muelles, sin usar un cartucho de aire.<\/p>\n<p>La respuesta progresiva se ha conseguido por el uso de tres muelles y dos espaciadores espec\u00edficos en cada barra.<\/p>\n<p>La ventaja para el cliente es no necesitar una bomba para presurizar (ya que no tiene cartucho), y un precio m\u00e1s competitivo.<\/p>\n<p>Se trata de una excelente oportunidad para actualizar la suspensi\u00f3n original de una moto de trial cl\u00e1sica de una manera sencilla. Mantiene su integridad estructural, sin a\u00f1adir alteraciones visibles.<\/p>\n<p>Disponible para motos cl\u00e1sicas de trial de las siguientes marcas<\/p>\n<ol>\n<li>Ossa<\/li>\n<li>Bultaco<\/li>\n<li>Montesa<\/li>\n<li>Fantic<\/li>\n<li>Beta<\/li>\n<li>Merl\u00edn<\/li>\n<li>SWM<\/li>\n<li>Yamaha<\/li>\n<li>Yamaha TY 250 mod 516 (barra de 34 mm)<\/li>\n<li>Honda<\/li>\n<li>Honda TLR 200 Reflex (barra de 33 mm)<\/li>\n<li>Kawasaki KT 250 (barra de 34 mm)<\/li>\n<li>Otros modelos<\/li>\n<\/ol>\n<p>Al hacer el pedido indicar en el apartado de observaciones, moto y modelo, as\u00ed como peso del piloto con la equipaci\u00f3n puesta (casco, botas, etc)<\/p>\n<p>&nbsp;<\/p>\n","protected":false},"excerpt":{"rendered":"<p>Kit suspensi\u00f3n para horquillas de motos de Trial HFS Expert MK2<\/p>\n","protected":false},"featured_media":56233,"comment_status":"open","ping_status":"closed","template":"","meta":[],"product_brand":[],"product_cat":[11404,11607,11775],"product_tag":[],"class_list":{"0":"post-56225","1":"product","2":"type-product","3":"status-publish","4":"has-post-thumbnail","6":"product_cat-horquillas","7":"product_cat-suspension-clasicas-nowtrial","8":"product_cat-suspension-piezas-moto-trial","10":"first","11":"instock","12":"taxable","13":"shipping-taxable","14":"purchasable","15":"product-type-simple"},"yoast_head":"<!-- This site is optimized with the Yoast SEO Premium plugin v21.2 (Yoast SEO v27.3) - https:\/\/yoast.com\/product\/yoast-seo-premium-wordpress\/ -->\n<title>Kit suspensi\u00f3n para horquillas de motos de Trial HFS Expert MK2<\/title>\n<meta name=\"description\" content=\"Kit para mejorar la suspensi\u00f3n delantera de motos de trial cl\u00e1sicas, econ\u00f3mico y con excelentes prestaciones, disponible para todas las marcas\" \/>\n<meta name=\"robots\" content=\"index, follow, max-snippet:-1, max-image-preview:large, max-video-preview:-1\" \/>\n<link rel=\"canonical\" href=\"https:\/\/todotrial.com\/tienda\/kit-suspension-para-horquillas-trial-hfs-expert-mk2\/\" \/>\n<meta property=\"og:locale\" content=\"es_ES\" \/>\n<meta property=\"og:type\" content=\"article\" \/>\n<meta property=\"og:title\" content=\"Kit suspensi\u00f3n para horquillas Trial HFS Expert MK2\" \/>\n<meta property=\"og:description\" content=\"Kit para mejorar la suspensi\u00f3n delantera de motos de trial cl\u00e1sicas, econ\u00f3mico y con excelentes prestaciones, disponible para todas las marcas\" \/>\n<meta property=\"og:url\" content=\"https:\/\/todotrial.com\/tienda\/kit-suspension-para-horquillas-trial-hfs-expert-mk2\/\" \/>\n<meta property=\"og:site_name\" content=\"Tienda de todotrial\" \/>\n<meta property=\"article:modified_time\" content=\"2026-03-19T12:12:34+00:00\" \/>\n<meta property=\"og:image\" content=\"https:\/\/todotrial.com\/tienda\/wp-content\/uploads\/2026\/03\/suspension-motos-clasicas-hfs_10-Sistema-completo-04.jpg\" \/>\n\t<meta property=\"og:image:width\" content=\"1200\" \/>\n\t<meta property=\"og:image:height\" content=\"830\" \/>\n\t<meta property=\"og:image:type\" content=\"image\/jpeg\" \/>\n<meta name=\"twitter:card\" content=\"summary_large_image\" \/>\n<meta name=\"twitter:label1\" content=\"Tiempo de lectura\" \/>\n\t<meta name=\"twitter:data1\" content=\"2 minutos\" \/>\n<script type=\"application\/ld+json\" class=\"yoast-schema-graph\">{\"@context\":\"https:\\\/\\\/schema.org\",\"@graph\":[{\"@type\":\"WebPage\",\"@id\":\"https:\\\/\\\/todotrial.com\\\/tienda\\\/kit-suspension-para-horquillas-trial-hfs-expert-mk2\\\/\",\"url\":\"https:\\\/\\\/todotrial.com\\\/tienda\\\/kit-suspension-para-horquillas-trial-hfs-expert-mk2\\\/\",\"name\":\"Kit suspensi\u00f3n para horquillas de motos de Trial HFS Expert MK2\",\"isPartOf\":{\"@id\":\"https:\\\/\\\/todotrial.com\\\/tienda\\\/#website\"},\"primaryImageOfPage\":{\"@id\":\"https:\\\/\\\/todotrial.com\\\/tienda\\\/kit-suspension-para-horquillas-trial-hfs-expert-mk2\\\/#primaryimage\"},\"image\":{\"@id\":\"https:\\\/\\\/todotrial.com\\\/tienda\\\/kit-suspension-para-horquillas-trial-hfs-expert-mk2\\\/#primaryimage\"},\"thumbnailUrl\":\"https:\\\/\\\/todotrial.com\\\/tienda\\\/wp-content\\\/uploads\\\/2026\\\/03\\\/suspension-motos-clasicas-hfs_10-Sistema-completo-04.jpg\",\"datePublished\":\"2026-03-19T11:50:04+00:00\",\"dateModified\":\"2026-03-19T12:12:34+00:00\",\"description\":\"Kit para mejorar la suspensi\u00f3n delantera de motos de trial cl\u00e1sicas, econ\u00f3mico y con excelentes prestaciones, disponible para todas las marcas\",\"breadcrumb\":{\"@id\":\"https:\\\/\\\/todotrial.com\\\/tienda\\\/kit-suspension-para-horquillas-trial-hfs-expert-mk2\\\/#breadcrumb\"},\"inLanguage\":\"es\",\"potentialAction\":[{\"@type\":\"ReadAction\",\"target\":[\"https:\\\/\\\/todotrial.com\\\/tienda\\\/kit-suspension-para-horquillas-trial-hfs-expert-mk2\\\/\"]}]},{\"@type\":\"ImageObject\",\"inLanguage\":\"es\",\"@id\":\"https:\\\/\\\/todotrial.com\\\/tienda\\\/kit-suspension-para-horquillas-trial-hfs-expert-mk2\\\/#primaryimage\",\"url\":\"https:\\\/\\\/todotrial.com\\\/tienda\\\/wp-content\\\/uploads\\\/2026\\\/03\\\/suspension-motos-clasicas-hfs_10-Sistema-completo-04.jpg\",\"contentUrl\":\"https:\\\/\\\/todotrial.com\\\/tienda\\\/wp-content\\\/uploads\\\/2026\\\/03\\\/suspension-motos-clasicas-hfs_10-Sistema-completo-04.jpg\",\"width\":1200,\"height\":830},{\"@type\":\"BreadcrumbList\",\"@id\":\"https:\\\/\\\/todotrial.com\\\/tienda\\\/kit-suspension-para-horquillas-trial-hfs-expert-mk2\\\/#breadcrumb\",\"itemListElement\":[{\"@type\":\"ListItem\",\"position\":1,\"name\":\"Portada\",\"item\":\"https:\\\/\\\/todotrial.com\\\/tienda\\\/\"},{\"@type\":\"ListItem\",\"position\":2,\"name\":\"Shop\",\"item\":\"https:\\\/\\\/todotrial.com\\\/tienda\\\/shop\\\/\"},{\"@type\":\"ListItem\",\"position\":3,\"name\":\"Kit suspensi\u00f3n para horquillas Trial HFS Expert MK2\"}]},{\"@type\":\"WebSite\",\"@id\":\"https:\\\/\\\/todotrial.com\\\/tienda\\\/#website\",\"url\":\"https:\\\/\\\/todotrial.com\\\/tienda\\\/\",\"name\":\"Tienda de todotrial\",\"description\":\"\",\"potentialAction\":[{\"@type\":\"SearchAction\",\"target\":{\"@type\":\"EntryPoint\",\"urlTemplate\":\"https:\\\/\\\/todotrial.com\\\/tienda\\\/?s={search_term_string}\"},\"query-input\":{\"@type\":\"PropertyValueSpecification\",\"valueRequired\":true,\"valueName\":\"search_term_string\"}}],\"inLanguage\":\"es\"}]}<\/script>\n<!-- \/ Yoast SEO Premium plugin. -->","yoast_head_json":{"title":"Kit suspensi\u00f3n para horquillas de motos de Trial HFS Expert MK2","description":"Kit para mejorar la suspensi\u00f3n delantera de motos de trial cl\u00e1sicas, econ\u00f3mico y con excelentes prestaciones, disponible para todas las marcas","robots":{"index":"index","follow":"follow","max-snippet":"max-snippet:-1","max-image-preview":"max-image-preview:large","max-video-preview":"max-video-preview:-1"},"canonical":"https:\/\/todotrial.com\/tienda\/kit-suspension-para-horquillas-trial-hfs-expert-mk2\/","og_locale":"es_ES","og_type":"article","og_title":"Kit suspensi\u00f3n para horquillas Trial HFS Expert MK2","og_description":"Kit para mejorar la suspensi\u00f3n delantera de motos de trial cl\u00e1sicas, econ\u00f3mico y con excelentes prestaciones, disponible para todas las marcas","og_url":"https:\/\/todotrial.com\/tienda\/kit-suspension-para-horquillas-trial-hfs-expert-mk2\/","og_site_name":"Tienda de todotrial","article_modified_time":"2026-03-19T12:12:34+00:00","og_image":[{"width":1200,"height":830,"url":"https:\/\/todotrial.com\/tienda\/wp-content\/uploads\/2026\/03\/suspension-motos-clasicas-hfs_10-Sistema-completo-04.jpg","type":"image\/jpeg"}],"twitter_card":"summary_large_image","twitter_misc":{"Tiempo de lectura":"2 minutos"},"schema":{"@context":"https:\/\/schema.org","@graph":[{"@type":"WebPage","@id":"https:\/\/todotrial.com\/tienda\/kit-suspension-para-horquillas-trial-hfs-expert-mk2\/","url":"https:\/\/todotrial.com\/tienda\/kit-suspension-para-horquillas-trial-hfs-expert-mk2\/","name":"Kit suspensi\u00f3n para horquillas de motos de Trial HFS Expert MK2","isPartOf":{"@id":"https:\/\/todotrial.com\/tienda\/#website"},"primaryImageOfPage":{"@id":"https:\/\/todotrial.com\/tienda\/kit-suspension-para-horquillas-trial-hfs-expert-mk2\/#primaryimage"},"image":{"@id":"https:\/\/todotrial.com\/tienda\/kit-suspension-para-horquillas-trial-hfs-expert-mk2\/#primaryimage"},"thumbnailUrl":"https:\/\/todotrial.com\/tienda\/wp-content\/uploads\/2026\/03\/suspension-motos-clasicas-hfs_10-Sistema-completo-04.jpg","datePublished":"2026-03-19T11:50:04+00:00","dateModified":"2026-03-19T12:12:34+00:00","description":"Kit para mejorar la suspensi\u00f3n delantera de motos de trial cl\u00e1sicas, econ\u00f3mico y con excelentes prestaciones, disponible para todas las marcas","breadcrumb":{"@id":"https:\/\/todotrial.com\/tienda\/kit-suspension-para-horquillas-trial-hfs-expert-mk2\/#breadcrumb"},"inLanguage":"es","potentialAction":[{"@type":"ReadAction","target":["https:\/\/todotrial.com\/tienda\/kit-suspension-para-horquillas-trial-hfs-expert-mk2\/"]}]},{"@type":"ImageObject","inLanguage":"es","@id":"https:\/\/todotrial.com\/tienda\/kit-suspension-para-horquillas-trial-hfs-expert-mk2\/#primaryimage","url":"https:\/\/todotrial.com\/tienda\/wp-content\/uploads\/2026\/03\/suspension-motos-clasicas-hfs_10-Sistema-completo-04.jpg","contentUrl":"https:\/\/todotrial.com\/tienda\/wp-content\/uploads\/2026\/03\/suspension-motos-clasicas-hfs_10-Sistema-completo-04.jpg","width":1200,"height":830},{"@type":"BreadcrumbList","@id":"https:\/\/todotrial.com\/tienda\/kit-suspension-para-horquillas-trial-hfs-expert-mk2\/#breadcrumb","itemListElement":[{"@type":"ListItem","position":1,"name":"Portada","item":"https:\/\/todotrial.com\/tienda\/"},{"@type":"ListItem","position":2,"name":"Shop","item":"https:\/\/todotrial.com\/tienda\/shop\/"},{"@type":"ListItem","position":3,"name":"Kit suspensi\u00f3n para horquillas Trial HFS Expert MK2"}]},{"@type":"WebSite","@id":"https:\/\/todotrial.com\/tienda\/#website","url":"https:\/\/todotrial.com\/tienda\/","name":"Tienda de todotrial","description":"","potentialAction":[{"@type":"SearchAction","target":{"@type":"EntryPoint","urlTemplate":"https:\/\/todotrial.com\/tienda\/?s={search_term_string}"},"query-input":{"@type":"PropertyValueSpecification","valueRequired":true,"valueName":"search_term_string"}}],"inLanguage":"es"}]}},"_links":{"self":[{"href":"https:\/\/todotrial.com\/tienda\/wp-json\/wp\/v2\/product\/56225","targetHints":{"allow":["GET"]}}],"collection":[{"href":"https:\/\/todotrial.com\/tienda\/wp-json\/wp\/v2\/product"}],"about":[{"href":"https:\/\/todotrial.com\/tienda\/wp-json\/wp\/v2\/types\/product"}],"replies":[{"embeddable":true,"href":"https:\/\/todotrial.com\/tienda\/wp-json\/wp\/v2\/comments?post=56225"}],"version-history":[{"count":2,"href":"https:\/\/todotrial.com\/tienda\/wp-json\/wp\/v2\/product\/56225\/revisions"}],"predecessor-version":[{"id":56237,"href":"https:\/\/todotrial.com\/tienda\/wp-json\/wp\/v2\/product\/56225\/revisions\/56237"}],"wp:featuredmedia":[{"embeddable":true,"href":"https:\/\/todotrial.com\/tienda\/wp-json\/wp\/v2\/media\/56233"}],"wp:attachment":[{"href":"https:\/\/todotrial.com\/tienda\/wp-json\/wp\/v2\/media?parent=56225"}],"wp:term":[{"taxonomy":"product_brand","embeddable":true,"href":"https:\/\/todotrial.com\/tienda\/wp-json\/wp\/v2\/product_brand?post=56225"},{"taxonomy":"product_cat","embeddable":true,"href":"https:\/\/todotrial.com\/tienda\/wp-json\/wp\/v2\/product_cat?post=56225"},{"taxonomy":"product_tag","embeddable":true,"href":"https:\/\/todotrial.com\/tienda\/wp-json\/wp\/v2\/product_tag?post=56225"}],"curies":[{"name":"wp","href":"https:\/\/api.w.org\/{rel}","templated":true}]}}