{"id":56223,"date":"2026-03-19T12:33:52","date_gmt":"2026-03-19T11:33:52","guid":{"rendered":"https:\/\/todotrial.com\/tienda\/?post_type=product&#038;p=56223"},"modified":"2026-03-19T12:37:53","modified_gmt":"2026-03-19T11:37:53","slug":"amortiguadores-trial-clasicas-mxf-expert-honda-tlr-con-muelles-de-colores","status":"publish","type":"product","link":"https:\/\/todotrial.com\/tienda\/amortiguadores-trial-clasicas-mxf-expert-honda-tlr-con-muelles-de-colores\/","title":{"rendered":"Amortiguadores Trial Cl\u00e1sicas MxF Expert Honda TLR con muelles de colores"},"content":{"rendered":"<p><strong>MxF Expert para Honda TL y TLR 200 y 250<\/strong><\/p>\n<p>MxF es una nueva marca de amortiguadores para Trial de Cl\u00e1sicas, desarrollados por aut\u00e9nticos expertos en trial de cl\u00e1sicas tras muchos a\u00f1os de experiencia.<\/p>\n<p>Los MxF sin duda revolucionar\u00e1n el sector del Trial por su funcionamiento y su alta calidad, as\u00ed como por sus posibilidades de regulaci\u00f3n.<\/p>\n<p>El modelo sencillo MxF Expert, m\u00e1s econ\u00f3mico que el Racing, consta de <strong>un \u00fanico muelle en lugar de dos<\/strong>, e igualmente son amortiguadores de gas para trial de cl\u00e1sicas de competici\u00f3n, con c\u00e1mara separada de aceite-gas nitr\u00f3geno, sistema De Carbon y regulaci\u00f3n de precarga de muelle mediante rosca.<\/p>\n<p>Los <strong>muelles est\u00e1ndar vienen en color negro<\/strong>, pero tambi\u00e9n hay <strong>disponibles otros colores en opci\u00f3n<\/strong>.<\/p>\n<p><strong>Incluye kit de llaves<\/strong> para ajustar la precarga del muelle y adaptadores espec\u00edficos para cada modelo.<\/p>\n<p>Disponibles ya en tres medidas de distancia entre ejes: 340mm, 350mm y 360 mm, para Bultaco, Montesa, Ossa, Fantic, Honda y la mayor\u00eda de marcas de trialeras cl\u00e1sicas.<\/p>\n<p>Consultar disponibilidad indicando marca y modelo de moto y peso del piloto con equipaci\u00f3n, en el mail todotrial@todotrial.com.<\/p>\n","protected":false},"excerpt":{"rendered":"<p>Amortiguadores Trial de Cl\u00e1sicas de competici\u00f3n MxF Expert<\/p>\n","protected":false},"featured_media":39021,"comment_status":"open","ping_status":"closed","template":"","meta":[],"product_brand":[],"product_cat":[11607,15],"product_tag":[],"class_list":{"0":"post-56223","1":"product","2":"type-product","3":"status-publish","4":"has-post-thumbnail","6":"product_cat-suspension-clasicas-nowtrial","7":"product_cat-uncategorized","9":"first","10":"instock","11":"taxable","12":"shipping-taxable","13":"purchasable","14":"product-type-simple"},"yoast_head":"<!-- This site is optimized with the Yoast SEO Premium plugin v21.2 (Yoast SEO v27.3) - https:\/\/yoast.com\/product\/yoast-seo-premium-wordpress\/ -->\n<title>amortiguadores trial clasicas<\/title>\n<meta name=\"description\" content=\"Amortiguadores de gas para trial de cl\u00e1sicas de competici\u00f3n, Expert, con un \u00fanico muelle, versi\u00f3n m\u00e1s econ\u00f3mica que el modelo Racing\" \/>\n<meta name=\"robots\" content=\"index, follow, max-snippet:-1, max-image-preview:large, max-video-preview:-1\" \/>\n<link rel=\"canonical\" href=\"https:\/\/todotrial.com\/tienda\/amortiguadores-trial-clasicas-mxf-expert-honda-tlr-con-muelles-de-colores\/\" \/>\n<meta property=\"og:locale\" content=\"es_ES\" \/>\n<meta property=\"og:type\" content=\"article\" \/>\n<meta property=\"og:title\" content=\"Amortiguadores Trial Cl\u00e1sicas MxF Expert Honda TLR con muelles de colores\" \/>\n<meta property=\"og:description\" content=\"Amortiguadores de gas para trial de cl\u00e1sicas de competici\u00f3n, Expert, con un \u00fanico muelle, versi\u00f3n m\u00e1s econ\u00f3mica que el modelo Racing\" \/>\n<meta property=\"og:url\" content=\"https:\/\/todotrial.com\/tienda\/amortiguadores-trial-clasicas-mxf-expert-honda-tlr-con-muelles-de-colores\/\" \/>\n<meta property=\"og:site_name\" content=\"Tienda de todotrial\" \/>\n<meta property=\"article:modified_time\" content=\"2026-03-19T11:37:53+00:00\" \/>\n<meta property=\"og:image\" content=\"https:\/\/todotrial.com\/tienda\/wp-content\/uploads\/2023\/09\/amortiguadores-mxf-expert-1.jpg\" \/>\n\t<meta property=\"og:image:width\" content=\"1200\" \/>\n\t<meta property=\"og:image:height\" content=\"800\" \/>\n\t<meta property=\"og:image:type\" content=\"image\/jpeg\" \/>\n<meta name=\"twitter:card\" content=\"summary_large_image\" \/>\n<meta name=\"twitter:label1\" content=\"Tiempo de lectura\" \/>\n\t<meta name=\"twitter:data1\" content=\"2 minutos\" \/>\n<script type=\"application\/ld+json\" class=\"yoast-schema-graph\">{\"@context\":\"https:\\\/\\\/schema.org\",\"@graph\":[{\"@type\":\"WebPage\",\"@id\":\"https:\\\/\\\/todotrial.com\\\/tienda\\\/amortiguadores-trial-clasicas-mxf-expert-honda-tlr-con-muelles-de-colores\\\/\",\"url\":\"https:\\\/\\\/todotrial.com\\\/tienda\\\/amortiguadores-trial-clasicas-mxf-expert-honda-tlr-con-muelles-de-colores\\\/\",\"name\":\"amortiguadores trial clasicas\",\"isPartOf\":{\"@id\":\"https:\\\/\\\/todotrial.com\\\/tienda\\\/#website\"},\"primaryImageOfPage\":{\"@id\":\"https:\\\/\\\/todotrial.com\\\/tienda\\\/amortiguadores-trial-clasicas-mxf-expert-honda-tlr-con-muelles-de-colores\\\/#primaryimage\"},\"image\":{\"@id\":\"https:\\\/\\\/todotrial.com\\\/tienda\\\/amortiguadores-trial-clasicas-mxf-expert-honda-tlr-con-muelles-de-colores\\\/#primaryimage\"},\"thumbnailUrl\":\"https:\\\/\\\/todotrial.com\\\/tienda\\\/wp-content\\\/uploads\\\/2023\\\/09\\\/amortiguadores-mxf-expert-1.jpg\",\"datePublished\":\"2026-03-19T11:33:52+00:00\",\"dateModified\":\"2026-03-19T11:37:53+00:00\",\"description\":\"Amortiguadores de gas para trial de cl\u00e1sicas de competici\u00f3n, Expert, con un \u00fanico muelle, versi\u00f3n m\u00e1s econ\u00f3mica que el modelo Racing\",\"breadcrumb\":{\"@id\":\"https:\\\/\\\/todotrial.com\\\/tienda\\\/amortiguadores-trial-clasicas-mxf-expert-honda-tlr-con-muelles-de-colores\\\/#breadcrumb\"},\"inLanguage\":\"es\",\"potentialAction\":[{\"@type\":\"ReadAction\",\"target\":[\"https:\\\/\\\/todotrial.com\\\/tienda\\\/amortiguadores-trial-clasicas-mxf-expert-honda-tlr-con-muelles-de-colores\\\/\"]}]},{\"@type\":\"ImageObject\",\"inLanguage\":\"es\",\"@id\":\"https:\\\/\\\/todotrial.com\\\/tienda\\\/amortiguadores-trial-clasicas-mxf-expert-honda-tlr-con-muelles-de-colores\\\/#primaryimage\",\"url\":\"https:\\\/\\\/todotrial.com\\\/tienda\\\/wp-content\\\/uploads\\\/2023\\\/09\\\/amortiguadores-mxf-expert-1.jpg\",\"contentUrl\":\"https:\\\/\\\/todotrial.com\\\/tienda\\\/wp-content\\\/uploads\\\/2023\\\/09\\\/amortiguadores-mxf-expert-1.jpg\",\"width\":1200,\"height\":800},{\"@type\":\"BreadcrumbList\",\"@id\":\"https:\\\/\\\/todotrial.com\\\/tienda\\\/amortiguadores-trial-clasicas-mxf-expert-honda-tlr-con-muelles-de-colores\\\/#breadcrumb\",\"itemListElement\":[{\"@type\":\"ListItem\",\"position\":1,\"name\":\"Portada\",\"item\":\"https:\\\/\\\/todotrial.com\\\/tienda\\\/\"},{\"@type\":\"ListItem\",\"position\":2,\"name\":\"Shop\",\"item\":\"https:\\\/\\\/todotrial.com\\\/tienda\\\/shop\\\/\"},{\"@type\":\"ListItem\",\"position\":3,\"name\":\"Amortiguadores Trial Cl\u00e1sicas MxF Expert Honda TLR con muelles de colores\"}]},{\"@type\":\"WebSite\",\"@id\":\"https:\\\/\\\/todotrial.com\\\/tienda\\\/#website\",\"url\":\"https:\\\/\\\/todotrial.com\\\/tienda\\\/\",\"name\":\"Tienda de todotrial\",\"description\":\"\",\"potentialAction\":[{\"@type\":\"SearchAction\",\"target\":{\"@type\":\"EntryPoint\",\"urlTemplate\":\"https:\\\/\\\/todotrial.com\\\/tienda\\\/?s={search_term_string}\"},\"query-input\":{\"@type\":\"PropertyValueSpecification\",\"valueRequired\":true,\"valueName\":\"search_term_string\"}}],\"inLanguage\":\"es\"}]}<\/script>\n<!-- \/ Yoast SEO Premium plugin. -->","yoast_head_json":{"title":"amortiguadores trial clasicas","description":"Amortiguadores de gas para trial de cl\u00e1sicas de competici\u00f3n, Expert, con un \u00fanico muelle, versi\u00f3n m\u00e1s econ\u00f3mica que el modelo Racing","robots":{"index":"index","follow":"follow","max-snippet":"max-snippet:-1","max-image-preview":"max-image-preview:large","max-video-preview":"max-video-preview:-1"},"canonical":"https:\/\/todotrial.com\/tienda\/amortiguadores-trial-clasicas-mxf-expert-honda-tlr-con-muelles-de-colores\/","og_locale":"es_ES","og_type":"article","og_title":"Amortiguadores Trial Cl\u00e1sicas MxF Expert Honda TLR con muelles de colores","og_description":"Amortiguadores de gas para trial de cl\u00e1sicas de competici\u00f3n, Expert, con un \u00fanico muelle, versi\u00f3n m\u00e1s econ\u00f3mica que el modelo Racing","og_url":"https:\/\/todotrial.com\/tienda\/amortiguadores-trial-clasicas-mxf-expert-honda-tlr-con-muelles-de-colores\/","og_site_name":"Tienda de todotrial","article_modified_time":"2026-03-19T11:37:53+00:00","og_image":[{"width":1200,"height":800,"url":"https:\/\/todotrial.com\/tienda\/wp-content\/uploads\/2023\/09\/amortiguadores-mxf-expert-1.jpg","type":"image\/jpeg"}],"twitter_card":"summary_large_image","twitter_misc":{"Tiempo de lectura":"2 minutos"},"schema":{"@context":"https:\/\/schema.org","@graph":[{"@type":"WebPage","@id":"https:\/\/todotrial.com\/tienda\/amortiguadores-trial-clasicas-mxf-expert-honda-tlr-con-muelles-de-colores\/","url":"https:\/\/todotrial.com\/tienda\/amortiguadores-trial-clasicas-mxf-expert-honda-tlr-con-muelles-de-colores\/","name":"amortiguadores trial clasicas","isPartOf":{"@id":"https:\/\/todotrial.com\/tienda\/#website"},"primaryImageOfPage":{"@id":"https:\/\/todotrial.com\/tienda\/amortiguadores-trial-clasicas-mxf-expert-honda-tlr-con-muelles-de-colores\/#primaryimage"},"image":{"@id":"https:\/\/todotrial.com\/tienda\/amortiguadores-trial-clasicas-mxf-expert-honda-tlr-con-muelles-de-colores\/#primaryimage"},"thumbnailUrl":"https:\/\/todotrial.com\/tienda\/wp-content\/uploads\/2023\/09\/amortiguadores-mxf-expert-1.jpg","datePublished":"2026-03-19T11:33:52+00:00","dateModified":"2026-03-19T11:37:53+00:00","description":"Amortiguadores de gas para trial de cl\u00e1sicas de competici\u00f3n, Expert, con un \u00fanico muelle, versi\u00f3n m\u00e1s econ\u00f3mica que el modelo Racing","breadcrumb":{"@id":"https:\/\/todotrial.com\/tienda\/amortiguadores-trial-clasicas-mxf-expert-honda-tlr-con-muelles-de-colores\/#breadcrumb"},"inLanguage":"es","potentialAction":[{"@type":"ReadAction","target":["https:\/\/todotrial.com\/tienda\/amortiguadores-trial-clasicas-mxf-expert-honda-tlr-con-muelles-de-colores\/"]}]},{"@type":"ImageObject","inLanguage":"es","@id":"https:\/\/todotrial.com\/tienda\/amortiguadores-trial-clasicas-mxf-expert-honda-tlr-con-muelles-de-colores\/#primaryimage","url":"https:\/\/todotrial.com\/tienda\/wp-content\/uploads\/2023\/09\/amortiguadores-mxf-expert-1.jpg","contentUrl":"https:\/\/todotrial.com\/tienda\/wp-content\/uploads\/2023\/09\/amortiguadores-mxf-expert-1.jpg","width":1200,"height":800},{"@type":"BreadcrumbList","@id":"https:\/\/todotrial.com\/tienda\/amortiguadores-trial-clasicas-mxf-expert-honda-tlr-con-muelles-de-colores\/#breadcrumb","itemListElement":[{"@type":"ListItem","position":1,"name":"Portada","item":"https:\/\/todotrial.com\/tienda\/"},{"@type":"ListItem","position":2,"name":"Shop","item":"https:\/\/todotrial.com\/tienda\/shop\/"},{"@type":"ListItem","position":3,"name":"Amortiguadores Trial Cl\u00e1sicas MxF Expert Honda TLR con muelles de colores"}]},{"@type":"WebSite","@id":"https:\/\/todotrial.com\/tienda\/#website","url":"https:\/\/todotrial.com\/tienda\/","name":"Tienda de todotrial","description":"","potentialAction":[{"@type":"SearchAction","target":{"@type":"EntryPoint","urlTemplate":"https:\/\/todotrial.com\/tienda\/?s={search_term_string}"},"query-input":{"@type":"PropertyValueSpecification","valueRequired":true,"valueName":"search_term_string"}}],"inLanguage":"es"}]}},"_links":{"self":[{"href":"https:\/\/todotrial.com\/tienda\/wp-json\/wp\/v2\/product\/56223","targetHints":{"allow":["GET"]}}],"collection":[{"href":"https:\/\/todotrial.com\/tienda\/wp-json\/wp\/v2\/product"}],"about":[{"href":"https:\/\/todotrial.com\/tienda\/wp-json\/wp\/v2\/types\/product"}],"replies":[{"embeddable":true,"href":"https:\/\/todotrial.com\/tienda\/wp-json\/wp\/v2\/comments?post=56223"}],"version-history":[{"count":1,"href":"https:\/\/todotrial.com\/tienda\/wp-json\/wp\/v2\/product\/56223\/revisions"}],"predecessor-version":[{"id":56224,"href":"https:\/\/todotrial.com\/tienda\/wp-json\/wp\/v2\/product\/56223\/revisions\/56224"}],"wp:featuredmedia":[{"embeddable":true,"href":"https:\/\/todotrial.com\/tienda\/wp-json\/wp\/v2\/media\/39021"}],"wp:attachment":[{"href":"https:\/\/todotrial.com\/tienda\/wp-json\/wp\/v2\/media?parent=56223"}],"wp:term":[{"taxonomy":"product_brand","embeddable":true,"href":"https:\/\/todotrial.com\/tienda\/wp-json\/wp\/v2\/product_brand?post=56223"},{"taxonomy":"product_cat","embeddable":true,"href":"https:\/\/todotrial.com\/tienda\/wp-json\/wp\/v2\/product_cat?post=56223"},{"taxonomy":"product_tag","embeddable":true,"href":"https:\/\/todotrial.com\/tienda\/wp-json\/wp\/v2\/product_tag?post=56223"}],"curies":[{"name":"wp","href":"https:\/\/api.w.org\/{rel}","templated":true}]}}