{"id":562,"date":"2020-07-02T14:59:47","date_gmt":"2020-07-02T14:59:47","guid":{"rendered":"https:\/\/todotrial.com\/tienda\/product\/mando-de-gas-xpro-atc\/"},"modified":"2025-02-20T17:34:52","modified_gmt":"2025-02-20T16:34:52","slug":"mando-de-gas-xpro-atc","status":"publish","type":"product","link":"https:\/\/todotrial.com\/tienda\/mando-de-gas-xpro-atc\/","title":{"rendered":"Mando de gas progresivo Trial XPRO ATC"},"content":{"rendered":"<p>Este ingenioso pu\u00f1o de gas progresivo para trial, fabricado en ergal (aleaci\u00f3n de aluminio), se monta en lugar del tubo de pl\u00e1stico del pu\u00f1o de gas Domino est\u00e1ndar, para permitir dosificar el gas de manera m\u00e1s suave y progresiva para la pr\u00e1ctica del trial.<\/p>\n<p>Suave al principio, r\u00e1pido al final, con una parte intermedia dise\u00f1ada por ordenador que asegura la transici\u00f3n m\u00e1s suave entre ambas zonas.<\/p>\n<p>Su dise\u00f1o interior rebajado hace que s\u00f3lo roce con el manillar en los extremos, por lo que proporciona un tacto m\u00e1s suave.<\/p>\n<p>Est\u00e1 cerrado en el extremo, de modo que evita que entre tierra y barro en las ca\u00eddas, por lo que el acelerador siempre ir\u00e1 suave.<\/p>\n<p>Al ser met\u00e1lico, el tacto al cerrar gas es mucho m\u00e1s firme y r\u00e1pido.<\/p>\n<p>El exterior es rugoso para un mayor agarre del pu\u00f1o de goma.<\/p>\n<p>Disponible en 3 reglajes distintos de progresividad:<\/p>\n<ul>\n<li>X1: rapidez media,\u00a0comportamiento intermedio entre el pu\u00f1o negro y el blanco del mando de gas Domino.<\/li>\n<li>X2: rapidez lenta y progresiva, similar al pu\u00f1o blanco de Domino pero en menor recorrido.<\/li>\n<li>X3: rapidez alta, progresivo con mayor rapidez en la parte final que el pu\u00f1o blanco Domino.<\/li>\n<\/ul>\n<p>Indica en el pedido que modelo quieres, X1, X2 o X3. Notar\u00e1s claramente como mejoran tus sensaciones y tacto al manejar el pu\u00f1o de gas sobre tu moto de trial.<\/p>\n","protected":false},"excerpt":{"rendered":"<p>Mando de gas progresivo Trial XPRO ATC<\/p>\n","protected":false},"featured_media":561,"comment_status":"open","ping_status":"closed","template":"","meta":[],"product_brand":[],"product_cat":[15],"product_tag":[],"class_list":{"0":"post-562","1":"product","2":"type-product","3":"status-publish","4":"has-post-thumbnail","6":"product_cat-uncategorized","8":"first","9":"outofstock","10":"taxable","11":"shipping-taxable","12":"purchasable","13":"product-type-simple"},"yoast_head":"<!-- This site is optimized with the Yoast SEO Premium plugin v21.2 (Yoast SEO v27.5) - https:\/\/yoast.com\/product\/yoast-seo-premium-wordpress\/ -->\n<title>Mando de gas progresivo Trial XPRO ATC - Tienda de todotrial<\/title>\n<meta name=\"robots\" content=\"index, follow, max-snippet:-1, max-image-preview:large, max-video-preview:-1\" \/>\n<link rel=\"canonical\" href=\"https:\/\/todotrial.com\/tienda\/mando-de-gas-xpro-atc\/\" \/>\n<meta property=\"og:locale\" content=\"es_ES\" \/>\n<meta property=\"og:type\" content=\"article\" \/>\n<meta property=\"og:title\" content=\"Mando de gas progresivo Trial XPRO ATC\" \/>\n<meta property=\"og:description\" content=\"Mando de gas progresivo Trial XPRO ATC\" \/>\n<meta property=\"og:url\" content=\"https:\/\/todotrial.com\/tienda\/mando-de-gas-xpro-atc\/\" \/>\n<meta property=\"og:site_name\" content=\"Tienda de todotrial\" \/>\n<meta property=\"article:modified_time\" content=\"2025-02-20T16:34:52+00:00\" \/>\n<meta property=\"og:image\" content=\"https:\/\/todotrial.com\/tienda\/wp-content\/uploads\/2020\/07\/xblok-puno-progresivo-trial.jpg\" \/>\n\t<meta property=\"og:image:width\" content=\"559\" \/>\n\t<meta property=\"og:image:height\" content=\"395\" \/>\n\t<meta property=\"og:image:type\" content=\"image\/jpeg\" \/>\n<meta name=\"twitter:card\" content=\"summary_large_image\" \/>\n<meta name=\"twitter:label1\" content=\"Tiempo de lectura\" \/>\n\t<meta name=\"twitter:data1\" content=\"2 minutos\" \/>\n<script type=\"application\/ld+json\" class=\"yoast-schema-graph\">{\"@context\":\"https:\\\/\\\/schema.org\",\"@graph\":[{\"@type\":\"WebPage\",\"@id\":\"https:\\\/\\\/todotrial.com\\\/tienda\\\/mando-de-gas-xpro-atc\\\/\",\"url\":\"https:\\\/\\\/todotrial.com\\\/tienda\\\/mando-de-gas-xpro-atc\\\/\",\"name\":\"Mando de gas progresivo Trial XPRO ATC - Tienda de todotrial\",\"isPartOf\":{\"@id\":\"https:\\\/\\\/todotrial.com\\\/tienda\\\/#website\"},\"primaryImageOfPage\":{\"@id\":\"https:\\\/\\\/todotrial.com\\\/tienda\\\/mando-de-gas-xpro-atc\\\/#primaryimage\"},\"image\":{\"@id\":\"https:\\\/\\\/todotrial.com\\\/tienda\\\/mando-de-gas-xpro-atc\\\/#primaryimage\"},\"thumbnailUrl\":\"https:\\\/\\\/todotrial.com\\\/tienda\\\/wp-content\\\/uploads\\\/2020\\\/07\\\/xblok-puno-progresivo-trial.jpg\",\"datePublished\":\"2020-07-02T14:59:47+00:00\",\"dateModified\":\"2025-02-20T16:34:52+00:00\",\"breadcrumb\":{\"@id\":\"https:\\\/\\\/todotrial.com\\\/tienda\\\/mando-de-gas-xpro-atc\\\/#breadcrumb\"},\"inLanguage\":\"es\",\"potentialAction\":[{\"@type\":\"ReadAction\",\"target\":[\"https:\\\/\\\/todotrial.com\\\/tienda\\\/mando-de-gas-xpro-atc\\\/\"]}]},{\"@type\":\"ImageObject\",\"inLanguage\":\"es\",\"@id\":\"https:\\\/\\\/todotrial.com\\\/tienda\\\/mando-de-gas-xpro-atc\\\/#primaryimage\",\"url\":\"https:\\\/\\\/todotrial.com\\\/tienda\\\/wp-content\\\/uploads\\\/2020\\\/07\\\/xblok-puno-progresivo-trial.jpg\",\"contentUrl\":\"https:\\\/\\\/todotrial.com\\\/tienda\\\/wp-content\\\/uploads\\\/2020\\\/07\\\/xblok-puno-progresivo-trial.jpg\",\"width\":559,\"height\":395},{\"@type\":\"BreadcrumbList\",\"@id\":\"https:\\\/\\\/todotrial.com\\\/tienda\\\/mando-de-gas-xpro-atc\\\/#breadcrumb\",\"itemListElement\":[{\"@type\":\"ListItem\",\"position\":1,\"name\":\"Portada\",\"item\":\"https:\\\/\\\/todotrial.com\\\/tienda\\\/\"},{\"@type\":\"ListItem\",\"position\":2,\"name\":\"Shop\",\"item\":\"https:\\\/\\\/todotrial.com\\\/tienda\\\/shop\\\/\"},{\"@type\":\"ListItem\",\"position\":3,\"name\":\"Mando de gas progresivo Trial XPRO ATC\"}]},{\"@type\":\"WebSite\",\"@id\":\"https:\\\/\\\/todotrial.com\\\/tienda\\\/#website\",\"url\":\"https:\\\/\\\/todotrial.com\\\/tienda\\\/\",\"name\":\"Tienda de todotrial\",\"description\":\"\",\"potentialAction\":[{\"@type\":\"SearchAction\",\"target\":{\"@type\":\"EntryPoint\",\"urlTemplate\":\"https:\\\/\\\/todotrial.com\\\/tienda\\\/?s={search_term_string}\"},\"query-input\":{\"@type\":\"PropertyValueSpecification\",\"valueRequired\":true,\"valueName\":\"search_term_string\"}}],\"inLanguage\":\"es\"}]}<\/script>\n<!-- \/ Yoast SEO Premium plugin. -->","yoast_head_json":{"title":"Mando de gas progresivo Trial XPRO ATC - Tienda de todotrial","robots":{"index":"index","follow":"follow","max-snippet":"max-snippet:-1","max-image-preview":"max-image-preview:large","max-video-preview":"max-video-preview:-1"},"canonical":"https:\/\/todotrial.com\/tienda\/mando-de-gas-xpro-atc\/","og_locale":"es_ES","og_type":"article","og_title":"Mando de gas progresivo Trial XPRO ATC","og_description":"Mando de gas progresivo Trial XPRO ATC","og_url":"https:\/\/todotrial.com\/tienda\/mando-de-gas-xpro-atc\/","og_site_name":"Tienda de todotrial","article_modified_time":"2025-02-20T16:34:52+00:00","og_image":[{"width":559,"height":395,"url":"https:\/\/todotrial.com\/tienda\/wp-content\/uploads\/2020\/07\/xblok-puno-progresivo-trial.jpg","type":"image\/jpeg"}],"twitter_card":"summary_large_image","twitter_misc":{"Tiempo de lectura":"2 minutos"},"schema":{"@context":"https:\/\/schema.org","@graph":[{"@type":"WebPage","@id":"https:\/\/todotrial.com\/tienda\/mando-de-gas-xpro-atc\/","url":"https:\/\/todotrial.com\/tienda\/mando-de-gas-xpro-atc\/","name":"Mando de gas progresivo Trial XPRO ATC - Tienda de todotrial","isPartOf":{"@id":"https:\/\/todotrial.com\/tienda\/#website"},"primaryImageOfPage":{"@id":"https:\/\/todotrial.com\/tienda\/mando-de-gas-xpro-atc\/#primaryimage"},"image":{"@id":"https:\/\/todotrial.com\/tienda\/mando-de-gas-xpro-atc\/#primaryimage"},"thumbnailUrl":"https:\/\/todotrial.com\/tienda\/wp-content\/uploads\/2020\/07\/xblok-puno-progresivo-trial.jpg","datePublished":"2020-07-02T14:59:47+00:00","dateModified":"2025-02-20T16:34:52+00:00","breadcrumb":{"@id":"https:\/\/todotrial.com\/tienda\/mando-de-gas-xpro-atc\/#breadcrumb"},"inLanguage":"es","potentialAction":[{"@type":"ReadAction","target":["https:\/\/todotrial.com\/tienda\/mando-de-gas-xpro-atc\/"]}]},{"@type":"ImageObject","inLanguage":"es","@id":"https:\/\/todotrial.com\/tienda\/mando-de-gas-xpro-atc\/#primaryimage","url":"https:\/\/todotrial.com\/tienda\/wp-content\/uploads\/2020\/07\/xblok-puno-progresivo-trial.jpg","contentUrl":"https:\/\/todotrial.com\/tienda\/wp-content\/uploads\/2020\/07\/xblok-puno-progresivo-trial.jpg","width":559,"height":395},{"@type":"BreadcrumbList","@id":"https:\/\/todotrial.com\/tienda\/mando-de-gas-xpro-atc\/#breadcrumb","itemListElement":[{"@type":"ListItem","position":1,"name":"Portada","item":"https:\/\/todotrial.com\/tienda\/"},{"@type":"ListItem","position":2,"name":"Shop","item":"https:\/\/todotrial.com\/tienda\/shop\/"},{"@type":"ListItem","position":3,"name":"Mando de gas progresivo Trial XPRO ATC"}]},{"@type":"WebSite","@id":"https:\/\/todotrial.com\/tienda\/#website","url":"https:\/\/todotrial.com\/tienda\/","name":"Tienda de todotrial","description":"","potentialAction":[{"@type":"SearchAction","target":{"@type":"EntryPoint","urlTemplate":"https:\/\/todotrial.com\/tienda\/?s={search_term_string}"},"query-input":{"@type":"PropertyValueSpecification","valueRequired":true,"valueName":"search_term_string"}}],"inLanguage":"es"}]}},"_links":{"self":[{"href":"https:\/\/todotrial.com\/tienda\/wp-json\/wp\/v2\/product\/562","targetHints":{"allow":["GET"]}}],"collection":[{"href":"https:\/\/todotrial.com\/tienda\/wp-json\/wp\/v2\/product"}],"about":[{"href":"https:\/\/todotrial.com\/tienda\/wp-json\/wp\/v2\/types\/product"}],"replies":[{"embeddable":true,"href":"https:\/\/todotrial.com\/tienda\/wp-json\/wp\/v2\/comments?post=562"}],"version-history":[{"count":0,"href":"https:\/\/todotrial.com\/tienda\/wp-json\/wp\/v2\/product\/562\/revisions"}],"wp:featuredmedia":[{"embeddable":true,"href":"https:\/\/todotrial.com\/tienda\/wp-json\/wp\/v2\/media\/561"}],"wp:attachment":[{"href":"https:\/\/todotrial.com\/tienda\/wp-json\/wp\/v2\/media?parent=562"}],"wp:term":[{"taxonomy":"product_brand","embeddable":true,"href":"https:\/\/todotrial.com\/tienda\/wp-json\/wp\/v2\/product_brand?post=562"},{"taxonomy":"product_cat","embeddable":true,"href":"https:\/\/todotrial.com\/tienda\/wp-json\/wp\/v2\/product_cat?post=562"},{"taxonomy":"product_tag","embeddable":true,"href":"https:\/\/todotrial.com\/tienda\/wp-json\/wp\/v2\/product_tag?post=562"}],"curies":[{"name":"wp","href":"https:\/\/api.w.org\/{rel}","templated":true}]}}