{"id":55578,"date":"2025-04-14T15:18:21","date_gmt":"2025-04-14T14:18:21","guid":{"rendered":"https:\/\/todotrial.com\/tienda\/recambio-cristal-ahumado-quantum\/"},"modified":"2025-04-14T17:31:06","modified_gmt":"2025-04-14T16:31:06","slug":"recambio-cristal-ahumado-quantum","status":"publish","type":"product","link":"https:\/\/todotrial.com\/tienda\/recambio-cristal-ahumado-quantum\/","title":{"rendered":"RECAMBIO CRISTAL AHUMADO QUANTUM"},"content":{"rendered":"<p>Un recambio de cristal ahumado de HEBO es una pieza de repuesto para un casco de Moto. Se trata de una pantalla ahumada para el casco, que se utiliza para reemplazar una pantalla da\u00f1ada o rayada. El cristal ahumado Quantum de HEBO tiene caracter\u00edsticas especiales como resistencia a rayaduras, protecci\u00f3n UV, sistema antiniebla, entre otros. Es importante asegurarse de que el recambio sea compatible con el casco de HEBO y de que sea instalado correctamente para garantizar una adecuada protecci\u00f3n y funcionamiento del casco.<\/p>\n","protected":false},"excerpt":{"rendered":"<p>Recambio de cristal ahumado para la m\u00e1scara Quantum de HEBO.<\/p>\n","protected":false},"featured_media":55742,"comment_status":"open","ping_status":"closed","template":"","meta":[],"product_brand":[],"product_cat":[11691],"product_tag":[],"class_list":{"0":"post-55578","1":"product","2":"type-product","3":"status-publish","4":"has-post-thumbnail","6":"product_cat-general","8":"first","9":"instock","10":"taxable","11":"shipping-taxable","12":"purchasable","13":"product-type-simple"},"yoast_head":"<!-- This site is optimized with the Yoast SEO Premium plugin v21.2 (Yoast SEO v27.3) - https:\/\/yoast.com\/product\/yoast-seo-premium-wordpress\/ -->\n<title>RECAMBIO CRISTAL AHUMADO QUANTUM - Tienda de todotrial<\/title>\n<meta name=\"robots\" content=\"index, follow, max-snippet:-1, max-image-preview:large, max-video-preview:-1\" \/>\n<link rel=\"canonical\" href=\"https:\/\/todotrial.com\/tienda\/recambio-cristal-ahumado-quantum\/\" \/>\n<meta property=\"og:locale\" content=\"es_ES\" \/>\n<meta property=\"og:type\" content=\"article\" \/>\n<meta property=\"og:title\" content=\"RECAMBIO CRISTAL AHUMADO QUANTUM\" \/>\n<meta property=\"og:description\" content=\"Recambio de cristal ahumado para la m\u00e1scara Quantum de HEBO.\" \/>\n<meta property=\"og:url\" content=\"https:\/\/todotrial.com\/tienda\/recambio-cristal-ahumado-quantum\/\" \/>\n<meta property=\"og:site_name\" content=\"Tienda de todotrial\" \/>\n<meta property=\"article:modified_time\" content=\"2025-04-14T16:31:06+00:00\" \/>\n<meta name=\"twitter:card\" content=\"summary_large_image\" \/>\n<script type=\"application\/ld+json\" class=\"yoast-schema-graph\">{\"@context\":\"https:\\\/\\\/schema.org\",\"@graph\":[{\"@type\":\"WebPage\",\"@id\":\"https:\\\/\\\/todotrial.com\\\/tienda\\\/recambio-cristal-ahumado-quantum\\\/\",\"url\":\"https:\\\/\\\/todotrial.com\\\/tienda\\\/recambio-cristal-ahumado-quantum\\\/\",\"name\":\"RECAMBIO CRISTAL AHUMADO QUANTUM - Tienda de todotrial\",\"isPartOf\":{\"@id\":\"https:\\\/\\\/todotrial.com\\\/tienda\\\/#website\"},\"primaryImageOfPage\":{\"@id\":\"https:\\\/\\\/todotrial.com\\\/tienda\\\/recambio-cristal-ahumado-quantum\\\/#primaryimage\"},\"image\":{\"@id\":\"https:\\\/\\\/todotrial.com\\\/tienda\\\/recambio-cristal-ahumado-quantum\\\/#primaryimage\"},\"thumbnailUrl\":\"https:\\\/\\\/todotrial.com\\\/tienda\\\/wp-content\\\/uploads\\\/2025\\\/04\\\/HGR1032-1_HEBO_Recambio-1.jpg\",\"datePublished\":\"2025-04-14T14:18:21+00:00\",\"dateModified\":\"2025-04-14T16:31:06+00:00\",\"breadcrumb\":{\"@id\":\"https:\\\/\\\/todotrial.com\\\/tienda\\\/recambio-cristal-ahumado-quantum\\\/#breadcrumb\"},\"inLanguage\":\"es\",\"potentialAction\":[{\"@type\":\"ReadAction\",\"target\":[\"https:\\\/\\\/todotrial.com\\\/tienda\\\/recambio-cristal-ahumado-quantum\\\/\"]}]},{\"@type\":\"ImageObject\",\"inLanguage\":\"es\",\"@id\":\"https:\\\/\\\/todotrial.com\\\/tienda\\\/recambio-cristal-ahumado-quantum\\\/#primaryimage\",\"url\":\"https:\\\/\\\/todotrial.com\\\/tienda\\\/wp-content\\\/uploads\\\/2025\\\/04\\\/HGR1032-1_HEBO_Recambio-1.jpg\",\"contentUrl\":\"https:\\\/\\\/todotrial.com\\\/tienda\\\/wp-content\\\/uploads\\\/2025\\\/04\\\/HGR1032-1_HEBO_Recambio-1.jpg\",\"width\":1000,\"height\":1000},{\"@type\":\"BreadcrumbList\",\"@id\":\"https:\\\/\\\/todotrial.com\\\/tienda\\\/recambio-cristal-ahumado-quantum\\\/#breadcrumb\",\"itemListElement\":[{\"@type\":\"ListItem\",\"position\":1,\"name\":\"Portada\",\"item\":\"https:\\\/\\\/todotrial.com\\\/tienda\\\/\"},{\"@type\":\"ListItem\",\"position\":2,\"name\":\"Shop\",\"item\":\"https:\\\/\\\/todotrial.com\\\/tienda\\\/shop\\\/\"},{\"@type\":\"ListItem\",\"position\":3,\"name\":\"RECAMBIO CRISTAL AHUMADO QUANTUM\"}]},{\"@type\":\"WebSite\",\"@id\":\"https:\\\/\\\/todotrial.com\\\/tienda\\\/#website\",\"url\":\"https:\\\/\\\/todotrial.com\\\/tienda\\\/\",\"name\":\"Tienda de todotrial\",\"description\":\"\",\"potentialAction\":[{\"@type\":\"SearchAction\",\"target\":{\"@type\":\"EntryPoint\",\"urlTemplate\":\"https:\\\/\\\/todotrial.com\\\/tienda\\\/?s={search_term_string}\"},\"query-input\":{\"@type\":\"PropertyValueSpecification\",\"valueRequired\":true,\"valueName\":\"search_term_string\"}}],\"inLanguage\":\"es\"}]}<\/script>\n<!-- \/ Yoast SEO Premium plugin. -->","yoast_head_json":{"title":"RECAMBIO CRISTAL AHUMADO QUANTUM - Tienda de todotrial","robots":{"index":"index","follow":"follow","max-snippet":"max-snippet:-1","max-image-preview":"max-image-preview:large","max-video-preview":"max-video-preview:-1"},"canonical":"https:\/\/todotrial.com\/tienda\/recambio-cristal-ahumado-quantum\/","og_locale":"es_ES","og_type":"article","og_title":"RECAMBIO CRISTAL AHUMADO QUANTUM","og_description":"Recambio de cristal ahumado para la m\u00e1scara Quantum de HEBO.","og_url":"https:\/\/todotrial.com\/tienda\/recambio-cristal-ahumado-quantum\/","og_site_name":"Tienda de todotrial","article_modified_time":"2025-04-14T16:31:06+00:00","twitter_card":"summary_large_image","schema":{"@context":"https:\/\/schema.org","@graph":[{"@type":"WebPage","@id":"https:\/\/todotrial.com\/tienda\/recambio-cristal-ahumado-quantum\/","url":"https:\/\/todotrial.com\/tienda\/recambio-cristal-ahumado-quantum\/","name":"RECAMBIO CRISTAL AHUMADO QUANTUM - Tienda de todotrial","isPartOf":{"@id":"https:\/\/todotrial.com\/tienda\/#website"},"primaryImageOfPage":{"@id":"https:\/\/todotrial.com\/tienda\/recambio-cristal-ahumado-quantum\/#primaryimage"},"image":{"@id":"https:\/\/todotrial.com\/tienda\/recambio-cristal-ahumado-quantum\/#primaryimage"},"thumbnailUrl":"https:\/\/todotrial.com\/tienda\/wp-content\/uploads\/2025\/04\/HGR1032-1_HEBO_Recambio-1.jpg","datePublished":"2025-04-14T14:18:21+00:00","dateModified":"2025-04-14T16:31:06+00:00","breadcrumb":{"@id":"https:\/\/todotrial.com\/tienda\/recambio-cristal-ahumado-quantum\/#breadcrumb"},"inLanguage":"es","potentialAction":[{"@type":"ReadAction","target":["https:\/\/todotrial.com\/tienda\/recambio-cristal-ahumado-quantum\/"]}]},{"@type":"ImageObject","inLanguage":"es","@id":"https:\/\/todotrial.com\/tienda\/recambio-cristal-ahumado-quantum\/#primaryimage","url":"https:\/\/todotrial.com\/tienda\/wp-content\/uploads\/2025\/04\/HGR1032-1_HEBO_Recambio-1.jpg","contentUrl":"https:\/\/todotrial.com\/tienda\/wp-content\/uploads\/2025\/04\/HGR1032-1_HEBO_Recambio-1.jpg","width":1000,"height":1000},{"@type":"BreadcrumbList","@id":"https:\/\/todotrial.com\/tienda\/recambio-cristal-ahumado-quantum\/#breadcrumb","itemListElement":[{"@type":"ListItem","position":1,"name":"Portada","item":"https:\/\/todotrial.com\/tienda\/"},{"@type":"ListItem","position":2,"name":"Shop","item":"https:\/\/todotrial.com\/tienda\/shop\/"},{"@type":"ListItem","position":3,"name":"RECAMBIO CRISTAL AHUMADO QUANTUM"}]},{"@type":"WebSite","@id":"https:\/\/todotrial.com\/tienda\/#website","url":"https:\/\/todotrial.com\/tienda\/","name":"Tienda de todotrial","description":"","potentialAction":[{"@type":"SearchAction","target":{"@type":"EntryPoint","urlTemplate":"https:\/\/todotrial.com\/tienda\/?s={search_term_string}"},"query-input":{"@type":"PropertyValueSpecification","valueRequired":true,"valueName":"search_term_string"}}],"inLanguage":"es"}]}},"_links":{"self":[{"href":"https:\/\/todotrial.com\/tienda\/wp-json\/wp\/v2\/product\/55578","targetHints":{"allow":["GET"]}}],"collection":[{"href":"https:\/\/todotrial.com\/tienda\/wp-json\/wp\/v2\/product"}],"about":[{"href":"https:\/\/todotrial.com\/tienda\/wp-json\/wp\/v2\/types\/product"}],"replies":[{"embeddable":true,"href":"https:\/\/todotrial.com\/tienda\/wp-json\/wp\/v2\/comments?post=55578"}],"version-history":[{"count":0,"href":"https:\/\/todotrial.com\/tienda\/wp-json\/wp\/v2\/product\/55578\/revisions"}],"wp:featuredmedia":[{"embeddable":true,"href":"https:\/\/todotrial.com\/tienda\/wp-json\/wp\/v2\/media\/55742"}],"wp:attachment":[{"href":"https:\/\/todotrial.com\/tienda\/wp-json\/wp\/v2\/media?parent=55578"}],"wp:term":[{"taxonomy":"product_brand","embeddable":true,"href":"https:\/\/todotrial.com\/tienda\/wp-json\/wp\/v2\/product_brand?post=55578"},{"taxonomy":"product_cat","embeddable":true,"href":"https:\/\/todotrial.com\/tienda\/wp-json\/wp\/v2\/product_cat?post=55578"},{"taxonomy":"product_tag","embeddable":true,"href":"https:\/\/todotrial.com\/tienda\/wp-json\/wp\/v2\/product_tag?post=55578"}],"curies":[{"name":"wp","href":"https:\/\/api.w.org\/{rel}","templated":true}]}}