{"id":55310,"date":"2025-04-11T21:25:24","date_gmt":"2025-04-11T20:25:24","guid":{"rendered":"https:\/\/todotrial.com\/tienda\/?post_type=product&#038;p=55310"},"modified":"2025-04-11T21:43:29","modified_gmt":"2025-04-11T20:43:29","slug":"casco-trial-hebo-zone-pro-toni-bou-36-nuevo","status":"publish","type":"product","link":"https:\/\/todotrial.com\/tienda\/casco-trial-hebo-zone-pro-toni-bou-36-nuevo\/","title":{"rendered":"Casco Trial Hebo Zone Pro Toni Bou 36 (nuevo)"},"content":{"rendered":"<p><strong>\u00a1DESCUBRE EL NUEVO CASCO ZONE PRO R\u00c9PLICA DE TONI BOU!<\/strong><\/p>\n<p>\u00bfQuieres lucir el mismo casco que el 36 veces campe\u00f3n del mundo? Este es el casco Hebo r\u00e9plica del casco de <strong>Toni Bou<\/strong>\u00a0en este a\u00f1o 2025.<\/p>\n<p>Este modelo exclusivo, fabricado en fibra de vidrio, destaca por su nuevo dise\u00f1o, que incluye el lobo y el n\u00famero 36, ahora en grande, un homenaje a todos sus t\u00edtulos mundiales.<\/p>\n<p>Casco de fibra de vidrio, totalmente desmontable y con espumas de diferentes densidades.<\/p>\n<p>Peso neto 1050g.<br \/>\nCalota fabricada en fibra de vidrio.<br \/>\nInterior de EPS en poliestireno expandido de triple densidad.<br \/>\nTres medidas de calotas y EPS.<br \/>\nInterior totalmente desmontable y lavable.<br \/>\nTejido interior fabricado con l\u00e1minas de espuma recubiertas de material hipoalerg\u00e9nico Coolmax\u00ae.<br \/>\nDos entradas de aire frontales, dos superiores y dos traseras.<br \/>\nDos orificios laterales para una perfecta audici\u00f3n.<br \/>\nCierre de seguridad microm\u00e9trico.<br \/>\nVisera extra\u00edble sin tornillos.<br \/>\nBolsa de transporte.<br \/>\nHomologado por la norma europea ECE 22-06.<\/p>\n","protected":false},"excerpt":{"rendered":"<p>Casco de fibra de vidrio, totalmente desmontable y con espumas de diferentes densidades.<\/p>\n","protected":false},"featured_media":55314,"comment_status":"open","ping_status":"closed","template":"","meta":[],"product_brand":[],"product_cat":[11423,11738],"product_tag":[],"class_list":{"0":"post-55310","1":"product","2":"type-product","3":"status-publish","4":"has-post-thumbnail","6":"product_cat-cascos-equipacion","7":"product_cat-trial","9":"first","10":"instock","11":"taxable","12":"shipping-taxable","13":"purchasable","14":"product-type-simple"},"yoast_head":"<!-- This site is optimized with the Yoast SEO Premium plugin v21.2 (Yoast SEO v27.3) - https:\/\/yoast.com\/product\/yoast-seo-premium-wordpress\/ -->\n<title>Casco Trial Hebo HTR F02 Toni Bou 36 (nuevo)<\/title>\n<meta name=\"robots\" content=\"index, follow, max-snippet:-1, max-image-preview:large, max-video-preview:-1\" \/>\n<link rel=\"canonical\" href=\"https:\/\/todotrial.com\/tienda\/casco-trial-hebo-zone-pro-toni-bou-36-nuevo\/\" \/>\n<meta property=\"og:locale\" content=\"es_ES\" \/>\n<meta property=\"og:type\" content=\"article\" \/>\n<meta property=\"og:title\" content=\"Casco Trial Hebo Zone Pro Toni Bou 36 (nuevo)\" \/>\n<meta property=\"og:description\" content=\"Casco de fibra de vidrio, totalmente desmontable y con espumas de diferentes densidades.\" \/>\n<meta property=\"og:url\" content=\"https:\/\/todotrial.com\/tienda\/casco-trial-hebo-zone-pro-toni-bou-36-nuevo\/\" \/>\n<meta property=\"og:site_name\" content=\"Tienda de todotrial\" \/>\n<meta property=\"article:modified_time\" content=\"2025-04-11T20:43:29+00:00\" \/>\n<meta property=\"og:image\" content=\"https:\/\/todotrial.com\/tienda\/wp-content\/uploads\/2025\/04\/casco-hebo-toni-bou-36-2025-HT1073A-1.jpg\" \/>\n\t<meta property=\"og:image:width\" content=\"1016\" \/>\n\t<meta property=\"og:image:height\" content=\"1016\" \/>\n\t<meta property=\"og:image:type\" content=\"image\/jpeg\" \/>\n<meta name=\"twitter:card\" content=\"summary_large_image\" \/>\n<meta name=\"twitter:label1\" content=\"Tiempo de lectura\" \/>\n\t<meta name=\"twitter:data1\" content=\"1 minuto\" \/>\n<script type=\"application\/ld+json\" class=\"yoast-schema-graph\">{\"@context\":\"https:\\\/\\\/schema.org\",\"@graph\":[{\"@type\":\"WebPage\",\"@id\":\"https:\\\/\\\/todotrial.com\\\/tienda\\\/casco-trial-hebo-zone-pro-toni-bou-36-nuevo\\\/\",\"url\":\"https:\\\/\\\/todotrial.com\\\/tienda\\\/casco-trial-hebo-zone-pro-toni-bou-36-nuevo\\\/\",\"name\":\"Casco Trial Hebo HTR F02 Toni Bou 36 (nuevo)\",\"isPartOf\":{\"@id\":\"https:\\\/\\\/todotrial.com\\\/tienda\\\/#website\"},\"primaryImageOfPage\":{\"@id\":\"https:\\\/\\\/todotrial.com\\\/tienda\\\/casco-trial-hebo-zone-pro-toni-bou-36-nuevo\\\/#primaryimage\"},\"image\":{\"@id\":\"https:\\\/\\\/todotrial.com\\\/tienda\\\/casco-trial-hebo-zone-pro-toni-bou-36-nuevo\\\/#primaryimage\"},\"thumbnailUrl\":\"https:\\\/\\\/todotrial.com\\\/tienda\\\/wp-content\\\/uploads\\\/2025\\\/04\\\/casco-hebo-toni-bou-36-2025-HT1073A-1.jpg\",\"datePublished\":\"2025-04-11T20:25:24+00:00\",\"dateModified\":\"2025-04-11T20:43:29+00:00\",\"breadcrumb\":{\"@id\":\"https:\\\/\\\/todotrial.com\\\/tienda\\\/casco-trial-hebo-zone-pro-toni-bou-36-nuevo\\\/#breadcrumb\"},\"inLanguage\":\"es\",\"potentialAction\":[{\"@type\":\"ReadAction\",\"target\":[\"https:\\\/\\\/todotrial.com\\\/tienda\\\/casco-trial-hebo-zone-pro-toni-bou-36-nuevo\\\/\"]}]},{\"@type\":\"ImageObject\",\"inLanguage\":\"es\",\"@id\":\"https:\\\/\\\/todotrial.com\\\/tienda\\\/casco-trial-hebo-zone-pro-toni-bou-36-nuevo\\\/#primaryimage\",\"url\":\"https:\\\/\\\/todotrial.com\\\/tienda\\\/wp-content\\\/uploads\\\/2025\\\/04\\\/casco-hebo-toni-bou-36-2025-HT1073A-1.jpg\",\"contentUrl\":\"https:\\\/\\\/todotrial.com\\\/tienda\\\/wp-content\\\/uploads\\\/2025\\\/04\\\/casco-hebo-toni-bou-36-2025-HT1073A-1.jpg\",\"width\":1016,\"height\":1016},{\"@type\":\"BreadcrumbList\",\"@id\":\"https:\\\/\\\/todotrial.com\\\/tienda\\\/casco-trial-hebo-zone-pro-toni-bou-36-nuevo\\\/#breadcrumb\",\"itemListElement\":[{\"@type\":\"ListItem\",\"position\":1,\"name\":\"Portada\",\"item\":\"https:\\\/\\\/todotrial.com\\\/tienda\\\/\"},{\"@type\":\"ListItem\",\"position\":2,\"name\":\"Shop\",\"item\":\"https:\\\/\\\/todotrial.com\\\/tienda\\\/shop\\\/\"},{\"@type\":\"ListItem\",\"position\":3,\"name\":\"Casco Trial Hebo Zone Pro Toni Bou 36 (nuevo)\"}]},{\"@type\":\"WebSite\",\"@id\":\"https:\\\/\\\/todotrial.com\\\/tienda\\\/#website\",\"url\":\"https:\\\/\\\/todotrial.com\\\/tienda\\\/\",\"name\":\"Tienda de todotrial\",\"description\":\"\",\"potentialAction\":[{\"@type\":\"SearchAction\",\"target\":{\"@type\":\"EntryPoint\",\"urlTemplate\":\"https:\\\/\\\/todotrial.com\\\/tienda\\\/?s={search_term_string}\"},\"query-input\":{\"@type\":\"PropertyValueSpecification\",\"valueRequired\":true,\"valueName\":\"search_term_string\"}}],\"inLanguage\":\"es\"}]}<\/script>\n<!-- \/ Yoast SEO Premium plugin. -->","yoast_head_json":{"title":"Casco Trial Hebo HTR F02 Toni Bou 36 (nuevo)","robots":{"index":"index","follow":"follow","max-snippet":"max-snippet:-1","max-image-preview":"max-image-preview:large","max-video-preview":"max-video-preview:-1"},"canonical":"https:\/\/todotrial.com\/tienda\/casco-trial-hebo-zone-pro-toni-bou-36-nuevo\/","og_locale":"es_ES","og_type":"article","og_title":"Casco Trial Hebo Zone Pro Toni Bou 36 (nuevo)","og_description":"Casco de fibra de vidrio, totalmente desmontable y con espumas de diferentes densidades.","og_url":"https:\/\/todotrial.com\/tienda\/casco-trial-hebo-zone-pro-toni-bou-36-nuevo\/","og_site_name":"Tienda de todotrial","article_modified_time":"2025-04-11T20:43:29+00:00","og_image":[{"width":1016,"height":1016,"url":"https:\/\/todotrial.com\/tienda\/wp-content\/uploads\/2025\/04\/casco-hebo-toni-bou-36-2025-HT1073A-1.jpg","type":"image\/jpeg"}],"twitter_card":"summary_large_image","twitter_misc":{"Tiempo de lectura":"1 minuto"},"schema":{"@context":"https:\/\/schema.org","@graph":[{"@type":"WebPage","@id":"https:\/\/todotrial.com\/tienda\/casco-trial-hebo-zone-pro-toni-bou-36-nuevo\/","url":"https:\/\/todotrial.com\/tienda\/casco-trial-hebo-zone-pro-toni-bou-36-nuevo\/","name":"Casco Trial Hebo HTR F02 Toni Bou 36 (nuevo)","isPartOf":{"@id":"https:\/\/todotrial.com\/tienda\/#website"},"primaryImageOfPage":{"@id":"https:\/\/todotrial.com\/tienda\/casco-trial-hebo-zone-pro-toni-bou-36-nuevo\/#primaryimage"},"image":{"@id":"https:\/\/todotrial.com\/tienda\/casco-trial-hebo-zone-pro-toni-bou-36-nuevo\/#primaryimage"},"thumbnailUrl":"https:\/\/todotrial.com\/tienda\/wp-content\/uploads\/2025\/04\/casco-hebo-toni-bou-36-2025-HT1073A-1.jpg","datePublished":"2025-04-11T20:25:24+00:00","dateModified":"2025-04-11T20:43:29+00:00","breadcrumb":{"@id":"https:\/\/todotrial.com\/tienda\/casco-trial-hebo-zone-pro-toni-bou-36-nuevo\/#breadcrumb"},"inLanguage":"es","potentialAction":[{"@type":"ReadAction","target":["https:\/\/todotrial.com\/tienda\/casco-trial-hebo-zone-pro-toni-bou-36-nuevo\/"]}]},{"@type":"ImageObject","inLanguage":"es","@id":"https:\/\/todotrial.com\/tienda\/casco-trial-hebo-zone-pro-toni-bou-36-nuevo\/#primaryimage","url":"https:\/\/todotrial.com\/tienda\/wp-content\/uploads\/2025\/04\/casco-hebo-toni-bou-36-2025-HT1073A-1.jpg","contentUrl":"https:\/\/todotrial.com\/tienda\/wp-content\/uploads\/2025\/04\/casco-hebo-toni-bou-36-2025-HT1073A-1.jpg","width":1016,"height":1016},{"@type":"BreadcrumbList","@id":"https:\/\/todotrial.com\/tienda\/casco-trial-hebo-zone-pro-toni-bou-36-nuevo\/#breadcrumb","itemListElement":[{"@type":"ListItem","position":1,"name":"Portada","item":"https:\/\/todotrial.com\/tienda\/"},{"@type":"ListItem","position":2,"name":"Shop","item":"https:\/\/todotrial.com\/tienda\/shop\/"},{"@type":"ListItem","position":3,"name":"Casco Trial Hebo Zone Pro Toni Bou 36 (nuevo)"}]},{"@type":"WebSite","@id":"https:\/\/todotrial.com\/tienda\/#website","url":"https:\/\/todotrial.com\/tienda\/","name":"Tienda de todotrial","description":"","potentialAction":[{"@type":"SearchAction","target":{"@type":"EntryPoint","urlTemplate":"https:\/\/todotrial.com\/tienda\/?s={search_term_string}"},"query-input":{"@type":"PropertyValueSpecification","valueRequired":true,"valueName":"search_term_string"}}],"inLanguage":"es"}]}},"_links":{"self":[{"href":"https:\/\/todotrial.com\/tienda\/wp-json\/wp\/v2\/product\/55310","targetHints":{"allow":["GET"]}}],"collection":[{"href":"https:\/\/todotrial.com\/tienda\/wp-json\/wp\/v2\/product"}],"about":[{"href":"https:\/\/todotrial.com\/tienda\/wp-json\/wp\/v2\/types\/product"}],"replies":[{"embeddable":true,"href":"https:\/\/todotrial.com\/tienda\/wp-json\/wp\/v2\/comments?post=55310"}],"version-history":[{"count":1,"href":"https:\/\/todotrial.com\/tienda\/wp-json\/wp\/v2\/product\/55310\/revisions"}],"predecessor-version":[{"id":55315,"href":"https:\/\/todotrial.com\/tienda\/wp-json\/wp\/v2\/product\/55310\/revisions\/55315"}],"wp:featuredmedia":[{"embeddable":true,"href":"https:\/\/todotrial.com\/tienda\/wp-json\/wp\/v2\/media\/55314"}],"wp:attachment":[{"href":"https:\/\/todotrial.com\/tienda\/wp-json\/wp\/v2\/media?parent=55310"}],"wp:term":[{"taxonomy":"product_brand","embeddable":true,"href":"https:\/\/todotrial.com\/tienda\/wp-json\/wp\/v2\/product_brand?post=55310"},{"taxonomy":"product_cat","embeddable":true,"href":"https:\/\/todotrial.com\/tienda\/wp-json\/wp\/v2\/product_cat?post=55310"},{"taxonomy":"product_tag","embeddable":true,"href":"https:\/\/todotrial.com\/tienda\/wp-json\/wp\/v2\/product_tag?post=55310"}],"curies":[{"name":"wp","href":"https:\/\/api.w.org\/{rel}","templated":true}]}}