{"id":533,"date":"2020-07-02T14:58:14","date_gmt":"2020-07-02T14:58:14","guid":{"rendered":"https:\/\/todotrial.com\/tienda\/product\/world-trials-85-britain\/"},"modified":"2025-02-20T17:35:02","modified_gmt":"2025-02-20T16:35:02","slug":"world-trials-85-britain","status":"publish","type":"product","link":"https:\/\/todotrial.com\/tienda\/world-trials-85-britain\/","title":{"rendered":"Mundial de Trials 1985-Britain"},"content":{"rendered":"<p>World Trials 85-Britain DVD<\/p>\n<p>El Franc\u00e9s Thierry Michaud se meti\u00f3 de nuevo en el camino ganador cuando el Campeonato del Mundo de Trial 1985 se traslad\u00f3 al sur de Gales para su tercera ronda en marzo.<\/p>\n<p>Llev\u00f3 a la Fantic 300cc a una victoria con ocho marcas para ir con su victoria en la primera prueba a Espa\u00f1a.<\/p>\n<p>La V\u00edctima de su magnifica demostraci\u00f3n sobre las resbaladizas ra\u00edces de los \u00e1rboles y de las rocas en Merthyr fue el campe\u00f3n del mundo Eddie Lejeune, y ambos representaron y desmostrar\u00f3n las t\u00e9cnicas modernas de equilibrio del Continente mientras se esfuerzan por ser m\u00e1s listo uno que el otro.<\/p>\n<p>Todo el ambiente de la serie mundial capturado, incluyendo algunos comentarios muy filos\u00f3ficas de los principales contendientes.<\/p>\n<p>Pilotos destacados:Thierry Michaud &#8211; Eddie Lejeune<\/p>\n<p>50 minutos<\/p>\n<p>Idioma Ingl\u00e9s, ( Aunque en Trial lo verdaderamente importante son las im\u00e1genes)<\/p>\n","protected":false},"excerpt":{"rendered":"<p>Mundial de Trials 1985-Britain<\/p>\n","protected":false},"featured_media":532,"comment_status":"open","ping_status":"closed","template":"","meta":[],"product_brand":[],"product_cat":[15],"product_tag":[],"class_list":{"0":"post-533","1":"product","2":"type-product","3":"status-publish","4":"has-post-thumbnail","6":"product_cat-uncategorized","8":"first","9":"instock","10":"taxable","11":"shipping-taxable","12":"purchasable","13":"product-type-simple"},"yoast_head":"<!-- This site is optimized with the Yoast SEO Premium plugin v21.2 (Yoast SEO v27.5) - https:\/\/yoast.com\/product\/yoast-seo-premium-wordpress\/ -->\n<title>Mundial de Trials 1985-Britain - Tienda de todotrial<\/title>\n<meta name=\"robots\" content=\"index, follow, max-snippet:-1, max-image-preview:large, max-video-preview:-1\" \/>\n<link rel=\"canonical\" href=\"https:\/\/todotrial.com\/tienda\/world-trials-85-britain\/\" \/>\n<meta property=\"og:locale\" content=\"es_ES\" \/>\n<meta property=\"og:type\" content=\"article\" \/>\n<meta property=\"og:title\" content=\"Mundial de Trials 1985-Britain\" \/>\n<meta property=\"og:description\" content=\"Mundial de Trials 1985-Britain\" \/>\n<meta property=\"og:url\" content=\"https:\/\/todotrial.com\/tienda\/world-trials-85-britain\/\" \/>\n<meta property=\"og:site_name\" content=\"Tienda de todotrial\" \/>\n<meta property=\"article:modified_time\" content=\"2025-02-20T16:35:02+00:00\" \/>\n<meta property=\"og:image\" content=\"https:\/\/todotrial.com\/tienda\/wp-content\/uploads\/2020\/07\/2070da.jpg\" \/>\n\t<meta property=\"og:image:width\" content=\"220\" \/>\n\t<meta property=\"og:image:height\" content=\"353\" \/>\n\t<meta property=\"og:image:type\" content=\"image\/jpeg\" \/>\n<meta name=\"twitter:card\" content=\"summary_large_image\" \/>\n<meta name=\"twitter:label1\" content=\"Tiempo de lectura\" \/>\n\t<meta name=\"twitter:data1\" content=\"1 minuto\" \/>\n<script type=\"application\/ld+json\" class=\"yoast-schema-graph\">{\"@context\":\"https:\\\/\\\/schema.org\",\"@graph\":[{\"@type\":\"WebPage\",\"@id\":\"https:\\\/\\\/todotrial.com\\\/tienda\\\/world-trials-85-britain\\\/\",\"url\":\"https:\\\/\\\/todotrial.com\\\/tienda\\\/world-trials-85-britain\\\/\",\"name\":\"Mundial de Trials 1985-Britain - Tienda de todotrial\",\"isPartOf\":{\"@id\":\"https:\\\/\\\/todotrial.com\\\/tienda\\\/#website\"},\"primaryImageOfPage\":{\"@id\":\"https:\\\/\\\/todotrial.com\\\/tienda\\\/world-trials-85-britain\\\/#primaryimage\"},\"image\":{\"@id\":\"https:\\\/\\\/todotrial.com\\\/tienda\\\/world-trials-85-britain\\\/#primaryimage\"},\"thumbnailUrl\":\"https:\\\/\\\/todotrial.com\\\/tienda\\\/wp-content\\\/uploads\\\/2020\\\/07\\\/2070da.jpg\",\"datePublished\":\"2020-07-02T14:58:14+00:00\",\"dateModified\":\"2025-02-20T16:35:02+00:00\",\"breadcrumb\":{\"@id\":\"https:\\\/\\\/todotrial.com\\\/tienda\\\/world-trials-85-britain\\\/#breadcrumb\"},\"inLanguage\":\"es\",\"potentialAction\":[{\"@type\":\"ReadAction\",\"target\":[\"https:\\\/\\\/todotrial.com\\\/tienda\\\/world-trials-85-britain\\\/\"]}]},{\"@type\":\"ImageObject\",\"inLanguage\":\"es\",\"@id\":\"https:\\\/\\\/todotrial.com\\\/tienda\\\/world-trials-85-britain\\\/#primaryimage\",\"url\":\"https:\\\/\\\/todotrial.com\\\/tienda\\\/wp-content\\\/uploads\\\/2020\\\/07\\\/2070da.jpg\",\"contentUrl\":\"https:\\\/\\\/todotrial.com\\\/tienda\\\/wp-content\\\/uploads\\\/2020\\\/07\\\/2070da.jpg\",\"width\":220,\"height\":353},{\"@type\":\"BreadcrumbList\",\"@id\":\"https:\\\/\\\/todotrial.com\\\/tienda\\\/world-trials-85-britain\\\/#breadcrumb\",\"itemListElement\":[{\"@type\":\"ListItem\",\"position\":1,\"name\":\"Portada\",\"item\":\"https:\\\/\\\/todotrial.com\\\/tienda\\\/\"},{\"@type\":\"ListItem\",\"position\":2,\"name\":\"Shop\",\"item\":\"https:\\\/\\\/todotrial.com\\\/tienda\\\/shop\\\/\"},{\"@type\":\"ListItem\",\"position\":3,\"name\":\"Mundial de Trials 1985-Britain\"}]},{\"@type\":\"WebSite\",\"@id\":\"https:\\\/\\\/todotrial.com\\\/tienda\\\/#website\",\"url\":\"https:\\\/\\\/todotrial.com\\\/tienda\\\/\",\"name\":\"Tienda de todotrial\",\"description\":\"\",\"potentialAction\":[{\"@type\":\"SearchAction\",\"target\":{\"@type\":\"EntryPoint\",\"urlTemplate\":\"https:\\\/\\\/todotrial.com\\\/tienda\\\/?s={search_term_string}\"},\"query-input\":{\"@type\":\"PropertyValueSpecification\",\"valueRequired\":true,\"valueName\":\"search_term_string\"}}],\"inLanguage\":\"es\"}]}<\/script>\n<!-- \/ Yoast SEO Premium plugin. -->","yoast_head_json":{"title":"Mundial de Trials 1985-Britain - Tienda de todotrial","robots":{"index":"index","follow":"follow","max-snippet":"max-snippet:-1","max-image-preview":"max-image-preview:large","max-video-preview":"max-video-preview:-1"},"canonical":"https:\/\/todotrial.com\/tienda\/world-trials-85-britain\/","og_locale":"es_ES","og_type":"article","og_title":"Mundial de Trials 1985-Britain","og_description":"Mundial de Trials 1985-Britain","og_url":"https:\/\/todotrial.com\/tienda\/world-trials-85-britain\/","og_site_name":"Tienda de todotrial","article_modified_time":"2025-02-20T16:35:02+00:00","og_image":[{"width":220,"height":353,"url":"https:\/\/todotrial.com\/tienda\/wp-content\/uploads\/2020\/07\/2070da.jpg","type":"image\/jpeg"}],"twitter_card":"summary_large_image","twitter_misc":{"Tiempo de lectura":"1 minuto"},"schema":{"@context":"https:\/\/schema.org","@graph":[{"@type":"WebPage","@id":"https:\/\/todotrial.com\/tienda\/world-trials-85-britain\/","url":"https:\/\/todotrial.com\/tienda\/world-trials-85-britain\/","name":"Mundial de Trials 1985-Britain - Tienda de todotrial","isPartOf":{"@id":"https:\/\/todotrial.com\/tienda\/#website"},"primaryImageOfPage":{"@id":"https:\/\/todotrial.com\/tienda\/world-trials-85-britain\/#primaryimage"},"image":{"@id":"https:\/\/todotrial.com\/tienda\/world-trials-85-britain\/#primaryimage"},"thumbnailUrl":"https:\/\/todotrial.com\/tienda\/wp-content\/uploads\/2020\/07\/2070da.jpg","datePublished":"2020-07-02T14:58:14+00:00","dateModified":"2025-02-20T16:35:02+00:00","breadcrumb":{"@id":"https:\/\/todotrial.com\/tienda\/world-trials-85-britain\/#breadcrumb"},"inLanguage":"es","potentialAction":[{"@type":"ReadAction","target":["https:\/\/todotrial.com\/tienda\/world-trials-85-britain\/"]}]},{"@type":"ImageObject","inLanguage":"es","@id":"https:\/\/todotrial.com\/tienda\/world-trials-85-britain\/#primaryimage","url":"https:\/\/todotrial.com\/tienda\/wp-content\/uploads\/2020\/07\/2070da.jpg","contentUrl":"https:\/\/todotrial.com\/tienda\/wp-content\/uploads\/2020\/07\/2070da.jpg","width":220,"height":353},{"@type":"BreadcrumbList","@id":"https:\/\/todotrial.com\/tienda\/world-trials-85-britain\/#breadcrumb","itemListElement":[{"@type":"ListItem","position":1,"name":"Portada","item":"https:\/\/todotrial.com\/tienda\/"},{"@type":"ListItem","position":2,"name":"Shop","item":"https:\/\/todotrial.com\/tienda\/shop\/"},{"@type":"ListItem","position":3,"name":"Mundial de Trials 1985-Britain"}]},{"@type":"WebSite","@id":"https:\/\/todotrial.com\/tienda\/#website","url":"https:\/\/todotrial.com\/tienda\/","name":"Tienda de todotrial","description":"","potentialAction":[{"@type":"SearchAction","target":{"@type":"EntryPoint","urlTemplate":"https:\/\/todotrial.com\/tienda\/?s={search_term_string}"},"query-input":{"@type":"PropertyValueSpecification","valueRequired":true,"valueName":"search_term_string"}}],"inLanguage":"es"}]}},"_links":{"self":[{"href":"https:\/\/todotrial.com\/tienda\/wp-json\/wp\/v2\/product\/533","targetHints":{"allow":["GET"]}}],"collection":[{"href":"https:\/\/todotrial.com\/tienda\/wp-json\/wp\/v2\/product"}],"about":[{"href":"https:\/\/todotrial.com\/tienda\/wp-json\/wp\/v2\/types\/product"}],"replies":[{"embeddable":true,"href":"https:\/\/todotrial.com\/tienda\/wp-json\/wp\/v2\/comments?post=533"}],"version-history":[{"count":0,"href":"https:\/\/todotrial.com\/tienda\/wp-json\/wp\/v2\/product\/533\/revisions"}],"wp:featuredmedia":[{"embeddable":true,"href":"https:\/\/todotrial.com\/tienda\/wp-json\/wp\/v2\/media\/532"}],"wp:attachment":[{"href":"https:\/\/todotrial.com\/tienda\/wp-json\/wp\/v2\/media?parent=533"}],"wp:term":[{"taxonomy":"product_brand","embeddable":true,"href":"https:\/\/todotrial.com\/tienda\/wp-json\/wp\/v2\/product_brand?post=533"},{"taxonomy":"product_cat","embeddable":true,"href":"https:\/\/todotrial.com\/tienda\/wp-json\/wp\/v2\/product_cat?post=533"},{"taxonomy":"product_tag","embeddable":true,"href":"https:\/\/todotrial.com\/tienda\/wp-json\/wp\/v2\/product_tag?post=533"}],"curies":[{"name":"wp","href":"https:\/\/api.w.org\/{rel}","templated":true}]}}