{"id":53078,"date":"2025-03-11T20:15:16","date_gmt":"2025-03-11T19:15:16","guid":{"rendered":"https:\/\/todotrial.com\/tienda\/sin%20categor\u00eda\/espuma-filtro-gas-gas-2003-2\/"},"modified":"2025-03-18T11:00:05","modified_gmt":"2025-03-18T10:00:05","slug":"espuma-filtro-gas-gas-2003-2","status":"publish","type":"product","link":"https:\/\/todotrial.com\/tienda\/espuma-filtro-gas-gas-2003-2\/","title":{"rendered":"ESPUMA FILTRO GAS GAS 2003>"},"content":{"rendered":"<p>La espuma de filtro para motos Gas Gas 2003 es un componente de repuesto utilizado en el sistema de admisi\u00f3n de aire de la moto. El filtro de aire es responsable de limpiar el aire que entra en el motor, evitando que entren part\u00edculas de suciedad y polvo que podr\u00edan da\u00f1ar los componentes internos del motor. La espuma de filtro es una pieza esencial para mantener el correcto funcionamiento del motor. Es espec\u00edfica para motos Gas Gas 2003, se adapta perfectamente al sistema de admisi\u00f3n de aire y se recomienda reemplazarla regularmente para garantizar un correcto rendimiento del motor.<\/p>\n","protected":false},"excerpt":{"rendered":"<p>Recambio filtro de espuma para GAS GAS.<\/p>\n","protected":false},"featured_media":53079,"comment_status":"open","ping_status":"closed","template":"","meta":[],"product_brand":[],"product_cat":[11691],"product_tag":[],"class_list":{"0":"post-53078","1":"product","2":"type-product","3":"status-publish","4":"has-post-thumbnail","6":"product_cat-general","8":"first","9":"instock","10":"taxable","11":"shipping-taxable","12":"purchasable","13":"product-type-simple"},"yoast_head":"<!-- This site is optimized with the Yoast SEO Premium plugin v21.2 (Yoast SEO v27.3) - https:\/\/yoast.com\/product\/yoast-seo-premium-wordpress\/ -->\n<title>ESPUMA FILTRO GAS GAS 2003&gt; - Tienda de todotrial<\/title>\n<meta name=\"robots\" content=\"index, follow, max-snippet:-1, max-image-preview:large, max-video-preview:-1\" \/>\n<link rel=\"canonical\" href=\"https:\/\/todotrial.com\/tienda\/espuma-filtro-gas-gas-2003-2\/\" \/>\n<meta property=\"og:locale\" content=\"es_ES\" \/>\n<meta property=\"og:type\" content=\"article\" \/>\n<meta property=\"og:title\" content=\"ESPUMA FILTRO GAS GAS 2003&gt;\" \/>\n<meta property=\"og:description\" content=\"Recambio filtro de espuma para GAS GAS.\" \/>\n<meta property=\"og:url\" content=\"https:\/\/todotrial.com\/tienda\/espuma-filtro-gas-gas-2003-2\/\" \/>\n<meta property=\"og:site_name\" content=\"Tienda de todotrial\" \/>\n<meta property=\"article:modified_time\" content=\"2025-03-18T10:00:05+00:00\" \/>\n<meta property=\"og:image\" content=\"https:\/\/todotrial.com\/tienda\/wp-content\/uploads\/2025\/03\/HR9110-1_HEBO_Recambio.jpg\" \/>\n\t<meta property=\"og:image:width\" content=\"1000\" \/>\n\t<meta property=\"og:image:height\" content=\"1000\" \/>\n\t<meta property=\"og:image:type\" content=\"image\/jpeg\" \/>\n<meta name=\"twitter:card\" content=\"summary_large_image\" \/>\n<meta name=\"twitter:label1\" content=\"Tiempo de lectura\" \/>\n\t<meta name=\"twitter:data1\" content=\"1 minuto\" \/>\n<script type=\"application\/ld+json\" class=\"yoast-schema-graph\">{\"@context\":\"https:\\\/\\\/schema.org\",\"@graph\":[{\"@type\":\"WebPage\",\"@id\":\"https:\\\/\\\/todotrial.com\\\/tienda\\\/espuma-filtro-gas-gas-2003-2\\\/\",\"url\":\"https:\\\/\\\/todotrial.com\\\/tienda\\\/espuma-filtro-gas-gas-2003-2\\\/\",\"name\":\"ESPUMA FILTRO GAS GAS 2003> - Tienda de todotrial\",\"isPartOf\":{\"@id\":\"https:\\\/\\\/todotrial.com\\\/tienda\\\/#website\"},\"primaryImageOfPage\":{\"@id\":\"https:\\\/\\\/todotrial.com\\\/tienda\\\/espuma-filtro-gas-gas-2003-2\\\/#primaryimage\"},\"image\":{\"@id\":\"https:\\\/\\\/todotrial.com\\\/tienda\\\/espuma-filtro-gas-gas-2003-2\\\/#primaryimage\"},\"thumbnailUrl\":\"https:\\\/\\\/todotrial.com\\\/tienda\\\/wp-content\\\/uploads\\\/2025\\\/03\\\/HR9110-1_HEBO_Recambio.jpg\",\"datePublished\":\"2025-03-11T19:15:16+00:00\",\"dateModified\":\"2025-03-18T10:00:05+00:00\",\"breadcrumb\":{\"@id\":\"https:\\\/\\\/todotrial.com\\\/tienda\\\/espuma-filtro-gas-gas-2003-2\\\/#breadcrumb\"},\"inLanguage\":\"es\",\"potentialAction\":[{\"@type\":\"ReadAction\",\"target\":[\"https:\\\/\\\/todotrial.com\\\/tienda\\\/espuma-filtro-gas-gas-2003-2\\\/\"]}]},{\"@type\":\"ImageObject\",\"inLanguage\":\"es\",\"@id\":\"https:\\\/\\\/todotrial.com\\\/tienda\\\/espuma-filtro-gas-gas-2003-2\\\/#primaryimage\",\"url\":\"https:\\\/\\\/todotrial.com\\\/tienda\\\/wp-content\\\/uploads\\\/2025\\\/03\\\/HR9110-1_HEBO_Recambio.jpg\",\"contentUrl\":\"https:\\\/\\\/todotrial.com\\\/tienda\\\/wp-content\\\/uploads\\\/2025\\\/03\\\/HR9110-1_HEBO_Recambio.jpg\",\"width\":1000,\"height\":1000,\"caption\":\"ESPUMA FILTRO GAS GAS 2003>\"},{\"@type\":\"BreadcrumbList\",\"@id\":\"https:\\\/\\\/todotrial.com\\\/tienda\\\/espuma-filtro-gas-gas-2003-2\\\/#breadcrumb\",\"itemListElement\":[{\"@type\":\"ListItem\",\"position\":1,\"name\":\"Portada\",\"item\":\"https:\\\/\\\/todotrial.com\\\/tienda\\\/\"},{\"@type\":\"ListItem\",\"position\":2,\"name\":\"Shop\",\"item\":\"https:\\\/\\\/todotrial.com\\\/tienda\\\/shop\\\/\"},{\"@type\":\"ListItem\",\"position\":3,\"name\":\"ESPUMA FILTRO GAS GAS 2003>\"}]},{\"@type\":\"WebSite\",\"@id\":\"https:\\\/\\\/todotrial.com\\\/tienda\\\/#website\",\"url\":\"https:\\\/\\\/todotrial.com\\\/tienda\\\/\",\"name\":\"Tienda de todotrial\",\"description\":\"\",\"potentialAction\":[{\"@type\":\"SearchAction\",\"target\":{\"@type\":\"EntryPoint\",\"urlTemplate\":\"https:\\\/\\\/todotrial.com\\\/tienda\\\/?s={search_term_string}\"},\"query-input\":{\"@type\":\"PropertyValueSpecification\",\"valueRequired\":true,\"valueName\":\"search_term_string\"}}],\"inLanguage\":\"es\"}]}<\/script>\n<!-- \/ Yoast SEO Premium plugin. -->","yoast_head_json":{"title":"ESPUMA FILTRO GAS GAS 2003> - Tienda de todotrial","robots":{"index":"index","follow":"follow","max-snippet":"max-snippet:-1","max-image-preview":"max-image-preview:large","max-video-preview":"max-video-preview:-1"},"canonical":"https:\/\/todotrial.com\/tienda\/espuma-filtro-gas-gas-2003-2\/","og_locale":"es_ES","og_type":"article","og_title":"ESPUMA FILTRO GAS GAS 2003>","og_description":"Recambio filtro de espuma para GAS GAS.","og_url":"https:\/\/todotrial.com\/tienda\/espuma-filtro-gas-gas-2003-2\/","og_site_name":"Tienda de todotrial","article_modified_time":"2025-03-18T10:00:05+00:00","og_image":[{"width":1000,"height":1000,"url":"https:\/\/todotrial.com\/tienda\/wp-content\/uploads\/2025\/03\/HR9110-1_HEBO_Recambio.jpg","type":"image\/jpeg"}],"twitter_card":"summary_large_image","twitter_misc":{"Tiempo de lectura":"1 minuto"},"schema":{"@context":"https:\/\/schema.org","@graph":[{"@type":"WebPage","@id":"https:\/\/todotrial.com\/tienda\/espuma-filtro-gas-gas-2003-2\/","url":"https:\/\/todotrial.com\/tienda\/espuma-filtro-gas-gas-2003-2\/","name":"ESPUMA FILTRO GAS GAS 2003> - Tienda de todotrial","isPartOf":{"@id":"https:\/\/todotrial.com\/tienda\/#website"},"primaryImageOfPage":{"@id":"https:\/\/todotrial.com\/tienda\/espuma-filtro-gas-gas-2003-2\/#primaryimage"},"image":{"@id":"https:\/\/todotrial.com\/tienda\/espuma-filtro-gas-gas-2003-2\/#primaryimage"},"thumbnailUrl":"https:\/\/todotrial.com\/tienda\/wp-content\/uploads\/2025\/03\/HR9110-1_HEBO_Recambio.jpg","datePublished":"2025-03-11T19:15:16+00:00","dateModified":"2025-03-18T10:00:05+00:00","breadcrumb":{"@id":"https:\/\/todotrial.com\/tienda\/espuma-filtro-gas-gas-2003-2\/#breadcrumb"},"inLanguage":"es","potentialAction":[{"@type":"ReadAction","target":["https:\/\/todotrial.com\/tienda\/espuma-filtro-gas-gas-2003-2\/"]}]},{"@type":"ImageObject","inLanguage":"es","@id":"https:\/\/todotrial.com\/tienda\/espuma-filtro-gas-gas-2003-2\/#primaryimage","url":"https:\/\/todotrial.com\/tienda\/wp-content\/uploads\/2025\/03\/HR9110-1_HEBO_Recambio.jpg","contentUrl":"https:\/\/todotrial.com\/tienda\/wp-content\/uploads\/2025\/03\/HR9110-1_HEBO_Recambio.jpg","width":1000,"height":1000,"caption":"ESPUMA FILTRO GAS GAS 2003>"},{"@type":"BreadcrumbList","@id":"https:\/\/todotrial.com\/tienda\/espuma-filtro-gas-gas-2003-2\/#breadcrumb","itemListElement":[{"@type":"ListItem","position":1,"name":"Portada","item":"https:\/\/todotrial.com\/tienda\/"},{"@type":"ListItem","position":2,"name":"Shop","item":"https:\/\/todotrial.com\/tienda\/shop\/"},{"@type":"ListItem","position":3,"name":"ESPUMA FILTRO GAS GAS 2003>"}]},{"@type":"WebSite","@id":"https:\/\/todotrial.com\/tienda\/#website","url":"https:\/\/todotrial.com\/tienda\/","name":"Tienda de todotrial","description":"","potentialAction":[{"@type":"SearchAction","target":{"@type":"EntryPoint","urlTemplate":"https:\/\/todotrial.com\/tienda\/?s={search_term_string}"},"query-input":{"@type":"PropertyValueSpecification","valueRequired":true,"valueName":"search_term_string"}}],"inLanguage":"es"}]}},"_links":{"self":[{"href":"https:\/\/todotrial.com\/tienda\/wp-json\/wp\/v2\/product\/53078","targetHints":{"allow":["GET"]}}],"collection":[{"href":"https:\/\/todotrial.com\/tienda\/wp-json\/wp\/v2\/product"}],"about":[{"href":"https:\/\/todotrial.com\/tienda\/wp-json\/wp\/v2\/types\/product"}],"replies":[{"embeddable":true,"href":"https:\/\/todotrial.com\/tienda\/wp-json\/wp\/v2\/comments?post=53078"}],"version-history":[{"count":1,"href":"https:\/\/todotrial.com\/tienda\/wp-json\/wp\/v2\/product\/53078\/revisions"}],"predecessor-version":[{"id":53229,"href":"https:\/\/todotrial.com\/tienda\/wp-json\/wp\/v2\/product\/53078\/revisions\/53229"}],"wp:featuredmedia":[{"embeddable":true,"href":"https:\/\/todotrial.com\/tienda\/wp-json\/wp\/v2\/media\/53079"}],"wp:attachment":[{"href":"https:\/\/todotrial.com\/tienda\/wp-json\/wp\/v2\/media?parent=53078"}],"wp:term":[{"taxonomy":"product_brand","embeddable":true,"href":"https:\/\/todotrial.com\/tienda\/wp-json\/wp\/v2\/product_brand?post=53078"},{"taxonomy":"product_cat","embeddable":true,"href":"https:\/\/todotrial.com\/tienda\/wp-json\/wp\/v2\/product_cat?post=53078"},{"taxonomy":"product_tag","embeddable":true,"href":"https:\/\/todotrial.com\/tienda\/wp-json\/wp\/v2\/product_tag?post=53078"}],"curies":[{"name":"wp","href":"https:\/\/api.w.org\/{rel}","templated":true}]}}