{"id":53064,"date":"2025-03-11T20:14:18","date_gmt":"2025-03-11T19:14:18","guid":{"rendered":"https:\/\/todotrial.com\/tienda\/sin%20categor\u00eda\/silenblock-escapegas-gas-enduro-2\/"},"modified":"2025-03-18T10:59:40","modified_gmt":"2025-03-18T09:59:40","slug":"silenblock-escapegas-gas-enduro-2","status":"publish","type":"product","link":"https:\/\/todotrial.com\/tienda\/silenblock-escapegas-gas-enduro-2\/","title":{"rendered":"SILENBLOCK ESCAPEGAS-GAS ENDURO"},"content":{"rendered":"<p>Los Silentblock para escape son componentes que se utilizan en motos para sujetar el escape y aislarlo del chasis. Los silentblock Gas-Gas y Enduro son piezas espec\u00edficas para estas marcas de motos, y se adaptan a las caracter\u00edsticas y requerimientos de cada modelo. El objetivo es aislar las vibraciones del escape, que podr\u00eda causar da\u00f1os en el chasis, y tambi\u00e9n ayudar a reducir el nivel de ruido del escape. Estos silentblock est\u00e1n fabricados con materiales resistentes y duraderos como el poliuretano, para proporcionar una buena aislaci\u00f3n y durabilidad.<\/p>\n","protected":false},"excerpt":{"rendered":"<p>Recambio Silentblock de HEBO para el escape de GAS GAS.<\/p>\n","protected":false},"featured_media":53065,"comment_status":"open","ping_status":"closed","template":"","meta":[],"product_brand":[],"product_cat":[11691],"product_tag":[],"class_list":{"0":"post-53064","1":"product","2":"type-product","3":"status-publish","4":"has-post-thumbnail","6":"product_cat-general","8":"first","9":"instock","10":"taxable","11":"shipping-taxable","12":"purchasable","13":"product-type-simple"},"yoast_head":"<!-- This site is optimized with the Yoast SEO Premium plugin v21.2 (Yoast SEO v27.3) - https:\/\/yoast.com\/product\/yoast-seo-premium-wordpress\/ -->\n<title>SILENBLOCK ESCAPEGAS-GAS ENDURO - Tienda de todotrial<\/title>\n<meta name=\"robots\" content=\"index, follow, max-snippet:-1, max-image-preview:large, max-video-preview:-1\" \/>\n<link rel=\"canonical\" href=\"https:\/\/todotrial.com\/tienda\/silenblock-escapegas-gas-enduro-2\/\" \/>\n<meta property=\"og:locale\" content=\"es_ES\" \/>\n<meta property=\"og:type\" content=\"article\" \/>\n<meta property=\"og:title\" content=\"SILENBLOCK ESCAPEGAS-GAS ENDURO\" \/>\n<meta property=\"og:description\" content=\"Recambio Silentblock de HEBO para el escape de GAS GAS.\" \/>\n<meta property=\"og:url\" content=\"https:\/\/todotrial.com\/tienda\/silenblock-escapegas-gas-enduro-2\/\" \/>\n<meta property=\"og:site_name\" content=\"Tienda de todotrial\" \/>\n<meta property=\"article:modified_time\" content=\"2025-03-18T09:59:40+00:00\" \/>\n<meta property=\"og:image\" content=\"https:\/\/todotrial.com\/tienda\/wp-content\/uploads\/2025\/03\/HR9051-1_HEBO_Recambio.jpg\" \/>\n\t<meta property=\"og:image:width\" content=\"1000\" \/>\n\t<meta property=\"og:image:height\" content=\"1000\" \/>\n\t<meta property=\"og:image:type\" content=\"image\/jpeg\" \/>\n<meta name=\"twitter:card\" content=\"summary_large_image\" \/>\n<script type=\"application\/ld+json\" class=\"yoast-schema-graph\">{\"@context\":\"https:\\\/\\\/schema.org\",\"@graph\":[{\"@type\":\"WebPage\",\"@id\":\"https:\\\/\\\/todotrial.com\\\/tienda\\\/silenblock-escapegas-gas-enduro-2\\\/\",\"url\":\"https:\\\/\\\/todotrial.com\\\/tienda\\\/silenblock-escapegas-gas-enduro-2\\\/\",\"name\":\"SILENBLOCK ESCAPEGAS-GAS ENDURO - Tienda de todotrial\",\"isPartOf\":{\"@id\":\"https:\\\/\\\/todotrial.com\\\/tienda\\\/#website\"},\"primaryImageOfPage\":{\"@id\":\"https:\\\/\\\/todotrial.com\\\/tienda\\\/silenblock-escapegas-gas-enduro-2\\\/#primaryimage\"},\"image\":{\"@id\":\"https:\\\/\\\/todotrial.com\\\/tienda\\\/silenblock-escapegas-gas-enduro-2\\\/#primaryimage\"},\"thumbnailUrl\":\"https:\\\/\\\/todotrial.com\\\/tienda\\\/wp-content\\\/uploads\\\/2025\\\/03\\\/HR9051-1_HEBO_Recambio.jpg\",\"datePublished\":\"2025-03-11T19:14:18+00:00\",\"dateModified\":\"2025-03-18T09:59:40+00:00\",\"breadcrumb\":{\"@id\":\"https:\\\/\\\/todotrial.com\\\/tienda\\\/silenblock-escapegas-gas-enduro-2\\\/#breadcrumb\"},\"inLanguage\":\"es\",\"potentialAction\":[{\"@type\":\"ReadAction\",\"target\":[\"https:\\\/\\\/todotrial.com\\\/tienda\\\/silenblock-escapegas-gas-enduro-2\\\/\"]}]},{\"@type\":\"ImageObject\",\"inLanguage\":\"es\",\"@id\":\"https:\\\/\\\/todotrial.com\\\/tienda\\\/silenblock-escapegas-gas-enduro-2\\\/#primaryimage\",\"url\":\"https:\\\/\\\/todotrial.com\\\/tienda\\\/wp-content\\\/uploads\\\/2025\\\/03\\\/HR9051-1_HEBO_Recambio.jpg\",\"contentUrl\":\"https:\\\/\\\/todotrial.com\\\/tienda\\\/wp-content\\\/uploads\\\/2025\\\/03\\\/HR9051-1_HEBO_Recambio.jpg\",\"width\":1000,\"height\":1000,\"caption\":\"SILENBLOCK ESCAPEGAS-GAS ENDURO\"},{\"@type\":\"BreadcrumbList\",\"@id\":\"https:\\\/\\\/todotrial.com\\\/tienda\\\/silenblock-escapegas-gas-enduro-2\\\/#breadcrumb\",\"itemListElement\":[{\"@type\":\"ListItem\",\"position\":1,\"name\":\"Portada\",\"item\":\"https:\\\/\\\/todotrial.com\\\/tienda\\\/\"},{\"@type\":\"ListItem\",\"position\":2,\"name\":\"Shop\",\"item\":\"https:\\\/\\\/todotrial.com\\\/tienda\\\/shop\\\/\"},{\"@type\":\"ListItem\",\"position\":3,\"name\":\"SILENBLOCK ESCAPEGAS-GAS ENDURO\"}]},{\"@type\":\"WebSite\",\"@id\":\"https:\\\/\\\/todotrial.com\\\/tienda\\\/#website\",\"url\":\"https:\\\/\\\/todotrial.com\\\/tienda\\\/\",\"name\":\"Tienda de todotrial\",\"description\":\"\",\"potentialAction\":[{\"@type\":\"SearchAction\",\"target\":{\"@type\":\"EntryPoint\",\"urlTemplate\":\"https:\\\/\\\/todotrial.com\\\/tienda\\\/?s={search_term_string}\"},\"query-input\":{\"@type\":\"PropertyValueSpecification\",\"valueRequired\":true,\"valueName\":\"search_term_string\"}}],\"inLanguage\":\"es\"}]}<\/script>\n<!-- \/ Yoast SEO Premium plugin. -->","yoast_head_json":{"title":"SILENBLOCK ESCAPEGAS-GAS ENDURO - Tienda de todotrial","robots":{"index":"index","follow":"follow","max-snippet":"max-snippet:-1","max-image-preview":"max-image-preview:large","max-video-preview":"max-video-preview:-1"},"canonical":"https:\/\/todotrial.com\/tienda\/silenblock-escapegas-gas-enduro-2\/","og_locale":"es_ES","og_type":"article","og_title":"SILENBLOCK ESCAPEGAS-GAS ENDURO","og_description":"Recambio Silentblock de HEBO para el escape de GAS GAS.","og_url":"https:\/\/todotrial.com\/tienda\/silenblock-escapegas-gas-enduro-2\/","og_site_name":"Tienda de todotrial","article_modified_time":"2025-03-18T09:59:40+00:00","og_image":[{"width":1000,"height":1000,"url":"https:\/\/todotrial.com\/tienda\/wp-content\/uploads\/2025\/03\/HR9051-1_HEBO_Recambio.jpg","type":"image\/jpeg"}],"twitter_card":"summary_large_image","schema":{"@context":"https:\/\/schema.org","@graph":[{"@type":"WebPage","@id":"https:\/\/todotrial.com\/tienda\/silenblock-escapegas-gas-enduro-2\/","url":"https:\/\/todotrial.com\/tienda\/silenblock-escapegas-gas-enduro-2\/","name":"SILENBLOCK ESCAPEGAS-GAS ENDURO - Tienda de todotrial","isPartOf":{"@id":"https:\/\/todotrial.com\/tienda\/#website"},"primaryImageOfPage":{"@id":"https:\/\/todotrial.com\/tienda\/silenblock-escapegas-gas-enduro-2\/#primaryimage"},"image":{"@id":"https:\/\/todotrial.com\/tienda\/silenblock-escapegas-gas-enduro-2\/#primaryimage"},"thumbnailUrl":"https:\/\/todotrial.com\/tienda\/wp-content\/uploads\/2025\/03\/HR9051-1_HEBO_Recambio.jpg","datePublished":"2025-03-11T19:14:18+00:00","dateModified":"2025-03-18T09:59:40+00:00","breadcrumb":{"@id":"https:\/\/todotrial.com\/tienda\/silenblock-escapegas-gas-enduro-2\/#breadcrumb"},"inLanguage":"es","potentialAction":[{"@type":"ReadAction","target":["https:\/\/todotrial.com\/tienda\/silenblock-escapegas-gas-enduro-2\/"]}]},{"@type":"ImageObject","inLanguage":"es","@id":"https:\/\/todotrial.com\/tienda\/silenblock-escapegas-gas-enduro-2\/#primaryimage","url":"https:\/\/todotrial.com\/tienda\/wp-content\/uploads\/2025\/03\/HR9051-1_HEBO_Recambio.jpg","contentUrl":"https:\/\/todotrial.com\/tienda\/wp-content\/uploads\/2025\/03\/HR9051-1_HEBO_Recambio.jpg","width":1000,"height":1000,"caption":"SILENBLOCK ESCAPEGAS-GAS ENDURO"},{"@type":"BreadcrumbList","@id":"https:\/\/todotrial.com\/tienda\/silenblock-escapegas-gas-enduro-2\/#breadcrumb","itemListElement":[{"@type":"ListItem","position":1,"name":"Portada","item":"https:\/\/todotrial.com\/tienda\/"},{"@type":"ListItem","position":2,"name":"Shop","item":"https:\/\/todotrial.com\/tienda\/shop\/"},{"@type":"ListItem","position":3,"name":"SILENBLOCK ESCAPEGAS-GAS ENDURO"}]},{"@type":"WebSite","@id":"https:\/\/todotrial.com\/tienda\/#website","url":"https:\/\/todotrial.com\/tienda\/","name":"Tienda de todotrial","description":"","potentialAction":[{"@type":"SearchAction","target":{"@type":"EntryPoint","urlTemplate":"https:\/\/todotrial.com\/tienda\/?s={search_term_string}"},"query-input":{"@type":"PropertyValueSpecification","valueRequired":true,"valueName":"search_term_string"}}],"inLanguage":"es"}]}},"_links":{"self":[{"href":"https:\/\/todotrial.com\/tienda\/wp-json\/wp\/v2\/product\/53064","targetHints":{"allow":["GET"]}}],"collection":[{"href":"https:\/\/todotrial.com\/tienda\/wp-json\/wp\/v2\/product"}],"about":[{"href":"https:\/\/todotrial.com\/tienda\/wp-json\/wp\/v2\/types\/product"}],"replies":[{"embeddable":true,"href":"https:\/\/todotrial.com\/tienda\/wp-json\/wp\/v2\/comments?post=53064"}],"version-history":[{"count":1,"href":"https:\/\/todotrial.com\/tienda\/wp-json\/wp\/v2\/product\/53064\/revisions"}],"predecessor-version":[{"id":53222,"href":"https:\/\/todotrial.com\/tienda\/wp-json\/wp\/v2\/product\/53064\/revisions\/53222"}],"wp:featuredmedia":[{"embeddable":true,"href":"https:\/\/todotrial.com\/tienda\/wp-json\/wp\/v2\/media\/53065"}],"wp:attachment":[{"href":"https:\/\/todotrial.com\/tienda\/wp-json\/wp\/v2\/media?parent=53064"}],"wp:term":[{"taxonomy":"product_brand","embeddable":true,"href":"https:\/\/todotrial.com\/tienda\/wp-json\/wp\/v2\/product_brand?post=53064"},{"taxonomy":"product_cat","embeddable":true,"href":"https:\/\/todotrial.com\/tienda\/wp-json\/wp\/v2\/product_cat?post=53064"},{"taxonomy":"product_tag","embeddable":true,"href":"https:\/\/todotrial.com\/tienda\/wp-json\/wp\/v2\/product_tag?post=53064"}],"curies":[{"name":"wp","href":"https:\/\/api.w.org\/{rel}","templated":true}]}}