{"id":53057,"date":"2025-03-11T20:14:00","date_gmt":"2025-03-11T19:14:00","guid":{"rendered":"https:\/\/todotrial.com\/tienda\/sin%20categor\u00eda\/puntera-cambio-remache-muelle-2\/"},"modified":"2025-04-14T17:31:29","modified_gmt":"2025-04-14T16:31:29","slug":"puntera-cambio-remache-muelle-2","status":"publish","type":"product","link":"https:\/\/todotrial.com\/tienda\/puntera-cambio-remache-muelle-2\/","title":{"rendered":"PUNTERA CAMBIO &#8211; REMACHE &#8211; MUELLE"},"content":{"rendered":"<p>La puntera del cambio para motocicleta es un componente del sistema de transmisi\u00f3n que se encarga de controlar la selecci\u00f3n de marchas en una motocicleta. El remache es una pieza met\u00e1lica que se utiliza para sujetar la puntera del cambio en su lugar en la motocicleta. El muelle es un componente que ayuda a devolver la puntera del cambio a su posici\u00f3n original despu\u00e9s de haber sido accionada. Esto yuda a mantener una tensi\u00f3n adecuada en la puntera del cambio, garantizando que el cambio se realice de forma suave y precisa.<\/p>\n","protected":false},"excerpt":{"rendered":"<p>Recambio de puntera cambio, remache y muelle.<\/p>\n","protected":false},"featured_media":55751,"comment_status":"open","ping_status":"closed","template":"","meta":[],"product_brand":[],"product_cat":[11436],"product_tag":[],"class_list":{"0":"post-53057","1":"product","2":"type-product","3":"status-publish","4":"has-post-thumbnail","6":"product_cat-palancas-de-cambio","8":"first","9":"instock","10":"taxable","11":"shipping-taxable","12":"purchasable","13":"product-type-simple"},"yoast_head":"<!-- This site is optimized with the Yoast SEO Premium plugin v21.2 (Yoast SEO v27.3) - https:\/\/yoast.com\/product\/yoast-seo-premium-wordpress\/ -->\n<title>PUNTERA CAMBIO - REMACHE - MUELLE - Tienda de todotrial<\/title>\n<meta name=\"robots\" content=\"index, follow, max-snippet:-1, max-image-preview:large, max-video-preview:-1\" \/>\n<link rel=\"canonical\" href=\"https:\/\/todotrial.com\/tienda\/puntera-cambio-remache-muelle-2\/\" \/>\n<meta property=\"og:locale\" content=\"es_ES\" \/>\n<meta property=\"og:type\" content=\"article\" \/>\n<meta property=\"og:title\" content=\"PUNTERA CAMBIO - REMACHE - MUELLE\" \/>\n<meta property=\"og:description\" content=\"Recambio de puntera cambio, remache y muelle.\" \/>\n<meta property=\"og:url\" content=\"https:\/\/todotrial.com\/tienda\/puntera-cambio-remache-muelle-2\/\" \/>\n<meta property=\"og:site_name\" content=\"Tienda de todotrial\" \/>\n<meta property=\"article:modified_time\" content=\"2025-04-14T16:31:29+00:00\" \/>\n<meta property=\"og:image\" content=\"https:\/\/todotrial.com\/tienda\/wp-content\/uploads\/2025\/03\/HR9032-1_HEBO_Pack.jpg\" \/>\n\t<meta property=\"og:image:width\" content=\"1000\" \/>\n\t<meta property=\"og:image:height\" content=\"1000\" \/>\n\t<meta property=\"og:image:type\" content=\"image\/jpeg\" \/>\n<meta name=\"twitter:card\" content=\"summary_large_image\" \/>\n<meta name=\"twitter:label1\" content=\"Tiempo de lectura\" \/>\n\t<meta name=\"twitter:data1\" content=\"1 minuto\" \/>\n<script type=\"application\/ld+json\" class=\"yoast-schema-graph\">{\"@context\":\"https:\\\/\\\/schema.org\",\"@graph\":[{\"@type\":\"WebPage\",\"@id\":\"https:\\\/\\\/todotrial.com\\\/tienda\\\/puntera-cambio-remache-muelle-2\\\/\",\"url\":\"https:\\\/\\\/todotrial.com\\\/tienda\\\/puntera-cambio-remache-muelle-2\\\/\",\"name\":\"PUNTERA CAMBIO - REMACHE - MUELLE - Tienda de todotrial\",\"isPartOf\":{\"@id\":\"https:\\\/\\\/todotrial.com\\\/tienda\\\/#website\"},\"primaryImageOfPage\":{\"@id\":\"https:\\\/\\\/todotrial.com\\\/tienda\\\/puntera-cambio-remache-muelle-2\\\/#primaryimage\"},\"image\":{\"@id\":\"https:\\\/\\\/todotrial.com\\\/tienda\\\/puntera-cambio-remache-muelle-2\\\/#primaryimage\"},\"thumbnailUrl\":\"https:\\\/\\\/todotrial.com\\\/tienda\\\/wp-content\\\/uploads\\\/2025\\\/04\\\/HR9032-1_HEBO_Pack.jpg\",\"datePublished\":\"2025-03-11T19:14:00+00:00\",\"dateModified\":\"2025-04-14T16:31:29+00:00\",\"breadcrumb\":{\"@id\":\"https:\\\/\\\/todotrial.com\\\/tienda\\\/puntera-cambio-remache-muelle-2\\\/#breadcrumb\"},\"inLanguage\":\"es\",\"potentialAction\":[{\"@type\":\"ReadAction\",\"target\":[\"https:\\\/\\\/todotrial.com\\\/tienda\\\/puntera-cambio-remache-muelle-2\\\/\"]}]},{\"@type\":\"ImageObject\",\"inLanguage\":\"es\",\"@id\":\"https:\\\/\\\/todotrial.com\\\/tienda\\\/puntera-cambio-remache-muelle-2\\\/#primaryimage\",\"url\":\"https:\\\/\\\/todotrial.com\\\/tienda\\\/wp-content\\\/uploads\\\/2025\\\/04\\\/HR9032-1_HEBO_Pack.jpg\",\"contentUrl\":\"https:\\\/\\\/todotrial.com\\\/tienda\\\/wp-content\\\/uploads\\\/2025\\\/04\\\/HR9032-1_HEBO_Pack.jpg\",\"width\":1000,\"height\":1000},{\"@type\":\"BreadcrumbList\",\"@id\":\"https:\\\/\\\/todotrial.com\\\/tienda\\\/puntera-cambio-remache-muelle-2\\\/#breadcrumb\",\"itemListElement\":[{\"@type\":\"ListItem\",\"position\":1,\"name\":\"Portada\",\"item\":\"https:\\\/\\\/todotrial.com\\\/tienda\\\/\"},{\"@type\":\"ListItem\",\"position\":2,\"name\":\"Shop\",\"item\":\"https:\\\/\\\/todotrial.com\\\/tienda\\\/shop\\\/\"},{\"@type\":\"ListItem\",\"position\":3,\"name\":\"PUNTERA CAMBIO &#8211; REMACHE &#8211; MUELLE\"}]},{\"@type\":\"WebSite\",\"@id\":\"https:\\\/\\\/todotrial.com\\\/tienda\\\/#website\",\"url\":\"https:\\\/\\\/todotrial.com\\\/tienda\\\/\",\"name\":\"Tienda de todotrial\",\"description\":\"\",\"potentialAction\":[{\"@type\":\"SearchAction\",\"target\":{\"@type\":\"EntryPoint\",\"urlTemplate\":\"https:\\\/\\\/todotrial.com\\\/tienda\\\/?s={search_term_string}\"},\"query-input\":{\"@type\":\"PropertyValueSpecification\",\"valueRequired\":true,\"valueName\":\"search_term_string\"}}],\"inLanguage\":\"es\"}]}<\/script>\n<!-- \/ Yoast SEO Premium plugin. -->","yoast_head_json":{"title":"PUNTERA CAMBIO - REMACHE - MUELLE - Tienda de todotrial","robots":{"index":"index","follow":"follow","max-snippet":"max-snippet:-1","max-image-preview":"max-image-preview:large","max-video-preview":"max-video-preview:-1"},"canonical":"https:\/\/todotrial.com\/tienda\/puntera-cambio-remache-muelle-2\/","og_locale":"es_ES","og_type":"article","og_title":"PUNTERA CAMBIO - REMACHE - MUELLE","og_description":"Recambio de puntera cambio, remache y muelle.","og_url":"https:\/\/todotrial.com\/tienda\/puntera-cambio-remache-muelle-2\/","og_site_name":"Tienda de todotrial","article_modified_time":"2025-04-14T16:31:29+00:00","og_image":[{"width":1000,"height":1000,"url":"https:\/\/todotrial.com\/tienda\/wp-content\/uploads\/2025\/03\/HR9032-1_HEBO_Pack.jpg","type":"image\/jpeg"}],"twitter_card":"summary_large_image","twitter_misc":{"Tiempo de lectura":"1 minuto"},"schema":{"@context":"https:\/\/schema.org","@graph":[{"@type":"WebPage","@id":"https:\/\/todotrial.com\/tienda\/puntera-cambio-remache-muelle-2\/","url":"https:\/\/todotrial.com\/tienda\/puntera-cambio-remache-muelle-2\/","name":"PUNTERA CAMBIO - REMACHE - MUELLE - Tienda de todotrial","isPartOf":{"@id":"https:\/\/todotrial.com\/tienda\/#website"},"primaryImageOfPage":{"@id":"https:\/\/todotrial.com\/tienda\/puntera-cambio-remache-muelle-2\/#primaryimage"},"image":{"@id":"https:\/\/todotrial.com\/tienda\/puntera-cambio-remache-muelle-2\/#primaryimage"},"thumbnailUrl":"https:\/\/todotrial.com\/tienda\/wp-content\/uploads\/2025\/04\/HR9032-1_HEBO_Pack.jpg","datePublished":"2025-03-11T19:14:00+00:00","dateModified":"2025-04-14T16:31:29+00:00","breadcrumb":{"@id":"https:\/\/todotrial.com\/tienda\/puntera-cambio-remache-muelle-2\/#breadcrumb"},"inLanguage":"es","potentialAction":[{"@type":"ReadAction","target":["https:\/\/todotrial.com\/tienda\/puntera-cambio-remache-muelle-2\/"]}]},{"@type":"ImageObject","inLanguage":"es","@id":"https:\/\/todotrial.com\/tienda\/puntera-cambio-remache-muelle-2\/#primaryimage","url":"https:\/\/todotrial.com\/tienda\/wp-content\/uploads\/2025\/04\/HR9032-1_HEBO_Pack.jpg","contentUrl":"https:\/\/todotrial.com\/tienda\/wp-content\/uploads\/2025\/04\/HR9032-1_HEBO_Pack.jpg","width":1000,"height":1000},{"@type":"BreadcrumbList","@id":"https:\/\/todotrial.com\/tienda\/puntera-cambio-remache-muelle-2\/#breadcrumb","itemListElement":[{"@type":"ListItem","position":1,"name":"Portada","item":"https:\/\/todotrial.com\/tienda\/"},{"@type":"ListItem","position":2,"name":"Shop","item":"https:\/\/todotrial.com\/tienda\/shop\/"},{"@type":"ListItem","position":3,"name":"PUNTERA CAMBIO &#8211; REMACHE &#8211; MUELLE"}]},{"@type":"WebSite","@id":"https:\/\/todotrial.com\/tienda\/#website","url":"https:\/\/todotrial.com\/tienda\/","name":"Tienda de todotrial","description":"","potentialAction":[{"@type":"SearchAction","target":{"@type":"EntryPoint","urlTemplate":"https:\/\/todotrial.com\/tienda\/?s={search_term_string}"},"query-input":{"@type":"PropertyValueSpecification","valueRequired":true,"valueName":"search_term_string"}}],"inLanguage":"es"}]}},"_links":{"self":[{"href":"https:\/\/todotrial.com\/tienda\/wp-json\/wp\/v2\/product\/53057","targetHints":{"allow":["GET"]}}],"collection":[{"href":"https:\/\/todotrial.com\/tienda\/wp-json\/wp\/v2\/product"}],"about":[{"href":"https:\/\/todotrial.com\/tienda\/wp-json\/wp\/v2\/types\/product"}],"replies":[{"embeddable":true,"href":"https:\/\/todotrial.com\/tienda\/wp-json\/wp\/v2\/comments?post=53057"}],"version-history":[{"count":1,"href":"https:\/\/todotrial.com\/tienda\/wp-json\/wp\/v2\/product\/53057\/revisions"}],"predecessor-version":[{"id":53218,"href":"https:\/\/todotrial.com\/tienda\/wp-json\/wp\/v2\/product\/53057\/revisions\/53218"}],"wp:featuredmedia":[{"embeddable":true,"href":"https:\/\/todotrial.com\/tienda\/wp-json\/wp\/v2\/media\/55751"}],"wp:attachment":[{"href":"https:\/\/todotrial.com\/tienda\/wp-json\/wp\/v2\/media?parent=53057"}],"wp:term":[{"taxonomy":"product_brand","embeddable":true,"href":"https:\/\/todotrial.com\/tienda\/wp-json\/wp\/v2\/product_brand?post=53057"},{"taxonomy":"product_cat","embeddable":true,"href":"https:\/\/todotrial.com\/tienda\/wp-json\/wp\/v2\/product_cat?post=53057"},{"taxonomy":"product_tag","embeddable":true,"href":"https:\/\/todotrial.com\/tienda\/wp-json\/wp\/v2\/product_tag?post=53057"}],"curies":[{"name":"wp","href":"https:\/\/api.w.org\/{rel}","templated":true}]}}